{"id":4116,"date":"2024-08-26T18:11:38","date_gmt":"2024-08-26T23:11:38","guid":{"rendered":"https:\/\/919law.com\/chris-anglin\/"},"modified":"2024-09-07T11:08:45","modified_gmt":"2024-09-07T16:08:45","slug":"chris-anglin","status":"publish","type":"page","link":"https:\/\/919law.com\/es\/chris-anglin\/","title":{"rendered":"Chris Anglin"},"content":{"rendered":"<p>En nuestro bufete, Chris aporta m\u00e1s de una d\u00e9cada de experiencia dedicada, centr\u00e1ndose en casos de lesiones personales, cierres de bienes inmuebles, testamentos y herencias, y litigios civiles.<br \/>\nDesde 2011, se ha comprometido a prestar un apoyo jur\u00eddico integral a nuestros clientes, esforz\u00e1ndose siempre por obtener los mejores resultados posibles.<br \/>\nChris es licenciado en Derecho por la Universidad de Elon y en Ciencias Pol\u00edticas por la Universidad de Wake Forest.<br \/>\nDurante su estancia en Elon, particip\u00f3 activamente en funciones de liderazgo dentro de la Asociaci\u00f3n de Abogados de Estudiantes, la Fraternidad Delta Theta Phi y la Sociedad de Derecho.<br \/>\nSu trayectoria acad\u00e9mica tambi\u00e9n incluy\u00f3 estudios en el extranjero, donde adquiri\u00f3 valiosos conocimientos sobre derecho medioambiental y australiano a trav\u00e9s del Programa de Verano en el Extranjero de la UNC en Sydney, Australia.<br \/>\nM\u00e1s all\u00e1 de su pr\u00e1ctica jur\u00eddica, Chris sigue participando activamente en el Colegio de Abogados de Carolina del Norte y en otras organizaciones profesionales.<br \/>\nTambi\u00e9n ha creado un fondo de becas de liderazgo para estudiantes de segundo a\u00f1o de Derecho en la Universidad Campbell, lo que refleja su compromiso con la formaci\u00f3n de la pr\u00f3xima generaci\u00f3n de profesionales del Derecho.<br \/>\nResidente en Raleigh, a Chris le gusta pasar su tiempo libre viajando, apoyando el atletismo de Wake Forest y relacion\u00e1ndose con amigos y familiares.<\/p>\n","protected":false},"excerpt":{"rendered":"<p>En nuestro bufete, Chris aporta m\u00e1s de una d\u00e9cada de experiencia dedicada, centr\u00e1ndose en casos de lesiones personales, cierres de bienes inmuebles, testamentos y herencias, y litigios civiles. Desde 2011, se ha comprometido a prestar un apoyo jur\u00eddico integral a nuestros clientes, esforz\u00e1ndose siempre por obtener los mejores resultados posibles. Chris es licenciado en Derecho [&hellip;]<\/p>\n","protected":false},"author":22,"featured_media":4097,"parent":0,"menu_order":0,"comment_status":"closed","ping_status":"closed","template":"","meta":{"_acf_changed":false,"anchor_text":"","footnotes":""},"class_list":["post-4116","page","type-page","status-publish","has-post-thumbnail","hentry"],"acf":[],"_links":{"self":[{"href":"https:\/\/919law.com\/es\/wp-json\/wp\/v2\/pages\/4116","targetHints":{"allow":["GET"]}}],"collection":[{"href":"https:\/\/919law.com\/es\/wp-json\/wp\/v2\/pages"}],"about":[{"href":"https:\/\/919law.com\/es\/wp-json\/wp\/v2\/types\/page"}],"author":[{"embeddable":true,"href":"https:\/\/919law.com\/es\/wp-json\/wp\/v2\/users\/22"}],"replies":[{"embeddable":true,"href":"https:\/\/919law.com\/es\/wp-json\/wp\/v2\/comments?post=4116"}],"version-history":[{"count":1,"href":"https:\/\/919law.com\/es\/wp-json\/wp\/v2\/pages\/4116\/revisions"}],"predecessor-version":[{"id":4117,"href":"https:\/\/919law.com\/es\/wp-json\/wp\/v2\/pages\/4116\/revisions\/4117"}],"wp:featuredmedia":[{"embeddable":true,"href":"https:\/\/919law.com\/es\/wp-json\/wp\/v2\/media\/4097"}],"wp:attachment":[{"href":"https:\/\/919law.com\/es\/wp-json\/wp\/v2\/media?parent=4116"}],"curies":[{"name":"wp","href":"https:\/\/api.w.org\/{rel}","templated":true}]}}