{"id":4137,"date":"2025-07-24T08:34:07","date_gmt":"2025-07-24T13:34:07","guid":{"rendered":"https:\/\/919law.com\/raleigh\/"},"modified":"2024-09-08T02:07:11","modified_gmt":"2024-09-08T07:07:11","slug":"raleigh","status":"publish","type":"page","link":"https:\/\/919law.com\/es\/raleigh\/","title":{"rendered":"Raleigh"},"content":{"rendered":"<p>Raleigh, Carolina del Norte, es la capital del estado y una ciudad de r\u00e1pido crecimiento en la regi\u00f3n del Tri\u00e1ngulo de Investigaci\u00f3n, con una poblaci\u00f3n de unos 480.000 habitantes. Conocida por su mezcla de encanto sure\u00f1o y sofisticaci\u00f3n urbana, Raleigh presume de una econom\u00eda fuerte, impulsada por la tecnolog\u00eda, la sanidad y la educaci\u00f3n, y es sede de la Universidad Estatal de Carolina del Norte. La ciudad ofrece un rico panorama cultural con instituciones notables como el Museo de Arte de Carolina del Norte y una vibrante escena musical, destacada por eventos como el Festival de M\u00fasica Hopscotch. Raleigh tambi\u00e9n cuenta con extensos parques, como Pullen Park y Umstead State Park, que ofrecen amplias oportunidades recreativas. Con sus oportunidades econ\u00f3micas, su excelencia educativa y su vitalidad cultural, Raleigh destaca como una de las principales ciudades de Carolina del Norte.<\/p>\n","protected":false},"excerpt":{"rendered":"<p>Raleigh, Carolina del Norte, es la capital del estado y una ciudad de r\u00e1pido crecimiento en la regi\u00f3n del Tri\u00e1ngulo de Investigaci\u00f3n, con una poblaci\u00f3n de unos 480.000 habitantes. Conocida por su mezcla de encanto sure\u00f1o y sofisticaci\u00f3n urbana, Raleigh presume de una econom\u00eda fuerte, impulsada por la tecnolog\u00eda, la sanidad y la educaci\u00f3n, y [&hellip;]<\/p>\n","protected":false},"author":22,"featured_media":3987,"parent":0,"menu_order":7,"comment_status":"closed","ping_status":"closed","template":"","meta":{"_acf_changed":false,"anchor_text":"","footnotes":""},"class_list":["post-4137","page","type-page","status-publish","has-post-thumbnail","hentry"],"acf":[],"_links":{"self":[{"href":"https:\/\/919law.com\/es\/wp-json\/wp\/v2\/pages\/4137","targetHints":{"allow":["GET"]}}],"collection":[{"href":"https:\/\/919law.com\/es\/wp-json\/wp\/v2\/pages"}],"about":[{"href":"https:\/\/919law.com\/es\/wp-json\/wp\/v2\/types\/page"}],"author":[{"embeddable":true,"href":"https:\/\/919law.com\/es\/wp-json\/wp\/v2\/users\/22"}],"replies":[{"embeddable":true,"href":"https:\/\/919law.com\/es\/wp-json\/wp\/v2\/comments?post=4137"}],"version-history":[{"count":2,"href":"https:\/\/919law.com\/es\/wp-json\/wp\/v2\/pages\/4137\/revisions"}],"predecessor-version":[{"id":4139,"href":"https:\/\/919law.com\/es\/wp-json\/wp\/v2\/pages\/4137\/revisions\/4139"}],"wp:featuredmedia":[{"embeddable":true,"href":"https:\/\/919law.com\/es\/wp-json\/wp\/v2\/media\/3987"}],"wp:attachment":[{"href":"https:\/\/919law.com\/es\/wp-json\/wp\/v2\/media?parent=4137"}],"curies":[{"name":"wp","href":"https:\/\/api.w.org\/{rel}","templated":true}]}}