{"id":4140,"date":"2026-03-09T14:00:13","date_gmt":"2026-03-09T19:00:13","guid":{"rendered":"https:\/\/919law.com\/raleigh\/raleigh-abogado-de-accidente-de-autobus\/"},"modified":"2024-09-08T02:15:10","modified_gmt":"2024-09-08T07:15:10","slug":"raleigh-abogado-de-accidente-de-autobus","status":"publish","type":"page","link":"https:\/\/919law.com\/es\/raleigh\/raleigh-abogado-de-accidente-de-autobus\/","title":{"rendered":"Raleigh Abogado de Accidente de Autob\u00fas"},"content":{"rendered":"<h2>\u00bfNecesita un abogado de accidente de autob\u00fas en Raleigh?<\/h2>\n<p>\u00bfHa estado involucrado en un accidente de autob\u00fas en Raleigh, Carolina del Norte? Usted necesita un abogado con experiencia en accidentes de autob\u00fas Raleigh. \u00bfPor qu\u00e9? Usted podr\u00eda estar enfrentando dolor y sufrimiento prolongado, costosas facturas m\u00e9dicas, salarios perdidos, y mucho m\u00e1s. La contrataci\u00f3n de los servicios de un abogado de accidente de autob\u00fas puede ayudarle a entender sus derechos y opciones legales, evaluar el valor de su reclamo, obtener atenci\u00f3n m\u00e9dica, reunir pruebas y declaraciones de testigos, y negociar un acuerdo justo. Sin embargo, debe asegurarse de que el abogado es competente para llevar su caso de accidente de autob\u00fas. Los casos de accidentes de autob\u00fas, en particular los relacionados con los autobuses escolares y el transporte comercial, vienen con consideraciones legales \u00fanicas y complejidades. M\u00faltiples partes pueden ser consideradas responsables, y las leyes y reglamentos espec\u00edficos rigen las operaciones de autobuses. Por lo tanto, la contrataci\u00f3n de un abogado con experiencia en accidentes de autob\u00fas que entiende estos matices es crucial. Nosotros en Mogy Law podemos ayudarle a recuperar la m\u00e1xima compensaci\u00f3n por las lesiones, p\u00e9rdidas y da\u00f1os que ha sufrido. Nos aseguraremos de que usted entienda sus derechos y opciones legales, construir un caso fuerte en su nombre, y negociar con las compa\u00f1\u00edas de seguros. Podemos darle m\u00e1s tiempo y energ\u00eda para centrarse en su recuperaci\u00f3n. \u00bfListo para consultar con un abogado de accidente de autob\u00fas en Raleigh? P\u00f3ngase en contacto con nosotros hoy en <a href=\"tel:+19014439133\"><i class=\"fa fa-phone-alt\"><\/i>(901) 443-9133<\/a> para una consulta inicial gratuita.<\/p>\n\t\t<div data-elementor-type=\"section\" data-elementor-id=\"208\" class=\"elementor elementor-208\" data-elementor-post-type=\"elementor_library\">\n\t\t\t\t\t<section class=\"elementor-section elementor-top-section elementor-element elementor-element-485e576a elementor-section-boxed elementor-section-height-default elementor-section-height-default\" data-id=\"485e576a\" data-element_type=\"section\" data-e-type=\"section\">\n\t\t\t\t\t\t<div class=\"elementor-container elementor-column-gap-default\">\n\t\t\t\t\t<div class=\"elementor-column elementor-col-100 elementor-top-column elementor-element elementor-element-635c38c0\" data-id=\"635c38c0\" data-element_type=\"column\" data-e-type=\"column\">\n\t\t\t<div class=\"elementor-widget-wrap elementor-element-populated\">\n\t\t\t\t\t\t<div class=\"elementor-element elementor-element-3ba95c8a elementor-toc--minimized-on-tablet elementor-widget elementor-widget-table-of-contents\" data-id=\"3ba95c8a\" data-element_type=\"widget\" data-e-type=\"widget\" data-settings=\"{&quot;exclude_headings_by_selector&quot;:&quot;.toc-remove&quot;,&quot;headings_by_tags&quot;:[&quot;h2&quot;,&quot;h3&quot;],&quot;marker_view&quot;:&quot;numbers&quot;,&quot;no_headings_message&quot;:&quot;No headings were found on this page.&quot;,&quot;minimize_box&quot;:&quot;yes&quot;,&quot;minimized_on&quot;:&quot;tablet&quot;,&quot;hierarchical_view&quot;:&quot;yes&quot;,&quot;min_height&quot;:{&quot;unit&quot;:&quot;px&quot;,&quot;size&quot;:&quot;&quot;,&quot;sizes&quot;:[]},&quot;min_height_tablet&quot;:{&quot;unit&quot;:&quot;px&quot;,&quot;size&quot;:&quot;&quot;,&quot;sizes&quot;:[]},&quot;min_height_mobile&quot;:{&quot;unit&quot;:&quot;px&quot;,&quot;size&quot;:&quot;&quot;,&quot;sizes&quot;:[]}}\" data-widget_type=\"table-of-contents.default\">\n\t\t\t\t\t\t\t\t\t<div class=\"elementor-toc__header\">\n\t\t\t\t\t\t<div class=\"elementor-toc__header-title\">\n\t\t\t\tTable of Contents\t\t\t<\/div>\n\t\t\t\t\t\t\t\t\t\t<div class=\"elementor-toc__toggle-button elementor-toc__toggle-button--expand\" role=\"button\" tabindex=\"0\" aria-controls=\"elementor-toc__3ba95c8a\" aria-expanded=\"true\" aria-label=\"Open table of contents\"><svg aria-hidden=\"true\" class=\"e-font-icon-svg e-fas-chevron-down\" viewBox=\"0 0 448 512\" xmlns=\"http:\/\/www.w3.org\/2000\/svg\"><path d=\"M207.029 381.476L12.686 187.132c-9.373-9.373-9.373-24.569 0-33.941l22.667-22.667c9.357-9.357 24.522-9.375 33.901-.04L224 284.505l154.745-154.021c9.379-9.335 24.544-9.317 33.901.04l22.667 22.667c9.373 9.373 9.373 24.569 0 33.941L240.971 381.476c-9.373 9.372-24.569 9.372-33.942 0z\"><\/path><\/svg><\/div>\n\t\t\t\t<div class=\"elementor-toc__toggle-button elementor-toc__toggle-button--collapse\" role=\"button\" tabindex=\"0\" aria-controls=\"elementor-toc__3ba95c8a\" aria-expanded=\"true\" aria-label=\"Close table of contents\"><svg aria-hidden=\"true\" class=\"e-font-icon-svg e-fas-chevron-up\" viewBox=\"0 0 448 512\" xmlns=\"http:\/\/www.w3.org\/2000\/svg\"><path d=\"M240.971 130.524l194.343 194.343c9.373 9.373 9.373 24.569 0 33.941l-22.667 22.667c-9.357 9.357-24.522 9.375-33.901.04L224 227.495 69.255 381.516c-9.379 9.335-24.544 9.317-33.901-.04l-22.667-22.667c-9.373-9.373-9.373-24.569 0-33.941L207.03 130.525c9.372-9.373 24.568-9.373 33.941-.001z\"><\/path><\/svg><\/div>\n\t\t\t\t\t<\/div>\n\t\t\t\t<div id=\"elementor-toc__3ba95c8a\" class=\"elementor-toc__body\">\n\t\t\t<div class=\"elementor-toc__spinner-container\">\n\t\t\t\t<svg class=\"elementor-toc__spinner eicon-animation-spin e-font-icon-svg e-eicon-loading\" aria-hidden=\"true\" viewBox=\"0 0 1000 1000\" xmlns=\"http:\/\/www.w3.org\/2000\/svg\"><path d=\"M500 975V858C696 858 858 696 858 500S696 142 500 142 142 304 142 500H25C25 237 238 25 500 25S975 237 975 500 763 975 500 975Z\"><\/path><\/svg>\t\t\t<\/div>\n\t\t<\/div>\n\t\t\t\t\t\t<\/div>\n\t\t\t\t\t<\/div>\n\t\t<\/div>\n\t\t\t\t\t<\/div>\n\t\t<\/section>\n\t\t\t\t<\/div>\n\t\t\n<h2>Accidentes de autob\u00fas<\/h2>\n<p><a href=\"https:\/\/919law.com\/wp-content\/uploads\/2024\/08\/shutterstock_2234893373.webp\"><img fetchpriority=\"high\" decoding=\"async\" class=\"alignnone wp-image-3616 size-full\" src=\"https:\/\/919law.com\/wp-content\/uploads\/2024\/08\/shutterstock_2234893373.webp\" alt=\"Photo of a minivan in a head-on collision with a passenger bus\" width=\"500\" height=\"333\" srcset=\"https:\/\/919law.com\/wp-content\/uploads\/2024\/08\/shutterstock_2234893373.webp 500w, https:\/\/919law.com\/wp-content\/uploads\/2024\/08\/shutterstock_2234893373-300x200.webp 300w\" sizes=\"(max-width: 500px) 100vw, 500px\" \/><\/a><\/p>\n<p>Los accidentes de autob\u00fas pueden ser peligrosos y costosos. Pueden causar lesiones graves en accidentes de autob\u00fas, incluyendo diversas lesiones f\u00edsicas y emocionales que pueden sufrir las v\u00edctimas. Estas lesiones pueden afectar a pasajeros, automovilistas y peatones, provocando importantes gastos m\u00e9dicos y posibles consecuencias a largo plazo, como traumas emocionales y dificultades econ\u00f3micas. Puede presentar una demanda por accidente de autob\u00fas para buscar justicia e indemnizaci\u00f3n. \u00bfQuiere reclamar una indemnizaci\u00f3n? Si es as\u00ed, debe investigar su accidente de autob\u00fas para determinar la causalidad y la culpa. Si usted se lesiona en un accidente de autob\u00fas en Raleigh, es necesario informar del accidente a la polic\u00eda, buscar atenci\u00f3n m\u00e9dica, reunir pruebas, contratar a un abogado de accidente de autob\u00fas, y anote la informaci\u00f3n de contacto de los testigos. Adem\u00e1s, es necesario determinar la responsabilidad de su accidente de autob\u00fas. Recuerde, los accidentes de autob\u00fas pueden ocurrir debido a las condiciones peligrosas de la carretera, mal mantenimiento, fallos mec\u00e1nicos, negligencia del conductor, y las condiciones meteorol\u00f3gicas. Por lo tanto, usted necesita la ayuda de un abogado con experiencia en accidentes de autob\u00fas para ayudarle a determinar la responsabilidad.<\/p>\n<h2>Partes Responsables en Accidentes de Autob\u00fas<\/h2>\n<p><a href=\"https:\/\/919law.com\/wp-content\/uploads\/2024\/08\/shutterstock_1150214093.webp\"><img decoding=\"async\" class=\"alignnone wp-image-3618 size-full\" src=\"https:\/\/919law.com\/wp-content\/uploads\/2024\/08\/shutterstock_1150214093.webp\" alt=\"Photo of a bus accident with a bus on its side\" width=\"500\" height=\"333\" srcset=\"https:\/\/919law.com\/wp-content\/uploads\/2024\/08\/shutterstock_1150214093.webp 500w, https:\/\/919law.com\/wp-content\/uploads\/2024\/08\/shutterstock_1150214093-300x200.webp 300w\" sizes=\"(max-width: 500px) 100vw, 500px\" \/><\/a><\/p>\n<p>Puede ser dif\u00edcil determinar la culpa en un accidente de autob\u00fas, especialmente en casos complejos de accidentes de autob\u00fas. \u00bfPor qu\u00e9? Porque hay muchas partes potencialmente responsables. El conductor del autob\u00fas, la compa\u00f1\u00eda de autobuses, el fabricante del autob\u00fas, el fabricante del producto, e incluso otros usuarios de la carretera pueden ser responsables de un accidente de autob\u00fas en Raleigh. Dado el potencial de lesiones graves que pueden resultar de accidentes de autob\u00fas debido al tama\u00f1o y peso de los autobuses, tener un abogado de accidente de autob\u00fas con conocimientos es crucial para las reclamaciones por lesiones personales relacionadas con estos incidentes. Aqu\u00ed est\u00e1n las partes responsables en accidentes de autob\u00fas:<\/p>\n<h3>El conductor del autob\u00fas<\/h3>\n<p>La negligencia del conductor y las acciones imprudentes son una de las causas m\u00e1s comunes de accidentes de autob\u00fas en Carolina del Norte. Por ejemplo, si el conductor conduc\u00eda bajo la influencia del alcohol o las drogas, exceso de velocidad, o la conducci\u00f3n distra\u00edda, entonces pueden ser considerados responsables del accidente de autob\u00fas. En tales casos, los pasajeros de autobuses pueden sufrir lesiones graves, y las implicaciones legales y los procesos que siguen a estos incidentes son cruciales. Es importante que los pasajeros busquen representaci\u00f3n legal para asegurarse de que reciben la compensaci\u00f3n adecuada.<\/p>\n<h3>La empresa de autobuses<\/h3>\n<p>La compa\u00f1\u00eda de autobuses es responsable del mantenimiento de sus autobuses. Desafortunadamente, algunas compa\u00f1\u00edas de autobuses, incluyendo compa\u00f1\u00edas de autobuses privadas, pueden descuidar el mantenimiento de sus autobuses. Por ejemplo, descuidar el mantenimiento de los componentes cr\u00edticos, tales como frenos y neum\u00e1ticos, puede conducir a graves accidentes de autob\u00fas. Por lo tanto, si una empresa de autobuses no mantiene sus autobuses, pueden ser considerados responsables del accidente de autob\u00fas. Esto es cierto tanto para los sistemas de transporte p\u00fablico como privado, lo que pone de relieve la necesidad de representaci\u00f3n legal para los heridos en este tipo de incidentes debido a los equipos legales que las empresas privadas de autobuses tienen contratados.<\/p>\n<h3>El fabricante de autobuses<\/h3>\n<p>Los autobuses defectuosos pueden provocar graves accidentes en la carretera. Los fabricantes de autobuses deben comprobar todos sus autobuses antes de ponerlos a la venta. Por lo tanto, si un fabricante pone a la venta un veh\u00edculo defectuoso, puede ser considerado responsable de los da\u00f1os. Sin embargo, tendr\u00e1s que demostrar que te has lesionado por culpa de un veh\u00edculo defectuoso.<\/p>\n<h3>El fabricante del producto<\/h3>\n<p>Las piezas o componentes defectuosos de un autob\u00fas pueden provocar accidentes o lesiones. Si usted fue herido debido a una parte o componente defectuoso, entonces el fabricante de esa parte o componente defectuoso puede ser considerado responsable. Usted tendr\u00e1 que vincular su accidente de autob\u00fas a una pieza o componente defectuoso.<\/p>\n<h3>Otros usuarios de la carretera<\/h3>\n<p>Los accidentes de autob\u00fas no s\u00f3lo se deben a factores relacionados con el autob\u00fas. Tambi\u00e9n pueden ocurrir debido a las acciones imprudentes de otros usuarios de la carretera, incluidos los conductores de veh\u00edculos de motor. Por eso es necesario entender la causa de su accidente de autob\u00fas. Contratar a un buen abogado de accidentes de autob\u00fas puede ayudarle a identificar a la parte que puede ser considerada responsable de su accidente de autob\u00fas.<\/p>\n<h2>Compensaci\u00f3n y liquidaci\u00f3n para las v\u00edctimas de accidentes de autob\u00fas<\/h2>\n<p><a href=\"https:\/\/919law.com\/wp-content\/uploads\/2024\/08\/shutterstock_1736124188.webp\"><img decoding=\"async\" class=\"alignnone wp-image-3619 size-full\" src=\"https:\/\/919law.com\/wp-content\/uploads\/2024\/08\/shutterstock_1736124188.webp\" alt=\"Image of a speeding bus just before an accident\" width=\"500\" height=\"331\" srcset=\"https:\/\/919law.com\/wp-content\/uploads\/2024\/08\/shutterstock_1736124188.webp 500w, https:\/\/919law.com\/wp-content\/uploads\/2024\/08\/shutterstock_1736124188-300x199.webp 300w\" sizes=\"(max-width: 500px) 100vw, 500px\" \/><\/a><\/p>\n<p>Si usted ha sido lesionado en un accidente de autob\u00fas en Raleigh, usted puede tener derecho a una indemnizaci\u00f3n por sus lesiones y p\u00e9rdidas. Es importante entender los matices de los casos de accidentes de veh\u00edculos de motor, especialmente c\u00f3mo los casos de accidentes de autob\u00fas son diferentes debido a los marcos jur\u00eddicos \u00fanicos y la participaci\u00f3n de entidades m\u00e1s grandes, como empresas o agencias gubernamentales. Usted necesita estar enterado de los tipos de compensaci\u00f3n y de establecimiento disponibles para usted. La compensaci\u00f3n y la soluci\u00f3n para los accidentes de autob\u00fas son los gastos m\u00e9dicos, dolor y sufrimiento, salarios perdidos, p\u00e9rdida de consorcio, da\u00f1os a la propiedad, y m\u00e1s. Gastos M\u00e9dicos &#8211; Usted tiene m\u00e1s probabilidades de resultar herido en un accidente de autob\u00fas. Afortunadamente, la ley de Carolina del Norte permite a las v\u00edctimas lesionadas a buscar una compensaci\u00f3n monetaria por sus lesiones personales. Usted puede buscar suficiente compensaci\u00f3n monetaria para cubrir sus gastos m\u00e9dicos, tales como medicamentos, cirug\u00eda, hospitalizaci\u00f3n, tratamiento de emergencia, y m\u00e1s. Salarios perdidos &#8211; Un accidente de autob\u00fas puede dejarte con lesiones graves. Entonces, es posible que no pueda realizar sus tareas laborales normales. Se ver\u00e1 obligado a quedarse en casa. Si sus lesiones le impiden trabajar, puede solicitar una indemnizaci\u00f3n por los salarios perdidos. Tambi\u00e9n puede obtener una indemnizaci\u00f3n por los posibles ingresos futuros. Dolor y sufrimiento &#8211; Puede obtener una indemnizaci\u00f3n por p\u00e9rdidas no monetarias, como da\u00f1os por dolor y sufrimiento. Un accidente de autob\u00fas puede causar dolor f\u00edsico y angustia emocional. Por lo tanto, puede ser indemnizado por el dolor y el sufrimiento. Sin embargo, usted necesita un abogado con conocimientos para asegurarse de obtener la m\u00e1xima indemnizaci\u00f3n. Da\u00f1os a la propiedad &#8211; Un accidente de autob\u00fas en Raleigh puede causar da\u00f1os a la propiedad. Usted necesitar\u00e1 dinero para reparar o reemplazar su propiedad da\u00f1ada. Es f\u00e1cil calcular el valor de estos da\u00f1os. Pero usted todav\u00eda necesita un buen abogado para manejar negociaciones de arreglo. Su abogado de accidente de autob\u00fas se asegurar\u00e1 de que usted reciba un acuerdo justo. Es crucial entender todos los tipos de compensaci\u00f3n disponibles para usted. Contratar a un abogado experto en accidentes de autob\u00fas en Raleigh puede ayudarle a entender la compensaci\u00f3n a la que tiene derecho. Adem\u00e1s, su abogado trabajar\u00e1 duro para obtener la compensaci\u00f3n m\u00e1xima a la que tiene derecho. \u00bfQuiere buscar compensaci\u00f3n despu\u00e9s de un accidente de autob\u00fas en Raleigh? Mogy Law est\u00e1 aqu\u00ed para ayudar. Ll\u00e1menos al <a href=\"tel:+19014439133\"><i class=\"fa fa-phone-alt\"><\/i>(901) 443-9133<\/a> para programar una consulta inicial GRATIS con nuestro abogado experto en accidentes de autob\u00fas.<\/p>\n<h2>Obtener ayuda despu\u00e9s de un accidente de autob\u00fas<\/h2>\n<p><a href=\"https:\/\/919law.com\/wp-content\/uploads\/2024\/08\/shutterstock_2237954429.webp\"><img loading=\"lazy\" decoding=\"async\" class=\"alignnone wp-image-3614 size-full\" src=\"https:\/\/919law.com\/wp-content\/uploads\/2024\/08\/shutterstock_2237954429.webp\" alt=\"An accident victim and a bus accident injury lawyer go over case notes\" width=\"500\" height=\"333\" srcset=\"https:\/\/919law.com\/wp-content\/uploads\/2024\/08\/shutterstock_2237954429.webp 500w, https:\/\/919law.com\/wp-content\/uploads\/2024\/08\/shutterstock_2237954429-300x200.webp 300w\" sizes=\"(max-width: 500px) 100vw, 500px\" \/><\/a><\/p>\n<p>Las secuelas de un accidente de autob\u00fas puede dejar con dolor f\u00edsico, lesiones significativas, el aumento de las cargas financieras, y da\u00f1os a su veh\u00edculo. Obtener ayuda despu\u00e9s de un accidente de autob\u00fas puede ayudarle a navegar este desaf\u00edo. He aqu\u00ed c\u00f3mo obtener ayuda despu\u00e9s de un accidente de autob\u00fas: Busque atenci\u00f3n m\u00e9dica &#8211; Es f\u00e1cil ignorar las lesiones menores despu\u00e9s de un accidente de autob\u00fas. Estas lesiones, sin embargo, puede empeorar con el tiempo. Si usted busca atenci\u00f3n m\u00e9dica despu\u00e9s de un accidente de autob\u00fas, sus lesiones ser\u00e1n tratadas. Y usted se recuperar\u00e1 r\u00e1pidamente. Buscar atenci\u00f3n m\u00e9dica puede ayudarle a sentirse mejor y documentar sus lesiones. Llame a la Polic\u00eda &#8211; Usted debe reportar su accidente de autob\u00fas. Recuerde, usted puede necesitar para obtener una indemnizaci\u00f3n por sus da\u00f1os. Tener un informe oficial de la polic\u00eda puede fortalecer su caso. De hecho, llamar a la polic\u00eda puede ayudarle a obtener atenci\u00f3n m\u00e9dica m\u00e1s r\u00e1pidamente. Los oficiales de polic\u00eda pueden asegurarse de que usted y otras v\u00edctimas lesionadas reciban atenci\u00f3n oportuna. Contacte a un Abogado de Accidente de Autob\u00fas &#8211; Usted necesita representaci\u00f3n legal fuerte despu\u00e9s de ser herido en un accidente de autob\u00fas en Raleigh. Su abogado de accidentes de autob\u00fas le ayudar\u00e1 a entender sus opciones, proteger sus derechos, ayudarle a obtener atenci\u00f3n m\u00e9dica, obtener testimonios de testigos, manejar las negociaciones de acuerdos, e incluso representarlo en la corte. Para un asesoramiento personalizado, considere buscar una consulta legal gratuita para discutir sus circunstancias espec\u00edficas y explorar sus opciones legales.<\/p>\n<h2>Tomando Acci\u00f3n Contra Compa\u00f1\u00edas de Autobuses<\/h2>\n<p><a href=\"https:\/\/919law.com\/wp-content\/uploads\/2024\/08\/shutterstock_1104507008.webp\"><img loading=\"lazy\" decoding=\"async\" class=\"alignnone wp-image-3617 size-full\" src=\"https:\/\/919law.com\/wp-content\/uploads\/2024\/08\/shutterstock_1104507008.webp\" alt=\"A client meets with a Raleigh bus accident lawyer\" width=\"500\" height=\"334\" srcset=\"https:\/\/919law.com\/wp-content\/uploads\/2024\/08\/shutterstock_1104507008.webp 500w, https:\/\/919law.com\/wp-content\/uploads\/2024\/08\/shutterstock_1104507008-300x200.webp 300w\" sizes=\"(max-width: 500px) 100vw, 500px\" \/><\/a><\/p>\n<p>Puedes demandar a una empresa de autobuses por negligencia. Sin embargo, debe tener pruebas de la negligencia de dicha empresa. Los accidentes de autobuses escolares son especialmente preocupantes debido a sus consecuencias, a menudo graves, como errores mec\u00e1nicos y negligencia del conductor. Por eso, si quiere cobrar la indemnizaci\u00f3n, debe aportar pruebas de la falta accidental o deliberada de la empresa de autobuses. \u00bfQuiere emprender acciones contra una empresa de autobuses? Debe presentar una demanda por accidente de autob\u00fas antes de que prescriba. Recuerde que dispone de 3 a\u00f1os desde la fecha del accidente de autob\u00fas para presentar su reclamaci\u00f3n. Debe asegurarse de que su reclamaci\u00f3n es completa. Su reclamo de accidente de autob\u00fas debe contener la naturaleza de la negligencia que condujo a sus lesiones, pruebas s\u00f3lidas, y el valor total de sus p\u00e9rdidas y da\u00f1os. Usted no tiene que presentar una reclamaci\u00f3n de accidente de autob\u00fas por su cuenta. \u00bfQuiere obtener un resultado positivo? Contrate a un abogado de accidentes de autob\u00fas con experiencia y conocimientos para manejar su reclamo.<\/p>\n<h2>Mogy Law Firm quiere ayudarle<\/h2>\n<p><img loading=\"lazy\" decoding=\"async\" class=\"alignnone wp-image-3385 size-full\" src=\"https:\/\/919law.com\/wp-content\/uploads\/2024\/08\/shutterstock_2390892835.webp\" alt=\"Raleigh Bus Accident Lawyer \" width=\"500\" height=\"322\" srcset=\"https:\/\/919law.com\/wp-content\/uploads\/2024\/08\/shutterstock_2390892835.webp 500w, https:\/\/919law.com\/wp-content\/uploads\/2024\/08\/shutterstock_2390892835-300x193.webp 300w\" sizes=\"(max-width: 500px) 100vw, 500px\" \/><\/p>\n<p>Si usted ha sido lesionado en un accidente de autob\u00fas en Raleigh, usted tiene el derecho a reclamar una indemnizaci\u00f3n por sus lesiones y p\u00e9rdidas. Sin embargo, puede ser un reto buscar compensaci\u00f3n de la parte responsable. Incluso puede ser muy dif\u00edcil determinar la parte que puede ser considerada responsable de sus lesiones y da\u00f1os. Recomendamos encarecidamente consultar con abogados expertos en accidentes de autob\u00fas. Abogados especializados en accidentes de autob\u00fas pueden navegar por las complejidades de la responsabilidad y las reclamaciones de seguros despu\u00e9s de un accidente de autob\u00fas. Su abogado de accidente de autob\u00fas evaluar\u00e1 los detalles de su situaci\u00f3n, determinar la responsabilidad, reunir pruebas, manejar la negociaci\u00f3n del acuerdo, y le guiar\u00e1 a trav\u00e9s del proceso legal. Tener una representaci\u00f3n legal fuerte puede aumentar sus posibilidades de recuperar una compensaci\u00f3n justa. \u00bfEst\u00e1 usted en Raleigh, Carolina del Norte? Usted puede obtener asesoramiento legal experto de Mogy Law. Estamos comprometidos a ayudar a nuestros clientes a obtener la compensaci\u00f3n que se merecen. Entendemos que su futuro est\u00e1 en juego. Lucharemos agresivamente para proteger sus derechos y lograr el mejor resultado posible. \u00a1Si usted ha sido lesionado en un accidente de autob\u00fas y est\u00e1 buscando el mejor abogado de accidentes de autob\u00fas en Raleigh, p\u00f3ngase en contacto con nosotros para establecer una revisi\u00f3n de su caso GRATIS marcando <a href=\"tel:+19014439133\"><i class=\"fa fa-phone-alt\"><\/i>(901) 443-9133<\/a>!<\/p>\n","protected":false},"excerpt":{"rendered":"<p>\u00bfNecesita un abogado de accidente de autob\u00fas en Raleigh? \u00bfHa estado involucrado en un accidente de autob\u00fas en Raleigh, Carolina del Norte? Usted necesita un abogado con experiencia en accidentes de autob\u00fas Raleigh. \u00bfPor qu\u00e9? Usted podr\u00eda estar enfrentando dolor y sufrimiento prolongado, costosas facturas m\u00e9dicas, salarios perdidos, y mucho m\u00e1s. La contrataci\u00f3n de los [&hellip;]<\/p>\n","protected":false},"author":22,"featured_media":0,"parent":4137,"menu_order":0,"comment_status":"closed","ping_status":"closed","template":"","meta":{"_acf_changed":false,"anchor_text":"","footnotes":""},"class_list":["post-4140","page","type-page","status-publish","hentry"],"acf":[],"_links":{"self":[{"href":"https:\/\/919law.com\/es\/wp-json\/wp\/v2\/pages\/4140","targetHints":{"allow":["GET"]}}],"collection":[{"href":"https:\/\/919law.com\/es\/wp-json\/wp\/v2\/pages"}],"about":[{"href":"https:\/\/919law.com\/es\/wp-json\/wp\/v2\/types\/page"}],"author":[{"embeddable":true,"href":"https:\/\/919law.com\/es\/wp-json\/wp\/v2\/users\/22"}],"replies":[{"embeddable":true,"href":"https:\/\/919law.com\/es\/wp-json\/wp\/v2\/comments?post=4140"}],"version-history":[{"count":2,"href":"https:\/\/919law.com\/es\/wp-json\/wp\/v2\/pages\/4140\/revisions"}],"predecessor-version":[{"id":4142,"href":"https:\/\/919law.com\/es\/wp-json\/wp\/v2\/pages\/4140\/revisions\/4142"}],"up":[{"embeddable":true,"href":"https:\/\/919law.com\/es\/wp-json\/wp\/v2\/pages\/4137"}],"wp:attachment":[{"href":"https:\/\/919law.com\/es\/wp-json\/wp\/v2\/media?parent=4140"}],"curies":[{"name":"wp","href":"https:\/\/api.w.org\/{rel}","templated":true}]}}