{"id":4146,"date":"2025-12-22T04:21:58","date_gmt":"2025-12-22T09:21:58","guid":{"rendered":"https:\/\/919law.com\/raleigh\/abogado-de-accidentes-por-conducir-ebrio-en-raleigh\/"},"modified":"2024-09-08T02:34:25","modified_gmt":"2024-09-08T07:34:25","slug":"abogado-de-accidentes-por-conducir-ebrio-en-raleigh","status":"publish","type":"page","link":"https:\/\/919law.com\/es\/raleigh\/abogado-de-accidentes-por-conducir-ebrio-en-raleigh\/","title":{"rendered":"Abogado de accidentes por conducir ebrio en Raleigh"},"content":{"rendered":"<h2>\u00bfLastimado por un conductor ebrio? \u00bfNecesita un Abogado de Manejar Ebrio?<\/h2>\n<p>Es ilegal beber y conducir en Raleigh, Carolina del Norte. Desafortunadamente, algunas personas todav\u00eda beben y conducen. Conducir ebrio puede causar lesiones graves, da\u00f1os a la propiedad, y a veces lesiones mortales. Los accidentes automovil\u00edsticos causados por conducir ebrio implican complejidades legales significativas y consecuencias graves, por lo que es crucial contar con representaci\u00f3n experimentada. \u00bfHa sido lesionado en un accidente por conducir ebrio en Raleigh? Contratar a un abogado de Raleigh puede ayudarle a entender sus derechos y opciones legales. Recuerde, usted podr\u00eda ser elegible para recuperar la compensaci\u00f3n por sus lesiones y p\u00e9rdidas. Un abogado experto en accidentes por conducir ebrio en <a href=\"\/es\/raleigh\/\">Raleigh<\/a> puede ayudarle a navegar por el sistema legal, manejar las compa\u00f1\u00edas de seguros, y asegurar la justicia y la compensaci\u00f3n que leg\u00edtimamente merece. Tener una representaci\u00f3n legal fuerte nivela el campo de juego. Mogy Law ha estado representando con \u00e9xito a las v\u00edctimas de accidentes por conducir ebrio en Raleigh, NC durante muchos a\u00f1os. Nuestro equipo de abogados entiende las leyes de conducir ebrio en Raleigh y tiene mucha experiencia en el manejo de casos complejos. Usaremos nuestra experiencia y pericia para ayudarle a conseguir compensaci\u00f3n monetaria. Para reservar una consulta inicial GRATUITA, cont\u00e1ctenos hoy mismo.<\/p>\n<h2>\u00bfQu\u00e9 es una demanda por accidente por conducir ebrio en Carolina del Norte?<\/h2>\n<p><a href=\"https:\/\/919law.com\/wp-content\/uploads\/2024\/08\/shutterstock_2422551011.webp\"><img fetchpriority=\"high\" decoding=\"async\" class=\"alignnone wp-image-3773 size-full\" src=\"https:\/\/919law.com\/wp-content\/uploads\/2024\/08\/shutterstock_2422551011.webp\" alt=\"Drunk Driving Accident Attorney \" width=\"500\" height=\"334\" srcset=\"https:\/\/919law.com\/wp-content\/uploads\/2024\/08\/shutterstock_2422551011.webp 500w, https:\/\/919law.com\/wp-content\/uploads\/2024\/08\/shutterstock_2422551011-300x200.webp 300w\" sizes=\"(max-width: 500px) 100vw, 500px\" \/><\/a><\/p>\n<p>Se trata de una acci\u00f3n civil que permite a una v\u00edctima de accidente por conducci\u00f3n bajo los efectos del alcohol recuperar una compensaci\u00f3n monetaria por las lesiones y p\u00e9rdidas sufridas a causa del accidente. La responsabilidad por accidentes de conducci\u00f3n bajo los efectos del alcohol implica determinar la responsabilidad por los da\u00f1os y lesiones causados por tales accidentes, que puede incluir al conductor ebrio y potencialmente a otras partes, como los establecimientos que sirven alcohol en virtud de las leyes de \u00abdram shop\u00bb. Los conductores no est\u00e1n legalmente autorizados a conducir un veh\u00edculo de motor con un contenido de alcohol en sangre (BAC) de 0,08 o superior. Por lo tanto, si la tasa de alcoholemia del conductor es de 0,08 o superior, podr\u00eda ser acusado de conducir bajo los efectos del alcohol. Y si el conductor caus\u00f3 el accidente, podr\u00eda ser considerado responsable de los da\u00f1os.<\/p>\n<h2>Lesiones comunes causadas por conductores ebrios en Raleigh, NC<\/h2>\n<p><a href=\"https:\/\/919law.com\/wp-content\/uploads\/2024\/08\/Charlotte-Car-Accident-.jpg\"><img decoding=\"async\" class=\"alignnone wp-image-3630 size-full\" src=\"https:\/\/919law.com\/wp-content\/uploads\/2024\/08\/Charlotte-Car-Accident-.jpg\" alt=\"Raleigh car accident caused by a drunk driver\" width=\"500\" height=\"286\" srcset=\"https:\/\/919law.com\/wp-content\/uploads\/2024\/08\/Charlotte-Car-Accident-.jpg 500w, https:\/\/919law.com\/wp-content\/uploads\/2024\/08\/Charlotte-Car-Accident--300x172.jpg 300w\" sizes=\"(max-width: 500px) 100vw, 500px\" \/><\/a><\/p>\n<p>Un accidente por conducir ebrio en Carolina del Norte puede provocar lesiones leves y graves. Si usted estuvo involucrado en un accidente por conducir ebrio, debe buscar atenci\u00f3n m\u00e9dica inmediata. Un m\u00e9dico puede determinar el tipo y el alcance de sus lesiones. Su abogado utilizar\u00e1 su informe m\u00e9dico para construir un caso fuerte en su nombre. Aqu\u00ed est\u00e1n las lesiones comunes causadas por conductores ebrios en Raleigh, NC: Lesiones de la m\u00e9dula espinal &#8211; Un golpe repentino a su columna vertebral puede conducir a la dislocaci\u00f3n, fractura de v\u00e9rtebras, da\u00f1o a los nervios, e incluso par\u00e1lisis. Usted podr\u00eda perder la funci\u00f3n y la sensaci\u00f3n por debajo de la zona lesionada. Las lesiones de la m\u00e9dula espinal tambi\u00e9n pueden provocar problemas graves, como infecciones, co\u00e1gulos de sangre y dolor cr\u00f3nico. Lesiones de cuello &#8211; Una lesi\u00f3n de cuello puede ocurrir despu\u00e9s de cualquier tipo de impacto en su cuerpo. Esto se debe a que su cabeza se mover\u00e1 hacia adelante y hacia atr\u00e1s r\u00e1pidamente durante un accidente. La fuerza repentina o movimiento tensa el cuello y da\u00f1a los ligamentos, huesos, nervios, e incluso los m\u00fasculos. Huesos rotos &#8211; Un golpe directo de un veh\u00edculo puede provocar huesos rotos. Por lo tanto, puede romperse la pierna, la mu\u00f1eca, el brazo y el tobillo si se ve involucrado en un accidente por conducir ebrio. Los huesos rotos pueden provocar infecciones, dolor prolongado, envenenamiento de la sangre, da\u00f1os en los nervios y retraso en la curaci\u00f3n. Lesiones oculares &#8211; Sus ojos pueden resultar da\u00f1ados en un accidente por conducir ebrio. Los golpes contra el asiento, el airbag o cualquier superficie dura pueden causar lesiones oculares graves. Las lesiones oculares pueden ser peligrosas. Pueden provocar enrojecimiento, hinchaz\u00f3n y dolor. Y pueden causar baja visi\u00f3n e incluso ceguera. P\u00e9rdida de audici\u00f3n &#8211; Tambi\u00e9n puede sufrir p\u00e9rdida de audici\u00f3n despu\u00e9s de un accidente por conducir ebrio. Los traumatismos craneoencef\u00e1licos y los airbags, por ejemplo, pueden causar p\u00e9rdida de audici\u00f3n. Entre los signos de p\u00e9rdida de audici\u00f3n se incluyen mareos, presi\u00f3n o hinchaz\u00f3n en los o\u00eddos, audici\u00f3n apagada y ac\u00fafenos. Lesiones cerebrales traum\u00e1ticas &#8211; Las lesiones cerebrales traum\u00e1ticas (LCT) son una de las lesiones graves que suelen producirse en los accidentes por conducir bajo los efectos del alcohol. Una LCT puede tener consecuencias graves y duraderas, como deterioro cognitivo, p\u00e9rdida de memoria e inestabilidad emocional. La gravedad de las LCT subraya la necesidad cr\u00edtica de una evaluaci\u00f3n m\u00e9dica inmediata y un tratamiento continuo.<\/p>\n<h2>\u00bfQu\u00e9 hacer despu\u00e9s de un accidente por conducir ebrio?<\/h2>\n<p><a href=\"https:\/\/919law.com\/wp-content\/uploads\/2024\/08\/shutterstock_2330113607.webp\"><img decoding=\"async\" class=\"alignnone wp-image-3774 size-full\" src=\"https:\/\/919law.com\/wp-content\/uploads\/2024\/08\/shutterstock_2330113607.webp\" alt=\"Drunk Driving Accident Attorney in Raleigh North Carolina \" width=\"500\" height=\"334\" srcset=\"https:\/\/919law.com\/wp-content\/uploads\/2024\/08\/shutterstock_2330113607.webp 500w, https:\/\/919law.com\/wp-content\/uploads\/2024\/08\/shutterstock_2330113607-300x200.webp 300w\" sizes=\"(max-width: 500px) 100vw, 500px\" \/><\/a><\/p>\n<p>Hay algunas cosas que usted necesita hacer despu\u00e9s de un accidente por conducir ebrio en Raleigh. Usted debe hacer estas cosas para protegerse y aumentar sus posibilidades de recuperar la compensaci\u00f3n por sus lesiones y p\u00e9rdidas. Pero su seguridad siempre debe ser lo primero. Esto es lo que debe hacer despu\u00e9s de un accidente por conducir ebrio: Presentar una demanda por lesiones personales es crucial para ayudarle a recuperarse de los impactos f\u00edsicos, emocionales y financieros del accidente.<\/p>\n<h3>Llame a la polic\u00eda<\/h3>\n<p>Lo primero que debe hacer es llamar a la polic\u00eda. No tenga miedo de la polic\u00eda. No le obligar\u00e1n a admitir la culpa. \u00bfPor qu\u00e9? Porque le amparan algunos derechos. Los oficiales evaluar\u00e1n la escena del accidente y preparar\u00e1n un informe policial, que incluir\u00e1 detalles sobre el conductor intoxicado y las implicaciones legales de sus acciones. Su abogado de conductores ebrios de Raleigh utilizar\u00e1 el informe policial para recuperar la compensaci\u00f3n en su nombre.<\/p>\n<h3>Reunir pruebas<\/h3>\n<p>Es probable que haya resultado herido en su accidente por conducir ebrio. Y usted no tiene la culpa del accidente. Esto significa que usted es elegible para obtener una compensaci\u00f3n monetaria por sus lesiones y p\u00e9rdidas. Por eso necesita reunir pruebas. \u00bfC\u00f3mo? Utiliza tu smartphone para hacer fotos de tus lesiones, de los da\u00f1os de tu veh\u00edculo y de la zona circundante. La comprensi\u00f3n de los plazos legales para la presentaci\u00f3n de casos de lesiones personales relacionadas con accidentes de tr\u00e1fico es crucial, ya que estos estatutos de limitaciones pueden variar en funci\u00f3n de las caracter\u00edsticas espec\u00edficas, tales como si el accidente involucr\u00f3 a un conductor ebrio o result\u00f3 en muertes.<\/p>\n<p><a href=\"https:\/\/919law.com\/wp-content\/uploads\/2024\/08\/Auto-Accident-in-Charlotte.jpg\"><img loading=\"lazy\" decoding=\"async\" class=\"alignnone wp-image-3631 size-full\" src=\"https:\/\/919law.com\/wp-content\/uploads\/2024\/08\/Auto-Accident-in-Charlotte.jpg\" alt=\"Auto Accident in Raleigh\" width=\"500\" height=\"334\" srcset=\"https:\/\/919law.com\/wp-content\/uploads\/2024\/08\/Auto-Accident-in-Charlotte.jpg 500w, https:\/\/919law.com\/wp-content\/uploads\/2024\/08\/Auto-Accident-in-Charlotte-300x200.jpg 300w\" sizes=\"(max-width: 500px) 100vw, 500px\" \/><\/a><\/p>\n<h3>Busque atenci\u00f3n m\u00e9dica<\/h3>\n<p>Su salud debe ser su m\u00e1xima prioridad. Por ello, no ignore las lesiones leves. Un accidente por conducir ebrio puede provocar lesiones leves. No las ignore. Por el contrario, busque atenci\u00f3n m\u00e9dica inmediatamente. Acuda a un m\u00e9dico para que examine sus lesiones y determine el tipo y alcance de las mismas.<\/p>\n<h3>Recopile la informaci\u00f3n necesaria<\/h3>\n<p>Consiga los nombres e informaci\u00f3n de contacto del conductor y los testigos. Recuerde que su caso puede ir a juicio. Si no tiene testigos, puede perder su caso. Por eso debe conseguir sus nombres e informaci\u00f3n de contacto antes de que abandonen el lugar del accidente. Su abogado podr\u00e1 obtener las declaraciones de los testigos.<\/p>\n<h2>P\u00f3ngase en contacto con su abogado de accidentes por conducir ebrio en Raleigh<\/h2>\n<p>Si sufri\u00f3 lesiones graves en un accidente por conducir ebrio, los abogados especializados en accidentes automovil\u00edsticos pueden ayudarlo a obtener una indemnizaci\u00f3n de la parte culpable. Es posible que usted no tenga experiencia en este tipo de casos. Es mejor dejar que un profesional se encargue de su caso. Su abogado proteger\u00e1 sus derechos y se asegurar\u00e1 de que reciba una indemnizaci\u00f3n justa. \u00bfEst\u00e1 buscando un abogado experto en accidentes por conducir ebrio en Raleigh, Carolina del Norte? Ponte en contacto con <a href=\"tel:+19014439133\"><i class=\"fa fa-phone-alt\"><\/i>(901) 443-9133<\/a> para hablar con un abogado de accidentes por conducir ebrio de Mogy Law.<\/p>\n<h2>Estatuto de Limitaciones en Carolina del Norte para Accidentes por Conducir Ebrio<\/h2>\n<p><a href=\"https:\/\/919law.com\/wp-content\/uploads\/2024\/08\/shutterstock_2390892835.webp\"><img loading=\"lazy\" decoding=\"async\" class=\"alignnone wp-image-3385 size-full\" src=\"https:\/\/919law.com\/wp-content\/uploads\/2024\/08\/shutterstock_2390892835.webp\" alt=\"A drunk driving accident attorney takes notes on a case\" width=\"500\" height=\"322\" srcset=\"https:\/\/919law.com\/wp-content\/uploads\/2024\/08\/shutterstock_2390892835.webp 500w, https:\/\/919law.com\/wp-content\/uploads\/2024\/08\/shutterstock_2390892835-300x193.webp 300w\" sizes=\"(max-width: 500px) 100vw, 500px\" \/><\/a><\/p>\n<p>El plazo de prescripci\u00f3n para los accidentes por conducir ebrio en Carolina del Norte es de 3 a\u00f1os a partir de la fecha de la lesi\u00f3n o accidente. Si, sin embargo, el accidente de conducir ebrio result\u00f3 en muerte injusta, usted tiene 2 a\u00f1os a partir de la fecha de la muerte para presentar una demanda por muerte injusta. Usted no quiere perder estos plazos. \u00bfPor qu\u00e9? Puede perder su derecho a reclamar una indemnizaci\u00f3n. Por lo tanto, le recomendamos que contrate los servicios de un abogado experto en accidentes por conducci\u00f3n bajo los efectos del alcohol. Los accidentes automovil\u00edsticos relacionados con la conducci\u00f3n en estado de ebriedad son frecuentes en Carolina del Norte, con importantes muertes y lesiones reportadas, particularmente en el condado de Wake.<\/p>\n<h2>Da\u00f1os y Compensaci\u00f3n para V\u00edctimas de Accidentes por Conducir Ebrio<\/h2>\n<p>Hay tres tipos de da\u00f1os que puede recuperar de accidentes de conducir ebrio en Carolina del Norte. Estos da\u00f1os est\u00e1n destinados a compensarle con suficiente dinero para cubrir las lesiones y p\u00e9rdidas causadas por el accidente de conducir ebrio. Estos da\u00f1os incluyen:<\/p>\n<ul>\n<li><strong>Da\u00f1os Econ\u00f3micos<\/strong> &#8211; Son da\u00f1os compensatorios por p\u00e9rdidas monetarias, incluyendo salarios perdidos, gastos m\u00e9dicos, gastos m\u00e9dicos futuros, y m\u00e1s. Es f\u00e1cil calcular estos da\u00f1os.<\/li>\n<li><strong>Da\u00f1os no econ\u00f3micos<\/strong> &#8211; Son da\u00f1os compensatorios por p\u00e9rdidas no monetarias, incluyendo dolor y sufrimiento, p\u00e9rdida de consorcio, angustia emocional, inconvenientes, y m\u00e1s. Por eso no es f\u00e1cil calcularlos.<\/li>\n<li><strong>Da\u00f1os Punitivos<\/strong> &#8211; La corte usualmente otorga estos da\u00f1os para castigar al conductor responsable por sus acciones imprudentes o conducta escandalosa.<\/li>\n<\/ul>\n<p>Los abogados de accidentes de coche en Raleigh tienen un historial probado de asegurar acuerdos significativos para sus clientes.<\/p>\n<h2>Responsabilidad y negligencia en accidentes por conducir ebrio<\/h2>\n<p><a href=\"https:\/\/919law.com\/wp-content\/uploads\/2024\/08\/shutterstock_1762141334.webp\"><img loading=\"lazy\" decoding=\"async\" class=\"alignnone wp-image-3615 size-full\" src=\"https:\/\/919law.com\/wp-content\/uploads\/2024\/08\/shutterstock_1762141334.webp\" alt=\"A woman meets with her drunk driving accident lawyer after being injured by a drunk driver\" width=\"500\" height=\"333\" srcset=\"https:\/\/919law.com\/wp-content\/uploads\/2024\/08\/shutterstock_1762141334.webp 500w, https:\/\/919law.com\/wp-content\/uploads\/2024\/08\/shutterstock_1762141334-300x200.webp 300w\" sizes=\"(max-width: 500px) 100vw, 500px\" \/><\/a><\/p>\n<p>Usted tendr\u00e1 que determinar la responsabilidad y la negligencia en su accidente por conducir ebrio. Las v\u00edctimas lesionadas por un conductor ebrio se enfrentan a graves consecuencias y tienen derechos legales para solicitar una indemnizaci\u00f3n por sus lesiones. \u00bfC\u00f3mo? Usted debe probar que el conductor le deb\u00eda un deber de cuidado, viol\u00f3 ese deber de cuidado, la violaci\u00f3n caus\u00f3 directamente sus lesiones, y usted sufri\u00f3 da\u00f1os debido a la violaci\u00f3n.<\/p>\n<ul>\n<li><strong>Deber de diligencia<\/strong> &#8211; Los conductores tienen un deber de diligencia para con los dem\u00e1s usuarios de la v\u00eda p\u00fablica. Deben actuar con un grado de diligencia razonable.<\/li>\n<li><strong>Incumplimiento del deber de diligencia<\/strong>: si el conductor conduc\u00eda bajo los efectos del alcohol y provoc\u00f3 un accidente, incumpli\u00f3 su deber de diligencia.<\/li>\n<li><strong>Causalidad<\/strong>: debe demostrar que el incumplimiento del deber de diligencia por parte del conductor culpable caus\u00f3 sus p\u00e9rdidas. Puede demostrar que el incumplimiento del deber por parte del conductor culpable caus\u00f3 directamente su accidente por conducir ebrio.<\/li>\n<li><strong>Da\u00f1os<\/strong> &#8211; Usted debe probar que sufri\u00f3 da\u00f1os reales, tales como facturas m\u00e9dicas, da\u00f1os a la propiedad, y los salarios perdidos, en ese accidente de conducir ebrio.<\/li>\n<\/ul>\n<h2>\u00bfCu\u00e1nto cobra un abogado de accidentes por conducir ebrio en Raleigh, NC?<\/h2>\n<p>Muchos abogados de accidentes de conductores ebrios en Raleigh trabajan en base a honorarios de contingencia. Usted no pagar\u00e1 ning\u00fan dinero por adelantado. De hecho, estos abogados ofrecen una consulta inicial GRATIS. Un abogado se reunir\u00e1 con usted para discutir su caso. Su abogado s\u00f3lo tomar\u00e1 un peque\u00f1o porcentaje de la compensaci\u00f3n.<\/p>\n<h2>Obtenga ayuda de un abogado con experiencia en accidentes por conducir ebrio en Raleigh<\/h2>\n<p>No es ning\u00fan secreto que un accidente por conducir ebrio puede dejarlo con dificultades f\u00edsicas, financieras y emocionales. Usted podr\u00eda perder su trabajo y su familia. Y el accidente podr\u00eda potencialmente causar lesiones graves o incluso la muerte. Afortunadamente, Carolina del Norte permite a las v\u00edctimas de accidentes por conducir ebrio a reclamar una indemnizaci\u00f3n por sus lesiones y p\u00e9rdidas. Nosotros, sin embargo, le recomendamos que contrate a un buen abogado de accidentes de conducir ebrio para manejar su caso. Un buen abogado entiende los pormenores de las leyes de conducir ebrio, protege los derechos de sus clientes, maneja las negociaciones de acuerdos en nombre de sus clientes, y representa a sus clientes en los tribunales si es necesario. Nuestros abogados de accidentes por conducir ebrio en Mogy Law est\u00e1n listos para ayudarle a recuperar el m\u00e1ximo acuerdo del proveedor de seguros. No vamos a dejar que la compa\u00f1\u00eda de seguros intimidar o forzar a aceptar su oferta de bola baja. Vamos a luchar duro para la soluci\u00f3n que se merece. S\u00f3lo cobramos si recuperamos la indemnizaci\u00f3n. P\u00f3ngase en contacto con nosotros en <a href=\"tel:+19014439133\"><i class=\"fa fa-phone-alt\"><\/i>(901) 443-9133<\/a> para una consulta GRATIS. Nuestro abogado de accidentes por conducir ebrio en Raleigh est\u00e1 listo para ayudarle a navegar el proceso legal y buscar compensaci\u00f3n.<\/p>\n","protected":false},"excerpt":{"rendered":"<p>\u00bfLastimado por un conductor ebrio? \u00bfNecesita un Abogado de Manejar Ebrio? Es ilegal beber y conducir en Raleigh, Carolina del Norte. Desafortunadamente, algunas personas todav\u00eda beben y conducen. Conducir ebrio puede causar lesiones graves, da\u00f1os a la propiedad, y a veces lesiones mortales. Los accidentes automovil\u00edsticos causados por conducir ebrio implican complejidades legales significativas y [&hellip;]<\/p>\n","protected":false},"author":22,"featured_media":0,"parent":4137,"menu_order":2,"comment_status":"closed","ping_status":"closed","template":"","meta":{"_acf_changed":false,"anchor_text":"","footnotes":""},"class_list":["post-4146","page","type-page","status-publish","hentry"],"acf":[],"_links":{"self":[{"href":"https:\/\/919law.com\/es\/wp-json\/wp\/v2\/pages\/4146","targetHints":{"allow":["GET"]}}],"collection":[{"href":"https:\/\/919law.com\/es\/wp-json\/wp\/v2\/pages"}],"about":[{"href":"https:\/\/919law.com\/es\/wp-json\/wp\/v2\/types\/page"}],"author":[{"embeddable":true,"href":"https:\/\/919law.com\/es\/wp-json\/wp\/v2\/users\/22"}],"replies":[{"embeddable":true,"href":"https:\/\/919law.com\/es\/wp-json\/wp\/v2\/comments?post=4146"}],"version-history":[{"count":2,"href":"https:\/\/919law.com\/es\/wp-json\/wp\/v2\/pages\/4146\/revisions"}],"predecessor-version":[{"id":4148,"href":"https:\/\/919law.com\/es\/wp-json\/wp\/v2\/pages\/4146\/revisions\/4148"}],"up":[{"embeddable":true,"href":"https:\/\/919law.com\/es\/wp-json\/wp\/v2\/pages\/4137"}],"wp:attachment":[{"href":"https:\/\/919law.com\/es\/wp-json\/wp\/v2\/media?parent=4146"}],"curies":[{"name":"wp","href":"https:\/\/api.w.org\/{rel}","templated":true}]}}