{"id":4149,"date":"2025-12-19T08:31:58","date_gmt":"2025-12-19T13:31:58","guid":{"rendered":"https:\/\/919law.com\/raleigh\/abogado-de-accidente-de-cabeza\/"},"modified":"2024-09-08T02:47:14","modified_gmt":"2024-09-08T07:47:14","slug":"abogado-de-accidente-de-cabeza","status":"publish","type":"page","link":"https:\/\/919law.com\/es\/raleigh\/abogado-de-accidente-de-cabeza\/","title":{"rendered":"Abogado de Accidente de Cabeza"},"content":{"rendered":"<h2>Nuestros abogados de accidentes de tr\u00e1fico frontales le tienen cubierto<\/h2>\n<p>Navegar por las secuelas de un accidente de tr\u00e1fico frontal puede ser abrumador y estresante. Como abogado de accidentes de tr\u00e1fico frontales en Raleigh, Mogy Law est\u00e1 aqu\u00ed para guiarle a trav\u00e9s de las complejidades legales de un accidente automovil\u00edstico y ayudarle a asegurar la compensaci\u00f3n que se merece. La contrataci\u00f3n de un abogado con experiencia en accidentes automovil\u00edsticos puede aumentar significativamente sus posibilidades de recuperar una mayor compensaci\u00f3n y gestionar eficazmente el proceso legal. En esta gu\u00eda se describen los pasos esenciales a seguir despu\u00e9s de un accidente, las lesiones m\u00e1s comunes, los da\u00f1os potenciales y por qu\u00e9 es crucial contar con un abogado experto de su lado. Si usted o un ser querido ha estado involucrado en un accidente de coche frontal, p\u00f3ngase en contacto con nosotros en <a href=\"tel:+19014439133\"><i class=\"fa fa-phone-alt\"><\/i>(901) 443-9133<\/a> para una consulta gratuita. La comprensi\u00f3n de las leyes de tr\u00e1fico de Carolina del Norte, incluida la negligencia contributiva, es vital en estos casos.<\/p>\n\n<h2>\u00bfQu\u00e9 hacer despu\u00e9s de un accidente de coche frontal?<\/h2>\n<p><a href=\"https:\/\/919law.com\/wp-content\/uploads\/2024\/08\/shutterstock_354553040.jpg\"><img fetchpriority=\"high\" decoding=\"async\" class=\"alignnone wp-image-3713 size-full\" src=\"https:\/\/919law.com\/wp-content\/uploads\/2024\/08\/shutterstock_354553040.jpg\" alt=\"Raleigh head on car wreck\" width=\"500\" height=\"334\" srcset=\"https:\/\/919law.com\/wp-content\/uploads\/2024\/08\/shutterstock_354553040.jpg 500w, https:\/\/919law.com\/wp-content\/uploads\/2024\/08\/shutterstock_354553040-300x200.jpg 300w\" sizes=\"(max-width: 500px) 100vw, 500px\" \/><\/a><\/p>\n<p>Inmediatamente despu\u00e9s de un accidente de tr\u00e1fico frontal, tu seguridad y bienestar son las m\u00e1ximas prioridades. Aqu\u00ed tienes una gu\u00eda paso a paso sobre lo que debes hacer:<\/p>\n<ol>\n<li><strong>Garantizar la seguridad<\/strong>: Despl\u00e1cese a un lugar seguro si es posible y compruebe si hay heridos. Llame inmediatamente a los servicios de emergencia.<\/li>\n<li><strong>Busque atenci\u00f3n m\u00e9dica<\/strong>: Aunque las lesiones parezcan leves, solicite una evaluaci\u00f3n m\u00e9dica para asegurarse de que no hay lesiones ocultas.<\/li>\n<li><strong>Documente la escena<\/strong>: Haz fotos del lugar del accidente, de los da\u00f1os del coche y de las lesiones visibles. Recopila los datos de contacto de los testigos.<\/li>\n<li><strong>Informa del accidente<\/strong>: Presenta un informe policial y aseg\u00farate de que todos los detalles se registran con precisi\u00f3n.<\/li>\n<li><strong>Ponte en contacto con tu compa\u00f1\u00eda de seguros<\/strong>: Informa a tu aseguradora del accidente, facilit\u00e1ndole la documentaci\u00f3n necesaria.<\/li>\n<li><strong>Presente una reclamaci\u00f3n por accidente de coche<\/strong>: Presentar una reclamaci\u00f3n por accidente de coche es crucial para obtener una indemnizaci\u00f3n por los da\u00f1os sufridos en el accidente. Comience por reunir toda la documentaci\u00f3n necesaria, incluido el informe policial, los historiales m\u00e9dicos y las fotos del lugar del accidente. Entender los tipos de compensaci\u00f3n disponibles y ser conscientes de las leyes de negligencia contribuyente de Carolina del Norte, que pueden afectar a su reclamo. La acci\u00f3n oportuna es esencial, as\u00ed que presente su reclamaci\u00f3n con prontitud y considere la posibilidad de consultar a un abogado para navegar por las complejidades legales.<\/li>\n<li><strong>Consulte a un abogado<\/strong>: P\u00f3ngase en contacto con un abogado de accidentes frontales para discutir su caso y sus opciones legales.<\/li>\n<\/ol>\n<h2>Lesiones comunes en accidentes de tr\u00e1fico frontales<\/h2>\n<p><a href=\"https:\/\/919law.com\/wp-content\/uploads\/2024\/08\/Head-on-Car-Accident.jpg\"><img decoding=\"async\" class=\"alignnone wp-image-3709 size-full\" src=\"https:\/\/919law.com\/wp-content\/uploads\/2024\/08\/Head-on-Car-Accident.jpg\" alt=\"head-on car accident in Raleigh\" width=\"500\" height=\"313\" srcset=\"https:\/\/919law.com\/wp-content\/uploads\/2024\/08\/Head-on-Car-Accident.jpg 500w, https:\/\/919law.com\/wp-content\/uploads\/2024\/08\/Head-on-Car-Accident-300x188.jpg 300w\" sizes=\"(max-width: 500px) 100vw, 500px\" \/><\/a><\/p>\n<p>Los accidentes automovil\u00edsticos frontales a menudo resultan en lesiones graves por accidentes automovil\u00edsticos, que requieren representaci\u00f3n legal y esfuerzos de recuperaci\u00f3n para las v\u00edctimas. Las lesiones comunes incluyen:<\/p>\n<h3>1. Lesiones cerebrales traum\u00e1ticas (TBI)<\/h3>\n<p>Las lesiones cerebrales traum\u00e1ticas son una de las consecuencias m\u00e1s graves de las colisiones frontales. Estas lesiones pueden provocar contusiones, conmociones cerebrales o formas m\u00e1s graves de da\u00f1o cerebral. Los s\u00edntomas de las lesiones cerebrales traum\u00e1ticas pueden ir de leves (dolores de cabeza, mareos y confusi\u00f3n temporal) a graves (p\u00e9rdida de conciencia, trastornos cognitivos y discapacidades a largo plazo). La evaluaci\u00f3n y el tratamiento m\u00e9dicos inmediatos son cruciales, ya que las lesiones cerebrales traum\u00e1ticas pueden tener efectos duraderos y profundos en la calidad de vida de una persona y requerir una amplia rehabilitaci\u00f3n y atenci\u00f3n m\u00e9dica continua. Presentar una demanda por lesiones en accidente de coche por LCT puede ser complejo, ya que implica demostrar la negligencia, cumplir los plazos de presentaci\u00f3n y proporcionar documentaci\u00f3n m\u00e9dica exhaustiva.<\/p>\n<h3>2. Lesiones de la m\u00e9dula espinal<\/h3>\n<p>La fuerza de una colisi\u00f3n frontal puede causar da\u00f1os importantes en la m\u00e9dula espinal, provocando una par\u00e1lisis parcial o total. Estas lesiones pueden provocar la p\u00e9rdida de sensibilidad, movimiento y funci\u00f3n por debajo del lugar de la lesi\u00f3n. Las lesiones medulares suelen requerir intervenci\u00f3n m\u00e9dica de urgencia, cirug\u00eda y rehabilitaci\u00f3n a largo plazo. El impacto en la vida de la v\u00edctima puede ser profundo, afectando a su capacidad para realizar actividades cotidianas, trabajar y mantener relaciones. Tambi\u00e9n pueden ser necesarios equipos de adaptaci\u00f3n y modificaciones en el hogar para acomodar el nuevo estilo de vida de la v\u00edctima.<\/p>\n<h3>3. Fracturas y fracturas \u00f3seas<\/h3>\n<p>La intensa fuerza de una colisi\u00f3n frontal suele provocar fracturas y fracturas \u00f3seas. Las fracturas m\u00e1s comunes son las de brazos, piernas, costillas y pelvis. Estas lesiones pueden ser extremadamente dolorosas y requerir intervenci\u00f3n quir\u00fargica, incluida la colocaci\u00f3n de barras met\u00e1licas, clavos o placas para estabilizar los huesos. La recuperaci\u00f3n de las fracturas puede ser larga e implicar fisioterapia y rehabilitaci\u00f3n para recuperar la movilidad y la fuerza. En algunos casos, las v\u00edctimas pueden experimentar complicaciones a largo plazo o dolor cr\u00f3nico relacionado con sus lesiones.<\/p>\n<h3>4. Lesiones internas<\/h3>\n<p>Las lesiones internas son una consecuencia grave y a menudo potencialmente mortal de las colisiones frontales. El traumatismo por objeto contundente puede da\u00f1ar \u00f3rganos internos como el h\u00edgado, el bazo, los ri\u00f1ones y los pulmones. Las hemorragias internas son un problema cr\u00edtico y pueden no ser evidentes de inmediato. Los s\u00edntomas pueden incluir dolor abdominal, mareos y signos de shock (palidez, taquicardia y tensi\u00f3n arterial baja). La pronta atenci\u00f3n m\u00e9dica es esencial para diagnosticar y tratar las lesiones internas, que pueden requerir cirug\u00eda de emergencia y cuidados intensivos para su manejo.<\/p>\n<h3>5. Latigazo cervical y lesiones cervicales<\/h3>\n<p>El latigazo cervical es una lesi\u00f3n frecuente en las colisiones frontales, causada por el r\u00e1pido movimiento de vaiv\u00e9n del cuello. Las lesiones por latigazo cervical pueden causar dolores de cabeza, mareos y, en algunos casos, complicaciones a largo plazo, como dolor de cuello cr\u00f3nico o problemas en la columna cervical. El tratamiento suele incluir fisioterapia, control del dolor y, a veces, cuidados quiropr\u00e1cticos para aliviar los s\u00edntomas y restablecer la funcionalidad.<\/p>\n<h2>Da\u00f1os y perjuicios<\/h2>\n<p><a href=\"https:\/\/919law.com\/wp-content\/uploads\/2024\/08\/shutterstock_2056444919.webp\"><img decoding=\"async\" class=\"alignnone wp-image-3389 size-full\" src=\"https:\/\/919law.com\/wp-content\/uploads\/2024\/08\/shutterstock_2056444919.webp\" alt=\"A head-on car accident lawyer takes notes during trial\" width=\"500\" height=\"281\" srcset=\"https:\/\/919law.com\/wp-content\/uploads\/2024\/08\/shutterstock_2056444919.webp 500w, https:\/\/919law.com\/wp-content\/uploads\/2024\/08\/shutterstock_2056444919-300x169.webp 300w\" sizes=\"(max-width: 500px) 100vw, 500px\" \/><\/a><\/p>\n<p>Comprender los tipos de da\u00f1os que puede reclamar en las demandas por accidentes de tr\u00e1fico es crucial para maximizar su indemnizaci\u00f3n. Los da\u00f1os en los casos de accidentes de coche frontales suelen incluir: Un accidente de coche grave puede tener un impacto significativo en la compensaci\u00f3n a la que puede tener derecho, cubriendo gastos m\u00e9dicos, salarios perdidos y dolor y sufrimiento.<\/p>\n<h3>1. Gastos m\u00e9dicos<\/h3>\n<p>Las lesiones por accidente de coche suelen acarrear gastos m\u00e9dicos importantes e inmediatos tras un accidente de coche frontal. Estos gastos cubren una amplia gama de tratamientos y servicios m\u00e9dicos, incluyendo: &#8211; Visitas a urgencias: Atenci\u00f3n m\u00e9dica inmediata en el lugar del accidente o poco despu\u00e9s del mismo. &#8211; Estancias hospitalarias: Costes de estancias prolongadas en el hospital, incluidos los gastos de habitaci\u00f3n, cuidados de enfermer\u00eda y otros gastos asociados. &#8211; Cirug\u00edas y procedimientos: Gastos por intervenciones quir\u00fargicas y procedimientos m\u00e9dicos necesarios para tratar las lesiones. &#8211; Medicamentos: Medicamentos recetados y de venta libre necesarios para el control y tratamiento del dolor. &#8211; Rehabilitaci\u00f3n: Gastos de fisioterapia, terapia ocupacional y otros servicios de rehabilitaci\u00f3n para ayudar a la recuperaci\u00f3n. &#8211; Citas de seguimiento: Visitas peri\u00f3dicas a los profesionales sanitarios para el tratamiento y seguimiento continuos de las lesiones. &#8211; Tratamientos especializados: Gastos de atenci\u00f3n especializada, como tratamientos quiropr\u00e1cticos, acupuntura u otras terapias alternativas. Las facturas m\u00e9dicas pueden acumularse r\u00e1pidamente, lo que supone una importante carga financiera para las v\u00edctimas y sus familias. Reclamar una indemnizaci\u00f3n por gastos m\u00e9dicos garantiza que no tendr\u00e1s que cargar solo con estos costes.<\/p>\n<h3>2. P\u00e9rdida de salarios<\/h3>\n<p>Los accidentes de tr\u00e1fico frontales suelen provocar lesiones graves que pueden impedir a las v\u00edctimas volver al trabajo durante un largo periodo. La indemnizaci\u00f3n por salarios perdidos cubre los ingresos que habr\u00eda obtenido de no haber resultado herido. Esto incluye: &#8211; Ingresos habituales: Su sueldo habitual o salario por hora. &#8211; Pago de horas extraordinarias: Ganancias adicionales por horas extras que no puedas realizar. &#8211; Primas e incentivos: P\u00e9rdida de primas e incentivos basados en el rendimiento. &#8211; Ascensos: Indemnizaci\u00f3n por la p\u00e9rdida de oportunidades de ascenso o promoci\u00f3n profesional debido a su incapacidad para trabajar. En algunos casos, las lesiones pueden provocar una incapacidad permanente o de larga duraci\u00f3n que afecte a su capacidad para trabajar en el futuro. Esto puede justificar reclamaciones por p\u00e9rdida de capacidad de ganancia, que calcula los ingresos futuros que perder\u00e1 debido a sus lesiones.<\/p>\n<p><a href=\"https:\/\/919law.com\/wp-content\/uploads\/2024\/08\/bus-accident.jpg\"><img loading=\"lazy\" decoding=\"async\" class=\"alignnone wp-image-3686 size-full\" src=\"https:\/\/919law.com\/wp-content\/uploads\/2024\/08\/bus-accident.jpg\" alt=\"A taxi runs head-on into a bus in Raleigh\" width=\"500\" height=\"334\" srcset=\"https:\/\/919law.com\/wp-content\/uploads\/2024\/08\/bus-accident.jpg 500w, https:\/\/919law.com\/wp-content\/uploads\/2024\/08\/bus-accident-300x200.jpg 300w\" sizes=\"(max-width: 500px) 100vw, 500px\" \/><\/a><\/p>\n<h3>2. Dolor y sufrimiento<\/h3>\n<p>Las indemnizaciones por da\u00f1os y perjuicios reconocen el profundo impacto que las lesiones pueden tener en su calidad de vida. Los factores que se tienen en cuenta en estas reclamaciones incluyen &#8211; Dolor f\u00edsico: dolor cr\u00f3nico, malestar y el impacto continuo de las lesiones en las actividades diarias. &#8211; Angustia emocional: Ansiedad, depresi\u00f3n, trastorno de estr\u00e9s postraum\u00e1tico y otros problemas emocionales derivados del accidente. &#8211; P\u00e9rdida de disfrute: Reducci\u00f3n de la capacidad para disfrutar de la vida y participar en actividades que antes le gustaban. &#8211; Cicatrices y desfiguraci\u00f3n: Impacto emocional de cicatrices visibles o desfiguraci\u00f3n permanente. Calcular los da\u00f1os por dolor y sufrimiento puede ser complejo, ya que no tienen un valor monetario directo. Un abogado con experiencia puede ayudar a cuantificar estos da\u00f1os en funci\u00f3n de la gravedad y los efectos a largo plazo de sus lesiones.<\/p>\n<h3>3. Da\u00f1os materiales<\/h3>\n<p>Los accidentes de tr\u00e1fico frontales a menudo resultan en da\u00f1os significativos a los veh\u00edculos y otros bienes personales. Las reclamaciones por da\u00f1os materiales cubren los gastos de reparaci\u00f3n o sustituci\u00f3n de: &#8211; Reparaciones del veh\u00edculo: Los costes de reparaci\u00f3n de su coche a su estado anterior al accidente. &#8211; P\u00e9rdida total: Valor de reposici\u00f3n de tu veh\u00edculo si se considera siniestro total. &#8211; Bienes personales: Indemnizaci\u00f3n por otros objetos personales da\u00f1ados en el accidente, como aparatos electr\u00f3nicos, ropa y accesorios. Garantizar una indemnizaci\u00f3n adecuada por da\u00f1os materiales es esencial para restaurar su veh\u00edculo y sus pertenencias personales sin tensiones financieras.<\/p>\n<h3>4. P\u00e9rdida de consorcio<\/h3>\n<p>Los da\u00f1os por p\u00e9rdida de consorcio se conceden para compensar el impacto negativo que el accidente tiene en sus relaciones con su c\u00f3nyuge o familiares. Estos da\u00f1os reconocen el peaje emocional y relacional que las lesiones graves pueden causar: &#8211; La relaci\u00f3n conyugal: Impacto en el compa\u00f1erismo, afecto y relaci\u00f3n sexual con su c\u00f3nyuge. &#8211; Relaci\u00f3n parental: Cambios en la capacidad de crianza e interacci\u00f3n con sus hijos. &#8211; Din\u00e1mica familiar: Impacto general en la vida y relaciones familiares debido a las lesiones de la v\u00edctima y al proceso de recuperaci\u00f3n. Las reclamaciones por p\u00e9rdida de consorcio ponen de relieve las consecuencias sociales y emocionales m\u00e1s amplias de los accidentes de tr\u00e1fico frontales en las familias de las v\u00edctimas.<\/p>\n<h2>Determinaci\u00f3n de la culpa en un accidente de tr\u00e1fico frontal<\/h2>\n<p><img loading=\"lazy\" decoding=\"async\" class=\"alignnone wp-image-3390 size-full\" src=\"https:\/\/919law.com\/wp-content\/uploads\/2024\/08\/shutterstock_2056433831.webp\" alt=\"A car accident lawyer represents her client in court\" width=\"500\" height=\"281\" srcset=\"https:\/\/919law.com\/wp-content\/uploads\/2024\/08\/shutterstock_2056433831.webp 500w, https:\/\/919law.com\/wp-content\/uploads\/2024\/08\/shutterstock_2056433831-300x169.webp 300w\" sizes=\"(max-width: 500px) 100vw, 500px\" \/><\/p>\n<p>Determinar la culpa en un caso de accidente de tr\u00e1fico, especialmente en una colisi\u00f3n frontal, es fundamental para obtener una indemnizaci\u00f3n. Los factores a considerar incluyen: 1. Informes policiales: Los informes oficiales proporcionan un relato imparcial del accidente y pueden ser pruebas cruciales. 2. Testimonios de testigos presenciales: Las declaraciones de los testigos pueden apoyar tu versi\u00f3n de los hechos. 3. Peritos en reconstrucci\u00f3n de accidentes: Estos profesionales analizan la escena del accidente para determinar la causa y la culpa. 4. Leyes de tr\u00e1fico: Infracciones como el exceso de velocidad, la conducci\u00f3n distra\u00edda o bajo los efectos del alcohol son indicadores clave de la culpa. 5. Da\u00f1os del veh\u00edculo: El alcance y la ubicaci\u00f3n de los da\u00f1os del veh\u00edculo pueden ayudar a determinar c\u00f3mo ocurri\u00f3 el accidente. Un abogado con experiencia reunir\u00e1 y analizar\u00e1 estas pruebas para construir un caso fuerte para usted.<\/p>\n<h2>Por qu\u00e9 usted necesita un abogado de accidente de coche Raleigh Head-On<\/h2>\n<p><a href=\"https:\/\/919law.com\/wp-content\/uploads\/2024\/08\/Charlotte-Car-Accident-.jpg\"><img loading=\"lazy\" decoding=\"async\" class=\"alignnone wp-image-3630 size-full\" src=\"https:\/\/919law.com\/wp-content\/uploads\/2024\/08\/Charlotte-Car-Accident-.jpg\" alt=\"Head-on car accident in Raleigh between two sedans\" width=\"500\" height=\"286\" srcset=\"https:\/\/919law.com\/wp-content\/uploads\/2024\/08\/Charlotte-Car-Accident-.jpg 500w, https:\/\/919law.com\/wp-content\/uploads\/2024\/08\/Charlotte-Car-Accident--300x172.jpg 300w\" sizes=\"(max-width: 500px) 100vw, 500px\" \/><\/a><\/p>\n<p>La contrataci\u00f3n de un abogado con experiencia en accidentes de tr\u00e1fico despu\u00e9s de un accidente de tr\u00e1fico frontal es esencial por varias razones:<\/p>\n<ol>\n<li><strong>Experiencia legal<\/strong>: Un abogado entiende las complejidades de la ley de lesiones personales y puede navegar por el sistema legal de manera eficiente.<\/li>\n<li><strong>Habilidades de negociaci\u00f3n<\/strong>: Los abogados son h\u00e1biles negociadores que pueden manejar las discusiones con las compa\u00f1\u00edas de seguros para asegurar un acuerdo justo.<\/li>\n<li><strong>Preparaci\u00f3n del caso<\/strong>: Reunir\u00e1n pruebas, entrevistar\u00e1n a testigos y trabajar\u00e1n con expertos para construir un caso s\u00f3lido.<\/li>\n<li><strong>Representaci\u00f3n judicial<\/strong>: Si su caso va a juicio, un abogado le representar\u00e1 y defender\u00e1 sus derechos en los tribunales.<\/li>\n<li><strong>Tranquilidad<\/strong>: La contrataci\u00f3n de un abogado le permite concentrarse en la curaci\u00f3n, mientras que se ocupan de su caso. Adem\u00e1s, la contrataci\u00f3n de un abogado de accidente de coche Raleigh puede mejorar en gran medida sus posibilidades de maximizar la compensaci\u00f3n potencial y lograr un resultado favorable.<\/li>\n<\/ol>\n<h2>Ponte en contacto con Mogy Law hoy mismo<\/h2>\n<p><a href=\"https:\/\/919law.com\/wp-content\/uploads\/2024\/08\/shutterstock_2347797935.webp\"><img loading=\"lazy\" decoding=\"async\" class=\"alignnone wp-image-3386 size-full\" src=\"https:\/\/919law.com\/wp-content\/uploads\/2024\/08\/shutterstock_2347797935.webp\" alt=\"A Raleigh car accident lawyer shakes hands with his client\" width=\"500\" height=\"281\" srcset=\"https:\/\/919law.com\/wp-content\/uploads\/2024\/08\/shutterstock_2347797935.webp 500w, https:\/\/919law.com\/wp-content\/uploads\/2024\/08\/shutterstock_2347797935-300x169.webp 300w\" sizes=\"(max-width: 500px) 100vw, 500px\" \/><\/a><\/p>\n<p>En las secuelas de un accidente de coche frontal, la orientaci\u00f3n de un abogado de accidente de coche frontal Raleigh puede ser muy valiosa. Siguiendo los pasos descritos, buscando atenci\u00f3n m\u00e9dica inmediata, y consultando con Mogy Law, usted puede asegurar que sus derechos est\u00e1n protegidos y maximizar su compensaci\u00f3n. Los abogados de accidentes automovil\u00edsticos en Raleigh de Mogy Law tienen un historial probado de asegurar acuerdos sustanciales para sus clientes, asegurando que reciban la compensaci\u00f3n que merecen mientras navegan por los complejos procesos de seguros. Los accidentes automovil\u00edsticos frontales pueden tener consecuencias que alteran la vida, pero usted no tiene que enfrentarlos solo. P\u00f3ngase en contacto con Mogy Law en <a href=\"tel:+19014439133\"><i class=\"fa fa-phone-alt\"><\/i>(901) 443-9133<\/a> para una consulta gratuita y dar el primer paso hacia la recuperaci\u00f3n y la justicia.<\/p>\n","protected":false},"excerpt":{"rendered":"<p>Nuestros abogados de accidentes de tr\u00e1fico frontales le tienen cubierto Navegar por las secuelas de un accidente de tr\u00e1fico frontal puede ser abrumador y estresante. Como abogado de accidentes de tr\u00e1fico frontales en Raleigh, Mogy Law est\u00e1 aqu\u00ed para guiarle a trav\u00e9s de las complejidades legales de un accidente automovil\u00edstico y ayudarle a asegurar la [&hellip;]<\/p>\n","protected":false},"author":22,"featured_media":0,"parent":4137,"menu_order":3,"comment_status":"closed","ping_status":"closed","template":"","meta":{"_acf_changed":false,"anchor_text":"","footnotes":""},"class_list":["post-4149","page","type-page","status-publish","hentry"],"acf":[],"_links":{"self":[{"href":"https:\/\/919law.com\/es\/wp-json\/wp\/v2\/pages\/4149","targetHints":{"allow":["GET"]}}],"collection":[{"href":"https:\/\/919law.com\/es\/wp-json\/wp\/v2\/pages"}],"about":[{"href":"https:\/\/919law.com\/es\/wp-json\/wp\/v2\/types\/page"}],"author":[{"embeddable":true,"href":"https:\/\/919law.com\/es\/wp-json\/wp\/v2\/users\/22"}],"replies":[{"embeddable":true,"href":"https:\/\/919law.com\/es\/wp-json\/wp\/v2\/comments?post=4149"}],"version-history":[{"count":2,"href":"https:\/\/919law.com\/es\/wp-json\/wp\/v2\/pages\/4149\/revisions"}],"predecessor-version":[{"id":4151,"href":"https:\/\/919law.com\/es\/wp-json\/wp\/v2\/pages\/4149\/revisions\/4151"}],"up":[{"embeddable":true,"href":"https:\/\/919law.com\/es\/wp-json\/wp\/v2\/pages\/4137"}],"wp:attachment":[{"href":"https:\/\/919law.com\/es\/wp-json\/wp\/v2\/media?parent=4149"}],"curies":[{"name":"wp","href":"https:\/\/api.w.org\/{rel}","templated":true}]}}