{"id":4152,"date":"2025-12-02T08:19:58","date_gmt":"2025-12-02T13:19:58","guid":{"rendered":"https:\/\/919law.com\/raleigh\/abogado-de-accidente-de-atropello-y-fuga-en-raleigh\/"},"modified":"2024-09-08T02:53:07","modified_gmt":"2024-09-08T07:53:07","slug":"abogado-de-accidente-de-atropello-y-fuga-en-raleigh","status":"publish","type":"page","link":"https:\/\/919law.com\/es\/raleigh\/abogado-de-accidente-de-atropello-y-fuga-en-raleigh\/","title":{"rendered":"Abogado de Accidente de Atropello y Fuga en Raleigh"},"content":{"rendered":"<h2>\u00bfNecesita un abogado de accidentes de atropello y fuga? Podemos ayudarle.<\/h2>\n<p>Todos sabemos el procedimiento: si usted est\u00e1 involucrado en un accidente de coche, te quedas, ayudar a cualquier persona que est\u00e1 herido, y el intercambio de informaci\u00f3n con los otros conductores. Simple, \u00bfverdad? Pero, \u00bfy si la otra persona no cumple las normas? \u00bfY si se larga y te deja all\u00ed para que te encargues del desastre? \u00bfC\u00f3mo pagas las reparaciones y las facturas m\u00e9dicas si no encuentras al responsable? Ser v\u00edctima de un atropello con fuga es una pesadilla. Adem\u00e1s de lidiar con las secuelas habituales de un accidente -lesiones, traumas emocionales, cargas financieras-, ahora te encuentras con el estr\u00e9s a\u00f1adido de no saber si alguna vez recibir\u00e1s un c\u00e9ntimo de indemnizaci\u00f3n. Un accidente de tr\u00e1fico puede provocar da\u00f1os corporales graves, como lesiones de \u00f3rganos internos y fracturas \u00f3seas, lo que agrava a\u00fan m\u00e1s la situaci\u00f3n. Ah\u00ed es donde entramos nosotros. En Mogy Law, nuestra misi\u00f3n es ayudar a las v\u00edctimas de atropello y fuga en Raleigh a recuperarse. Los accidentes de coche son todo lo que hacemos, y luchamos con u\u00f1as y dientes para nuestros clientes en todo el estado. La contrataci\u00f3n de un abogado de accidentes de coche en Raleigh puede asegurar que usted reciba la compensaci\u00f3n financiera necesaria y el apoyo legal durante estos tiempos dif\u00edciles.<\/p>\n\n<h2>Qu\u00e9 hacer tras un accidente con fuga<\/h2>\n<p><a href=\"https:\/\/919law.com\/wp-content\/uploads\/2024\/08\/Charlotte-Car-Accident-Law-Firm.jpg\"><img fetchpriority=\"high\" decoding=\"async\" class=\"alignnone wp-image-3720 size-full\" src=\"https:\/\/919law.com\/wp-content\/uploads\/2024\/08\/Charlotte-Car-Accident-Law-Firm.jpg\" alt=\"A young man observes damage to his front bumper after a hit and run accident\" width=\"500\" height=\"333\" srcset=\"https:\/\/919law.com\/wp-content\/uploads\/2024\/08\/Charlotte-Car-Accident-Law-Firm.jpg 500w, https:\/\/919law.com\/wp-content\/uploads\/2024\/08\/Charlotte-Car-Accident-Law-Firm-300x200.jpg 300w\" sizes=\"(max-width: 500px) 100vw, 500px\" \/><\/a><\/p>\n<h3>1. Llamar a la polic\u00eda.<\/h3>\n<p>En medio de toda la confusi\u00f3n en el lugar del accidente, llamar a las autoridades es absolutamente clave. No importa si el otro conductor se desvaneci\u00f3 en el aire, la polic\u00eda desempe\u00f1a un papel crucial. Crear\u00e1n un registro oficial del incidente y empezar\u00e1n a reunir pistas que ayuden a localizar al responsable. Facilita a la polic\u00eda una descripci\u00f3n clara de su veh\u00edculo -la marca, el modelo, cualquier detalle como abolladuras o pegatinas- y, lo m\u00e1s importante, el n\u00famero de matr\u00edcula si has conseguido obtenerlo.<\/p>\n<h3>2. Busca ayuda m\u00e9dica.<\/h3>\n<p>Si sientes alg\u00fan dolor o malestar, busca ayuda m\u00e9dica de inmediato. Aunque al principio parezca que est\u00e1s bien, siempre es aconsejable que te examine un m\u00e9dico. Algunas lesiones, como las de cabeza o cuello, pueden no mostrar s\u00edntomas inmediatamente. Tener un historial m\u00e9dico de tu estado tambi\u00e9n es importante para cualquier posible paso legal que puedas dar m\u00e1s adelante.<\/p>\n<h3>3. Documenta la escena.<\/h3>\n<p>Una vez que no haya peligro y haya recuperado el aliento, dirija su atenci\u00f3n al lugar del accidente de tr\u00e1fico. Haz muchas fotos. De tu coche, del suyo si no ha huido, de los da\u00f1os visibles y del entorno en general. Es como pintar un cuadro del siniestro. Anota tambi\u00e9n todos los detalles que recuerdes, por triviales que parezcan. La hora del d\u00eda, las condiciones meteorol\u00f3gicas, la direcci\u00f3n que llevaba el otro veh\u00edculo&#8230; todo esto te ayudar\u00e1 a contar tu versi\u00f3n de los hechos.<\/p>\n<p><a href=\"https:\/\/919law.com\/wp-content\/uploads\/2024\/08\/shutterstock_2462890129.webp\"><img decoding=\"async\" class=\"alignnone wp-image-3527 size-full\" src=\"https:\/\/919law.com\/wp-content\/uploads\/2024\/08\/shutterstock_2462890129.webp\" alt=\"A young woman speaks on the phone with a Raleigh hit and run lawyer\" width=\"500\" height=\"333\" srcset=\"https:\/\/919law.com\/wp-content\/uploads\/2024\/08\/shutterstock_2462890129.webp 500w, https:\/\/919law.com\/wp-content\/uploads\/2024\/08\/shutterstock_2462890129-300x200.webp 300w\" sizes=\"(max-width: 500px) 100vw, 500px\" \/><\/a><\/p>\n<h3>4. Llame a su compa\u00f1\u00eda de seguros.<\/h3>\n<p>No te olvides de tu compa\u00f1\u00eda de seguros: ll\u00e1males en cuanto puedas. Aunque el otro conductor siga siendo un misterio, tu aseguradora podr\u00eda ayudarte a recuperar los gastos de reparaci\u00f3n y las facturas m\u00e9dicas. Es importante que seas sincero y preciso al describir el accidente y las lesiones sufridas. Cualquier incoherencia puede complicar las cosas m\u00e1s adelante, as\u00ed que la honestidad es la mejor pol\u00edtica.<\/p>\n<h3>5. An\u00f3talo todo.<\/h3>\n<p>La organizaci\u00f3n es tu mejor aliada despu\u00e9s de algo as\u00ed. Guarda toda la documentaci\u00f3n en el mismo sitio: los informes policiales, las facturas m\u00e9dicas, todo lo que te env\u00ede tu compa\u00f1\u00eda de seguros y las notas del abogado. Puede parecerte un engorro ahora, pero te ahorrar\u00e1 muchos quebraderos de cabeza m\u00e1s adelante. Esta documentaci\u00f3n no s\u00f3lo te ayudar\u00e1 a controlar los costes y las reclamaciones, sino que tambi\u00e9n te servir\u00e1 de apoyo si las cosas se complican en el \u00e1mbito legal.<\/p>\n<h3>6. Solicite asistencia jur\u00eddica.<\/h3>\n<p>Digamos que las cosas se complican, o simplemente no est\u00e1 seguro de qu\u00e9 hacer a continuaci\u00f3n, no lo haga solo. Busque abogados con experiencia en accidentes de coche en Raleigh que conozcan las cuerdas cuando se trata de casos de lesiones personales. Las reclamaciones por accidentes de coche pueden ser complejas, implicando cuestiones de responsabilidad, negligencia y estatutos espec\u00edficos de limitaciones. Ellos pueden ser su luz de gu\u00eda a trav\u00e9s del proceso legal a menudo confuso, tratar con las compa\u00f1\u00edas de seguros en su nombre, y asegurarse de que obtiene lo que se le debe por cualquier lesi\u00f3n o da\u00f1o.<\/p>\n<h2>C\u00f3mo puede ayudarle un abogado en su reclamaci\u00f3n por atropello con fuga<\/h2>\n<p><a href=\"https:\/\/919law.com\/wp-content\/uploads\/2024\/08\/shutterstock_2347797935.webp\"><img decoding=\"async\" class=\"alignnone wp-image-3386 size-full\" src=\"https:\/\/919law.com\/wp-content\/uploads\/2024\/08\/shutterstock_2347797935.webp\" alt=\"A Raleigh hit and run accident lawyer shakes hands with his client\" width=\"500\" height=\"281\" srcset=\"https:\/\/919law.com\/wp-content\/uploads\/2024\/08\/shutterstock_2347797935.webp 500w, https:\/\/919law.com\/wp-content\/uploads\/2024\/08\/shutterstock_2347797935-300x169.webp 300w\" sizes=\"(max-width: 500px) 100vw, 500px\" \/><\/a><\/p>\n<p>Los atropellos con fuga suelen dejar un interrogante evidente: \u00bfqui\u00e9n conduc\u00eda ese coche? Ah\u00ed es donde contar con un abogado especializado en estos casos puede ser un verdadero revulsivo. Conocen los entresijos de localizar a un conductor que se dio a la fuga y prefiri\u00f3 desaparecer. Identificar al conductor culpable es crucial para reclamar da\u00f1os y comprender las responsabilidades legales que conlleva. Los abogados especializados en atropellos con fuga trabajan codo con codo con la polic\u00eda, examinando todos los detalles del accidente. Mirar\u00e1n los v\u00eddeos de vigilancia, hablar\u00e1n con los testigos y armar\u00e1n el rompecabezas para averiguar qui\u00e9n se dio a la fuga. Es un trabajo duro, pero su experiencia y recursos pueden hacer toda la diferencia en la celebraci\u00f3n de la persona adecuada responsable.<\/p>\n<h2>Probar la culpa en un atropello con fuga<\/h2>\n<p><a href=\"https:\/\/919law.com\/wp-content\/uploads\/2024\/08\/shutterstock_1061842349.jpg\"><img loading=\"lazy\" decoding=\"async\" class=\"alignnone wp-image-3699 size-full\" src=\"https:\/\/919law.com\/wp-content\/uploads\/2024\/08\/shutterstock_1061842349.jpg\" alt=\"Damaged rear bumper in a hit and run accident\" width=\"500\" height=\"334\" srcset=\"https:\/\/919law.com\/wp-content\/uploads\/2024\/08\/shutterstock_1061842349.jpg 500w, https:\/\/919law.com\/wp-content\/uploads\/2024\/08\/shutterstock_1061842349-300x200.jpg 300w\" sizes=\"(max-width: 500px) 100vw, 500px\" \/><\/a><\/p>\n<p>Para poner a alguien entre rejas por un atropello con fuga, necesitas pruebas s\u00f3lidas. Se trata de demostrar varias cosas: que realmente se produjo una colisi\u00f3n, que la persona a la que acusas estaba al volante, que sab\u00eda que hab\u00eda chocado contra algo (o deber\u00eda haberlo sabido) y que se dio a la fuga a prop\u00f3sito. Por \u00faltimo, tiene que haber pruebas claras del da\u00f1o que te han causado, ya sean lesiones o da\u00f1os materiales. Todo depende de los detalles. Si no tienes nada en lo que basarte -quiz\u00e1 estaba oscuro, no pod\u00edas ver mucho- el camino es dif\u00edcil. Pero si hay alguien que vio lo que pas\u00f3, puede dar una descripci\u00f3n, o capt\u00f3 un n\u00famero de matr\u00edcula o lo grab\u00f3 en v\u00eddeo, las probabilidades de identificar al culpable aumentan. Las pruebas son fundamentales en estas situaciones. Atribuir un atropello con fuga a alguien no siempre es sencillo. Para condenar a alguien es necesario que las pruebas sean s\u00f3lidas, del tipo que no deja lugar a dudas. Y esa es la parte dif\u00edcil. \u00bfC\u00f3mo probar sin lugar a dudas qui\u00e9n conduc\u00eda realmente el coche? En muchos casos, las pruebas f\u00edsicas son escasas. Acabas dependiendo en gran medida de lo que la gente vio, y a veces esas historias no siempre coinciden. Tambi\u00e9n est\u00e1 la parte civil. Aqu\u00ed es donde demandas a la otra parte, y aunque el list\u00f3n de la prueba es m\u00e1s bajo que en los tribunales penales, sigue siendo una batalla cuesta arriba. Para ganar, tendr\u00e1s que demostrar:<\/p>\n<ul>\n<li>El otro conductor incumpli\u00f3 su deber de diligencia.<\/li>\n<li>Ese incumplimiento caus\u00f3 directamente sus lesiones y p\u00e9rdidas.<\/li>\n<li>Usted realmente sufri\u00f3 lesiones y p\u00e9rdidas graves.<\/li>\n<\/ul>\n<h2>Da\u00f1os que puede recuperar en un accidente de atropello y fuga<\/h2>\n<p><a href=\"https:\/\/919law.com\/wp-content\/uploads\/2024\/08\/shutterstock_2274350895.webp\"><img loading=\"lazy\" decoding=\"async\" class=\"alignnone wp-image-3388 size-full\" src=\"https:\/\/919law.com\/wp-content\/uploads\/2024\/08\/shutterstock_2274350895.webp\" alt=\"A Raleigh car accident attorney reviews hit and run case notes\" width=\"500\" height=\"333\" srcset=\"https:\/\/919law.com\/wp-content\/uploads\/2024\/08\/shutterstock_2274350895.webp 500w, https:\/\/919law.com\/wp-content\/uploads\/2024\/08\/shutterstock_2274350895-300x200.webp 300w\" sizes=\"(max-width: 500px) 100vw, 500px\" \/><\/a><\/p>\n<p>Si eres v\u00edctima de un atropello con fuga, existe la posibilidad de que recibas alg\u00fan tipo de indemnizaci\u00f3n. Da\u00f1os econ\u00f3micos: Esto cubre los costes duros en los que has incurrido. La lista incluye gastos m\u00e9dicos, da\u00f1os a tu veh\u00edculo, incluso los ingresos que perdiste por no poder trabajar debido al accidente. Las v\u00edctimas tambi\u00e9n pueden optar a recuperar los salarios perdidos junto con otros da\u00f1os. Da\u00f1os no econ\u00f3micos: Es m\u00e1s dif\u00edcil de cuantificar porque se trata de cosas a las que no se puede poner precio. El dolor, la angustia emocional o cualquier impacto psicol\u00f3gico duradero del suceso entran dentro de los da\u00f1os no econ\u00f3micos. Da\u00f1os punitivos: Si la persona que te atropell\u00f3 fue especialmente imprudente o negligente, el tribunal puede decidir imponerle penas adicionales a todo lo dem\u00e1s. Es una forma de escarmentar y evitar que vuelva a hacer algo parecido. Se trata de un asunto totalmente distinto, que decide el propio tribunal, y la cuant\u00eda var\u00eda en funci\u00f3n de cada caso.<\/p>\n<h2>C\u00f3mo elegir el abogado adecuado para su reclamaci\u00f3n por accidente de tr\u00e1fico<\/h2>\n<p><img loading=\"lazy\" decoding=\"async\" class=\"alignnone wp-image-3385 size-full\" src=\"https:\/\/919law.com\/wp-content\/uploads\/2024\/08\/shutterstock_2390892835.webp\" alt=\"A Raleigh hit and run lawyer\" width=\"500\" height=\"322\" srcset=\"https:\/\/919law.com\/wp-content\/uploads\/2024\/08\/shutterstock_2390892835.webp 500w, https:\/\/919law.com\/wp-content\/uploads\/2024\/08\/shutterstock_2390892835-300x193.webp 300w\" sizes=\"(max-width: 500px) 100vw, 500px\" \/><\/p>\n<h3>Experiencia<\/h3>\n<p>Elegir el abogado adecuado despu\u00e9s de un accidente de coche en Carolina del Norte no es algo que deba tomarse a la ligera. Usted quiere a alguien que ha estado alrededor de la cuadra, manejado casos como el suyo antes, y conoce el paisaje legal del estado dentro y fuera. El historial es importante &#8211; busque un abogado o firma que tenga un historial de obtener resultados para sus clientes. Hemos recorrido este camino muchas veces. Nuestro equipo tiene una amplia experiencia en casos de accidentes de coche en Carolina del Norte. Hemos asegurado acuerdos y veredictos significativos para aquellos que representamos, construyendo una reputaci\u00f3n de la que estamos orgullosos. Se trata de proporcionar orientaci\u00f3n jur\u00eddica de primera categor\u00eda cuando m\u00e1s lo necesita.<\/p>\n<h3>Conocimiento sin igual en la Ley de Accidentes de Coche<\/h3>\n<p>Cuando se trata de casos de accidentes de coche, no todos los abogados son iguales. Usted no ir\u00eda a un dentista para un hueso roto, \u00bfverdad? Lo mismo ocurre con la representaci\u00f3n legal-usted quiere a alguien con un conocimiento sin igual de esta \u00e1rea espec\u00edfica de la ley. La ley de accidentes de coche viene con todo un conjunto de normas y precedentes que usted necesita saber al dedillo. En Mogy Law, los accidentes de coche son nuestro pan de cada d\u00eda. Esto significa que estamos constantemente al tanto de los \u00faltimos cambios y desarrollos, lo que nos da una ventaja a la hora de elaborar la mejor estrategia para nuestros clientes. Conocemos el terreno, y estamos aqu\u00ed para guiarle a trav\u00e9s de \u00e9l.<\/p>\n<h3>Opiniones de clientes Testimonios<\/h3>\n<p>Comprobaci\u00f3n de lo que otras personas tienen que decir acerca de un abogado de accidente de coche en Raleigh es una decisi\u00f3n inteligente. La lectura a trav\u00e9s de los comentarios y testimonios puede decir mucho. Es como conseguir la primicia sobre c\u00f3mo operan, c\u00f3mo hablan con los clientes, y si por lo general dejan a la gente feliz con el resultado. Una buena opini\u00f3n de clientes anteriores es una buena se\u00f1al de que el abogado est\u00e1 comprometido con su trabajo y sabe c\u00f3mo hacerlo. Valoramos enormemente las opiniones de nuestros clientes. Siempre los ponemos en el centro de todo lo que hacemos. Nuestros antiguos clientes han destacado a menudo nuestra profesionalidad, la forma en que mostramos empat\u00eda por sus situaciones, y nuestra b\u00fasqueda incesante de los mejores resultados posibles para sus casos.<\/p>\n<p><a href=\"https:\/\/919law.com\/wp-content\/uploads\/2024\/08\/shutterstock_2056444919.webp\"><img loading=\"lazy\" decoding=\"async\" class=\"alignnone wp-image-3389 size-full\" src=\"https:\/\/919law.com\/wp-content\/uploads\/2024\/08\/shutterstock_2056444919.webp\" alt=\"A Raleigh hit and run accident attorney takes notes in court\" width=\"500\" height=\"281\" srcset=\"https:\/\/919law.com\/wp-content\/uploads\/2024\/08\/shutterstock_2056444919.webp 500w, https:\/\/919law.com\/wp-content\/uploads\/2024\/08\/shutterstock_2056444919-300x169.webp 300w\" sizes=\"(max-width: 500px) 100vw, 500px\" \/><\/a><\/p>\n<h3>Experiencia en juicios<\/h3>\n<p>Muchos casos de accidentes de coche se resuelven antes de llegar a un tribunal. Pero a veces, ir a juicio es inevitable. En esas situaciones, usted definitivamente quiere un abogado que no tiene miedo de una batalla en la corte y sabe c\u00f3mo luchar por usted frente a un juez y un jurado de conformidad con las leyes de tr\u00e1fico de Carolina del Norte. Nuestros abogados tienen mucha experiencia argumentando casos en la corte, y tenemos los resultados para probarlo. Aunque siempre nos esforzamos por llegar a acuerdos justos fuera de la sala del tribunal, nunca dudamos en llevar las cosas a juicio si eso es lo que en \u00faltima instancia es mejor para nuestros clientes.<\/p>\n<h3>Estructura de honorarios<\/h3>\n<p>Es esencial para obtener una manija en los honorarios de un abogado desde el principio. Cuando se trata de casos de accidentes de coche, la mayor\u00eda de los abogados de renombre trabajan en lo que se llama una base de contingencia. Esto significa que usted no les debe un centavo por adelantado, s\u00f3lo se les paga si ganan su caso y obtener alguna compensaci\u00f3n. Aseg\u00farese de tener una conversaci\u00f3n franca sobre su acuerdo de honorarios y qu\u00e9 otros costos podr\u00edan surgir en el camino. As\u00ed es como trabajamos en nuestro bufete. No hay honorarios por adelantado para los casos de accidentes de coche. Creemos en ser transparentes sobre el aspecto financiero de las cosas. As\u00ed que usted sabr\u00e1 exactamente qu\u00e9 esperar en t\u00e9rminos de honorarios y costos potenciales desde el principio, d\u00e1ndole una cosa menos de qu\u00e9 preocuparse.<\/p>\n<h2>Llame al abogado de accidentes de atropello y fuga de Raleigh de mayor confianza<\/h2>\n<p>\u00bfHa sufrido un atropello con fuga? \u00bfTratando de averiguar lo que sigue? Hablar con un abogado de accidentes de atropello y fuga en Raleigh puede hacer una gran diferencia. Vamos a ir a trav\u00e9s de los detalles, reunir las pruebas que necesita, y ser su voz durante todo el proceso, desde el acuerdo de hablar a argumentar su caso en la corte si se trata de eso. Si usted est\u00e1 listo para comenzar a obtener la compensaci\u00f3n que se merece, ll\u00e1menos al <a href=\"tel:+19014439133\"><i class=\"fa fa-phone-alt\"><\/i>(901) 443-9133<\/a>. Estamos aqu\u00ed para ayudarle.<\/p>\n","protected":false},"excerpt":{"rendered":"<p>\u00bfNecesita un abogado de accidentes de atropello y fuga? Podemos ayudarle. Todos sabemos el procedimiento: si usted est\u00e1 involucrado en un accidente de coche, te quedas, ayudar a cualquier persona que est\u00e1 herido, y el intercambio de informaci\u00f3n con los otros conductores. Simple, \u00bfverdad? Pero, \u00bfy si la otra persona no cumple las normas? \u00bfY [&hellip;]<\/p>\n","protected":false},"author":22,"featured_media":0,"parent":4137,"menu_order":4,"comment_status":"closed","ping_status":"closed","template":"","meta":{"_acf_changed":false,"anchor_text":"","footnotes":""},"class_list":["post-4152","page","type-page","status-publish","hentry"],"acf":[],"_links":{"self":[{"href":"https:\/\/919law.com\/es\/wp-json\/wp\/v2\/pages\/4152","targetHints":{"allow":["GET"]}}],"collection":[{"href":"https:\/\/919law.com\/es\/wp-json\/wp\/v2\/pages"}],"about":[{"href":"https:\/\/919law.com\/es\/wp-json\/wp\/v2\/types\/page"}],"author":[{"embeddable":true,"href":"https:\/\/919law.com\/es\/wp-json\/wp\/v2\/users\/22"}],"replies":[{"embeddable":true,"href":"https:\/\/919law.com\/es\/wp-json\/wp\/v2\/comments?post=4152"}],"version-history":[{"count":2,"href":"https:\/\/919law.com\/es\/wp-json\/wp\/v2\/pages\/4152\/revisions"}],"predecessor-version":[{"id":4154,"href":"https:\/\/919law.com\/es\/wp-json\/wp\/v2\/pages\/4152\/revisions\/4154"}],"up":[{"embeddable":true,"href":"https:\/\/919law.com\/es\/wp-json\/wp\/v2\/pages\/4137"}],"wp:attachment":[{"href":"https:\/\/919law.com\/es\/wp-json\/wp\/v2\/media?parent=4152"}],"curies":[{"name":"wp","href":"https:\/\/api.w.org\/{rel}","templated":true}]}}