{"id":4155,"date":"2026-02-19T12:00:58","date_gmt":"2026-02-19T17:00:58","guid":{"rendered":"https:\/\/919law.com\/raleigh\/raleigh-abogado-de-accidente-de-motocicleta\/"},"modified":"2024-09-08T03:01:03","modified_gmt":"2024-09-08T08:01:03","slug":"raleigh-abogado-de-accidente-de-motocicleta","status":"publish","type":"page","link":"https:\/\/919law.com\/es\/raleigh\/raleigh-abogado-de-accidente-de-motocicleta\/","title":{"rendered":"Raleigh Abogado de Accidente de Motocicleta"},"content":{"rendered":"<h2>\u00bfNecesita un Abogado con Experiencia en Accidentes de Motocicleta en Raleigh?<\/h2>\n<p>Pasear por las calles de Raleigh en una motocicleta puede ser emocionante, pero las carreteras de Carolina del Norte tienen su parte de peligros para los motociclistas. Las colisiones con veh\u00edculos m\u00e1s grandes &#8211; como semirremolques y autobuses &#8211; representan un riesgo significativo para los motociclistas, a menudo resultando en lesiones graves. Un paseo tranquilo en motocicleta en Raleigh, Carolina del Norte, puede convertirse r\u00e1pidamente en una pesadilla. Ya sea haciendo un recado r\u00e1pido o disfrutando de una ruta panor\u00e1mica, una colisi\u00f3n repentina con otro veh\u00edculo puede tener resultados devastadores. Si usted ha sido lesionado en un accidente de motocicleta en Carolina del Norte, usted no est\u00e1 solo. El estado ofrece protecciones legales y v\u00edas de compensaci\u00f3n a los afectados por la negligencia de otros en este tipo de incidentes. En Mogy Law, entendemos los desaf\u00edos que usted enfrenta. Nuestro dedicado equipo de abogados de accidentes de motocicleta est\u00e1 comprometido a ayudar a las v\u00edctimas y sus familias a navegar el complejo proceso legal. Con un profundo conocimiento de las leyes de seguros de Carolina del Norte, buscamos agresivamente la m\u00e1xima compensaci\u00f3n para cubrir los gastos m\u00e9dicos, salarios perdidos, y el dolor y el sufrimiento. No espere m\u00e1s. P\u00f3ngase en contacto con nosotros en <a href=\"tel:+19014439133\"><i class=\"fa fa-phone-alt\"><\/i>(901) 443-9133<\/a> hoy para una consulta gratuita. Navegar por las comunicaciones con la compa\u00f1\u00eda de seguros puede ser desalentador, ya que pueden negar las reclamaciones o infravalorar los asentamientos. Nuestro equipo est\u00e1 aqu\u00ed para asegurar que usted reciba la compensaci\u00f3n que se merece.<\/p>\n\n<h2>Causas comunes de los accidentes de moto<\/h2>\n<p><a href=\"https:\/\/919law.com\/wp-content\/uploads\/2024\/08\/shutterstock_2022423275.webp\"><img fetchpriority=\"high\" decoding=\"async\" class=\"alignnone wp-image-3612 size-full\" src=\"https:\/\/919law.com\/wp-content\/uploads\/2024\/08\/shutterstock_2022423275.webp\" alt=\"A motorcyclist lays on the pavement after a motorcycle accident\" width=\"500\" height=\"333\" srcset=\"https:\/\/919law.com\/wp-content\/uploads\/2024\/08\/shutterstock_2022423275.webp 500w, https:\/\/919law.com\/wp-content\/uploads\/2024\/08\/shutterstock_2022423275-300x200.webp 300w\" sizes=\"(max-width: 500px) 100vw, 500px\" \/><\/a><\/p>\n<p>Los motoristas se enfrentan a riesgos \u00fanicos en la carretera. A diferencia de los coches, las motocicletas ofrecen una protecci\u00f3n m\u00ednima en caso de colisi\u00f3n. Sin el escudo de acero o los airbags, los motoristas son muy susceptibles de sufrir lesiones graves. Las estad\u00edsticas locales subrayan la gravedad de estos riesgos. En 2022, el condado de Wake, donde se encuentra Raleigh, registr\u00f3 un n\u00famero preocupante de accidentes de motocicleta. De los 272 choques totales, 216 resultaron en lesiones, y tr\u00e1gicamente, ocho fueron fatales. Numerosos factores contribuyen a los accidentes de motocicleta en Raleigh. Desde las acciones de otros conductores hasta las condiciones peligrosas de la carretera, el potencial de accidentes est\u00e1 siempre presente. En comparaci\u00f3n con otros accidentes de veh\u00edculos de motor, los accidentes de motocicleta a menudo resultan en resultados m\u00e1s graves debido a la falta de protecci\u00f3n para los conductores. Las causas m\u00e1s comunes de accidentes de motocicleta en Raleigh incluyen:<\/p>\n<h3>Conducci\u00f3n bajo los efectos del alcohol<\/h3>\n<p>Los conductores bajo los efectos del alcohol representan una amenaza significativa para los motociclistas y otros veh\u00edculos de motor. Los tiempos de reacci\u00f3n reducidos y el juicio deteriorado aumentan la probabilidad de colisiones frontales, traseras o laterales. Los motoristas son especialmente vulnerables en estas situaciones, ya que carecen de las barreras de protecci\u00f3n que tienen los conductores de veh\u00edculos m\u00e1s grandes. Esta mayor vulnerabilidad puede provocar lesiones devastadoras o v\u00edctimas mortales, por lo que es crucial que los conductores incapacitados rindan cuentas de sus actos.<\/p>\n<h3>Peligros de la carretera<\/h3>\n<p>Como muchas zonas urbanas, las carreteras de Raleigh pueden albergar peligros ocultos. Baches, escombros y superficies resbaladizas pueden coger desprevenidos a los motociclistas, provocando la p\u00e9rdida de control y accidentes graves. Estos peligros de la carretera pueden ser especialmente traicioneros para los motoristas, que dependen de una superficie estable y predecible para viajar con seguridad. Cuando los municipios no abordan estos peligros, pueden ser responsables de las lesiones resultantes. Garantizar que el mantenimiento de las carreteras sea una prioridad puede ayudar a reducir el riesgo de accidentes y proteger a los motoristas de da\u00f1os evitables.<\/p>\n<h3><img decoding=\"async\" class=\"alignnone wp-image-3611 size-full\" src=\"https:\/\/919law.com\/wp-content\/uploads\/2024\/08\/shutterstock_2300557191.webp\" alt=\"A Raleigh motorcycle accident involving a small passenger car\" width=\"500\" height=\"281\" srcset=\"https:\/\/919law.com\/wp-content\/uploads\/2024\/08\/shutterstock_2300557191.webp 500w, https:\/\/919law.com\/wp-content\/uploads\/2024\/08\/shutterstock_2300557191-300x169.webp 300w\" sizes=\"(max-width: 500px) 100vw, 500px\" \/><\/h3>\n<h3>Conductores distra\u00eddos<\/h3>\n<p>Muchos accidentes de motocicleta en Raleigh son causados por conductores descuidados o desatentos. Distracciones tales como tel\u00e9fonos celulares, dispositivos de navegaci\u00f3n, o los pasajeros pueden afectar significativamente la capacidad de los conductores para reaccionar a su entorno, especialmente cuando se comparte la carretera con motocicletas. Entre los accidentes m\u00e1s comunes provocados por la conducci\u00f3n distra\u00edda se encuentran las colisiones por alcance, los derrapes laterales y las maniobras peligrosas en los cruces. Estos incidentes subrayan la importancia de una conducci\u00f3n concentrada y la necesidad de una aplicaci\u00f3n m\u00e1s estricta de las leyes sobre conducci\u00f3n distra\u00edda para proteger a los motociclistas y a otros usuarios de la carretera. En estos casos, los abogados especializados en accidentes de motocicleta desempe\u00f1an un papel crucial a la hora de defender a las v\u00edctimas y ayudarles a obtener una indemnizaci\u00f3n justa por sus lesiones.<\/p>\n<h3>Accidentes relacionados con los \u00e1ngulos muertos<\/h3>\n<p>Otra cuesti\u00f3n cr\u00edtica es la concienciaci\u00f3n de los conductores. Las motocicletas pueden ser dif\u00edciles de ver, especialmente en los \u00e1ngulos muertos del conductor. No mirar los espejos antes de cambiar de carril o incorporarse puede tener consecuencias catastr\u00f3ficas para los motoristas, lo que a menudo conduce a una reclamaci\u00f3n por accidente de motocicleta. Los conductores deben ser educados sobre la importancia de comprobar a fondo su entorno y ser conscientes de los veh\u00edculos m\u00e1s peque\u00f1os en la carretera. Una mayor concienciaci\u00f3n y vigilancia puede reducir significativamente el riesgo de accidentes relacionados con los \u00e1ngulos muertos.<\/p>\n<h3>Cambios de carril inseguros y colisiones en intersecciones<\/h3>\n<p>Los cambios de carril inseguros y el comportamiento imprudente en las intersecciones tambi\u00e9n son culpables habituales de los accidentes de motocicleta. Los conductores que no se\u00f1alizan, no ceden el paso o no calculan correctamente la velocidad y la distancia de las motocicletas que se aproximan crean condiciones peligrosas para los motoristas. Estas maniobras peligrosas pueden dar lugar a accidentes graves, dejando a los motociclistas con lesiones que alteran su vida. La promoci\u00f3n de pr\u00e1cticas de conducci\u00f3n seguras y la aplicaci\u00f3n de las leyes de tr\u00e1fico pueden ayudar a mitigar estos riesgos y crear un entorno m\u00e1s seguro para todos los usuarios de la carretera. En tales casos, un abogado de accidentes de motocicleta Raleigh puede proporcionar asistencia legal esencial para ayudar a las v\u00edctimas a recuperar los da\u00f1os y navegar por los complejos procesos legales.<\/p>\n<h2>Qu\u00e9 hacer despu\u00e9s de un accidente de motocicleta en Raleigh<\/h2>\n<p><img decoding=\"async\" class=\"alignnone wp-image-3610 size-full\" src=\"https:\/\/919law.com\/wp-content\/uploads\/2024\/08\/shutterstock_2461690205.webp\" alt=\"Motorcycle accident in Raleigh, NC\" width=\"500\" height=\"333\" srcset=\"https:\/\/919law.com\/wp-content\/uploads\/2024\/08\/shutterstock_2461690205.webp 500w, https:\/\/919law.com\/wp-content\/uploads\/2024\/08\/shutterstock_2461690205-300x200.webp 300w\" sizes=\"(max-width: 500px) 100vw, 500px\" \/><\/p>\n<p>Aunque Raleigh ofrece una vibrante escena de motociclismo, la realidad es que los accidentes pueden ocurrir. Con el aumento de accidentes de motocicleta en Carolina del Norte, es crucial entender sus derechos y responsabilidades. Consultar a un bufete de abogados de lesiones personales puede ayudarle a navegar por el proceso legal y asegurarse de que recibe la compensaci\u00f3n que se merece.<\/p>\n<h3>Pasos inmediatos despu\u00e9s de un accidente de motocicleta<\/h3>\n<p>Si se ve involucrado en un accidente de motocicleta, d\u00e9 prioridad a su seguridad y bienestar. Esto es lo que debe hacer<\/p>\n<h3>1. Busque atenci\u00f3n m\u00e9dica<\/h3>\n<p>Su salud es primordial. Incluso si las lesiones parecen menores, es esencial someterse a una evaluaci\u00f3n m\u00e9dica. La documentaci\u00f3n adecuada de sus lesiones es vital para cualquier posible reclamaci\u00f3n legal.<\/p>\n<h3>2. Informe del accidente<\/h3>\n<p>P\u00f3ngase en contacto con la polic\u00eda local para documentar el incidente. Un informe policial es una prueba crucial en cualquier reclamaci\u00f3n por accidente.<\/p>\n<h3>3. Recopilar informaci\u00f3n<\/h3>\n<p>Intercambia datos de contacto y del seguro con las otras partes implicadas. Haz fotos del lugar del accidente, de los da\u00f1os sufridos por tu moto y de cualquier lesi\u00f3n visible.<\/p>\n<h3>4. Docum\u00e9ntalo todo<\/h3>\n<p>Construir un caso s\u00f3lido requiere una documentaci\u00f3n meticulosa. Re\u00fana historiales m\u00e9dicos, presupuestos de reparaciones, declaraciones de salarios perdidos y otras pruebas de su accidente. Mantenga un registro detallado de sus lesiones, tratamientos, y c\u00f3mo el accidente ha afectado su vida.<\/p>\n<h3>5. Evite admitir la culpa<\/h3>\n<p>Es natural sentirse conmocionado tras un accidente, pero evite hacer declaraciones que puedan comprometer su reclamaci\u00f3n. Conc\u00e9ntrese en recopilar hechos en lugar de atribuir culpas.<\/p>\n<h3>6. Consulte con un Abogado de Accidentes de Motocicleta en Raleigh<\/h3>\n<p>Un abogado con experiencia en accidentes de motocicleta puede guiarlo a trav\u00e9s del proceso legal, proteger sus derechos y ayudarlo a buscar una compensaci\u00f3n justa. En Mogy Law, nos especializamos en ayudar a las v\u00edctimas de lesiones y proporcionarles la representaci\u00f3n poderosa que necesitan en Raleigh y en toda Carolina del Norte. Nuestros abogados experimentados tienen un historial probado de \u00e9xito, recuperando millones para nuestros clientes. Entendemos el peaje f\u00edsico y emocional que estos accidentes pueden tomar, y estamos comprometidos a luchar por sus derechos. Si usted est\u00e1 involucrado en un accidente de motocicleta, es crucial consultar con abogados de accidentes de motocicleta Raleigh para navegar por las complejidades de su reclamo y asegurarse de recibir la compensaci\u00f3n que se merece.<\/p>\n<h2>Lesiones comunes causadas por accidentes de motocicleta<\/h2>\n<p><img loading=\"lazy\" decoding=\"async\" class=\"alignnone wp-image-3609 size-full\" src=\"https:\/\/919law.com\/wp-content\/uploads\/2024\/08\/shutterstock_2408417227.webp\" alt=\"Motorcycle accident scene in Raleigh, North Carolina\" width=\"500\" height=\"334\" srcset=\"https:\/\/919law.com\/wp-content\/uploads\/2024\/08\/shutterstock_2408417227.webp 500w, https:\/\/919law.com\/wp-content\/uploads\/2024\/08\/shutterstock_2408417227-300x200.webp 300w\" sizes=\"(max-width: 500px) 100vw, 500px\" \/><\/p>\n<p>Los accidentes de moto pueden provocar lesiones graves que alteren la vida, entre otras &#8211; Lesiones en la cabeza: Debido a su posici\u00f3n expuesta, los motociclistas corren un mayor riesgo de sufrir lesiones cerebrales traum\u00e1ticas. Incluso con protecci\u00f3n de casco, la fuerza de un impacto puede causar conmociones cerebrales, lesiones cerebrales o fracturas de cr\u00e1neo. Estas lesiones suelen provocar problemas cognitivos y f\u00edsicos a largo plazo. &#8211; Fracturas \u00f3seas: El impacto de un accidente de moto puede provocar fracturas de huesos en todo el cuerpo, incluidos brazos, piernas, pelvis y costillas. Estas lesiones requieren tratamiento m\u00e9dico extenso y pueden conducir a dolor cr\u00f3nico y movilidad limitada. &#8211; Da\u00f1os en los tejidos blandos: Desde contusiones y esguinces hasta da\u00f1os en \u00f3rganos internos, las lesiones de tejidos blandos son comunes en los accidentes de motocicleta. La curaci\u00f3n puede ser prolongada, y estas lesiones pueden afectar significativamente la calidad de vida de la v\u00edctima. &#8211; Salpullido: Deslizarse por el pavimento durante un accidente puede causar abrasiones extensas de la piel, que se conocen como erupciones en la carretera. Estas lesiones suelen ser dolorosas, tardan en curarse y pueden provocar cicatrices e infecciones. &#8211; Lesiones de la m\u00e9dula espinal: Los accidentes de moto m\u00e1s graves pueden provocar lesiones en la m\u00e9dula espinal, lo que lleva a la par\u00e1lisis o par\u00e1lisis parcial. Estas lesiones que cambian la vida requieren una amplia atenci\u00f3n m\u00e9dica y apoyo. &#8211; Quemaduras: Los incendios o explosiones tras un accidente de moto pueden causar quemaduras graves. Estas lesiones requieren tratamiento especializado y pueden tener efectos f\u00edsicos y emocionales duraderos. &#8211; Lesiones oculares: Los restos del accidente o el impacto pueden causar lesiones oculares, desde abrasiones leves hasta da\u00f1os graves que pueden provocar la p\u00e9rdida de visi\u00f3n. Si usted o un ser querido ha sufrido lesiones en un accidente de motocicleta, buscar atenci\u00f3n m\u00e9dica inmediata es crucial. El diagn\u00f3stico y el tratamiento adecuados son esenciales para la recuperaci\u00f3n y la construcci\u00f3n de un caso legal s\u00f3lido. Entendemos las implicaciones devastadoras &#8211; f\u00edsicas, emocionales y financieras &#8211; de las lesiones por accidentes de motocicleta en Raleigh. Nuestro equipo legal se dedica a ayudar a los motociclistas lesionados a recuperar sus vidas despu\u00e9s de lesiones graves.<\/p>\n<h2>Proceso de reclamaciones por accidentes de motocicleta<\/h2>\n<p><a href=\"https:\/\/919law.com\/wp-content\/uploads\/2024\/08\/shutterstock_2237954429.webp\"><img loading=\"lazy\" decoding=\"async\" class=\"alignnone wp-image-3614 size-full\" src=\"https:\/\/919law.com\/wp-content\/uploads\/2024\/08\/shutterstock_2237954429.webp\" alt=\"Injured motorcyclist signs papers with his motorcycle accident attorney\" width=\"500\" height=\"333\" srcset=\"https:\/\/919law.com\/wp-content\/uploads\/2024\/08\/shutterstock_2237954429.webp 500w, https:\/\/919law.com\/wp-content\/uploads\/2024\/08\/shutterstock_2237954429-300x200.webp 300w\" sizes=\"(max-width: 500px) 100vw, 500px\" \/><\/a><\/p>\n<p>Persiste la idea err\u00f3nea de que los motociclistas son intr\u00ednsecamente imprudentes y responsables de sus propios accidentes. Mientras que el error del motociclista ciertamente contribuye a algunos accidentes, un n\u00famero sustancial de accidentes de motocicleta son causados por la negligencia de otros conductores. Las carreteras de Kansas son notorias por conductores distra\u00eddos y automovilistas agresivos que hacen caso omiso de la seguridad del tr\u00e1fico de dos ruedas. En Mogy Law, entendemos los desaf\u00edos que enfrentan los motociclistas. Si usted ha sido lesionado en un accidente de motocicleta y necesita presentar una demanda por accidente de motocicleta debido a la imprudencia de otro conductor, podemos ayudarle. Nuestro experimentado equipo investigar\u00e1 meticulosamente su caso, reuniendo pruebas para responsabilizar a las partes negligentes. Somos abogados litigantes expertos y negociadores tenaces y nunca nos conformaremos con menos de lo que usted se merece. No deje que un accidente de motocicleta descarrilar su vida. Usted merece justicia.<\/p>\n<h2>Mogy Law &#8211; Los Abogados de Accidentes de Motocicleta en Raleigh Que Obtienen Resultados<\/h2>\n<p><a href=\"https:\/\/919law.com\/wp-content\/uploads\/2024\/08\/shutterstock_2267532087.webp\"><img loading=\"lazy\" decoding=\"async\" class=\"alignnone wp-image-3613 size-full\" src=\"https:\/\/919law.com\/wp-content\/uploads\/2024\/08\/shutterstock_2267532087.webp\" alt=\"Injured motorcycle rider looks over case notes with his Raleigh motorcycle accident lawyer\" width=\"500\" height=\"333\" srcset=\"https:\/\/919law.com\/wp-content\/uploads\/2024\/08\/shutterstock_2267532087.webp 500w, https:\/\/919law.com\/wp-content\/uploads\/2024\/08\/shutterstock_2267532087-300x200.webp 300w\" sizes=\"(max-width: 500px) 100vw, 500px\" \/><\/a><\/p>\n<p>Si la negligencia de otro conductor caus\u00f3 su accidente de motocicleta, no debe soportar solo la carga financiera. Usted tiene el derecho de buscar compensaci\u00f3n por sus lesiones y p\u00e9rdidas. En Mogy Law, nuestros abogados de accidentes de motocicleta tienen un historial probado de \u00e9xito representando a v\u00edctimas de accidentes de motocicleta en Carolina del Norte. Nuestro equipo ha asegurado millones en compensaci\u00f3n para nuestros clientes. Entendemos los desaf\u00edos que enfrenta, y estamos comprometidos a luchar por sus derechos. Nuestros experimentados abogados de Raleigh proporcionan orientaci\u00f3n legal personalizada y apoyo. Construimos fuertes relaciones con los clientes basadas en la confianza y la comunicaci\u00f3n abierta. No dude en buscar la ayuda legal que se merece. P\u00f3ngase en contacto con Mogy Law hoy en <a href=\"tel:+19014439133\"><i class=\"fa fa-phone-alt\"><\/i>(901) 443-9133<\/a> para una evaluaci\u00f3n gratuita de su caso.<\/p>\n","protected":false},"excerpt":{"rendered":"<p>\u00bfNecesita un Abogado con Experiencia en Accidentes de Motocicleta en Raleigh? Pasear por las calles de Raleigh en una motocicleta puede ser emocionante, pero las carreteras de Carolina del Norte tienen su parte de peligros para los motociclistas. Las colisiones con veh\u00edculos m\u00e1s grandes &#8211; como semirremolques y autobuses &#8211; representan un riesgo significativo para [&hellip;]<\/p>\n","protected":false},"author":22,"featured_media":0,"parent":4137,"menu_order":5,"comment_status":"closed","ping_status":"closed","template":"","meta":{"_acf_changed":false,"anchor_text":"","footnotes":""},"class_list":["post-4155","page","type-page","status-publish","hentry"],"acf":[],"_links":{"self":[{"href":"https:\/\/919law.com\/es\/wp-json\/wp\/v2\/pages\/4155","targetHints":{"allow":["GET"]}}],"collection":[{"href":"https:\/\/919law.com\/es\/wp-json\/wp\/v2\/pages"}],"about":[{"href":"https:\/\/919law.com\/es\/wp-json\/wp\/v2\/types\/page"}],"author":[{"embeddable":true,"href":"https:\/\/919law.com\/es\/wp-json\/wp\/v2\/users\/22"}],"replies":[{"embeddable":true,"href":"https:\/\/919law.com\/es\/wp-json\/wp\/v2\/comments?post=4155"}],"version-history":[{"count":2,"href":"https:\/\/919law.com\/es\/wp-json\/wp\/v2\/pages\/4155\/revisions"}],"predecessor-version":[{"id":4157,"href":"https:\/\/919law.com\/es\/wp-json\/wp\/v2\/pages\/4155\/revisions\/4157"}],"up":[{"embeddable":true,"href":"https:\/\/919law.com\/es\/wp-json\/wp\/v2\/pages\/4137"}],"wp:attachment":[{"href":"https:\/\/919law.com\/es\/wp-json\/wp\/v2\/media?parent=4155"}],"curies":[{"name":"wp","href":"https:\/\/api.w.org\/{rel}","templated":true}]}}