{"id":4158,"date":"2020-02-05T10:18:58","date_gmt":"2020-02-05T15:18:58","guid":{"rendered":"https:\/\/919law.com\/raleigh\/raleigh-abogado-de-lesiones-personales\/"},"modified":"2024-09-08T03:12:07","modified_gmt":"2024-09-08T08:12:07","slug":"raleigh-abogado-de-lesiones-personales","status":"publish","type":"page","link":"https:\/\/919law.com\/es\/raleigh\/raleigh-abogado-de-lesiones-personales\/","title":{"rendered":"Raleigh Abogado de Lesiones Personales"},"content":{"rendered":"<h2>Vuelva a la normalidad con nuestros experimentados abogados de lesiones personales de Raleigh<\/h2>\n<p>\u00bfSe ha lesionado debido a las acciones negligentes de otra persona en Raleigh, Carolina del Norte? Si es as\u00ed, es probable que se enfrentan a costosas facturas m\u00e9dicas, p\u00e9rdida de ingresos, dolor y sufrimiento, y la angustia emocional como resultado de su lesi\u00f3n. Es posible que desee contratar a un abogado de lesiones personales de Raleigh para ayudarle a obtener una indemnizaci\u00f3n por sus lesiones. En nuestra opini\u00f3n, es en su mejor inter\u00e9s de trabajar con un abogado con experiencia en lesiones personales. \u00bfPor qu\u00e9? Su abogado le ayudar\u00e1 a entender sus derechos y opciones legales, navegar por el complejo sistema legal, proteger sus derechos, construir su caso de lesiones personales, y ayudarle a demostrar que usted no tiene la culpa de las lesiones sufridas. \u00bfBusca abogados de lesiones personales en Raleigh? \u00a1Mogy Law est\u00e1 aqu\u00ed para ayudarle! Daremos prioridad a sus mejores intereses, investigaremos su accidente y lesiones, y construiremos un caso s\u00f3lido para probar su reclamo. Lucharemos agresivamente para asegurar una compensaci\u00f3n justa por sus lesiones. Nos aseguramos de que nuestros clientes est\u00e9n bien informados durante todo el proceso. \u00bfEst\u00e1 listo para obtener la compensaci\u00f3n justa que se le debe por sus lesiones personales? P\u00f3ngase en contacto con Mogy Law para programar una consulta inicial GRATIS. Puede contactarnos en el <a href=\"tel:+19014439133\"><i class=\"fa fa-phone-alt\"><\/i>(901) 443-9133<\/a>.<\/p>\n\n<h2>Situaciones que dan lugar a reclamaciones por da\u00f1os personales<\/h2>\n<p>&nbsp;<\/p>\n<p><a href=\"https:\/\/919law.com\/wp-content\/uploads\/2024\/08\/Raleigh-personal-injury-law-firm-north-carolina.jpg\"><img fetchpriority=\"high\" decoding=\"async\" class=\"alignnone wp-image-3908 size-full\" src=\"https:\/\/919law.com\/wp-content\/uploads\/2024\/08\/Raleigh-personal-injury-law-firm-north-carolina.jpg\" alt=\"Raleigh Personal Injury Lawyers In North Carolina\" width=\"500\" height=\"333\" srcset=\"https:\/\/919law.com\/wp-content\/uploads\/2024\/08\/Raleigh-personal-injury-law-firm-north-carolina.jpg 500w, https:\/\/919law.com\/wp-content\/uploads\/2024\/08\/Raleigh-personal-injury-law-firm-north-carolina-300x200.jpg 300w\" sizes=\"(max-width: 500px) 100vw, 500px\" \/><\/a><\/p>\n<p>Puede sufrir lesiones personales en diversos accidentes y situaciones. Recuerde que muchos accidentes y situaciones pueden dar lugar a reclamaciones por da\u00f1os personales. Sin embargo, hay algunos accidentes y situaciones comunes que pueden dar lugar a lesiones personales. Las v\u00edctimas de accidentes a menudo se enfrentan a retos importantes, incluidos los gastos m\u00e9dicos y la necesidad de representaci\u00f3n legal para obtener una indemnizaci\u00f3n justa. He aqu\u00ed algunos de estos tipos de situaciones:<\/p>\n<p><a href=\"https:\/\/919law.com\/wp-content\/uploads\/2024\/08\/shutterstock_2463381917.webp\"><img decoding=\"async\" class=\"alignnone wp-image-3528 size-full\" src=\"https:\/\/919law.com\/wp-content\/uploads\/2024\/08\/shutterstock_2463381917.webp\" alt=\"A head-on car collision\" width=\"500\" height=\"285\" srcset=\"https:\/\/919law.com\/wp-content\/uploads\/2024\/08\/shutterstock_2463381917.webp 500w, https:\/\/919law.com\/wp-content\/uploads\/2024\/08\/shutterstock_2463381917-300x171.webp 300w\" sizes=\"(max-width: 500px) 100vw, 500px\" \/><\/a><\/p>\n<h3>Accidentes de Veh\u00edculos de Motor<\/h3>\n<p>Los accidentes de veh\u00edculos de motor, tales como accidentes de coche, accidentes de motocicleta, accidentes de cami\u00f3n, y m\u00e1s, son una de las principales causas de lesiones personales en Carolina del Norte. Es por eso que son las razones comunes de demandas por lesiones personales. Estos accidentes suelen ser causados por conductores negligentes, fallos mec\u00e1nicos o condiciones peligrosas de la carretera. Los accidentes automovil\u00edsticos pueden provocar lesiones graves, incluidas lesiones cerebrales traum\u00e1ticas, que a menudo requieren un tratamiento m\u00e9dico exhaustivo y pueden afectar significativamente a la vida de la v\u00edctima.<\/p>\n<h3>Productos peligrosos o defectuosos<\/h3>\n<p>Los fabricantes de productos deben garantizar que sus productos sean seguros para los consumidores. Sin embargo, los fabricantes de productos negligentes producen productos que no son seguros para los consumidores. Las personas sufren lesiones a causa de productos peligrosos o defectuosos. Por lo tanto, estas personas pueden presentar una demanda de responsabilidad por productos defectuosos para obtener una indemnizaci\u00f3n.<\/p>\n<h3><a href=\"https:\/\/919law.com\/wp-content\/uploads\/2024\/08\/shutterstock_2240738519.webp\"><img decoding=\"async\" class=\"alignnone wp-image-3702 size-full\" src=\"https:\/\/919law.com\/wp-content\/uploads\/2024\/08\/shutterstock_2240738519.webp\" alt=\"An injured worker on the jobsite\" width=\"500\" height=\"333\" srcset=\"https:\/\/919law.com\/wp-content\/uploads\/2024\/08\/shutterstock_2240738519.webp 500w, https:\/\/919law.com\/wp-content\/uploads\/2024\/08\/shutterstock_2240738519-300x200.webp 300w\" sizes=\"(max-width: 500px) 100vw, 500px\" \/><\/a><\/h3>\n<h3>Mordeduras y ataques de animales<\/h3>\n<p>Hoy en d\u00eda, algunos casos de lesiones personales implican mordeduras y ataques de animales. Los due\u00f1os de animales dom\u00e9sticos pueden ser considerados responsables de las lesiones causadas por sus mascotas. Los due\u00f1os de perros, por ejemplo, son responsables de cualquier lesi\u00f3n. Esto se debe a que los due\u00f1os de mascotas tienen la responsabilidad legal de evitar que sus mascotas da\u00f1en o lesionen a otras personas.<\/p>\n<h2>Por qu\u00e9 necesita un abogado de lesiones personales<\/h2>\n<p><a href=\"https:\/\/919law.com\/wp-content\/uploads\/2024\/08\/shutterstock_1762141334.webp\"><img loading=\"lazy\" decoding=\"async\" class=\"alignnone wp-image-3615 size-full\" src=\"https:\/\/919law.com\/wp-content\/uploads\/2024\/08\/shutterstock_1762141334.webp\" alt=\"A Raleigh personal injury lawyer meets with his client\" width=\"500\" height=\"333\" srcset=\"https:\/\/919law.com\/wp-content\/uploads\/2024\/08\/shutterstock_1762141334.webp 500w, https:\/\/919law.com\/wp-content\/uploads\/2024\/08\/shutterstock_1762141334-300x200.webp 300w\" sizes=\"(max-width: 500px) 100vw, 500px\" \/><\/a><\/p>\n<p>Si ha sufrido lesiones por la negligencia de otra persona, podr\u00eda estar enfrent\u00e1ndose a una dura batalla. Puede que ni siquiera conozca sus derechos ni sepa d\u00f3nde buscar ayuda. Y es posible que no entienda el sistema legal. Por lo tanto, no le animamos a que prepare y presente una demanda por lesiones personales por su cuenta. La comprensi\u00f3n de la ley de lesiones personales es crucial para navegar por el sistema legal y la b\u00fasqueda de la compensaci\u00f3n que se merece. Necesita una representaci\u00f3n legal s\u00f3lida. Siga leyendo para saber por qu\u00e9 necesita un abogado de lesiones personales:<\/p>\n<h3>Recupere la m\u00e1xima indemnizaci\u00f3n<\/h3>\n<p>Recuerde, las compa\u00f1\u00edas de seguros son negocios. Por eso no les gusta pagar las indemnizaciones. Pierden dinero pag\u00e1ndolas. As\u00ed que no es f\u00e1cil demostrar una negligencia y recuperar la m\u00e1xima indemnizaci\u00f3n por su cuenta. Los abogados, en cambio, tienen la experiencia y las habilidades necesarias para obtener la m\u00e1xima indemnizaci\u00f3n de la compa\u00f1\u00eda de seguros de la parte responsable. Probar la cuant\u00eda de los da\u00f1os es esencial para que un caso de lesiones personales tenga \u00e9xito, y contar con las habilidades profesionales y los testigos expertos necesarios puede maximizar su indemnizaci\u00f3n.<\/p>\n<h3>Reduzca su estr\u00e9s<\/h3>\n<p>Preparar y presentar una demanda por lesiones personales requiere mucho esfuerzo y tiempo. Si ha sufrido lesiones graves en su accidente, su salud debe ser su m\u00e1xima prioridad. Contratar a un abogado puede reducir su estr\u00e9s. \u00bfC\u00f3mo? Su abogado reunir\u00e1 documentos, investigar\u00e1 su accidente, hablar\u00e1 con su m\u00e9dico y construir\u00e1 un caso s\u00f3lido. As\u00ed, usted no tendr\u00e1 que preocuparse de nada. S\u00f3lo tendr\u00e1 que concentrarse en curarse de sus lesiones.<\/p>\n<h3>Conocen la ley<\/h3>\n<p>Usted probablemente no conoce los entresijos de las leyes de lesiones personales. No pase incontables horas leyendo estas leyes. En su lugar, contrate a un abogado de lesiones personales para que le ayude a obtener una indemnizaci\u00f3n de la parte culpable. Los abogados de lesiones personales entienden la ley. De hecho, han llevado con \u00e9xito casos de lesiones personales en el pasado. Por lo tanto, saben c\u00f3mo obtener una indemnizaci\u00f3n por lesiones personales.<\/p>\n<h2>Qu\u00e9 buscar en un abogado de lesiones personales de Raleigh<\/h2>\n<p><a href=\"https:\/\/919law.com\/wp-content\/uploads\/2024\/08\/shutterstock_2056433831.webp\"><img loading=\"lazy\" decoding=\"async\" class=\"alignnone wp-image-3390 size-full\" src=\"https:\/\/919law.com\/wp-content\/uploads\/2024\/08\/shutterstock_2056433831.webp\" alt=\"A Raleigh personal injury lawyer represents her client in trial\" width=\"500\" height=\"281\" srcset=\"https:\/\/919law.com\/wp-content\/uploads\/2024\/08\/shutterstock_2056433831.webp 500w, https:\/\/919law.com\/wp-content\/uploads\/2024\/08\/shutterstock_2056433831-300x169.webp 300w\" sizes=\"(max-width: 500px) 100vw, 500px\" \/><\/a><\/p>\n<p>La elecci\u00f3n del abogado de lesiones personales adecuado puede marcar una gran diferencia en el resultado de su caso. Un buen abogado de lesiones tiene los conocimientos, habilidades y experiencia para manejar cualquier caso de lesiones personales. Usted debe buscar cosas espec\u00edficas en su abogado. Por lo tanto, aqu\u00ed est\u00e1 lo que debe buscar en un abogado de lesiones personales: Especializaci\u00f3n &#8211; Si usted est\u00e1 lesionado, debe asegurarse de que su abogado maneja casos de lesiones personales. No contrate a un abogado inmobiliario para que le represente en un caso de lesiones personales. Confirme si el abogado ha llevado con \u00e9xito casos de lesiones personales. Reputaci\u00f3n &#8211; Se necesitan a\u00f1os y mucho esfuerzo para labrarse una buena reputaci\u00f3n. Por lo tanto, los mejores abogados tienen una buena reputaci\u00f3n. \u00bfQuiere encontrar un abogado de lesiones personales reputado y de confianza? Pida recomendaciones a sus amigos y familiares. Tambi\u00e9n puede leer los resultados de sus casos, sus opiniones en Internet y los testimonios de sus clientes. Experiencia &#8211; Debe elegir un abogado que haya llevado con \u00e9xito casos como el suyo. Si su abogado tiene la experiencia adecuada, podr\u00e1 obtener la ayuda legal que necesita. Su abogado puede incluso conocer a jueces y fiscales. Tener de su lado a un abogado con experiencia puede mejorar sus posibilidades de \u00e9xito. Determinaci\u00f3n &#8211; Su caso de lesiones personales puede tardar varios meses en finalizar. Por desgracia, la compa\u00f1\u00eda de seguros puede negarse a llegar a un acuerdo extrajudicial. Por lo tanto, su abogado debe estar dispuesto a llevar su caso a juicio. Su abogado debe estar preparado para representar su mejor inter\u00e9s en la corte. Carga de trabajo actual &#8211; Usted quiere que su abogado dedique el mayor tiempo posible a su caso. Por eso necesita saber cu\u00e1ntos casos lleva actualmente el abogado. Si el abogado no dedica suficiente tiempo a su caso, es posible que no obtenga un resultado positivo. Por lo tanto, aseg\u00farese de que su abogado tiene suficiente tiempo para su caso. \u00bfBusca abogados expertos en lesiones personales en Raleigh? No dude en ponerse en contacto con Mogy Law marcando <a href=\"tel:+19014439133\"><i class=\"fa fa-phone-alt\"><\/i>(901) 443-9133<\/a>.<\/p>\n<h2>El proceso por lesiones personales<\/h2>\n<p>\u00bfQuiere entender c\u00f3mo funciona el proceso por lesiones personales? Siga leyendo:<\/p>\n<ul>\n<li><strong>Paso 1:<\/strong> Consulta inicial &#8211; Su abogado de lesiones personales revisar\u00e1 su caso para determinar si tiene una reclamaci\u00f3n v\u00e1lida.<\/li>\n<li><strong>Paso 2:<\/strong> Preparaci\u00f3n del caso &#8211; Su abogado investigar\u00e1 su caso, recopilar\u00e1 pruebas, hablar\u00e1 con su m\u00e9dico y obtendr\u00e1 una copia del informe policial. Su abogado se toma el tiempo necesario para preparar un caso s\u00f3lido.<\/li>\n<li><strong>Paso 3:<\/strong> Demanda y Negociaci\u00f3n &#8211; Una vez que su caso est\u00e1 listo, su abogado puede ahora presentar una demanda de acuerdo al proveedor de seguros de la parte responsable.<\/li>\n<li><strong>Paso 4:<\/strong> Presentar una demanda &#8211; Si su abogado no puede llegar a un acuerdo satisfactorio con el proveedor de seguros, su abogado presentar\u00e1 una demanda por lesiones personales ante los tribunales.<\/li>\n<li><strong>Paso 5:<\/strong> Descubrimiento &#8211; Su abogado y la otra parte intercambiar\u00e1n informaci\u00f3n y declaraciones de testigos.<\/li>\n<li><strong>Paso 6:<\/strong> Mediaci\u00f3n &#8211; Ambas partes pueden recurrir a un tercero para intentar resolver su demanda por lesiones personales sin llegar a juicio.<\/li>\n<li><strong>Paso 7:<\/strong> Juicio &#8211; Su caso va a juicio si la mediaci\u00f3n no tiene \u00e9xito.<\/li>\n<li><strong>Paso 8:<\/strong> Despu\u00e9s del juicio &#8211; Se conceden da\u00f1os y perjuicios.<\/li>\n<\/ul>\n<h2>Probar la culpa en un caso de lesiones personales<\/h2>\n<p><a href=\"https:\/\/919law.com\/wp-content\/uploads\/2024\/08\/shutterstock_2267532087.webp\"><img loading=\"lazy\" decoding=\"async\" class=\"alignnone wp-image-3613 size-full\" src=\"https:\/\/919law.com\/wp-content\/uploads\/2024\/08\/shutterstock_2267532087.webp\" alt=\"An injured man goes over paperwork with his personal injury lawyer\" width=\"500\" height=\"333\" srcset=\"https:\/\/919law.com\/wp-content\/uploads\/2024\/08\/shutterstock_2267532087.webp 500w, https:\/\/919law.com\/wp-content\/uploads\/2024\/08\/shutterstock_2267532087-300x200.webp 300w\" sizes=\"(max-width: 500px) 100vw, 500px\" \/><\/a><\/p>\n<p>Para demostrar la culpa en un caso de lesiones personales, debe probar que el demandado ten\u00eda un deber de diligencia, que el demandado incumpli\u00f3 ese deber, que usted sufri\u00f3 lesiones como consecuencia de ese incumplimiento y que sufri\u00f3 da\u00f1os como consecuencia de ello.<\/p>\n<h2>Tipos de indemnizaci\u00f3n que puede reclamar<\/h2>\n<p>Los tipos de indemnizaci\u00f3n que puede obtener son da\u00f1os econ\u00f3micos y no econ\u00f3micos. Los da\u00f1os econ\u00f3micos le compensar\u00e1n por sus p\u00e9rdidas monetarias, tales como gastos m\u00e9dicos, salarios perdidos, da\u00f1os a la propiedad, p\u00e9rdida de capacidad de ganancia, y m\u00e1s. Estos costes deben estar estrechamente relacionados con su lesi\u00f3n personal. Los da\u00f1os no econ\u00f3micos, por otra parte, le compensar\u00e1n por sus p\u00e9rdidas no monetarias, tales como dolor y sufrimiento, estr\u00e9s emocional, incapacidad permanente, desfiguraci\u00f3n, p\u00e9rdida de consorcio, y m\u00e1s.<\/p>\n<h2>Calculando Dolor y Sufrimiento en Carolina del Norte<\/h2>\n<p>En Carolina del Norte, el dolor y el sufrimiento a menudo se calculan utilizando dos m\u00e9todos:<\/p>\n<p><strong>M\u00e9todo Multiplicador<\/strong>: El total de los da\u00f1os econ\u00f3micos son multiplicados por un n\u00famero, usualmente entre 1.5 y 5, para estimar el dolor y sufrimiento.<br \/>\n<strong>M\u00e9todo Per Diem<\/strong>: Se aplica una tarifa diaria al n\u00famero de d\u00edas que usted experiment\u00f3 dolor debido a sus lesiones.<\/p>\n<p>Su abogado puede determinar qu\u00e9 m\u00e9todo se adapta mejor a su caso para calcular una cantidad justa.<\/p>\n<h2>\u00bfCu\u00e1nto tiempo tiene para presentar su demanda?<\/h2>\n<p>En Raleigh, Carolina del Norte, usted necesita archivar su demanda de herida personal dentro de 3 a\u00f1os de la fecha de su accidente. Si usted no quiere perder estos plazos, contrate a un abogado de lesiones personales para que le ayude a presentar su demanda a tiempo para buscar compensaci\u00f3n.<\/p>\n<h2>Nuestros abogados de lesiones personales pueden ayudarle a recuperar la compensaci\u00f3n m\u00e1xima<\/h2>\n<p><a href=\"https:\/\/919law.com\/wp-content\/uploads\/2024\/08\/shutterstock_2346082925.webp\"><img loading=\"lazy\" decoding=\"async\" class=\"alignnone wp-image-3703 size-full\" src=\"https:\/\/919law.com\/wp-content\/uploads\/2024\/08\/shutterstock_2346082925.webp\" alt=\"A Raleigh personal injury attorney takes notes for a case\" width=\"500\" height=\"332\" srcset=\"https:\/\/919law.com\/wp-content\/uploads\/2024\/08\/shutterstock_2346082925.webp 500w, https:\/\/919law.com\/wp-content\/uploads\/2024\/08\/shutterstock_2346082925-300x199.webp 300w\" sizes=\"(max-width: 500px) 100vw, 500px\" \/><\/a><\/p>\n<p>Gestionar una lesi\u00f3n personal puede resultar dif\u00edcil y exigente. Si decide solicitar una indemnizaci\u00f3n por sus lesiones, tendr\u00e1 que navegar por el complejo sistema. No intente gestionar un caso de lesiones personales por su cuenta. \u00bfPor qu\u00e9? Puede conducir a errores costosos y acuerdos injustos. La contrataci\u00f3n de abogados expertos en lesiones personales en Raleigh puede ayudarle a recibir la atenci\u00f3n m\u00e9dica adecuada, reducir su carga y representarle ante los tribunales. Un abogado experto y con experiencia tiene el conocimiento y los recursos para recuperar la compensaci\u00f3n que usted se merece por derecho. Nosotros en Mogy Law, tenemos un historial exitoso de ganar cientos de casos de lesiones personales. Nuestro equipo de abogados de lesiones personales tiene muchos a\u00f1os de experiencia en casos de lesiones personales. Estamos comprometidos a ayudar a nuestros clientes a navegar el sistema legal, negociar acuerdos justos, proteger sus derechos, y representarlos en la corte. \u00bfUsted o un ser querido ha sido lesionado debido a negligencia en Raleigh? P\u00f3ngase en contacto con nosotros hoy en <a href=\"tel:+19014439133\"><i class=\"fa fa-phone-alt\"><\/i>(901) 443-9133<\/a> para consultar con nuestro abogado de lesiones personales de Raleigh.<\/p>\n","protected":false},"excerpt":{"rendered":"<p>Vuelva a la normalidad con nuestros experimentados abogados de lesiones personales de Raleigh \u00bfSe ha lesionado debido a las acciones negligentes de otra persona en Raleigh, Carolina del Norte? Si es as\u00ed, es probable que se enfrentan a costosas facturas m\u00e9dicas, p\u00e9rdida de ingresos, dolor y sufrimiento, y la angustia emocional como resultado de su [&hellip;]<\/p>\n","protected":false},"author":22,"featured_media":0,"parent":4137,"menu_order":6,"comment_status":"closed","ping_status":"closed","template":"","meta":{"_acf_changed":false,"anchor_text":"","footnotes":""},"class_list":["post-4158","page","type-page","status-publish","hentry"],"acf":[],"_links":{"self":[{"href":"https:\/\/919law.com\/es\/wp-json\/wp\/v2\/pages\/4158","targetHints":{"allow":["GET"]}}],"collection":[{"href":"https:\/\/919law.com\/es\/wp-json\/wp\/v2\/pages"}],"about":[{"href":"https:\/\/919law.com\/es\/wp-json\/wp\/v2\/types\/page"}],"author":[{"embeddable":true,"href":"https:\/\/919law.com\/es\/wp-json\/wp\/v2\/users\/22"}],"replies":[{"embeddable":true,"href":"https:\/\/919law.com\/es\/wp-json\/wp\/v2\/comments?post=4158"}],"version-history":[{"count":2,"href":"https:\/\/919law.com\/es\/wp-json\/wp\/v2\/pages\/4158\/revisions"}],"predecessor-version":[{"id":4160,"href":"https:\/\/919law.com\/es\/wp-json\/wp\/v2\/pages\/4158\/revisions\/4160"}],"up":[{"embeddable":true,"href":"https:\/\/919law.com\/es\/wp-json\/wp\/v2\/pages\/4137"}],"wp:attachment":[{"href":"https:\/\/919law.com\/es\/wp-json\/wp\/v2\/media?parent=4158"}],"curies":[{"name":"wp","href":"https:\/\/api.w.org\/{rel}","templated":true}]}}