{"id":4161,"date":"2026-04-01T06:14:58","date_gmt":"2026-04-01T11:14:58","guid":{"rendered":"https:\/\/919law.com\/raleigh\/raleigh-rideshare-accident-lawyer\/"},"modified":"2024-09-08T03:21:19","modified_gmt":"2024-09-08T08:21:19","slug":"raleigh-rideshare-accident-lawyer","status":"publish","type":"page","link":"https:\/\/919law.com\/es\/raleigh\/raleigh-rideshare-accident-lawyer\/","title":{"rendered":"Raleigh Rideshare Accident Lawyer"},"content":{"rendered":"<h2>Raleigh Rideshare Accidente Abogado &#8211; Uber o Lyft Accidente<\/h2>\n<p>\u00bfNecesita un abogado de accidentes de transporte compartido en Raleigh? Ridesharing es un arma de doble filo, \u00bfno le parece? Uber y Lyft tienen a la gente abandonando la idea de conducir ebrio, lo cual es fant\u00e1stico. \u00bfUna ca\u00edda del 20% en DUIs? Eso es una victoria para cualquiera. Pero hay una trampa: m\u00e1s coches compartidos significan m\u00e1s coches en general, y con ellos viene un aumento de los accidentes con veh\u00edculos compartidos. Es un poco parad\u00f3jico. Las mismas aplicaciones que hacen m\u00e1s seguras nuestras carreteras contribuyen a aumentar el n\u00famero de v\u00edctimas mortales. Echemos un vistazo a las cifras:<\/p>\n<ul>\n<li>Se estima que se producen 1.000 muertes de tr\u00e1fico adicionales al d\u00eda en todo el pa\u00eds debido a la afluencia de veh\u00edculos de viaje compartido.<\/li>\n<li>Entre 2017 y 2018, solo Uber vio 97 choques, que resultaron en 107 muertes.<\/li>\n<li>Los pasajeros y conductores no son los \u00fanicos en riesgo: otros conductores y peatones representan m\u00e1s de la mitad de las v\u00edctimas de accidentes de veh\u00edculos compartidos.<\/li>\n<\/ul>\n<p>Es una realidad aleccionadora: m\u00e1s comodidad a menudo equivale a m\u00e1s congesti\u00f3n y, tristemente, a m\u00e1s accidentes devastadores. Es algo que no podemos ignorar en esta nueva era del transporte.<\/p>\n\t\t<div data-elementor-type=\"section\" data-elementor-id=\"208\" class=\"elementor elementor-208\" data-elementor-post-type=\"elementor_library\">\n\t\t\t\t\t<section class=\"elementor-section elementor-top-section elementor-element elementor-element-485e576a elementor-section-boxed elementor-section-height-default elementor-section-height-default\" data-id=\"485e576a\" data-element_type=\"section\" data-e-type=\"section\">\n\t\t\t\t\t\t<div class=\"elementor-container elementor-column-gap-default\">\n\t\t\t\t\t<div class=\"elementor-column elementor-col-100 elementor-top-column elementor-element elementor-element-635c38c0\" data-id=\"635c38c0\" data-element_type=\"column\" data-e-type=\"column\">\n\t\t\t<div class=\"elementor-widget-wrap elementor-element-populated\">\n\t\t\t\t\t\t<div class=\"elementor-element elementor-element-3ba95c8a elementor-toc--minimized-on-tablet elementor-widget elementor-widget-table-of-contents\" data-id=\"3ba95c8a\" data-element_type=\"widget\" data-e-type=\"widget\" data-settings=\"{&quot;exclude_headings_by_selector&quot;:&quot;.toc-remove&quot;,&quot;headings_by_tags&quot;:[&quot;h2&quot;,&quot;h3&quot;],&quot;marker_view&quot;:&quot;numbers&quot;,&quot;no_headings_message&quot;:&quot;No headings were found on this page.&quot;,&quot;minimize_box&quot;:&quot;yes&quot;,&quot;minimized_on&quot;:&quot;tablet&quot;,&quot;hierarchical_view&quot;:&quot;yes&quot;,&quot;min_height&quot;:{&quot;unit&quot;:&quot;px&quot;,&quot;size&quot;:&quot;&quot;,&quot;sizes&quot;:[]},&quot;min_height_tablet&quot;:{&quot;unit&quot;:&quot;px&quot;,&quot;size&quot;:&quot;&quot;,&quot;sizes&quot;:[]},&quot;min_height_mobile&quot;:{&quot;unit&quot;:&quot;px&quot;,&quot;size&quot;:&quot;&quot;,&quot;sizes&quot;:[]}}\" data-widget_type=\"table-of-contents.default\">\n\t\t\t\t\t\t\t\t\t<div class=\"elementor-toc__header\">\n\t\t\t\t\t\t<div class=\"elementor-toc__header-title\">\n\t\t\t\tTable of Contents\t\t\t<\/div>\n\t\t\t\t\t\t\t\t\t\t<div class=\"elementor-toc__toggle-button elementor-toc__toggle-button--expand\" role=\"button\" tabindex=\"0\" aria-controls=\"elementor-toc__3ba95c8a\" aria-expanded=\"true\" aria-label=\"Open table of contents\"><svg aria-hidden=\"true\" class=\"e-font-icon-svg e-fas-chevron-down\" viewBox=\"0 0 448 512\" xmlns=\"http:\/\/www.w3.org\/2000\/svg\"><path d=\"M207.029 381.476L12.686 187.132c-9.373-9.373-9.373-24.569 0-33.941l22.667-22.667c9.357-9.357 24.522-9.375 33.901-.04L224 284.505l154.745-154.021c9.379-9.335 24.544-9.317 33.901.04l22.667 22.667c9.373 9.373 9.373 24.569 0 33.941L240.971 381.476c-9.373 9.372-24.569 9.372-33.942 0z\"><\/path><\/svg><\/div>\n\t\t\t\t<div class=\"elementor-toc__toggle-button elementor-toc__toggle-button--collapse\" role=\"button\" tabindex=\"0\" aria-controls=\"elementor-toc__3ba95c8a\" aria-expanded=\"true\" aria-label=\"Close table of contents\"><svg aria-hidden=\"true\" class=\"e-font-icon-svg e-fas-chevron-up\" viewBox=\"0 0 448 512\" xmlns=\"http:\/\/www.w3.org\/2000\/svg\"><path d=\"M240.971 130.524l194.343 194.343c9.373 9.373 9.373 24.569 0 33.941l-22.667 22.667c-9.357 9.357-24.522 9.375-33.901.04L224 227.495 69.255 381.516c-9.379 9.335-24.544 9.317-33.901-.04l-22.667-22.667c-9.373-9.373-9.373-24.569 0-33.941L207.03 130.525c9.372-9.373 24.568-9.373 33.941-.001z\"><\/path><\/svg><\/div>\n\t\t\t\t\t<\/div>\n\t\t\t\t<div id=\"elementor-toc__3ba95c8a\" class=\"elementor-toc__body\">\n\t\t\t<div class=\"elementor-toc__spinner-container\">\n\t\t\t\t<svg class=\"elementor-toc__spinner eicon-animation-spin e-font-icon-svg e-eicon-loading\" aria-hidden=\"true\" viewBox=\"0 0 1000 1000\" xmlns=\"http:\/\/www.w3.org\/2000\/svg\"><path d=\"M500 975V858C696 858 858 696 858 500S696 142 500 142 142 304 142 500H25C25 237 238 25 500 25S975 237 975 500 763 975 500 975Z\"><\/path><\/svg>\t\t\t<\/div>\n\t\t<\/div>\n\t\t\t\t\t\t<\/div>\n\t\t\t\t\t<\/div>\n\t\t<\/div>\n\t\t\t\t\t<\/div>\n\t\t<\/section>\n\t\t\t\t<\/div>\n\t\t\n<h2>Los accidentes de tr\u00e1fico pueden afectar a cualquiera:<\/h2>\n<p><img fetchpriority=\"high\" decoding=\"async\" class=\"alignnone wp-image-3631 size-full\" src=\"https:\/\/919law.com\/wp-content\/uploads\/2024\/08\/Auto-Accident-in-Charlotte.jpg\" alt=\"Lyft Accident in Raleigh\" width=\"500\" height=\"334\" srcset=\"https:\/\/919law.com\/wp-content\/uploads\/2024\/08\/Auto-Accident-in-Charlotte.jpg 500w, https:\/\/919law.com\/wp-content\/uploads\/2024\/08\/Auto-Accident-in-Charlotte-300x200.jpg 300w\" sizes=\"(max-width: 500px) 100vw, 500px\" \/><\/p>\n<ul>\n<li>Conducir para Uber o Lyft, incluso entre tarifas<\/li>\n<li>Viajar como pasajero<\/li>\n<li>Como conductor, peat\u00f3n o ciclista.<\/li>\n<\/ul>\n<p>\u00bfY lo peor? Muchas lesiones, como las de la cabeza, no aparecen de inmediato. Por eso es fundamental acudir al m\u00e9dico lo antes posible tras un accidente. No dejes que las aseguradoras te mangoneen. Si un accidente de coche compartido arruin\u00f3 su vida, los abogados de Mogy Law saben c\u00f3mo luchar por sus derechos. P\u00f3ngase en contacto en cualquier momento, de d\u00eda o de noche, en <a href=\"tel:+19014439133\"><i class=\"fa fa-phone-alt\"><\/i>(901) 443-9133<\/a> o en l\u00ednea.<\/p>\n\n<h2>Causas comunes de los accidentes de coche compartido<\/h2>\n<p><img decoding=\"async\" class=\"alignnone wp-image-3088 size-full\" src=\"https:\/\/919law.com\/wp-content\/uploads\/2024\/08\/woman-calling-police-car-accident-north-carolina.webp\" alt=\"A young woman grabs at her neck in pain after an Uber accident\" width=\"500\" height=\"334\" srcset=\"https:\/\/919law.com\/wp-content\/uploads\/2024\/08\/woman-calling-police-car-accident-north-carolina.webp 500w, https:\/\/919law.com\/wp-content\/uploads\/2024\/08\/woman-calling-police-car-accident-north-carolina-300x200.webp 300w\" sizes=\"(max-width: 500px) 100vw, 500px\" \/><\/p>\n<h3>Conducci\u00f3n distra\u00edda<\/h3>\n<p>No es ninguna sorpresa que la conducci\u00f3n distra\u00edda sea un factor importante en los accidentes de viajes compartidos. Pi\u00e9nsalo: esos conductores hacen muchos m\u00e1s malabarismos que la mayor\u00eda de nosotros en la carretera. Tienen el ping constante de la aplicaci\u00f3n, la informaci\u00f3n del pasajero que aparece, el GPS que les gu\u00eda y, a menudo, conversaciones animadas con los pasajeros. Es una carga mental que puede llevar f\u00e1cilmente a desviar la vista de la carretera, y bueno, todos sabemos c\u00f3mo acaba esa historia. A m\u00e1s distracciones, m\u00e1s riesgo de accidente.<\/p>\n<h3>Conducir por carreteras desconocidas<\/h3>\n<p>No es raro que los conductores de veh\u00edculos compartidos se encuentren en territorio desconocido. Esto puede hacer que duden, lo que lleva a paradas repentinas, ralentizaciones o giros inesperados, todo lo que aumenta el riesgo de un accidente.<\/p>\n<h3>Conductor de Rideshare fatigado<\/h3>\n<p>Compartir coche no siempre es f\u00e1cil, especialmente cuando entra en juego la fatiga del conductor. Largas horas, trasnochar, madrugar&#8230; no es de extra\u00f1ar que algunos conductores de Uber y Lyft acaben agotados al volante. Y la realidad es que un conductor cansado es un conductor peligroso. No se trata s\u00f3lo de especulaciones: un estudio de la AAA ha descubierto que conducir con sue\u00f1o puede ser tan arriesgado como conducir bajo los efectos del alcohol. As\u00ed que la pr\u00f3xima vez que te subas a un coche compartido, piensa en la persona que te lleva. Puede que se est\u00e9 quedando sin bater\u00eda.<\/p>\n<h3>Lugares de recogida inseguros<\/h3>\n<p>\u00bfHas visto alguna vez a un conductor de coche compartido hacer una maniobra de aparcamiento cuestionable? Ocurre m\u00e1s a menudo de lo que nos gustar\u00eda. La presi\u00f3n por recoger r\u00e1pidamente a los pasajeros a menudo les lleva a dejar de lado la idea de aparcar. Esto puede significar detenerse en medio de la carretera o bloquear una intersecci\u00f3n, lo que obviamente no es ideal para la seguridad de nadie. Es un movimiento arriesgado que pone en peligro tanto a otros conductores como a los peatones.<\/p>\n<h3><img decoding=\"async\" class=\"alignnone wp-image-3630 size-full\" style=\"font-size: 16px;\" src=\"https:\/\/919law.com\/wp-content\/uploads\/2024\/08\/Charlotte-Car-Accident-.jpg\" alt=\"Uber accident in Raleigh\" width=\"500\" height=\"286\" srcset=\"https:\/\/919law.com\/wp-content\/uploads\/2024\/08\/Charlotte-Car-Accident-.jpg 500w, https:\/\/919law.com\/wp-content\/uploads\/2024\/08\/Charlotte-Car-Accident--300x172.jpg 300w\" sizes=\"(max-width: 500px) 100vw, 500px\" \/><\/h3>\n<h3>Exceso de velocidad<\/h3>\n<p>Con pies de plomo o sin ellos, es innegable el riesgo de exceso de velocidad de los conductores de veh\u00edculos compartidos. Puede que sea involuntario: se pierden en el GPS o desconocen el l\u00edmite. O puede que est\u00e9n forzando la marcha para conseguir otro pasaje. En cualquier caso, el exceso de velocidad aumenta las probabilidades de accidente y, cuando ocurre, no suele acabar bien. A mayor velocidad, mayor impacto, y eso supone problemas para todos los implicados.<\/p>\n<h3>Lesiones e indemnizaciones<\/h3>\n<p>Compartir coche no est\u00e1 libre de riesgos, incluso si todo el mundo tiene cuidado. En Raleigh, los accidentes pueden provocar lesiones graves. Esto es lo que vemos m\u00e1s a menudo:<\/p>\n<ul>\n<li>Lesiones de cabeza y cuello<\/li>\n<li>Cortes y contusiones<\/li>\n<li>Huesos rotos o fracturas<\/li>\n<li>Lesiones de la m\u00e9dula espinal<\/li>\n<li>Lesiones de tejidos blandos<\/li>\n<li>Lesiones cerebrales traum\u00e1ticas<\/li>\n<\/ul>\n<p><img loading=\"lazy\" decoding=\"async\" class=\"alignnone wp-image-3390 size-full\" src=\"https:\/\/919law.com\/wp-content\/uploads\/2024\/08\/shutterstock_2056433831.webp\" alt=\"A Raleigh rideshare accident lawyer represents her client in court - Raleigh Uber Lyft accident lawyer\" width=\"500\" height=\"281\" srcset=\"https:\/\/919law.com\/wp-content\/uploads\/2024\/08\/shutterstock_2056433831.webp 500w, https:\/\/919law.com\/wp-content\/uploads\/2024\/08\/shutterstock_2056433831-300x169.webp 300w\" sizes=\"(max-width: 500px) 100vw, 500px\" \/><\/p>\n<p>Las lesiones en accidentes de tr\u00e1fico pueden ser de todo tipo, desde unos pocos rasgu\u00f1os hasta algo que cambie tu vida por completo. Algunas personas acaban necesitando cuidados a largo plazo, incluso rehabilitaci\u00f3n. Es una llamada de atenci\u00f3n para todos los implicados, tanto conductores como pasajeros. Conocer los riesgos, tomar precauciones adicionales, asegurarse de que el coche est\u00e1 en buen estado&#8230; todo es importante. Despu\u00e9s de todo, nadie quiere que un simple viaje se convierta en un acontecimiento que altere su vida. \u00bfSe lastim\u00f3 en un accidente de transporte compartido en Raleigh? Usted podr\u00eda ser capaz de obtener alguna ayuda financiera para lo que has pasado:<\/p>\n<ul>\n<li>Dolor y sufrimiento<\/li>\n<li>Gastos m\u00e9dicos<\/li>\n<li>Salarios perdidos<\/li>\n<li>Da\u00f1os a la propiedad<\/li>\n<li>Angustia emocional<\/li>\n<\/ul>\n<p>A veces, si la persona culpable fue realmente imprudente, puede haber incluso algo llamado da\u00f1os punitivos. No siempre es f\u00e1cil navegar por estas cosas solo, sin embargo. Un abogado de accidentes de transporte compartido en Raleigh puede ser de gran ayuda. Van a reunir pruebas, tratar con las compa\u00f1\u00edas de seguros, e incluso luchar por usted en la corte si se trata de eso. La contrataci\u00f3n de un abogado especializado en accidentes de Lyft es crucial para navegar por las complejidades de asegurar la compensaci\u00f3n. Se trata de conseguir lo que te mereces y ayudarte a recuperar la indemnizaci\u00f3n por tus lesiones.<\/p>\n<h2>Beneficios de contratar a un abogado especializado en accidentes de Lyft<\/h2>\n<p><img loading=\"lazy\" decoding=\"async\" class=\"alignnone wp-image-3385 size-full\" src=\"https:\/\/919law.com\/wp-content\/uploads\/2024\/08\/shutterstock_2390892835.webp\" alt=\"A Raleigh rideshare accident lawyer works on case notes\" width=\"500\" height=\"322\" srcset=\"https:\/\/919law.com\/wp-content\/uploads\/2024\/08\/shutterstock_2390892835.webp 500w, https:\/\/919law.com\/wp-content\/uploads\/2024\/08\/shutterstock_2390892835-300x193.webp 300w\" sizes=\"(max-width: 500px) 100vw, 500px\" \/><\/p>\n<h3>1. Experiencia en leyes de viajes compartidos<\/h3>\n<p>Compartir coche tiene sus propias normas, que difieren enormemente de las del t\u00edpico viaje en taxi. Francamente, es un poco de un campo minado para los que no saben. Ah\u00ed es donde entra un abogado de accidentes de transporte compartido. Ellos tienen la experiencia para cortar a trav\u00e9s de la confusi\u00f3n, la comprensi\u00f3n de todos los entresijos de la ley. Son tu mejor opci\u00f3n para hacer las cosas bien y r\u00e1pido cuando surgen problemas legales.<\/p>\n<h3>2. Tratar con las compa\u00f1\u00edas de seguros<\/h3>\n<p>El seguro en accidentes de coche compartido puede ser un verdadero rompecabezas. Hay m\u00faltiples partes involucradas, y averiguar qui\u00e9n cubre qu\u00e9 no siempre es sencillo. Aunque las empresas de viajes compartidos tienen seguro, suele haber letra peque\u00f1a y condiciones. La compa\u00f1\u00eda de viajes compartidos proporciona cobertura de seguro espec\u00edfica para los da\u00f1os incurridos mientras los conductores est\u00e1n involucrados en sus servicios, pero las complejidades involucradas pueden hacer que sea dif\u00edcil de navegar. Un abogado especializado en viajes compartidos conoce los entresijos. Pueden guiarle a trav\u00e9s del proceso de reclamaci\u00f3n, asegur\u00e1ndose de que entiende a qu\u00e9 tiene derecho. Su objetivo es maximizar su compensaci\u00f3n mediante la exploraci\u00f3n de todas las v\u00edas de cobertura disponibles, especialmente en un accidente que involucra servicios de viaje compartido.<\/p>\n<h3>3. Revisi\u00f3n de contratos y litigios<\/h3>\n<p>Compartir coche significa firmar contratos, tanto si eres conductor como pasajero. Estos acuerdos no son exactamente de lectura ligera, llena de jerga legal que puede ser confuso. Un abogado especializado en accidentes de transporte compartido puede explic\u00e1rselo todo, asegur\u00e1ndose de que sabe en qu\u00e9 se est\u00e1 metiendo. Y si las cosas se tuercen y surge una disputa, est\u00e1n ah\u00ed para cubrirte las espaldas, protegiendo tanto tus derechos como tu buen nombre.<\/p>\n<h3>4. Acceso a recursos<\/h3>\n<p>Los abogados de Rideshare est\u00e1n conectados a una red a la que la mayor\u00eda de la gente no tiene acceso. Tienen contactos, recursos y la experiencia para aprovecharlos eficazmente. Eso significa traer expertos de la industria, reunir pruebas cruciales, y construir el caso m\u00e1s fuerte posible para usted. Es como tener a todo un equipo de tu lado, trabajando para conseguir el mejor resultado posible.<\/p>\n<h3>5. Explorar soluciones alternativas a los conflictos<\/h3>\n<p>Las batallas legales sobre asuntos de viajes compartidos pueden ser un dolor de cabeza largo y costoso. Por suerte, la mayor\u00eda de los abogados de accidentes de transporte compartido tienen otros trucos bajo la manga. Son h\u00e1biles negociadores y saben c\u00f3mo utilizar la mediaci\u00f3n o el arbitraje para resolver las cosas m\u00e1s r\u00e1pido y con menos estr\u00e9s que ir a juicio. Esto puede ahorrarle tiempo, dinero y un mont\u00f3n de drama innecesario. Su abogado sopesar\u00e1 todas las opciones y determinar\u00e1 cu\u00e1l es el mejor enfoque para su situaci\u00f3n particular.<\/p>\n<h2>Demandas por accidentes de transporte compartido y seguros<\/h2>\n<p><img loading=\"lazy\" decoding=\"async\" class=\"alignnone wp-image-3388 size-full\" src=\"https:\/\/919law.com\/wp-content\/uploads\/2024\/08\/shutterstock_2274350895.webp\" alt=\"A Raleigh rideshare accident lawyer goes over case notes - Raleigh Uber accident lawyer\" width=\"500\" height=\"333\" srcset=\"https:\/\/919law.com\/wp-content\/uploads\/2024\/08\/shutterstock_2274350895.webp 500w, https:\/\/919law.com\/wp-content\/uploads\/2024\/08\/shutterstock_2274350895-300x200.webp 300w\" sizes=\"(max-width: 500px) 100vw, 500px\" \/><\/p>\n<p>Si un accidente de coche compartido le deja lesionado, demandar al conductor culpable es siempre una opci\u00f3n. Los accidentes de coche en los que est\u00e1n implicados veh\u00edculos compartidos pueden ser m\u00e1s complejos que otros tipos de accidentes de coche debido a la implicaci\u00f3n de m\u00faltiples p\u00f3lizas de seguros. Su compa\u00f1\u00eda de seguros es probable que intervenga para defenderlos, sin embargo, y que podr\u00eda tratar de resolver antes de que las cosas se complican en los tribunales. Los juicios son raros en los casos de Uber y Lyft, y hay algunas razones por las que las compa\u00f1\u00edas de seguros prefieren evitarlos:<\/p>\n<ul>\n<li>Los jurados pueden ser impredecibles. Pueden concederte mucho m\u00e1s dinero del que la compa\u00f1\u00eda de seguros te ofreci\u00f3 inicialmente.<\/li>\n<li>Si la compa\u00f1\u00eda de seguros se niega injustificadamente a llegar a un acuerdo, podr\u00eda enfrentarse a una demanda de \u00abmala fe\u00bb por parte del conductor.<br \/>\nLos juicios son caros. Los abogados no trabajan gratis y, ya sea por horas o a tanto alzado, la aseguradora tiene que pagar la factura. Mientras tanto, es probable que tu abogado trabaje en r\u00e9gimen de contingencia, lo que significa que s\u00f3lo cobrar\u00e1 si ganas.<\/li>\n<\/ul>\n<p>Acudir a los tribunales es el \u00faltimo recurso en la mayor\u00eda de los casos. La mayor\u00eda se resuelven antes de llegar a los tribunales, ya sea al principio o despu\u00e9s de reunir algunas pruebas. S\u00f3lo s\u00e9 que usted tiene la opci\u00f3n de llevarlo m\u00e1s lejos y que esto le puede dar ventaja en las negociaciones.<\/p>\n<h2>Programar una consulta con el mejor abogado de Raleigh Rideshare accidente<\/h2>\n<p><img loading=\"lazy\" decoding=\"async\" class=\"alignnone wp-image-3575 size-full\" src=\"https:\/\/919law.com\/wp-content\/uploads\/2024\/08\/how-to-get-a-copy-of-car-accident-police-report.jpg\" alt=\"Uber Accident Lawyer in Raleigh\" width=\"500\" height=\"350\" srcset=\"https:\/\/919law.com\/wp-content\/uploads\/2024\/08\/how-to-get-a-copy-of-car-accident-police-report.jpg 500w, https:\/\/919law.com\/wp-content\/uploads\/2024\/08\/how-to-get-a-copy-of-car-accident-police-report-300x210.jpg 300w\" sizes=\"(max-width: 500px) 100vw, 500px\" \/><\/p>\n<p>Los accidentes de coche compartido son complicados, y las compa\u00f1\u00edas de seguros no te pondr\u00e1n exactamente la alfombra roja cuando hagas una reclamaci\u00f3n. Su objetivo es pagar lo menos posible. Ni siquiera pesta\u00f1ear\u00e1n si intentas arregl\u00e1rtelas por tu cuenta. Pero, \u00bfcontar con un abogado experto? De repente, usted es una fuerza a tener en cuenta. Con el aumento de la incidencia de accidentes de Lyft, tener apoyo legal es m\u00e1s importante que nunca para las personas afectadas. Es por eso que conseguir un abogado involucrado temprano es crucial. Con un buen abogado de accidentes de transporte compartido, usted no tiene que cargar con los tecnicismos de las reclamaciones de accidentes de transporte compartido. Nosotros nos encargaremos de las llamadas, el papeleo, las negociaciones, todos los dolores de cabeza que no necesita mientras se recupera. Aqu\u00ed en Mogy Law, ofrecemos consultas gratuitas. Es una oportunidad para hablar de las cosas, obtener respuestas a sus preguntas, y ver si somos la opci\u00f3n adecuada para usted. No deje que las compa\u00f1\u00edas de seguros lo pisoteen. Usted tiene derechos, y estamos aqu\u00ed para asegurarse de que est\u00e1n protegidos. As\u00ed que ll\u00e1menos hoy mismo al <a href=\"tel:+19014439133\"><i class=\"fa fa-phone-alt\"><\/i>(901) 443-9133<\/a>. No tienes nada que perder, y potencialmente mucho que ganar.<\/p>\n","protected":false},"excerpt":{"rendered":"<p>Raleigh Rideshare Accidente Abogado &#8211; Uber o Lyft Accidente \u00bfNecesita un abogado de accidentes de transporte compartido en Raleigh? Ridesharing es un arma de doble filo, \u00bfno le parece? Uber y Lyft tienen a la gente abandonando la idea de conducir ebrio, lo cual es fant\u00e1stico. \u00bfUna ca\u00edda del 20% en DUIs? Eso es una [&hellip;]<\/p>\n","protected":false},"author":22,"featured_media":0,"parent":4137,"menu_order":7,"comment_status":"closed","ping_status":"closed","template":"","meta":{"_acf_changed":false,"anchor_text":"","footnotes":""},"class_list":["post-4161","page","type-page","status-publish","hentry"],"acf":[],"_links":{"self":[{"href":"https:\/\/919law.com\/es\/wp-json\/wp\/v2\/pages\/4161","targetHints":{"allow":["GET"]}}],"collection":[{"href":"https:\/\/919law.com\/es\/wp-json\/wp\/v2\/pages"}],"about":[{"href":"https:\/\/919law.com\/es\/wp-json\/wp\/v2\/types\/page"}],"author":[{"embeddable":true,"href":"https:\/\/919law.com\/es\/wp-json\/wp\/v2\/users\/22"}],"replies":[{"embeddable":true,"href":"https:\/\/919law.com\/es\/wp-json\/wp\/v2\/comments?post=4161"}],"version-history":[{"count":2,"href":"https:\/\/919law.com\/es\/wp-json\/wp\/v2\/pages\/4161\/revisions"}],"predecessor-version":[{"id":4163,"href":"https:\/\/919law.com\/es\/wp-json\/wp\/v2\/pages\/4161\/revisions\/4163"}],"up":[{"embeddable":true,"href":"https:\/\/919law.com\/es\/wp-json\/wp\/v2\/pages\/4137"}],"wp:attachment":[{"href":"https:\/\/919law.com\/es\/wp-json\/wp\/v2\/media?parent=4161"}],"curies":[{"name":"wp","href":"https:\/\/api.w.org\/{rel}","templated":true}]}}