{"id":4170,"date":"2026-03-18T06:00:58","date_gmt":"2026-03-18T11:00:58","guid":{"rendered":"https:\/\/919law.com\/charlotte\/"},"modified":"2025-07-16T14:45:15","modified_gmt":"2025-07-16T19:45:15","slug":"charlotte","status":"publish","type":"page","link":"https:\/\/919law.com\/es\/charlotte\/","title":{"rendered":"Charlotte"},"content":{"rendered":"<p>Charlotte (Carolina del Norte), la ciudad m\u00e1s grande del estado, es uno de los principales centros financieros de Estados Unidos, con una poblaci\u00f3n de m\u00e1s de 880.000 habitantes. Conocida como la \u00abCiudad Reina\u00bb, Charlotte es sede de importantes instituciones financieras como Bank of America, lo que la convierte en el segundo mayor centro bancario del pa\u00eds. La ciudad presume de una vibrante escena cultural, con museos como el Mint Museum y el Bechtler Museum of Modern Art, as\u00ed como un pr\u00f3spero distrito art\u00edstico en NoDa. El deporte es tambi\u00e9n un elemento central de la identidad de Charlotte, con equipos como los Carolina Panthers (NFL) y los Charlotte Hornets (NBA). Adem\u00e1s de su atractivo urbano, Charlotte ofrece espacios verdes como el Freedom Park y el U.S. National Whitewater Center, que combinan la pujanza econ\u00f3mica con la riqueza cultural y los servicios al aire libre.<\/p>\n","protected":false},"excerpt":{"rendered":"<p>Charlotte (Carolina del Norte), la ciudad m\u00e1s grande del estado, es uno de los principales centros financieros de Estados Unidos, con una poblaci\u00f3n de m\u00e1s de 880.000 habitantes. Conocida como la \u00abCiudad Reina\u00bb, Charlotte es sede de importantes instituciones financieras como Bank of America, lo que la convierte en el segundo mayor centro bancario del [&hellip;]<\/p>\n","protected":false},"author":22,"featured_media":3987,"parent":0,"menu_order":8,"comment_status":"closed","ping_status":"closed","template":"","meta":{"_acf_changed":false,"anchor_text":"","footnotes":""},"class_list":["post-4170","page","type-page","status-publish","has-post-thumbnail","hentry"],"acf":[],"_links":{"self":[{"href":"https:\/\/919law.com\/es\/wp-json\/wp\/v2\/pages\/4170","targetHints":{"allow":["GET"]}}],"collection":[{"href":"https:\/\/919law.com\/es\/wp-json\/wp\/v2\/pages"}],"about":[{"href":"https:\/\/919law.com\/es\/wp-json\/wp\/v2\/types\/page"}],"author":[{"embeddable":true,"href":"https:\/\/919law.com\/es\/wp-json\/wp\/v2\/users\/22"}],"replies":[{"embeddable":true,"href":"https:\/\/919law.com\/es\/wp-json\/wp\/v2\/comments?post=4170"}],"version-history":[{"count":3,"href":"https:\/\/919law.com\/es\/wp-json\/wp\/v2\/pages\/4170\/revisions"}],"predecessor-version":[{"id":6061,"href":"https:\/\/919law.com\/es\/wp-json\/wp\/v2\/pages\/4170\/revisions\/6061"}],"wp:featuredmedia":[{"embeddable":true,"href":"https:\/\/919law.com\/es\/wp-json\/wp\/v2\/media\/3987"}],"wp:attachment":[{"href":"https:\/\/919law.com\/es\/wp-json\/wp\/v2\/media?parent=4170"}],"curies":[{"name":"wp","href":"https:\/\/api.w.org\/{rel}","templated":true}]}}