{"id":4175,"date":"2026-04-10T16:28:58","date_gmt":"2026-04-10T21:28:58","guid":{"rendered":"https:\/\/919law.com\/charlotte\/charlotte-abogado-de-accidente-de-coche\/"},"modified":"2024-09-09T02:36:09","modified_gmt":"2024-09-09T07:36:09","slug":"charlotte-abogado-de-accidente-de-coche","status":"publish","type":"page","link":"https:\/\/919law.com\/es\/charlotte\/charlotte-abogado-de-accidente-de-coche\/","title":{"rendered":"Charlotte Abogado de Accidente de Coche"},"content":{"rendered":"<h2>\u00bfLastimado? \u00bfNecesita un Abogado de Accidente de Coche en Charlotte?<\/h2>\n<p>Cuando usted est\u00e1 involucrado en un accidente de coche, la elecci\u00f3n de la representaci\u00f3n legal puede afectar significativamente el resultado de su caso. En Mogy Law Firm, entendemos los retos y las incertidumbres que siguen a este tipo de eventos traum\u00e1ticos. Es por eso que ofrecemos servicios legales integrales y compasivos adaptados para satisfacer sus necesidades \u00fanicas, asegurando que usted reciba la mejor representaci\u00f3n posible en Charlotte. Nuestro dedicado equipo de abogados de accidentes automovil\u00edsticos se compromete a ayudarle a navegar por las complejidades de su caso, desde el trato con las compa\u00f1\u00edas de seguros hasta la obtenci\u00f3n de una compensaci\u00f3n justa por sus lesiones. Conf\u00ede en Mogy Law Firm para ser su defensor en estos momentos dif\u00edciles. P\u00f3ngase en contacto con nosotros hoy en <a href=\"tel:+19014439133\"><i class=\"fa fa-phone-alt\"><\/i>(901) 443-9133<\/a> para una consulta gratuita y dar el primer paso hacia la obtenci\u00f3n de la justicia que se merece.<\/p>\n\t\t<div data-elementor-type=\"section\" data-elementor-id=\"208\" class=\"elementor elementor-208\" data-elementor-post-type=\"elementor_library\">\n\t\t\t\t\t<section class=\"elementor-section elementor-top-section elementor-element elementor-element-485e576a elementor-section-boxed elementor-section-height-default elementor-section-height-default\" data-id=\"485e576a\" data-element_type=\"section\" data-e-type=\"section\">\n\t\t\t\t\t\t<div class=\"elementor-container elementor-column-gap-default\">\n\t\t\t\t\t<div class=\"elementor-column elementor-col-100 elementor-top-column elementor-element elementor-element-635c38c0\" data-id=\"635c38c0\" data-element_type=\"column\" data-e-type=\"column\">\n\t\t\t<div class=\"elementor-widget-wrap elementor-element-populated\">\n\t\t\t\t\t\t<div class=\"elementor-element elementor-element-3ba95c8a elementor-toc--minimized-on-tablet elementor-widget elementor-widget-table-of-contents\" data-id=\"3ba95c8a\" data-element_type=\"widget\" data-e-type=\"widget\" data-settings=\"{&quot;exclude_headings_by_selector&quot;:&quot;.toc-remove&quot;,&quot;headings_by_tags&quot;:[&quot;h2&quot;,&quot;h3&quot;],&quot;marker_view&quot;:&quot;numbers&quot;,&quot;no_headings_message&quot;:&quot;No se ha encontrado ning\\u00fan encabezado en esta p\\u00e1gina.&quot;,&quot;minimize_box&quot;:&quot;yes&quot;,&quot;minimized_on&quot;:&quot;tablet&quot;,&quot;hierarchical_view&quot;:&quot;yes&quot;,&quot;min_height&quot;:{&quot;unit&quot;:&quot;px&quot;,&quot;size&quot;:&quot;&quot;,&quot;sizes&quot;:[]},&quot;min_height_tablet&quot;:{&quot;unit&quot;:&quot;px&quot;,&quot;size&quot;:&quot;&quot;,&quot;sizes&quot;:[]},&quot;min_height_mobile&quot;:{&quot;unit&quot;:&quot;px&quot;,&quot;size&quot;:&quot;&quot;,&quot;sizes&quot;:[]}}\" data-widget_type=\"table-of-contents.default\">\n\t\t\t\t\t\t\t\t\t<div class=\"elementor-toc__header\">\n\t\t\t\t\t\t<div class=\"elementor-toc__header-title\">\n\t\t\t\tTable of Contents\t\t\t<\/div>\n\t\t\t\t\t\t\t\t\t\t<div class=\"elementor-toc__toggle-button elementor-toc__toggle-button--expand\" role=\"button\" tabindex=\"0\" aria-controls=\"elementor-toc__3ba95c8a\" aria-expanded=\"true\" aria-label=\"Abrir la tabla de contenidos\"><svg aria-hidden=\"true\" class=\"e-font-icon-svg e-fas-chevron-down\" viewBox=\"0 0 448 512\" xmlns=\"http:\/\/www.w3.org\/2000\/svg\"><path d=\"M207.029 381.476L12.686 187.132c-9.373-9.373-9.373-24.569 0-33.941l22.667-22.667c9.357-9.357 24.522-9.375 33.901-.04L224 284.505l154.745-154.021c9.379-9.335 24.544-9.317 33.901.04l22.667 22.667c9.373 9.373 9.373 24.569 0 33.941L240.971 381.476c-9.373 9.372-24.569 9.372-33.942 0z\"><\/path><\/svg><\/div>\n\t\t\t\t<div class=\"elementor-toc__toggle-button elementor-toc__toggle-button--collapse\" role=\"button\" tabindex=\"0\" aria-controls=\"elementor-toc__3ba95c8a\" aria-expanded=\"true\" aria-label=\"Cerrar la tabla de contenidos\"><svg aria-hidden=\"true\" class=\"e-font-icon-svg e-fas-chevron-up\" viewBox=\"0 0 448 512\" xmlns=\"http:\/\/www.w3.org\/2000\/svg\"><path d=\"M240.971 130.524l194.343 194.343c9.373 9.373 9.373 24.569 0 33.941l-22.667 22.667c-9.357 9.357-24.522 9.375-33.901.04L224 227.495 69.255 381.516c-9.379 9.335-24.544 9.317-33.901-.04l-22.667-22.667c-9.373-9.373-9.373-24.569 0-33.941L207.03 130.525c9.372-9.373 24.568-9.373 33.941-.001z\"><\/path><\/svg><\/div>\n\t\t\t\t\t<\/div>\n\t\t\t\t<div id=\"elementor-toc__3ba95c8a\" class=\"elementor-toc__body\">\n\t\t\t<div class=\"elementor-toc__spinner-container\">\n\t\t\t\t<svg class=\"elementor-toc__spinner eicon-animation-spin e-font-icon-svg e-eicon-loading\" aria-hidden=\"true\" viewBox=\"0 0 1000 1000\" xmlns=\"http:\/\/www.w3.org\/2000\/svg\"><path d=\"M500 975V858C696 858 858 696 858 500S696 142 500 142 142 304 142 500H25C25 237 238 25 500 25S975 237 975 500 763 975 500 975Z\"><\/path><\/svg>\t\t\t<\/div>\n\t\t<\/div>\n\t\t\t\t\t\t<\/div>\n\t\t\t\t\t<\/div>\n\t\t<\/div>\n\t\t\t\t\t<\/div>\n\t\t<\/section>\n\t\t\t\t<\/div>\n\t\t\n<h2>\u00bfPor qu\u00e9 elegir el bufete de abogados Mogy como su abogado de accidente de coche en Charlotte?<\/h2>\n<p>Cuando se enfrenta a las secuelas de un accidente de coche, la selecci\u00f3n de la representaci\u00f3n legal adecuada es crucial. En Mogy Law Firm, nos destacamos como su mejor opci\u00f3n para un abogado de accidente de coche en Charlotte. He aqu\u00ed por qu\u00e9:<\/p>\n<h3>Nuestro Compromiso con Servicios Legales Justos y Transparentes<\/h3>\n<p>Damos prioridad a la equidad y la transparencia en todos nuestros tratos. Nuestra pol\u00edtica es directa: nunca tomamos m\u00e1s que nuestros clientes de cualquier acuerdo. Esto asegura que usted reciba la compensaci\u00f3n que se merece sin honorarios ocultos ni sorpresas.<\/p>\n<h3>Tarifas competitivas: Nos quedamos con m\u00e1s de su indemnizaci\u00f3n<\/h3>\n<p>A diferencia de muchos bufetes que cobran una tarifa est\u00e1ndar del 33%, nosotros ofrecemos una tarifa competitiva del 25%. Esta tasa m\u00e1s baja significa que m\u00e1s de su liquidaci\u00f3n se queda con usted, ayudando a cubrir las facturas m\u00e9dicas, salarios perdidos, y otros gastos derivados del accidente.<\/p>\n<h3>Servicios legales personalizados y adaptados a sus necesidades<\/h3>\n<p>Cada accidente de coche es diferente, y tambi\u00e9n lo son las necesidades de cada cliente. Proporcionamos servicios legales individualizados y abordamos sus circunstancias espec\u00edficas. Nuestro enfoque asegura que usted reciba la atenci\u00f3n y la experiencia necesaria para navegar su caso con eficacia. La elecci\u00f3n de Mogy Law Firm como su abogado de accidente de coche en Charlotte significa optar por un equipo dedicado a sus mejores intereses. P\u00f3ngase en contacto con nosotros hoy para una consulta gratuita y descubra c\u00f3mo podemos ayudarle a obtener una compensaci\u00f3n justa.<\/p>\n<h2>Entendiendo el Impacto de un Accidente de Auto<\/h2>\n<h3>El impacto f\u00edsico y emocional de los accidentes automovil\u00edsticos<\/h3>\n<p>Los accidentes automovil\u00edsticos pueden conducir a una serie de lesiones f\u00edsicas, desde contusiones leves a graves, condiciones que alteran la vida. Las v\u00edctimas a menudo experimentan angustia emocional, ansiedad e incluso TEPT. El trauma de un accidente de coche puede persistir mucho despu\u00e9s de que las heridas f\u00edsicas se hayan curado.<\/p>\n<h3>Lesiones comunes en accidentes de tr\u00e1fico<\/h3>\n<p>Las lesiones por accidentes de tr\u00e1fico pueden ser diversas. Los problemas m\u00e1s comunes incluyen latigazo cervical, fracturas \u00f3seas, lesiones de la m\u00e9dula espinal y lesiones cerebrales traum\u00e1ticas. Algunas v\u00edctimas pueden requerir tratamiento m\u00e9dico y rehabilitaci\u00f3n extensos, lo que afecta significativamente a su vida diaria.<\/p>\n<h3>La carga financiera: Facturas m\u00e9dicas, salarios perdidos y m\u00e1s<\/h3>\n<p>La tensi\u00f3n financiera despu\u00e9s de un accidente de coche puede ser abrumadora. Las facturas m\u00e9dicas, incluyendo la atenci\u00f3n de emergencia, cirug\u00edas y tratamientos en curso, pueden acumularse r\u00e1pidamente. Muchas v\u00edctimas tambi\u00e9n se enfrentan a la p\u00e9rdida de salarios debido a su incapacidad para trabajar. Adem\u00e1s, hay otros costes como las reparaciones del veh\u00edculo y las posibles necesidades de cuidados a largo plazo. Buscar una indemnizaci\u00f3n justa con la ayuda de abogados expertos en accidentes de tr\u00e1fico puede aliviar algunas de estas cargas.<\/p>\n<p><a href=\"https:\/\/919law.com\/wp-content\/uploads\/2024\/08\/Charlotte-Car-Accident-.jpg\"><img fetchpriority=\"high\" decoding=\"async\" class=\"alignnone size-full wp-image-3630\" src=\"https:\/\/919law.com\/wp-content\/uploads\/2024\/08\/Charlotte-Car-Accident-.jpg\" alt=\"car accident lawyer in Charlotte\" width=\"500\" height=\"286\" srcset=\"https:\/\/919law.com\/wp-content\/uploads\/2024\/08\/Charlotte-Car-Accident-.jpg 500w, https:\/\/919law.com\/wp-content\/uploads\/2024\/08\/Charlotte-Car-Accident--300x172.jpg 300w\" sizes=\"(max-width: 500px) 100vw, 500px\" \/><\/a><\/p>\n<h2>C\u00f3mo Mogy Law Firm puede ayudar en su caso de accidente de coche<\/h2>\n<h3>Investigando el Accidente y Reuniendo Evidencia<\/h3>\n<p>Cuando se ve involucrado en un accidente automovil\u00edstico, tener un abogado de accidentes automovil\u00edsticos en Charlotte de Mogy Law Firm de su lado puede hacer toda la diferencia. Nuestro equipo investigar\u00e1 a fondo el incidente, la recopilaci\u00f3n de pruebas cruciales, tales como informes policiales, declaraciones de testigos, y la documentaci\u00f3n fotogr\u00e1fica. Este enfoque meticuloso ayuda a construir un caso fuerte para nuestros clientes.<\/p>\n<h3>Calcular el alcance total de sus da\u00f1os<\/h3>\n<p>Comprender el impacto financiero de los accidentes de coche es vital. Evaluamos no s\u00f3lo los costes inmediatos, como las facturas m\u00e9dicas, sino tambi\u00e9n los gastos a largo plazo, como el tratamiento m\u00e9dico continuo y los salarios perdidos. Nuestro objetivo es asegurar que usted reciba una compensaci\u00f3n justa por todos sus da\u00f1os. Trabajamos diligentemente para calcular el alcance total de sus p\u00e9rdidas, incluidos los da\u00f1os no econ\u00f3micos como el dolor y el sufrimiento.<\/p>\n<h3>Manejo de comunicaciones y negociaciones con las compa\u00f1\u00edas de seguros<\/h3>\n<p>Tratar con las compa\u00f1\u00edas de seguros puede ser abrumador. Deje que nuestros experimentados abogados de accidentes de coche manejar todas las comunicaciones y negociaciones. Abogamos en su nombre, con el objetivo de asegurar el m\u00e1ximo acuerdo posible. Nuestros abogados de accidentes de coche en Charlotte son expertos en la negociaci\u00f3n con los ajustadores de seguros, asegurando que sus derechos est\u00e1n protegidos durante todo el proceso.<\/p>\n<h3>Presentaci\u00f3n de una demanda y representaci\u00f3n en los tribunales<\/h3>\n<p>Si las negociaciones no conducen a un acuerdo satisfactorio, nuestros abogados de accidentes automovil\u00edsticos est\u00e1n preparados para llevar su caso a los tribunales. Presentamos los documentos legales necesarios y lo representamos vigorosamente frente a un juez y un jurado. Los abogados de accidentes automovil\u00edsticos de Mogy Law Firm tienen un historial probado de \u00e9xito en litigios, luchando por los mejores resultados para nuestros clientes. Al elegir Mogy Law Firm, usted gana un socio comprometido en su viaje hacia la recuperaci\u00f3n. Ya sea a trav\u00e9s de la negociaci\u00f3n o litigio, nos esforzamos por lograr los mejores resultados posibles para cada cliente.<\/p>\n<h2>Nuestro historial de \u00e9xitos<\/h2>\n<h3>Resultados de casos: Historias Reales de Compensaci\u00f3n Justa<\/h3>\n<p>En Mogy Law Firm, nuestros abogados de accidentes automovil\u00edsticos en Charlotte tienen una historia de asegurar una compensaci\u00f3n justa para los clientes. Desde lesiones graves hasta accidentes automovil\u00edsticos menores, hemos manejado una amplia gama de casos, siempre con el objetivo de obtener los mejores resultados. Nuestro equipo de abogados dedicados a accidentes automovil\u00edsticos trabaja incansablemente para asegurarse de que usted reciba la compensaci\u00f3n que merece por facturas m\u00e9dicas, salarios perdidos y otros gastos.<\/p>\n<h3>Testimonios de clientes satisfechos<\/h3>\n<p>Los comentarios de nuestros clientes son elocuentes. Muchos han compartido sus experiencias positivas trabajando con nuestros abogados de accidentes de coche. Ellos aprecian el enfoque profesional y directo que traemos a cada caso. Ya sea tratando con una compa\u00f1\u00eda de seguros o navegar por las complejidades de una demanda por lesiones personales, nuestros clientes saben que est\u00e1n en buenas manos. Lea sus historias y vea por qu\u00e9 Mogy Law Firm es la opci\u00f3n de confianza para un abogado de accidente de coche en Charlotte.<\/p>\n<h2>Qu\u00e9 esperar cuando se trabaja con nuestro abogado de accidente de coche Charlotte<\/h2>\n<h3>La consulta inicial gratuita: Qu\u00e9 traer y qu\u00e9 esperar<\/h3>\n<p>Cuando se re\u00fana por primera vez con nuestro abogado de accidentes automovil\u00edsticos en Charlotte, la consulta es gratuita. Esta reuni\u00f3n es crucial para evaluar su caso. Traiga todos los documentos pertinentes, como informes policiales, facturas m\u00e9dicas e informaci\u00f3n del seguro. Nuestro equipo evaluar\u00e1 los detalles y proporcionar\u00e1 una hoja de ruta clara para su viaje legal.<\/p>\n<h3>Nuestra Estructura de Honorarios de Contingencia: Sin honorarios hasta que gane<\/h3>\n<p>Trabajamos con honorarios condicionales. Esto significa que usted no paga nada por adelantado. Nuestros honorarios provienen del acuerdo o de la sentencia judicial, lo que garantiza que usted no tenga que hacer frente a ninguna carga financiera mientras busca justicia. Este enfoque le permite centrarse en la recuperaci\u00f3n sin preocuparse por los costes legales.<\/p>\n<h3>Actualizaciones peri\u00f3dicas y comunicaci\u00f3n abierta<\/h3>\n<p>A lo largo de su caso, usted puede esperar actualizaciones regulares. Nuestros abogados de accidentes de coche en Charlotte dan prioridad a la comunicaci\u00f3n abierta, manteni\u00e9ndole informado sobre cada desarrollo. Siempre estamos disponibles para responder a sus preguntas y abordar cualquier preocupaci\u00f3n que pueda tener. Esta transparencia asegura que usted nunca se quede en la oscuridad sobre el progreso de su caso.<\/p>\n<p><a href=\"https:\/\/919law.com\/wp-content\/uploads\/2024\/08\/Auto-Accident-in-Charlotte.jpg\"><img decoding=\"async\" class=\"alignnone size-full wp-image-3631\" src=\"https:\/\/919law.com\/wp-content\/uploads\/2024\/08\/Auto-Accident-in-Charlotte.jpg\" alt=\"Auto Accident in Charlotte\" width=\"500\" height=\"334\" srcset=\"https:\/\/919law.com\/wp-content\/uploads\/2024\/08\/Auto-Accident-in-Charlotte.jpg 500w, https:\/\/919law.com\/wp-content\/uploads\/2024\/08\/Auto-Accident-in-Charlotte-300x200.jpg 300w\" sizes=\"(max-width: 500px) 100vw, 500px\" \/><\/a><\/p>\n<h2>Charlotte Abogados de Accidentes de Coche Preguntas Frecuentes<\/h2>\n<h3>\u00bfQu\u00e9 debo hacer inmediatamente despu\u00e9s de un accidente de coche?<\/h3>\n<p>Despu\u00e9s de un accidente de coche, dar prioridad a la seguridad. Vaya a un lugar seguro y compruebe si hay heridos. Llame a los servicios de emergencia e informe del incidente. Documente la escena con fotos y recopile informaci\u00f3n de contacto de los testigos. Notif\u00edquelo r\u00e1pidamente a su compa\u00f1\u00eda de seguros. Buscar tratamiento m\u00e9dico, incluso para lesiones menores, es crucial. P\u00f3ngase en contacto con un abogado especializado en accidentes de tr\u00e1fico en Charlotte para hablar de su caso.<\/p>\n<h3>\u00bfCu\u00e1nto tiempo tengo para presentar una demanda por accidente de coche en Carolina del Norte?<\/h3>\n<p>En Carolina del Norte, el estatuto de limitaciones para presentar una demanda por accidente de coche es generalmente de tres a\u00f1os a partir de la fecha del accidente. Este plazo se aplica a las demandas por lesiones personales y reclamaciones por da\u00f1os a la propiedad. Consultar con un abogado de accidentes de coche en Charlotte puede ayudarle a cumplir con todos los plazos y preservar sus derechos.<\/p>\n<h3>\u00bfQu\u00e9 tipos de indemnizaci\u00f3n puedo recibir?<\/h3>\n<p>La indemnizaci\u00f3n por accidentes de coche puede cubrir una serie de da\u00f1os y perjuicios. Usted puede recibir el pago de los gastos m\u00e9dicos, salarios perdidos, y da\u00f1os a la propiedad. Adem\u00e1s, la compensaci\u00f3n por dolor y sufrimiento, angustia emocional, y la p\u00e9rdida de disfrute de la vida puede estar disponible. Un abogado con experiencia en accidentes de tr\u00e1fico puede ayudarle a calcular el alcance total de sus da\u00f1os.<\/p>\n<h3>\u00bfCu\u00e1nto cuesta contratar a un abogado de accidente de coche?<\/h3>\n<p>En Mogy Law Firm, operamos en base a honorarios de contingencia. Esto significa que usted no paga honorarios por adelantado. Nuestros abogados de accidentes de coche s\u00f3lo se les paga si usted gana su caso. Esta estructura asegura que usted pueda obtener una compensaci\u00f3n justa sin estr\u00e9s financiero. P\u00f3ngase en contacto con nosotros para una consulta gratuita para discutir su caso y los costos potenciales.<\/p>\n<h2>P\u00f3ngase en contacto con Mogy Law Firm hoy para programar su consulta gratuita de accidente de coche<\/h2>\n<p>Si usted ha estado involucrado en un accidente de coche en Charlotte, es crucial para obtener el apoyo legal adecuado. Mogy Law Firm ofrece una consulta gratuita para discutir su caso. Nuestros abogados con experiencia en accidentes automovil\u00edsticos en Charlotte est\u00e1n listos para ayudarle. Entendemos los desaf\u00edos que enfrenta, desde las facturas m\u00e9dicas hasta los salarios perdidos, y nuestro objetivo es ayudarle a obtener una compensaci\u00f3n justa. Ll\u00e1menos hoy mismo al <a href=\"tel:+19014439133\"><i class=\"fa fa-phone-alt\"><\/i>(901) 443-9133<\/a> para programar la revisi\u00f3n gratuita de su caso. Nuestro equipo de abogados especializados en accidentes de coche evaluar\u00e1 su situaci\u00f3n y le proporcionar\u00e1 una orientaci\u00f3n clara sobre los pasos a seguir. No deje que las complejidades de tratar con una compa\u00f1\u00eda de seguros le abrumen. P\u00f3ngase en contacto con Mogy Law Firm y deje que nuestros abogados de accidentes de auto luchen por sus derechos.<\/p>\n","protected":false},"excerpt":{"rendered":"<p>\u00bfLastimado? \u00bfNecesita un Abogado de Accidente de Coche en Charlotte? Cuando usted est\u00e1 involucrado en un accidente de coche, la elecci\u00f3n de la representaci\u00f3n legal puede afectar significativamente el resultado de su caso. En Mogy Law Firm, entendemos los retos y las incertidumbres que siguen a este tipo de eventos traum\u00e1ticos. Es por eso que [&hellip;]<\/p>\n","protected":false},"author":22,"featured_media":5387,"parent":4170,"menu_order":1,"comment_status":"closed","ping_status":"closed","template":"","meta":{"_acf_changed":false,"anchor_text":"","footnotes":""},"class_list":["post-4175","page","type-page","status-publish","has-post-thumbnail","hentry"],"acf":[],"_links":{"self":[{"href":"https:\/\/919law.com\/es\/wp-json\/wp\/v2\/pages\/4175","targetHints":{"allow":["GET"]}}],"collection":[{"href":"https:\/\/919law.com\/es\/wp-json\/wp\/v2\/pages"}],"about":[{"href":"https:\/\/919law.com\/es\/wp-json\/wp\/v2\/types\/page"}],"author":[{"embeddable":true,"href":"https:\/\/919law.com\/es\/wp-json\/wp\/v2\/users\/22"}],"replies":[{"embeddable":true,"href":"https:\/\/919law.com\/es\/wp-json\/wp\/v2\/comments?post=4175"}],"version-history":[{"count":2,"href":"https:\/\/919law.com\/es\/wp-json\/wp\/v2\/pages\/4175\/revisions"}],"predecessor-version":[{"id":4177,"href":"https:\/\/919law.com\/es\/wp-json\/wp\/v2\/pages\/4175\/revisions\/4177"}],"up":[{"embeddable":true,"href":"https:\/\/919law.com\/es\/wp-json\/wp\/v2\/pages\/4170"}],"wp:featuredmedia":[{"embeddable":true,"href":"https:\/\/919law.com\/es\/wp-json\/wp\/v2\/media\/5387"}],"wp:attachment":[{"href":"https:\/\/919law.com\/es\/wp-json\/wp\/v2\/media?parent=4175"}],"curies":[{"name":"wp","href":"https:\/\/api.w.org\/{rel}","templated":true}]}}