{"id":4178,"date":"2024-08-06T16:28:58","date_gmt":"2024-08-06T21:28:58","guid":{"rendered":"https:\/\/919law.com\/charlotte\/abogado-de-accidentes-por-conducir-ebrio-en-charlotte\/"},"modified":"2024-09-09T02:42:20","modified_gmt":"2024-09-09T07:42:20","slug":"abogado-de-accidentes-por-conducir-ebrio-en-charlotte","status":"publish","type":"page","link":"https:\/\/919law.com\/es\/charlotte\/abogado-de-accidentes-por-conducir-ebrio-en-charlotte\/","title":{"rendered":"Abogado de accidentes por conducir ebrio en Charlotte"},"content":{"rendered":"<h2>\u00bfHerido por un conductor ebrio? Podemos ayudarle.<\/h2>\n<p>Cuando usted o un ser querido est\u00e1 involucrado en un accidente de conducir ebrio, las secuelas pueden ser abrumadoras. Las v\u00edctimas lesionadas a menudo se enfrentan a lesiones graves, el aumento de las facturas m\u00e9dicas y salarios perdidos. Un abogado de accidentes de conducir ebrio en Charlotte puede ayudarle a navegar por estos desaf\u00edos y buscar una compensaci\u00f3n por sus p\u00e9rdidas. La elecci\u00f3n del abogado de accidentes por conducir ebrio es crucial. Mogy Law Firm ofrece una consulta gratuita para discutir su caso. Con su amplia experiencia en demandas por lesiones personales, est\u00e1n comprometidos a ayudar a los clientes lesionados a lograr la m\u00e1xima compensaci\u00f3n. No se enfrente a las complejidades de una demanda de accidente por conducir ebrio solo. P\u00f3ngase en contacto con Mogy Law Firm hoy en <a href=\"tel:+19014439133\"><i class=\"fa fa-phone-alt\"><\/i>(901) 443-9133<\/a> para una consulta sin compromiso con nuestro abogado de accidentes por conducir ebrio.<\/p>\n\t\t<div data-elementor-type=\"section\" data-elementor-id=\"208\" class=\"elementor elementor-208\" data-elementor-post-type=\"elementor_library\">\n\t\t\t\t\t<section class=\"elementor-section elementor-top-section elementor-element elementor-element-485e576a elementor-section-boxed elementor-section-height-default elementor-section-height-default\" data-id=\"485e576a\" data-element_type=\"section\" data-e-type=\"section\">\n\t\t\t\t\t\t<div class=\"elementor-container elementor-column-gap-default\">\n\t\t\t\t\t<div class=\"elementor-column elementor-col-100 elementor-top-column elementor-element elementor-element-635c38c0\" data-id=\"635c38c0\" data-element_type=\"column\" data-e-type=\"column\">\n\t\t\t<div class=\"elementor-widget-wrap elementor-element-populated\">\n\t\t\t\t\t\t<div class=\"elementor-element elementor-element-3ba95c8a elementor-toc--minimized-on-tablet elementor-widget elementor-widget-table-of-contents\" data-id=\"3ba95c8a\" data-element_type=\"widget\" data-e-type=\"widget\" data-settings=\"{&quot;exclude_headings_by_selector&quot;:&quot;.toc-remove&quot;,&quot;headings_by_tags&quot;:[&quot;h2&quot;,&quot;h3&quot;],&quot;marker_view&quot;:&quot;numbers&quot;,&quot;no_headings_message&quot;:&quot;No se ha encontrado ning\\u00fan encabezado en esta p\\u00e1gina.&quot;,&quot;minimize_box&quot;:&quot;yes&quot;,&quot;minimized_on&quot;:&quot;tablet&quot;,&quot;hierarchical_view&quot;:&quot;yes&quot;,&quot;min_height&quot;:{&quot;unit&quot;:&quot;px&quot;,&quot;size&quot;:&quot;&quot;,&quot;sizes&quot;:[]},&quot;min_height_tablet&quot;:{&quot;unit&quot;:&quot;px&quot;,&quot;size&quot;:&quot;&quot;,&quot;sizes&quot;:[]},&quot;min_height_mobile&quot;:{&quot;unit&quot;:&quot;px&quot;,&quot;size&quot;:&quot;&quot;,&quot;sizes&quot;:[]}}\" data-widget_type=\"table-of-contents.default\">\n\t\t\t\t\t\t\t\t\t<div class=\"elementor-toc__header\">\n\t\t\t\t\t\t<div class=\"elementor-toc__header-title\">\n\t\t\t\tTable of Contents\t\t\t<\/div>\n\t\t\t\t\t\t\t\t\t\t<div class=\"elementor-toc__toggle-button elementor-toc__toggle-button--expand\" role=\"button\" tabindex=\"0\" aria-controls=\"elementor-toc__3ba95c8a\" aria-expanded=\"true\" aria-label=\"Abrir la tabla de contenidos\"><svg aria-hidden=\"true\" class=\"e-font-icon-svg e-fas-chevron-down\" viewBox=\"0 0 448 512\" xmlns=\"http:\/\/www.w3.org\/2000\/svg\"><path d=\"M207.029 381.476L12.686 187.132c-9.373-9.373-9.373-24.569 0-33.941l22.667-22.667c9.357-9.357 24.522-9.375 33.901-.04L224 284.505l154.745-154.021c9.379-9.335 24.544-9.317 33.901.04l22.667 22.667c9.373 9.373 9.373 24.569 0 33.941L240.971 381.476c-9.373 9.372-24.569 9.372-33.942 0z\"><\/path><\/svg><\/div>\n\t\t\t\t<div class=\"elementor-toc__toggle-button elementor-toc__toggle-button--collapse\" role=\"button\" tabindex=\"0\" aria-controls=\"elementor-toc__3ba95c8a\" aria-expanded=\"true\" aria-label=\"Cerrar la tabla de contenidos\"><svg aria-hidden=\"true\" class=\"e-font-icon-svg e-fas-chevron-up\" viewBox=\"0 0 448 512\" xmlns=\"http:\/\/www.w3.org\/2000\/svg\"><path d=\"M240.971 130.524l194.343 194.343c9.373 9.373 9.373 24.569 0 33.941l-22.667 22.667c-9.357 9.357-24.522 9.375-33.901.04L224 227.495 69.255 381.516c-9.379 9.335-24.544 9.317-33.901-.04l-22.667-22.667c-9.373-9.373-9.373-24.569 0-33.941L207.03 130.525c9.372-9.373 24.568-9.373 33.941-.001z\"><\/path><\/svg><\/div>\n\t\t\t\t\t<\/div>\n\t\t\t\t<div id=\"elementor-toc__3ba95c8a\" class=\"elementor-toc__body\">\n\t\t\t<div class=\"elementor-toc__spinner-container\">\n\t\t\t\t<svg class=\"elementor-toc__spinner eicon-animation-spin e-font-icon-svg e-eicon-loading\" aria-hidden=\"true\" viewBox=\"0 0 1000 1000\" xmlns=\"http:\/\/www.w3.org\/2000\/svg\"><path d=\"M500 975V858C696 858 858 696 858 500S696 142 500 142 142 304 142 500H25C25 237 238 25 500 25S975 237 975 500 763 975 500 975Z\"><\/path><\/svg>\t\t\t<\/div>\n\t\t<\/div>\n\t\t\t\t\t\t<\/div>\n\t\t\t\t\t<\/div>\n\t\t<\/div>\n\t\t\t\t\t<\/div>\n\t\t<\/section>\n\t\t\t\t<\/div>\n\t\t\n<h2>Entendiendo las leyes de conducir ebrio en Carolina del Norte<\/h2>\n<p>Navegar por el panorama legal de las leyes de conducir ebrio en Carolina del Norte es crucial para cualquier persona involucrada en un accidente de conducir ebrio. El estado tiene regulaciones estrictas destinadas a frenar la conducci\u00f3n bajo los efectos del alcohol, proteger la seguridad p\u00fablica y responsabilizar a los conductores ebrios.<\/p>\n<h3>L\u00edmites de contenido de alcohol en sangre (BAC)<\/h3>\n<p>La ley de Carolina del Norte establece l\u00edmites claros en el contenido de alcohol en la sangre (BAC) para determinar la intoxicaci\u00f3n. Para la mayor\u00eda de los conductores ebrios, una tasa de alcoholemia de 0,08% o superior es ilegal. Los conductores de veh\u00edculos comerciales se enfrentan a l\u00edmites m\u00e1s estrictos, con un umbral de alcoholemia del 0,04%. Para los conductores menores de 21 a\u00f1os, cualquier alcohol detectable en su sistema es motivo de acci\u00f3n legal. Estos l\u00edmites de alcoholemia se aplican rigurosamente para reducir el riesgo de accidentes causados por un conductor ebrio.<\/p>\n<h3>Sanciones por conducir ebrio en Carolina del Norte<\/h3>\n<p>Las sanciones por conducir ebrio en Carolina del Norte son severas y aumentan con cada ofensa. Un infractor por primera vez puede enfrentarse a multas, suspensi\u00c3\u00b3n de la licencia de conducir, programas obligatorios de educaci\u00c3\u00b3n sobre el alcohol, e incluso penas de c\u00c3\u00a1rcel. Los infractores reincidentes se enfrentan a penas m\u00e1s duras, incluyendo suspensiones de licencia m\u00e1s largas, multas m\u00e1s grandes y encarcelamiento prolongado. Adem\u00e1s, las circunstancias agravadas, como causar una lesi\u00f3n grave o una muerte, pueden dar lugar a cargos y penas mayores. Entender estas penas es vital para aquellos involucrados en casos de conducir ebrio, ya que subrayan la importancia de la representaci\u00f3n legal. En resumen, las leyes de Carolina del Norte sobre la conduccion bajo los efectos del alcohol estan disenadas para disuadir la conduccion bajo los efectos del alcohol y proteger al publico. Para las personas involucradas en accidentes por conducir ebrio, el conocimiento de estas leyes puede ser instrumental en la b\u00fasqueda de una indemnizaci\u00f3n y hacer que las partes responsables rindan cuentas.<\/p>\n<h2><a style=\"font-size: 16px;\" href=\"https:\/\/919law.com\/wp-content\/uploads\/2024\/08\/Drunk-driving-accident-.jpg\"><img fetchpriority=\"high\" decoding=\"async\" class=\"alignnone size-full wp-image-3756\" src=\"https:\/\/919law.com\/wp-content\/uploads\/2024\/08\/Drunk-driving-accident-.jpg\" alt=\"drunk driving accident\" width=\"500\" height=\"314\" srcset=\"https:\/\/919law.com\/wp-content\/uploads\/2024\/08\/Drunk-driving-accident-.jpg 500w, https:\/\/919law.com\/wp-content\/uploads\/2024\/08\/Drunk-driving-accident--300x188.jpg 300w\" sizes=\"(max-width: 500px) 100vw, 500px\" \/><\/a><\/h2>\n<h2>Lesiones comunes en accidentes por conducir ebrio<\/h2>\n<p>Los accidentes por conducci\u00f3n bajo los efectos del alcohol suelen provocar lesiones graves a los implicados. Estos incidentes son el resultado de un conductor ebrio que hace caso omiso de la seguridad de los dem\u00e1s en la carretera. Estas son algunas de las lesiones m\u00e1s frecuentes en este tipo de accidentes:<\/p>\n<h3>Lesiones cerebrales traum\u00e1ticas<\/h3>\n<p>Las lesiones cerebrales traum\u00e1ticas (LCT) son una consecuencia grave de los accidentes por conducci\u00f3n bajo los efectos del alcohol. Estas lesiones pueden ir desde conmociones cerebrales leves a da\u00f1os cerebrales graves, que requieren una amplia atenci\u00f3n m\u00e9dica y rehabilitaci\u00f3n. Las v\u00edctimas pueden sufrir discapacidades cognitivas y f\u00edsicas a largo plazo.<\/p>\n<h3>Lesiones medulares<\/h3>\n<p>Las lesiones de la m\u00e9dula espinal son otro resultado devastador de los accidentes en los que est\u00e1 implicado un conductor ebrio. Estas lesiones pueden conducir a una par\u00e1lisis parcial o total, alterando dr\u00e1sticamente la vida de la v\u00edctima. Los gastos m\u00e9dicos por lesiones de la m\u00e9dula espinal pueden ser sustanciales, a menudo incluyendo cirug\u00edas, terapia f\u00edsica y atenci\u00f3n continua.<\/p>\n<h3>Latigazo cervical y lesiones cervicales<\/h3>\n<p>El latigazo cervical es una lesi\u00f3n frecuente en los accidentes de tr\u00e1fico, sobre todo en los provocados por conductores ebrios. Esta lesi\u00f3n se produce cuando el cuello se sacude repentinamente, lo que provoca dolor, rigidez y movilidad reducida. El latigazo cervical tambi\u00e9n puede provocar molestias a largo plazo y requerir un tratamiento exhaustivo.<\/p>\n<h3>Fracturas y huesos rotos<\/h3>\n<p>La fuerza de un accidente por conducir ebrio puede causar f\u00e1cilmente fracturas y fracturas de huesos. Estas lesiones a menudo requieren cirug\u00edas, yesos y terapia f\u00edsica. La recuperaci\u00f3n puede ser larga, afectando a la capacidad de la v\u00edctima para trabajar y realizar las actividades diarias.<\/p>\n<h3>Lesiones internas<\/h3>\n<p>Las lesiones internas son especialmente peligrosas, ya que pueden no ser evidentes de inmediato. Pueden incluir da\u00f1os en \u00f3rganos, hemorragias internas y otras afecciones cr\u00edticas. La atenci\u00f3n m\u00e9dica inmediata es crucial para tratar estas lesiones y evitar complicaciones posteriores.<\/p>\n<h3>Trauma psicol\u00f3gico<\/h3>\n<p>M\u00e1s all\u00e1 del da\u00f1o f\u00edsico, los accidentes por conducir ebrio pueden infligir un trauma psicol\u00f3gico significativo. Las v\u00edctimas pueden sufrir ansiedad, depresi\u00f3n y trastorno de estr\u00e9s postraum\u00e1tico (TEPT). Las lesiones psicol\u00f3gicas a menudo requieren asesoramiento y terapia para gestionar y recuperarse del impacto emocional. Las v\u00edctimas de accidentes por conducci\u00f3n bajo los efectos del alcohol se enfrentan a numerosos retos, desde el aumento de las facturas m\u00e9dicas hasta la lucha por una indemnizaci\u00f3n justa. Responsabilizar a un conductor ebrio es esencial para recuperar los da\u00f1os y garantizar la justicia. Si usted o un ser querido ha sido lesionado, la b\u00fasqueda de asistencia legal puede ayudar a navegar por las complejidades de su caso y perseguir la compensaci\u00f3n que se merece poni\u00e9ndose en contacto con nuestro abogado de accidentes por conducir ebrio.<\/p>\n<h2>Estad\u00edsticas de conducci\u00f3n bajo los efectos del alcohol en Carolina del Norte<\/h2>\n<p>Conducir ebrio sigue siendo un problema importante en Carolina del Norte, contribuyendo a un n\u00famero considerable de accidentes y lesiones cada a\u00f1o. Seg\u00fan la Divisi\u00f3n de Veh\u00edculos Motorizados de Carolina del Norte, miles de accidentes cada a\u00f1o se atribuyen a un conductor ebrio. Estos incidentes a menudo resultan en lesiones graves, muertes y da\u00f1os considerables a la propiedad. Solo en 2022, mas de 10,000 accidentes automovilisticos involucraron a un conductor ebrio en Carolina del Norte. Estos accidentes dieron lugar a numerosas demandas por lesiones personales, con personas lesionadas que buscan compensaci\u00f3n por gastos m\u00e9dicos, salarios perdidos y otros da\u00f1os. Las estad\u00edsticas destacan la necesidad cr\u00edtica de responsabilizar a los conductores ebrios y buscar una compensaci\u00f3n justa para los afectados. Los datos tambi\u00e9n revelan que los conductores de veh\u00edculos comerciales no son inmunes al problema. Los accidentes en los que se ven implicados veh\u00edculos comerciales y conductores ebrios pueden provocar lesiones catastr\u00f3ficas debido al tama\u00f1o y peso de estos veh\u00edculos de motor. En consecuencia, las v\u00edctimas se enfrentan a menudo a elevadas facturas m\u00e9dicas, fisioterapia y rehabilitaci\u00f3n a largo plazo. La comprensi\u00f3n de estas estad\u00edsticas subraya la importancia de la representaci\u00f3n legal. Un abogado de Charlotte borracho accidente de conducci\u00f3n puede ayudar a los clientes lesionados en la navegaci\u00f3n de las complejidades de sus casos, desde la presentaci\u00f3n de una reclamaci\u00f3n al seguro para perseguir una demanda civil. Aprovechando su experiencia, las v\u00edctimas pueden recuperar la compensaci\u00f3n por las lesiones sufridas y garantizar la protecci\u00f3n de sus derechos legales. En resumen, las estad\u00edsticas de conducci\u00f3n bajo los efectos del alcohol en Carolina del Norte son preocupantes. Sin embargo, con el apoyo legal adecuado, las v\u00edctimas lesionadas pueden buscar justicia y obtener la compensaci\u00f3n econ\u00f3mica que merecen.<\/p>\n<p><a href=\"https:\/\/919law.com\/wp-content\/uploads\/2024\/08\/Charlotte-Drunk-Driving-Accident-Lawyer.jpg\"><img decoding=\"async\" class=\"alignnone size-full wp-image-3757\" src=\"https:\/\/919law.com\/wp-content\/uploads\/2024\/08\/Charlotte-Drunk-Driving-Accident-Lawyer.jpg\" alt=\"Abogado de accidentes por conducir ebrio en Charlotte\" width=\"500\" height=\"334\" srcset=\"https:\/\/919law.com\/wp-content\/uploads\/2024\/08\/Charlotte-Drunk-Driving-Accident-Lawyer.jpg 500w, https:\/\/919law.com\/wp-content\/uploads\/2024\/08\/Charlotte-Drunk-Driving-Accident-Lawyer-300x200.jpg 300w\" sizes=\"(max-width: 500px) 100vw, 500px\" \/><\/a><\/p>\n<h2>Contacte a Mogy Law Firm para una consulta gratis<\/h2>\n<p>Si usted o un ser querido ha sido afectado por un accidente de conducir ebrio en Charlotte, llegar a Mogy Law Firm es su pr\u00f3ximo paso crucial. Nuestro equipo de abogados con experiencia en accidentes por conducir en estado de ebriedad se dedica a ayudar a las v\u00edctimas lesionadas a navegar las complejidades de sus casos. Ofrecemos una consulta sin obligaci\u00f3n para discutir su situaci\u00f3n y explorar sus opciones para buscar compensaci\u00f3n. En Mogy Law Firm, entendemos el impacto devastador que un conductor ebrio puede tener en su vida. Desde el aumento de las facturas m\u00e9dicas a la p\u00e9rdida de salarios y grandes da\u00f1os a la propiedad, las consecuencias son a menudo abrumadoras. Nuestro equipo legal est\u00e1 comprometido a responsabilizar al conductor ebrio y buscar la compensaci\u00f3n m\u00e1xima que usted merece. P\u00f3ngase en contacto con nosotros hoy mismo para una consulta gratuita. Deje que nuestro abogado experto en accidentes por conducir ebrio en Charlotte le proporcione el apoyo legal que necesita. Ya sea que est\u00e9 lidiando con lesiones graves, un reclamo de seguro o buscando compensaci\u00f3n por sus p\u00e9rdidas, estamos aqu\u00ed para ayudar. Llame a Mogy Law Firm al <a href=\"tel:+19014439133\"><i class=\"fa fa-phone-alt\"><\/i>(901) 443-9133<\/a> ahora y tome el primer paso hacia la recuperaci\u00f3n de su compensaci\u00f3n leg\u00edtima.<\/p>\n","protected":false},"excerpt":{"rendered":"<p>\u00bfHerido por un conductor ebrio? Podemos ayudarle. Cuando usted o un ser querido est\u00e1 involucrado en un accidente de conducir ebrio, las secuelas pueden ser abrumadoras. Las v\u00edctimas lesionadas a menudo se enfrentan a lesiones graves, el aumento de las facturas m\u00e9dicas y salarios perdidos. Un abogado de accidentes de conducir ebrio en Charlotte puede [&hellip;]<\/p>\n","protected":false},"author":22,"featured_media":0,"parent":4170,"menu_order":2,"comment_status":"closed","ping_status":"closed","template":"","meta":{"_acf_changed":false,"anchor_text":"","footnotes":""},"class_list":["post-4178","page","type-page","status-publish","hentry"],"acf":[],"_links":{"self":[{"href":"https:\/\/919law.com\/es\/wp-json\/wp\/v2\/pages\/4178","targetHints":{"allow":["GET"]}}],"collection":[{"href":"https:\/\/919law.com\/es\/wp-json\/wp\/v2\/pages"}],"about":[{"href":"https:\/\/919law.com\/es\/wp-json\/wp\/v2\/types\/page"}],"author":[{"embeddable":true,"href":"https:\/\/919law.com\/es\/wp-json\/wp\/v2\/users\/22"}],"replies":[{"embeddable":true,"href":"https:\/\/919law.com\/es\/wp-json\/wp\/v2\/comments?post=4178"}],"version-history":[{"count":2,"href":"https:\/\/919law.com\/es\/wp-json\/wp\/v2\/pages\/4178\/revisions"}],"predecessor-version":[{"id":4180,"href":"https:\/\/919law.com\/es\/wp-json\/wp\/v2\/pages\/4178\/revisions\/4180"}],"up":[{"embeddable":true,"href":"https:\/\/919law.com\/es\/wp-json\/wp\/v2\/pages\/4170"}],"wp:attachment":[{"href":"https:\/\/919law.com\/es\/wp-json\/wp\/v2\/media?parent=4178"}],"curies":[{"name":"wp","href":"https:\/\/api.w.org\/{rel}","templated":true}]}}