{"id":4184,"date":"2024-08-06T16:28:58","date_gmt":"2024-08-06T21:28:58","guid":{"rendered":"https:\/\/919law.com\/charlotte\/charlotte-atropello-y-fuga-abogado-de-accidente\/"},"modified":"2024-09-09T04:26:29","modified_gmt":"2024-09-09T09:26:29","slug":"charlotte-atropello-y-fuga-abogado-de-accidente","status":"publish","type":"page","link":"https:\/\/919law.com\/es\/charlotte\/charlotte-atropello-y-fuga-abogado-de-accidente\/","title":{"rendered":"Charlotte Atropello y Fuga Abogado de Accidente"},"content":{"rendered":"<h2>\u00bfLastimado en un accidente de atropello y fuga?<\/h2>\n<p>Experimentar un accidente de atropello y fuga en Charlotte puede ser abrumador. Las secuelas a menudo deja a las v\u00edctimas luchando con lesiones graves, da\u00f1os materiales significativos, y la angustia emocional. Cuando un conductor choca y se da a la fuga, se complica el proceso de b\u00fasqueda de compensaci\u00f3n. En Mogy Law Firm, nuestros experimentados abogados de lesiones personales se dedican a ayudar a las v\u00edctimas de atropello y fuga a navegar por el laberinto legal y asegurar la compensaci\u00f3n que merecen. Cuando ocurre un atropello y fuga, la acci\u00f3n inmediata es crucial. Busque atenci\u00f3n m\u00e9dica sin demora, incluso si las lesiones parecen menores. Documentar la escena del accidente y reunir pruebas puede ser fundamental para construir un caso s\u00f3lido. P\u00f3ngase en contacto con las fuerzas de seguridad para informar del incidente y aseg\u00farese de notificarlo r\u00e1pidamente a su compa\u00f1\u00eda de seguros. Recoger las declaraciones de los testigos y la informaci\u00f3n del seguro del otro conductor, si est\u00e1 disponible, puede reforzar a\u00fan m\u00e1s su reclamaci\u00f3n. En Carolina del Norte, la cobertura de motorista sin seguro desempe\u00f1a un papel vital en los casos de atropello y fuga. Esta cobertura puede ayudar a cubrir los gastos m\u00e9dicos, salarios perdidos y otros da\u00f1os cuando el conductor responsable no es identificado. La presentaci\u00f3n de una demanda por lesiones personales por accidentes de atropello y fuga implica la comprensi\u00f3n de los matices de las leyes estatales y las p\u00f3lizas de seguros. Nuestros profesionales legales en Mogy Law Firm son expertos en el manejo de estas complejidades. Buscar asesoramiento legal de un abogado de accidentes de coche es esencial. Nuestro equipo le ayudar\u00e1 a reunir pruebas, tratar con los ajustadores de seguros, y la lucha por una indemnizaci\u00f3n justa. Operamos sobre una base de honorarios de contingencia, lo que significa que usted no paga a menos que ganemos su caso. Conf\u00ede en Mogy Law Firm para proporcionar la representaci\u00f3n legal s\u00f3lida que necesita a ra\u00edz de un accidente de atropello y fuga.<\/p>\n\t\t<div data-elementor-type=\"section\" data-elementor-id=\"208\" class=\"elementor elementor-208\" data-elementor-post-type=\"elementor_library\">\n\t\t\t\t\t<section class=\"elementor-section elementor-top-section elementor-element elementor-element-485e576a elementor-section-boxed elementor-section-height-default elementor-section-height-default\" data-id=\"485e576a\" data-element_type=\"section\" data-e-type=\"section\">\n\t\t\t\t\t\t<div class=\"elementor-container elementor-column-gap-default\">\n\t\t\t\t\t<div class=\"elementor-column elementor-col-100 elementor-top-column elementor-element elementor-element-635c38c0\" data-id=\"635c38c0\" data-element_type=\"column\" data-e-type=\"column\">\n\t\t\t<div class=\"elementor-widget-wrap elementor-element-populated\">\n\t\t\t\t\t\t<div class=\"elementor-element elementor-element-3ba95c8a elementor-toc--minimized-on-tablet elementor-widget elementor-widget-table-of-contents\" data-id=\"3ba95c8a\" data-element_type=\"widget\" data-e-type=\"widget\" data-settings=\"{&quot;exclude_headings_by_selector&quot;:&quot;.toc-remove&quot;,&quot;headings_by_tags&quot;:[&quot;h2&quot;,&quot;h3&quot;],&quot;marker_view&quot;:&quot;numbers&quot;,&quot;no_headings_message&quot;:&quot;No se ha encontrado ning\\u00fan encabezado en esta p\\u00e1gina.&quot;,&quot;minimize_box&quot;:&quot;yes&quot;,&quot;minimized_on&quot;:&quot;tablet&quot;,&quot;hierarchical_view&quot;:&quot;yes&quot;,&quot;min_height&quot;:{&quot;unit&quot;:&quot;px&quot;,&quot;size&quot;:&quot;&quot;,&quot;sizes&quot;:[]},&quot;min_height_tablet&quot;:{&quot;unit&quot;:&quot;px&quot;,&quot;size&quot;:&quot;&quot;,&quot;sizes&quot;:[]},&quot;min_height_mobile&quot;:{&quot;unit&quot;:&quot;px&quot;,&quot;size&quot;:&quot;&quot;,&quot;sizes&quot;:[]}}\" data-widget_type=\"table-of-contents.default\">\n\t\t\t\t\t\t\t\t\t<div class=\"elementor-toc__header\">\n\t\t\t\t\t\t<div class=\"elementor-toc__header-title\">\n\t\t\t\tTable of Contents\t\t\t<\/div>\n\t\t\t\t\t\t\t\t\t\t<div class=\"elementor-toc__toggle-button elementor-toc__toggle-button--expand\" role=\"button\" tabindex=\"0\" aria-controls=\"elementor-toc__3ba95c8a\" aria-expanded=\"true\" aria-label=\"Abrir la tabla de contenidos\"><svg aria-hidden=\"true\" class=\"e-font-icon-svg e-fas-chevron-down\" viewBox=\"0 0 448 512\" xmlns=\"http:\/\/www.w3.org\/2000\/svg\"><path d=\"M207.029 381.476L12.686 187.132c-9.373-9.373-9.373-24.569 0-33.941l22.667-22.667c9.357-9.357 24.522-9.375 33.901-.04L224 284.505l154.745-154.021c9.379-9.335 24.544-9.317 33.901.04l22.667 22.667c9.373 9.373 9.373 24.569 0 33.941L240.971 381.476c-9.373 9.372-24.569 9.372-33.942 0z\"><\/path><\/svg><\/div>\n\t\t\t\t<div class=\"elementor-toc__toggle-button elementor-toc__toggle-button--collapse\" role=\"button\" tabindex=\"0\" aria-controls=\"elementor-toc__3ba95c8a\" aria-expanded=\"true\" aria-label=\"Cerrar la tabla de contenidos\"><svg aria-hidden=\"true\" class=\"e-font-icon-svg e-fas-chevron-up\" viewBox=\"0 0 448 512\" xmlns=\"http:\/\/www.w3.org\/2000\/svg\"><path d=\"M240.971 130.524l194.343 194.343c9.373 9.373 9.373 24.569 0 33.941l-22.667 22.667c-9.357 9.357-24.522 9.375-33.901.04L224 227.495 69.255 381.516c-9.379 9.335-24.544 9.317-33.901-.04l-22.667-22.667c-9.373-9.373-9.373-24.569 0-33.941L207.03 130.525c9.372-9.373 24.568-9.373 33.941-.001z\"><\/path><\/svg><\/div>\n\t\t\t\t\t<\/div>\n\t\t\t\t<div id=\"elementor-toc__3ba95c8a\" class=\"elementor-toc__body\">\n\t\t\t<div class=\"elementor-toc__spinner-container\">\n\t\t\t\t<svg class=\"elementor-toc__spinner eicon-animation-spin e-font-icon-svg e-eicon-loading\" aria-hidden=\"true\" viewBox=\"0 0 1000 1000\" xmlns=\"http:\/\/www.w3.org\/2000\/svg\"><path d=\"M500 975V858C696 858 858 696 858 500S696 142 500 142 142 304 142 500H25C25 237 238 25 500 25S975 237 975 500 763 975 500 975Z\"><\/path><\/svg>\t\t\t<\/div>\n\t\t<\/div>\n\t\t\t\t\t\t<\/div>\n\t\t\t\t\t<\/div>\n\t\t<\/div>\n\t\t\t\t\t<\/div>\n\t\t<\/section>\n\t\t\t\t<\/div>\n\t\t\n<h2>C\u00f3mo obtener una indemnizaci\u00f3n por sus lesiones tras un atropello con fuga<\/h2>\n<p>Navegar por las secuelas de un accidente de atropello y fuga puede ser abrumador, especialmente cuando se busca una indemnizaci\u00f3n por lesiones. El proceso implica m\u00faltiples pasos, cada uno de ellos crucial para garantizar que reciba una indemnizaci\u00f3n justa. He aqu\u00ed c\u00f3mo abordarlo:<\/p>\n<h2>Entendiendo la cobertura de motorista sin seguro de Carolina del Norte<\/h2>\n<p>En Carolina del Norte, la cobertura de motorista sin seguro es esencial para las v\u00edctimas de atropello y fuga. Esta cobertura est\u00e1 dise\u00f1ada para protegerle cuando el conductor culpable no puede ser identificado. Puede ayudar a cubrir las facturas m\u00e9dicas, salarios perdidos y da\u00f1os a la propiedad. Entender los detalles de su p\u00f3liza puede tener un impacto significativo en su compensaci\u00f3n.<\/p>\n<h2>Presentaci\u00f3n de una demanda por lesiones personales en accidentes de atropello y fuga<\/h2>\n<p>La presentaci\u00f3n de una demanda por lesiones personales es un paso fundamental en la recuperaci\u00f3n de los da\u00f1os. Esto implica la recopilaci\u00f3n de pruebas, tales como informes de reconstrucci\u00f3n de accidentes y declaraciones de testigos, para apoyar su caso. Un abogado con experiencia en accidentes de tr\u00e1fico puede ayudarle en este proceso, asegur\u00e1ndose de que toda la documentaci\u00f3n necesaria se presenta correctamente.<\/p>\n<h2><a style=\"font-size: 16px;\" href=\"https:\/\/919law.com\/wp-content\/uploads\/2024\/08\/shutterstock_2294859333.jpg\"><img fetchpriority=\"high\" decoding=\"async\" class=\"alignnone size-full wp-image-3698\" src=\"https:\/\/919law.com\/wp-content\/uploads\/2024\/08\/shutterstock_2294859333.jpg\" alt=\"hit and run accident lawyer\" width=\"500\" height=\"311\" srcset=\"https:\/\/919law.com\/wp-content\/uploads\/2024\/08\/shutterstock_2294859333.jpg 500w, https:\/\/919law.com\/wp-content\/uploads\/2024\/08\/shutterstock_2294859333-300x187.jpg 300w\" sizes=\"(max-width: 500px) 100vw, 500px\" \/><\/a><\/h2>\n<h2>\u00bfQu\u00e9 da\u00f1os pueden reclamar las v\u00edctimas de un accidente con fuga?<\/h2>\n<p>Las v\u00edctimas de accidentes con fuga pueden reclamar varios tipos de da\u00f1os:<\/p>\n<h3>Da\u00f1os Econ\u00f3micos: Facturas m\u00e9dicas, salarios perdidos, da\u00f1os a la propiedad<\/h3>\n<p>Los da\u00f1os econ\u00f3micos son los costes tangibles resultantes del accidente. Estos incluyen las facturas m\u00e9dicas, salarios perdidos debido al tiempo fuera del trabajo, y da\u00f1os a la propiedad. Llevar un registro detallado de estos gastos es vital para su reclamaci\u00f3n.<\/p>\n<h3>Da\u00f1os no econ\u00f3micos: Dolor y sufrimiento, angustia emocional<\/h3>\n<p>Los da\u00f1os no econ\u00f3micos se refieren a los impactos intangibles del accidente, como el dolor y el sufrimiento y la angustia emocional. Estos da\u00f1os son m\u00e1s dif\u00edciles de cuantificar, pero son igualmente importantes para lograr una indemnizaci\u00f3n justa.<\/p>\n<h3>Da\u00f1os punitivos: Responsabilizar a los conductores que se dan a la fuga<\/h3>\n<p>En algunos casos, los tribunales pueden conceder da\u00f1os punitivos para castigar al conductor que se dio a la fuga por su comportamiento imprudente. Estos da\u00f1os pretenden disuadir de acciones similares en el futuro y responsabilizar al conductor por su acto criminal.<\/p>\n<h2>Buscar asesoramiento legal de abogados expertos en lesiones personales<\/h2>\n<p>Es fundamental contar con la representaci\u00f3n legal de abogados expertos en lesiones personales. Pueden ayudarle a comprender sus opciones legales, reunir las pruebas necesarias y negociar con los peritos de seguros. De este modo se asegurar\u00e1 de recibir la m\u00e1xima indemnizaci\u00f3n posible por sus lesiones y p\u00e9rdidas. En conclusi\u00f3n, la recuperaci\u00f3n de la compensaci\u00f3n despu\u00e9s de un accidente de atropello y fuga requiere la comprensi\u00f3n de su cobertura de seguro, la presentaci\u00f3n de una demanda por lesiones personales bien fundamentada, y la b\u00fasqueda de da\u00f1os econ\u00f3micos y no econ\u00f3micos. Con la ayuda de un abogado experto en accidentes de atropello y fuga en Charlotte, usted puede navegar por este complejo proceso y asegurar la compensaci\u00f3n que se merece.<\/p>\n<h2>\u00bfCu\u00e1nto tiempo tiene para presentar una reclamaci\u00f3n por accidente de atropello y fuga en Charlotte?<\/h2>\n<h3>Estatuto de Limitaciones para Accidentes de Atropello y Fuga en Carolina del Norte<\/h3>\n<p>En Carolina del Norte, la ley dicta que las v\u00edctimas de accidentes de atropello y fuga deben presentar sus reclamaciones dentro de un plazo determinado. Este per\u00edodo se conoce como el estatuto de limitaciones. Para demandas por lesiones personales, incluyendo las resultantes de los incidentes de atropello y fuga, por lo general tiene tres a\u00f1os a partir de la fecha en que ocurri\u00f3 el accidente para presentar una demanda. Si el accidente fue mortal, el plazo se reduce a dos a\u00f1os para las demandas por homicidio culposo. Es crucial actuar con prontitud para preservar su derecho a solicitar una indemnizaci\u00f3n.<\/p>\n<h3>Importancia de la presentaci\u00f3n a tiempo y de los plazos legales<\/h3>\n<p>El cumplimiento de estos plazos legales es primordial. No presentar la demanda dentro del plazo de prescripci\u00f3n puede suponer la p\u00e9rdida de su derecho a recibir una indemnizaci\u00f3n por gastos m\u00e9dicos, salarios perdidos y otros da\u00f1os. La presentaci\u00f3n a tiempo tambi\u00e9n asegura que las pruebas permanezcan frescas, los testigos puedan ser localizados, y la escena del accidente pueda ser reconstruida con precisi\u00f3n. Consultar con un abogado con experiencia en lesiones personales tan pronto como sea posible puede ayudarle a navegar estos plazos y construir un caso s\u00f3lido. Al entender y respetar estas limitaciones de tiempo, usted aumenta sus posibilidades de obtener una compensaci\u00f3n justa por las lesiones graves y da\u00f1os materiales significativos que pueda haber sufrido. P\u00f3ngase en contacto con Mogy Law Firm para una consulta gratuita para discutir sus opciones legales y asegurar que su reclamo se presente dentro del plazo requerido.<\/p>\n<p><a href=\"https:\/\/919law.com\/wp-content\/uploads\/2024\/08\/shutterstock_1061842349.jpg\"><img decoding=\"async\" class=\"alignnone size-full wp-image-3699\" src=\"https:\/\/919law.com\/wp-content\/uploads\/2024\/08\/shutterstock_1061842349.jpg\" alt=\"charlotte hit and run accident lawyer\" width=\"500\" height=\"334\" srcset=\"https:\/\/919law.com\/wp-content\/uploads\/2024\/08\/shutterstock_1061842349.jpg 500w, https:\/\/919law.com\/wp-content\/uploads\/2024\/08\/shutterstock_1061842349-300x200.jpg 300w\" sizes=\"(max-width: 500px) 100vw, 500px\" \/><\/a><\/p>\n<h2>\u00bfPor qu\u00e9 necesita un abogado de accidentes de atropello y fuga en Charlotte?<\/h2>\n<p>Navegar por las secuelas de un accidente de atropello y fuga puede ser abrumador. Un abogado con experiencia en accidentes de atropello y fuga en Charlotte es esencial por varias razones.<\/p>\n<h3>Establecer Responsabilidad y Probar Negligencia<\/h3>\n<p>Determinar la culpa en accidentes de atropello y fuga es complejo. Un abogado experto reunir\u00e1 pruebas, como declaraciones de testigos e informes de reconstrucci\u00f3n de accidentes, para construir un caso s\u00f3lido. Esto es crucial para probar la negligencia del conductor que se dio a la fuga.<\/p>\n<h3>Reunir pruebas de apoyo para su caso<\/h3>\n<p>La recopilaci\u00f3n y organizaci\u00f3n de pruebas es fundamental. Desde las facturas m\u00e9dicas hasta la informaci\u00f3n del seguro del otro conductor, un abogado competente se asegura de que todos los documentos necesarios est\u00e9n en orden. Este enfoque integral apoya sus demandas por lesiones personales con eficacia.<\/p>\n<h3>Tratar con las t\u00e1cticas de la compa\u00f1\u00eda de seguros<\/h3>\n<p>Las compa\u00f1\u00edas de seguros a menudo emplean estrategias para minimizar los pagos. Un abogado experto entiende estas t\u00e1cticas y luchar\u00e1 para asegurar una compensaci\u00f3n justa. Ellos manejan las comunicaciones con los ajustadores de seguros, asegurando que sus intereses est\u00e9n protegidos.<\/p>\n<h3>Buscando Compensaci\u00f3n y Arreglo Justos<\/h3>\n<p>Las v\u00edctimas de atropello y fuga merecen una compensaci\u00f3n justa por sus lesiones y p\u00e9rdidas. Un abogado dedicado perseguir\u00e1 la m\u00e1xima compensaci\u00f3n por gastos m\u00e9dicos, salarios perdidos y da\u00f1os a la propiedad. Negocian acuerdos que reflejan el verdadero alcance de sus da\u00f1os.<\/p>\n<h3>Preparaci\u00f3n para un juicio si es necesario<\/h3>\n<p>Si no se puede llegar a un acuerdo justo, un abogado de Charlotte accidente de atropello y fuga estar\u00e1 preparado para llevar su caso a los tribunales. Ellos presentar\u00e1n un argumento convincente, respaldado por testigos expertos y pruebas s\u00f3lidas, para lograr un veredicto favorable. Elegir la representaci\u00f3n legal adecuada es vital en los casos de atropello y fuga. El equipo experimentado de Mogy Law Firm se compromete a guiarlo a trav\u00e9s de cada paso, asegurando que reciba la justicia y la compensaci\u00f3n que se merece.<\/p>\n<h2>\u00bfPor qu\u00e9 elegir Mogy Law Firm para ser su abogado de accidentes de atropello y fuga?<\/h2>\n<h3>Tarifas Competitivas: 25% Honorarios de Abogado<\/h3>\n<p>En Mogy Law Firm, ofrecemos un honorario de abogado del 25%, significativamente m\u00e1s bajo que el est\u00e1ndar de la industria del 33%. Esto asegura que usted retenga la compensaci\u00f3n m\u00e1xima posible de su acuerdo, reflejando nuestro compromiso a su recuperaci\u00f3n financiera.<\/p>\n<h3>Enfoque centrado en el cliente: Compromiso \u00e9tico con la equidad<\/h3>\n<p>Damos prioridad a sus intereses por encima de todo. Nuestra pol\u00edtica de no tomar nunca m\u00e1s que el cliente subraya nuestra dedicaci\u00f3n a la equidad y la transparencia. Este enfoque \u00e9tico es fundamental para la forma en que manejamos cada caso de accidente de atropello y fuga.<\/p>\n<h3>Equipo legal experimentado dirigido por Eric Mogy<\/h3>\n<p>Nuestro equipo est\u00e1 encabezado por Eric Mogy, un experimentado profesional legal con amplia experiencia en la ley de lesiones personales. Apoyado por un equipo robusto de abogados h\u00e1biles, traemos experiencia incomparable a su caso de accidente de atropello y fuga.<\/p>\n<h3>Probada trayectoria de \u00e9xito y satisfacci\u00f3n del cliente<\/h3>\n<p>Tenemos un historial de lograr resultados favorables para nuestros clientes. Nuestro historial probado en el manejo de casos de accidentes de atropello y fuga dice mucho acerca de nuestra capacidad y dedicaci\u00f3n. La satisfacci\u00f3n del cliente es nuestra m\u00e1xima prioridad, y nos esforzamos por ofrecer resultados que cumplan con sus expectativas. Elegir Mogy Law Firm significa optar por un equipo que valora la justicia, la experiencia y la satisfacci\u00f3n del cliente. P\u00f3ngase en contacto con nosotros hoy para una consulta gratuita y dar el primer paso hacia la obtenci\u00f3n de la compensaci\u00f3n que se merece.<\/p>\n<h2>Obtenga la compensaci\u00f3n que merece con Mogy Law Firm<\/h2>\n<p>En Mogy Law Firm, estamos comprometidos a ayudarle a recuperar la compensaci\u00f3n por sus lesiones, salarios perdidos y gastos m\u00e9dicos. Nuestros abogados de Charlotte trabajan en base a honorarios de contingencia, lo que significa que usted no paga a menos que ganemos su caso. Conf\u00ede en nosotros para luchar por un acuerdo justo y hacer que las partes responsables rindan cuentas. P\u00f3ngase en contacto con nosotros hoy para programar su consulta gratuita.<\/p>\n","protected":false},"excerpt":{"rendered":"<p>\u00bfLastimado en un accidente de atropello y fuga? Experimentar un accidente de atropello y fuga en Charlotte puede ser abrumador. Las secuelas a menudo deja a las v\u00edctimas luchando con lesiones graves, da\u00f1os materiales significativos, y la angustia emocional. Cuando un conductor choca y se da a la fuga, se complica el proceso de b\u00fasqueda [&hellip;]<\/p>\n","protected":false},"author":22,"featured_media":0,"parent":4170,"menu_order":4,"comment_status":"closed","ping_status":"closed","template":"","meta":{"_acf_changed":false,"anchor_text":"","footnotes":""},"class_list":["post-4184","page","type-page","status-publish","hentry"],"acf":[],"_links":{"self":[{"href":"https:\/\/919law.com\/es\/wp-json\/wp\/v2\/pages\/4184","targetHints":{"allow":["GET"]}}],"collection":[{"href":"https:\/\/919law.com\/es\/wp-json\/wp\/v2\/pages"}],"about":[{"href":"https:\/\/919law.com\/es\/wp-json\/wp\/v2\/types\/page"}],"author":[{"embeddable":true,"href":"https:\/\/919law.com\/es\/wp-json\/wp\/v2\/users\/22"}],"replies":[{"embeddable":true,"href":"https:\/\/919law.com\/es\/wp-json\/wp\/v2\/comments?post=4184"}],"version-history":[{"count":2,"href":"https:\/\/919law.com\/es\/wp-json\/wp\/v2\/pages\/4184\/revisions"}],"predecessor-version":[{"id":4186,"href":"https:\/\/919law.com\/es\/wp-json\/wp\/v2\/pages\/4184\/revisions\/4186"}],"up":[{"embeddable":true,"href":"https:\/\/919law.com\/es\/wp-json\/wp\/v2\/pages\/4170"}],"wp:attachment":[{"href":"https:\/\/919law.com\/es\/wp-json\/wp\/v2\/media?parent=4184"}],"curies":[{"name":"wp","href":"https:\/\/api.w.org\/{rel}","templated":true}]}}