{"id":4203,"date":"2024-08-06T16:28:58","date_gmt":"2024-08-06T21:28:58","guid":{"rendered":"https:\/\/919law.com\/charlotte\/charlotte-abogado-de-accidente-de-motocicleta\/"},"modified":"2024-09-09T10:12:11","modified_gmt":"2024-09-09T15:12:11","slug":"charlotte-abogado-de-accidente-de-motocicleta","status":"publish","type":"page","link":"https:\/\/919law.com\/es\/charlotte\/charlotte-abogado-de-accidente-de-motocicleta\/","title":{"rendered":"Charlotte Abogado de Accidente de Motocicleta"},"content":{"rendered":"<h2>\u00bfNecesita un Abogado de Accidente de Motocicleta?<\/h2>\n<p>Cuando usted est\u00e1 en necesidad de un abogado de accidente de motocicleta en Charlotte, Mogy Law Firm se destaca como su primera opci\u00f3n. Nuestros experimentados abogados de accidentes de motocicleta se dedican a proporcionar representaci\u00f3n legal de primer nivel para las v\u00edctimas de accidentes de motocicleta. Entendemos el impacto severo que los accidentes de motocicleta pueden tener en su vida, desde gastos m\u00e9dicos hasta salarios perdidos, y estamos comprometidos a ayudarle a buscar compensaci\u00f3n. Nuestros abogados de accidentes de motocicleta en Charlotte tienen una amplia experiencia en el manejo de casos de accidentes de motocicleta. Conocemos las complejidades de la ley de Carolina del Norte y la forma de navegar por el proceso de reclamaciones de seguros con eficacia. Ya sea tratando con los ajustadores de seguros o probando la culpa, nuestro equipo de abogados expertos est\u00e1 aqu\u00ed para ayudarle en cada paso del camino. La elecci\u00f3n de Mogy Law Firm significa que usted est\u00e1 optando por un equipo que da prioridad a sus necesidades. Ofrecemos tarifas competitivas y un enfoque centrado en el cliente, asegurando que usted reciba la m\u00e1xima compensaci\u00f3n posible. Nuestros abogados de accidentes de motocicleta en Charlotte trabajan incansablemente para construir un caso s\u00f3lido, probando la responsabilidad y demostrando el alcance de sus lesiones por accidente de motocicleta. Para aquellos que se enfrentan a las secuelas de un accidente de motocicleta, nuestras oficinas legales ofrecen una consulta legal gratuita. Esto le permite discutir su reclamo de accidente de motocicleta sin ninguna obligaci\u00f3n financiera. Nuestro objetivo es ofrecerle la mejor representaci\u00f3n legal mientras hacemos que el proceso sea lo m\u00e1s sencillo posible. En las demandas por accidentes de motocicleta, probar la negligencia es crucial. Nuestros abogados experimentados en accidentes de motocicleta re\u00fanen meticulosamente pruebas, entrevistan a testigos y consultan con expertos para construir un caso convincente. Entendemos la regla de negligencia contribuyente en Carolina del Norte y c\u00f3mo puede afectar su compensaci\u00f3n. Si usted o un ser querido ha estado involucrado en un accidente de motocicleta, no dude en ponerse en contacto con nuestros abogados de accidentes de motocicleta Charlotte en <a href=\"tel:+19014439133\"><i class=\"fa fa-phone-alt\"><\/i>(901) 443-9133<\/a>. Estamos aqu\u00ed para ayudarle a recuperar la compensaci\u00f3n por su tratamiento m\u00e9dico, gastos m\u00e9dicos futuros y da\u00f1os no econ\u00f3micos como el dolor y el sufrimiento. Conf\u00ede en Mogy Law Firm para manejar su caso de accidente de motocicleta con el profesionalismo y la dedicaci\u00f3n que se merece.<\/p>\n\t\t<div data-elementor-type=\"section\" data-elementor-id=\"208\" class=\"elementor elementor-208\" data-elementor-post-type=\"elementor_library\">\n\t\t\t\t\t<section class=\"elementor-section elementor-top-section elementor-element elementor-element-485e576a elementor-section-boxed elementor-section-height-default elementor-section-height-default\" data-id=\"485e576a\" data-element_type=\"section\" data-e-type=\"section\">\n\t\t\t\t\t\t<div class=\"elementor-container elementor-column-gap-default\">\n\t\t\t\t\t<div class=\"elementor-column elementor-col-100 elementor-top-column elementor-element elementor-element-635c38c0\" data-id=\"635c38c0\" data-element_type=\"column\" data-e-type=\"column\">\n\t\t\t<div class=\"elementor-widget-wrap elementor-element-populated\">\n\t\t\t\t\t\t<div class=\"elementor-element elementor-element-3ba95c8a elementor-toc--minimized-on-tablet elementor-widget elementor-widget-table-of-contents\" data-id=\"3ba95c8a\" data-element_type=\"widget\" data-e-type=\"widget\" data-settings=\"{&quot;exclude_headings_by_selector&quot;:&quot;.toc-remove&quot;,&quot;headings_by_tags&quot;:[&quot;h2&quot;,&quot;h3&quot;],&quot;marker_view&quot;:&quot;numbers&quot;,&quot;no_headings_message&quot;:&quot;No se ha encontrado ning\\u00fan encabezado en esta p\\u00e1gina.&quot;,&quot;minimize_box&quot;:&quot;yes&quot;,&quot;minimized_on&quot;:&quot;tablet&quot;,&quot;hierarchical_view&quot;:&quot;yes&quot;,&quot;min_height&quot;:{&quot;unit&quot;:&quot;px&quot;,&quot;size&quot;:&quot;&quot;,&quot;sizes&quot;:[]},&quot;min_height_tablet&quot;:{&quot;unit&quot;:&quot;px&quot;,&quot;size&quot;:&quot;&quot;,&quot;sizes&quot;:[]},&quot;min_height_mobile&quot;:{&quot;unit&quot;:&quot;px&quot;,&quot;size&quot;:&quot;&quot;,&quot;sizes&quot;:[]}}\" data-widget_type=\"table-of-contents.default\">\n\t\t\t\t\t\t\t\t\t<div class=\"elementor-toc__header\">\n\t\t\t\t\t\t<div class=\"elementor-toc__header-title\">\n\t\t\t\tTable of Contents\t\t\t<\/div>\n\t\t\t\t\t\t\t\t\t\t<div class=\"elementor-toc__toggle-button elementor-toc__toggle-button--expand\" role=\"button\" tabindex=\"0\" aria-controls=\"elementor-toc__3ba95c8a\" aria-expanded=\"true\" aria-label=\"Abrir la tabla de contenidos\"><svg aria-hidden=\"true\" class=\"e-font-icon-svg e-fas-chevron-down\" viewBox=\"0 0 448 512\" xmlns=\"http:\/\/www.w3.org\/2000\/svg\"><path d=\"M207.029 381.476L12.686 187.132c-9.373-9.373-9.373-24.569 0-33.941l22.667-22.667c9.357-9.357 24.522-9.375 33.901-.04L224 284.505l154.745-154.021c9.379-9.335 24.544-9.317 33.901.04l22.667 22.667c9.373 9.373 9.373 24.569 0 33.941L240.971 381.476c-9.373 9.372-24.569 9.372-33.942 0z\"><\/path><\/svg><\/div>\n\t\t\t\t<div class=\"elementor-toc__toggle-button elementor-toc__toggle-button--collapse\" role=\"button\" tabindex=\"0\" aria-controls=\"elementor-toc__3ba95c8a\" aria-expanded=\"true\" aria-label=\"Cerrar la tabla de contenidos\"><svg aria-hidden=\"true\" class=\"e-font-icon-svg e-fas-chevron-up\" viewBox=\"0 0 448 512\" xmlns=\"http:\/\/www.w3.org\/2000\/svg\"><path d=\"M240.971 130.524l194.343 194.343c9.373 9.373 9.373 24.569 0 33.941l-22.667 22.667c-9.357 9.357-24.522 9.375-33.901.04L224 227.495 69.255 381.516c-9.379 9.335-24.544 9.317-33.901-.04l-22.667-22.667c-9.373-9.373-9.373-24.569 0-33.941L207.03 130.525c9.372-9.373 24.568-9.373 33.941-.001z\"><\/path><\/svg><\/div>\n\t\t\t\t\t<\/div>\n\t\t\t\t<div id=\"elementor-toc__3ba95c8a\" class=\"elementor-toc__body\">\n\t\t\t<div class=\"elementor-toc__spinner-container\">\n\t\t\t\t<svg class=\"elementor-toc__spinner eicon-animation-spin e-font-icon-svg e-eicon-loading\" aria-hidden=\"true\" viewBox=\"0 0 1000 1000\" xmlns=\"http:\/\/www.w3.org\/2000\/svg\"><path d=\"M500 975V858C696 858 858 696 858 500S696 142 500 142 142 304 142 500H25C25 237 238 25 500 25S975 237 975 500 763 975 500 975Z\"><\/path><\/svg>\t\t\t<\/div>\n\t\t<\/div>\n\t\t\t\t\t\t<\/div>\n\t\t\t\t\t<\/div>\n\t\t<\/div>\n\t\t\t\t\t<\/div>\n\t\t<\/section>\n\t\t\t\t<\/div>\n\t\t\n<h2>Pasos a seguir tras un accidente de moto en Charlotte<\/h2>\n<h3>Acciones inmediatas en el lugar del accidente<\/h3>\n<p>En caso de accidente de motocicleta, su seguridad es la prioridad. Aseg\u00farese de trasladarse a un lugar seguro, alejado del tr\u00e1fico. Compruebe si hay heridos y llame inmediatamente a los servicios de emergencia. Es crucial informar del accidente a la polic\u00eda, ya que su informe ser\u00e1 vital para su reclamaci\u00f3n por accidente de motocicleta.<\/p>\n<h3>Recogida y conservaci\u00f3n de pruebas<\/h3>\n<p>La recogida de pruebas en el lugar del accidente puede influir significativamente en el resultado de tu caso de accidente de moto. Tome fotos del lugar del accidente, incluyendo la posici\u00f3n de los veh\u00edculos, el estado de la carretera y las lesiones visibles. Recopile informaci\u00f3n de contacto de los testigos y del otro conductor implicado. Esta documentaci\u00f3n ser\u00e1 esencial para demostrar la culpa y solicitar una indemnizaci\u00f3n.<\/p>\n<h3>Buscar atenci\u00f3n m\u00e9dica y documentar las lesiones<\/h3>\n<p>Aunque las lesiones parezcan leves, es esencial buscar atenci\u00f3n m\u00e9dica r\u00e1pidamente. Algunas lesiones, como las lesiones cerebrales traum\u00e1ticas o lesiones de la m\u00e9dula espinal, pueden no ser evidentes de inmediato. Los expedientes m\u00e9dicos servir\u00e1n como evidencia crucial en su pleito del accidente de la motocicleta, documentando el grado de sus lesiones y del tratamiento m\u00e9dico necesario.<\/p>\n<h3>Creaci\u00f3n de un caso s\u00f3lido de accidente de motocicleta<\/h3>\n<p>Despu\u00e9s de abordar las preocupaciones inmediatas, p\u00f3ngase en contacto con un abogado con experiencia en accidentes de motocicleta. Los abogados de accidentes de motocicleta de Mogy Law Firm en Charlotte lo guiar\u00e1n a trav\u00e9s del proceso legal, asegur\u00e1ndose de que reciba una compensaci\u00f3n justa por sus lesiones, salarios perdidos y otros da\u00f1os. Con nuestra experiencia legal combinada, manejaremos las negociaciones con las compa\u00f1\u00edas de seguros y, si es necesario, llevaremos su caso a los tribunales. Siguiendo estos pasos, usted puede proteger sus derechos y fortalecer su demanda por accidente de motocicleta. Para una representaci\u00f3n legal personalizada, p\u00f3ngase en contacto con Mogy Law Firm para una consulta legal gratuita.<\/p>\n<p><a href=\"https:\/\/919law.com\/wp-content\/uploads\/2024\/08\/Motorcycle-Accident-Lawyer.jpg\"><img fetchpriority=\"high\" decoding=\"async\" class=\"alignnone size-full wp-image-3649\" src=\"https:\/\/919law.com\/wp-content\/uploads\/2024\/08\/Motorcycle-Accident-Lawyer.jpg\" alt=\"Motorcycle Accident Lawyer\" width=\"500\" height=\"333\" srcset=\"https:\/\/919law.com\/wp-content\/uploads\/2024\/08\/Motorcycle-Accident-Lawyer.jpg 500w, https:\/\/919law.com\/wp-content\/uploads\/2024\/08\/Motorcycle-Accident-Lawyer-300x200.jpg 300w\" sizes=\"(max-width: 500px) 100vw, 500px\" \/><\/a><\/p>\n<h2>Construcci\u00f3n de un caso s\u00f3lido de accidente de motocicleta<\/h2>\n<h3>Probar la culpa y la responsabilidad<\/h3>\n<p>En los casos de accidentes de motocicleta, establecer la culpa es crucial. Probar la negligencia implica la recopilaci\u00f3n de pruebas, tales como informes policiales, declaraciones de testigos y fotos de la escena del accidente. Nuestros abogados experimentados en accidentes de motocicleta en Mogy Law Firm escudri\u00f1aran cada detalle para construir un caso convincente. Nuestro objetivo es demostrar la negligencia del conductor culpable, si se trata de conducci\u00f3n distra\u00edda, violaci\u00f3n de las leyes de tr\u00e1nsito, u otras formas de comportamiento imprudente.<\/p>\n<h3>Como la Negligencia Contribuyente Impacta la Compensaci\u00f3n<\/h3>\n<p>Carolina del Norte sigue la regla de negligencia contributiva. Esto significa que si un motociclista se encuentra incluso parcialmente culpable del accidente, pueden ser excluidos de la recuperaci\u00f3n de la indemnizaci\u00f3n. Nuestro equipo es experto en contrarrestar tales reclamaciones probando meticulosamente la culpa exclusiva de la otra parte. Trabajamos para asegurar que las v\u00edctimas de accidentes de motocicleta reciban la compensaci\u00f3n financiera que merecen.<\/p>\n<h2>Tipos de indemnizaci\u00f3n disponibles para las v\u00edctimas de accidentes de moto<\/h2>\n<h3>Da\u00f1os econ\u00f3micos: Facturas m\u00e9dicas, salarios perdidos y da\u00f1os materiales<\/h3>\n<p>Los accidentes de motocicleta a menudo resultan en gastos m\u00e9dicos significativos, salarios perdidos y da\u00f1os a la propiedad. Nuestros abogados le ayudar\u00e1n a reclamar una indemnizaci\u00f3n por estas p\u00e9rdidas tangibles. Nos centramos en recuperar los costes del tratamiento m\u00e9dico inmediato, las facturas m\u00e9dicas futuras y cualquier ingreso perdido debido a la lesi\u00f3n.<\/p>\n<h3>Da\u00f1os no econ\u00f3micos: Dolor y sufrimiento, angustia emocional<\/h3>\n<p>M\u00e1s all\u00e1 de las p\u00e9rdidas financieras, las v\u00edctimas de accidentes de motocicleta pueden sufrir dolor y angustia emocional. Estos da\u00f1os no econ\u00f3micos son m\u00e1s dif\u00edciles de cuantificar, pero son igualmente importantes. Nuestros abogados experimentados en accidentes de motocicleta abogar\u00e1n por una compensaci\u00f3n justa por su dolor, sufrimiento y trauma emocional.<\/p>\n<h3>Da\u00f1os punitivos en Carolina del Norte<\/h3>\n<p>En algunos casos, los da\u00f1os punitivos pueden ser concedidos para castigar el comportamiento particularmente atroz por el conductor culpable. Aunque estos son menos comunes, nuestro equipo explorar\u00e1 todas las v\u00edas para maximizar su compensaci\u00f3n. Nos esforzamos por responsabilizar a los conductores negligentes y asegurar justicia para nuestros clientes. La construcci\u00f3n de un caso fuerte requiere un conocimiento profundo del panorama jur\u00eddico. En Mogy Law Firm, aprovechamos nuestra experiencia legal combinada para navegar las complejidades de los casos de accidentes de motocicleta, asegurando que usted reciba el mejor resultado posible.<\/p>\n<h3>Navegando el Proceso de Reclamaciones de Seguros<\/h3>\n<p>Tratar con el proceso de reclamaciones de seguros puede ser abrumador, especialmente despu\u00e9s de una colisi\u00f3n de motocicleta. El primer paso es informar del accidente a su compa\u00f1\u00eda de seguros tan pronto como sea posible. Esto inicia el proceso de evaluaci\u00f3n de los da\u00f1os y la determinaci\u00f3n de la indemnizaci\u00f3n.<\/p>\n<h3>Trato con los peritos de seguros<\/h3>\n<p>Los peritos del seguro investigar\u00e1n el accidente para evaluar la reclamaci\u00f3n. Es crucial facilitar informaci\u00f3n precisa, pero evitando admitir la culpa. Los ajustadores pueden intentar minimizar el pago. Contar con abogados expertos en accidentes de motocicleta puede ayudarle a negociar una indemnizaci\u00f3n justa.<\/p>\n<h3>Cobertura de motorista sin seguro o con seguro insuficiente<\/h3>\n<p>Si el conductor culpable carece de seguro adecuado, la cobertura de motorista sin seguro o con seguro insuficiente puede ser vital. Esta parte de su p\u00f3liza ayuda a cubrir los gastos m\u00e9dicos, salarios perdidos y otros da\u00f1os. Nuestro abogado con experiencia en accidentes de motocicleta puede guiarle a trav\u00e9s de este aspecto de su reclamo.<\/p>\n<p><a href=\"https:\/\/919law.com\/wp-content\/uploads\/2024\/08\/Charlotte-Motorcycle-Accident-Lawyer.jpg\"><img decoding=\"async\" class=\"alignnone size-full wp-image-3650\" src=\"https:\/\/919law.com\/wp-content\/uploads\/2024\/08\/Charlotte-Motorcycle-Accident-Lawyer.jpg\" alt=\"Charlotte Abogado de Accidente de Motocicleta\" width=\"500\" height=\"334\" srcset=\"https:\/\/919law.com\/wp-content\/uploads\/2024\/08\/Charlotte-Motorcycle-Accident-Lawyer.jpg 500w, https:\/\/919law.com\/wp-content\/uploads\/2024\/08\/Charlotte-Motorcycle-Accident-Lawyer-300x200.jpg 300w\" sizes=\"(max-width: 500px) 100vw, 500px\" \/><\/a><\/p>\n<h2>El proceso legal en casos de accidentes de moto<\/h2>\n<p>Navegar el proceso legal despu\u00e9s de un accidente de motocicleta puede ser complejo. En Mogy Law Firm, simplificamos cada paso para usted. Nuestros abogados experimentados en accidentes de motocicleta est\u00e1n comprometidos a guiarlo a trav\u00e9s de cada fase de su caso.<\/p>\n<h3>Estatuto de Limitaciones para Demandas de Lesiones Personales en Carolina del Norte<\/h3>\n<p>En Carolina del Norte, existe un estatuto de limitaciones para presentar demandas por lesiones personales. Las v\u00edctimas de accidentes de motocicleta normalmente tienen tres a\u00f1os a partir de la fecha del accidente para presentar una demanda. El incumplimiento de este plazo podr\u00eda significar la p\u00e9rdida del derecho a solicitar una indemnizaci\u00f3n por sus lesiones. Es crucial actuar con prontitud para preservar sus derechos legales.<\/p>\n<h2>Como Mogy Law Firm Manejara Su Caso<\/h2>\n<h3>Investigando el Accidente<\/h3>\n<p>Nuestro equipo comienza investigando a fondo la escena del accidente. Reunimos pruebas, entrevistamos a testigos y revisamos los informes policiales para construir un caso s\u00f3lido. Este enfoque meticuloso nos ayuda a establecer los hechos y probar la culpa.<\/p>\n<h3>Negociaci\u00f3n con las compa\u00f1\u00edas de seguros<\/h3>\n<p>Tratar con los ajustadores de seguros puede ser desalentador. Nuestros experimentados abogados de accidentes de motocicleta manejan todas las comunicaciones con la compa\u00f1\u00eda de seguros. Negociamos agresivamente para asegurar una compensaci\u00f3n justa por sus gastos m\u00e9dicos, salarios perdidos y otros da\u00f1os.<\/p>\n<h3>Llevar su caso a los tribunales si es necesario<\/h3>\n<p>Si no se puede llegar a un acuerdo justo, estamos preparados para llevar su caso a los tribunales. Nuestros abogados tienen una amplia experiencia en juicios y abogar\u00e1n en\u00e9rgicamente en su nombre. Nuestro objetivo es lograr el mejor resultado posible para usted, ya sea a trav\u00e9s de la negociaci\u00f3n o litigio. Mogy Law Firm se dedica a proporcionar una representaci\u00f3n legal s\u00f3lida para las v\u00edctimas de accidentes de motocicleta. Cont\u00e1ctenos hoy para una consulta gratuita y perm\u00edtanos ayudarle a navegar las complejidades de su caso.<\/p>\n<h2>Preguntas frecuentes sobre accidentes de moto<\/h2>\n<h3>\u00bfQu\u00e9 debo hacer inmediatamente despu\u00e9s de un accidente de moto?<\/h3>\n<p>En primer lugar, garantice su seguridad. Si es posible, trasl\u00e1dese a un lugar seguro. Llame al 911 para informar del accidente y solicitar asistencia m\u00e9dica. Recopile informaci\u00f3n del conductor culpable, incluidos los datos de su seguro. Documente la escena del accidente con fotos y recopile informaci\u00f3n de contacto de cualquier testigo. P\u00f3ngase en contacto con un abogado experto en accidentes de motocicleta para que le gu\u00ede en los siguientes pasos.<\/p>\n<h3>\u00bfC\u00f3mo puedo demostrar la responsabilidad de mi accidente de moto?<\/h3>\n<p>Probar la responsabilidad implica la recopilaci\u00f3n de pruebas que demuestren la negligencia del otro conductor. Esto incluye informes policiales, declaraciones de testigos oculares y fotos de la escena del accidente. Un abogado con experiencia en accidentes de motocicleta le ayudar\u00e1 a reunir y analizar estas pruebas para construir un caso s\u00f3lido. Ellos trabajar\u00e1n para demostrar que las acciones de la otra parte causaron directamente sus lesiones y da\u00f1os.<\/p>\n<h3>\u00bfQu\u00e9 pasa si el conductor culpable no tiene seguro?<\/h3>\n<p>Si el conductor culpable no tiene seguro o tiene seguro insuficiente, su propia p\u00f3liza de seguro puede cubrir sus da\u00f1os. Aqu\u00ed es donde la cobertura de motorista sin seguro \/ con seguro insuficiente entra en juego. Un abogado experto en accidentes de motocicleta puede ayudarle a presentar una reclamaci\u00f3n a su compa\u00f1\u00eda de seguros para obtener una indemnizaci\u00f3n por sus lesiones y p\u00e9rdidas.<\/p>\n<h3>\u00bfCu\u00e1nta indemnizaci\u00f3n puedo esperar recibir?<\/h3>\n<p>El importe de la indemnizaci\u00f3n var\u00eda en funci\u00f3n de la gravedad de sus lesiones y el impacto en su vida. La indemnizaci\u00f3n puede cubrir los gastos m\u00e9dicos, salarios perdidos, dolor y sufrimiento, y da\u00f1os a la propiedad. Un abogado con experiencia trabajar\u00e1 para maximizar su compensaci\u00f3n documentando minuciosamente sus lesiones y negociando con la compa\u00f1\u00eda de seguros.<\/p>\n<h3>\u00bfCu\u00e1nto cuesta contratar a un abogado de accidentes de motocicleta en Charlotte?<\/h3>\n<p>En Mogy Law Firm, ofrecemos tarifas competitivas y un enfoque centrado en el cliente. Nuestra estructura de honorarios est\u00e1 dise\u00f1ada para ser justa y transparente. Operamos en base a honorarios de contingencia, lo que significa que usted no paga a menos que ganemos su caso. Esto garantiza que pueda acceder a una representaci\u00f3n legal de primer nivel sin costes por adelantado. P\u00f3ngase en contacto con nosotros para una consulta gratuita para discutir su caso y entender sus opciones.<\/p>\n<h2>P\u00f3ngase en contacto con Mogy Law Firm para una consulta gratuita<\/h2>\n<p>Si usted ha estado involucrado en un accidente de motocicleta en Charlotte, obtener la ayuda legal adecuada es crucial. Mogy Law Firm ofrece una consulta gratuita para discutir su caso y delinear el mejor camino a seguir. Nuestro equipo de abogados de accidentes de motocicleta en Charlotte est\u00e1 aqu\u00ed para guiarlo a trav\u00e9s de cada paso.<\/p>\n","protected":false},"excerpt":{"rendered":"<p>\u00bfNecesita un Abogado de Accidente de Motocicleta? Cuando usted est\u00e1 en necesidad de un abogado de accidente de motocicleta en Charlotte, Mogy Law Firm se destaca como su primera opci\u00f3n. Nuestros experimentados abogados de accidentes de motocicleta se dedican a proporcionar representaci\u00f3n legal de primer nivel para las v\u00edctimas de accidentes de motocicleta. Entendemos el [&hellip;]<\/p>\n","protected":false},"author":22,"featured_media":0,"parent":4170,"menu_order":5,"comment_status":"closed","ping_status":"closed","template":"","meta":{"_acf_changed":false,"anchor_text":"","footnotes":""},"class_list":["post-4203","page","type-page","status-publish","hentry"],"acf":[],"_links":{"self":[{"href":"https:\/\/919law.com\/es\/wp-json\/wp\/v2\/pages\/4203","targetHints":{"allow":["GET"]}}],"collection":[{"href":"https:\/\/919law.com\/es\/wp-json\/wp\/v2\/pages"}],"about":[{"href":"https:\/\/919law.com\/es\/wp-json\/wp\/v2\/types\/page"}],"author":[{"embeddable":true,"href":"https:\/\/919law.com\/es\/wp-json\/wp\/v2\/users\/22"}],"replies":[{"embeddable":true,"href":"https:\/\/919law.com\/es\/wp-json\/wp\/v2\/comments?post=4203"}],"version-history":[{"count":2,"href":"https:\/\/919law.com\/es\/wp-json\/wp\/v2\/pages\/4203\/revisions"}],"predecessor-version":[{"id":4205,"href":"https:\/\/919law.com\/es\/wp-json\/wp\/v2\/pages\/4203\/revisions\/4205"}],"up":[{"embeddable":true,"href":"https:\/\/919law.com\/es\/wp-json\/wp\/v2\/pages\/4170"}],"wp:attachment":[{"href":"https:\/\/919law.com\/es\/wp-json\/wp\/v2\/media?parent=4203"}],"curies":[{"name":"wp","href":"https:\/\/api.w.org\/{rel}","templated":true}]}}