{"id":4206,"date":"2026-03-16T08:00:58","date_gmt":"2026-03-16T13:00:58","guid":{"rendered":"https:\/\/919law.com\/charlotte\/abogado-de-lesiones-personales-en-charlotte\/"},"modified":"2024-09-09T10:20:58","modified_gmt":"2024-09-09T15:20:58","slug":"abogado-de-lesiones-personales-en-charlotte","status":"publish","type":"page","link":"https:\/\/919law.com\/es\/charlotte\/abogado-de-lesiones-personales-en-charlotte\/","title":{"rendered":"Abogado de lesiones personales en Charlotte"},"content":{"rendered":"<h2>\u00bfLastimado injustamente? \u00bfBusca un abogado de lesiones personales en Charlotte?<\/h2>\n<p>Cuando se enfrenta a las secuelas de un accidente, tener un experimentado abogado de lesiones personales de Charlotte a su lado puede hacer toda la diferencia. Nuestro equipo de abogados de lesiones personales en Charlotte se dedica a ayudarle a buscar una compensaci\u00f3n justa por sus lesiones. Manejamos una amplia gama de casos de lesiones personales, incluyendo accidentes automovil\u00edsticos, accidentes de camiones y accidentes por resbalones y ca\u00eddas. Si usted o un ser querido ha sufrido debido a la negligencia de otra persona, no dude en ponerse en contacto con nuestros abogados de lesiones personales de Charlotte en The Mogy Law Firm. P\u00f3ngase en contacto con nosotros hoy en <a href=\"tel:+19014439133\"><i class=\"fa fa-phone-alt\"><\/i>(901) 443-9133<\/a> para una consulta gratuita y dar el primer paso hacia la b\u00fasqueda de la compensaci\u00f3n que se merece.<\/p>\n\t\t<div data-elementor-type=\"section\" data-elementor-id=\"208\" class=\"elementor elementor-208\" data-elementor-post-type=\"elementor_library\">\n\t\t\t\t\t<section class=\"elementor-section elementor-top-section elementor-element elementor-element-485e576a elementor-section-boxed elementor-section-height-default elementor-section-height-default\" data-id=\"485e576a\" data-element_type=\"section\" data-e-type=\"section\">\n\t\t\t\t\t\t<div class=\"elementor-container elementor-column-gap-default\">\n\t\t\t\t\t<div class=\"elementor-column elementor-col-100 elementor-top-column elementor-element elementor-element-635c38c0\" data-id=\"635c38c0\" data-element_type=\"column\" data-e-type=\"column\">\n\t\t\t<div class=\"elementor-widget-wrap elementor-element-populated\">\n\t\t\t\t\t\t<div class=\"elementor-element elementor-element-3ba95c8a elementor-toc--minimized-on-tablet elementor-widget elementor-widget-table-of-contents\" data-id=\"3ba95c8a\" data-element_type=\"widget\" data-e-type=\"widget\" data-settings=\"{&quot;exclude_headings_by_selector&quot;:&quot;.toc-remove&quot;,&quot;headings_by_tags&quot;:[&quot;h2&quot;,&quot;h3&quot;],&quot;marker_view&quot;:&quot;numbers&quot;,&quot;no_headings_message&quot;:&quot;No se ha encontrado ning\\u00fan encabezado en esta p\\u00e1gina.&quot;,&quot;minimize_box&quot;:&quot;yes&quot;,&quot;minimized_on&quot;:&quot;tablet&quot;,&quot;hierarchical_view&quot;:&quot;yes&quot;,&quot;min_height&quot;:{&quot;unit&quot;:&quot;px&quot;,&quot;size&quot;:&quot;&quot;,&quot;sizes&quot;:[]},&quot;min_height_tablet&quot;:{&quot;unit&quot;:&quot;px&quot;,&quot;size&quot;:&quot;&quot;,&quot;sizes&quot;:[]},&quot;min_height_mobile&quot;:{&quot;unit&quot;:&quot;px&quot;,&quot;size&quot;:&quot;&quot;,&quot;sizes&quot;:[]}}\" data-widget_type=\"table-of-contents.default\">\n\t\t\t\t\t\t\t\t\t<div class=\"elementor-toc__header\">\n\t\t\t\t\t\t<div class=\"elementor-toc__header-title\">\n\t\t\t\tTable of Contents\t\t\t<\/div>\n\t\t\t\t\t\t\t\t\t\t<div class=\"elementor-toc__toggle-button elementor-toc__toggle-button--expand\" role=\"button\" tabindex=\"0\" aria-controls=\"elementor-toc__3ba95c8a\" aria-expanded=\"true\" aria-label=\"Abrir la tabla de contenidos\"><svg aria-hidden=\"true\" class=\"e-font-icon-svg e-fas-chevron-down\" viewBox=\"0 0 448 512\" xmlns=\"http:\/\/www.w3.org\/2000\/svg\"><path d=\"M207.029 381.476L12.686 187.132c-9.373-9.373-9.373-24.569 0-33.941l22.667-22.667c9.357-9.357 24.522-9.375 33.901-.04L224 284.505l154.745-154.021c9.379-9.335 24.544-9.317 33.901.04l22.667 22.667c9.373 9.373 9.373 24.569 0 33.941L240.971 381.476c-9.373 9.372-24.569 9.372-33.942 0z\"><\/path><\/svg><\/div>\n\t\t\t\t<div class=\"elementor-toc__toggle-button elementor-toc__toggle-button--collapse\" role=\"button\" tabindex=\"0\" aria-controls=\"elementor-toc__3ba95c8a\" aria-expanded=\"true\" aria-label=\"Cerrar la tabla de contenidos\"><svg aria-hidden=\"true\" class=\"e-font-icon-svg e-fas-chevron-up\" viewBox=\"0 0 448 512\" xmlns=\"http:\/\/www.w3.org\/2000\/svg\"><path d=\"M240.971 130.524l194.343 194.343c9.373 9.373 9.373 24.569 0 33.941l-22.667 22.667c-9.357 9.357-24.522 9.375-33.901.04L224 227.495 69.255 381.516c-9.379 9.335-24.544 9.317-33.901-.04l-22.667-22.667c-9.373-9.373-9.373-24.569 0-33.941L207.03 130.525c9.372-9.373 24.568-9.373 33.941-.001z\"><\/path><\/svg><\/div>\n\t\t\t\t\t<\/div>\n\t\t\t\t<div id=\"elementor-toc__3ba95c8a\" class=\"elementor-toc__body\">\n\t\t\t<div class=\"elementor-toc__spinner-container\">\n\t\t\t\t<svg class=\"elementor-toc__spinner eicon-animation-spin e-font-icon-svg e-eicon-loading\" aria-hidden=\"true\" viewBox=\"0 0 1000 1000\" xmlns=\"http:\/\/www.w3.org\/2000\/svg\"><path d=\"M500 975V858C696 858 858 696 858 500S696 142 500 142 142 304 142 500H25C25 237 238 25 500 25S975 237 975 500 763 975 500 975Z\"><\/path><\/svg>\t\t\t<\/div>\n\t\t<\/div>\n\t\t\t\t\t\t<\/div>\n\t\t\t\t\t<\/div>\n\t\t<\/div>\n\t\t\t\t\t<\/div>\n\t\t<\/section>\n\t\t\t\t<\/div>\n\t\t\n<h2>\u00bfCu\u00e1nto vale mi caso de lesiones personales en Charlotte?<\/h2>\n<p>Determinar el valor de un caso de lesiones personales implica varios factores. Cada caso es distinto, y varios elementos contribuyen al acuerdo potencial o a la cantidad de la sentencia. Aqu\u00ed est\u00e1 lo que usted necesita considerar:<\/p>\n<h3>Gastos m\u00e9dicos<\/h3>\n<p>Las facturas m\u00e9dicas constituyen una parte importante de cualquier reclamaci\u00f3n por lesiones personales. Incluyen los costes de las visitas a urgencias, las intervenciones quir\u00fargicas, la fisioterapia y el tratamiento m\u00e9dico continuado. Es crucial mantener registros m\u00e9dicos detallados para justificar su reclamaci\u00f3n.<\/p>\n<h3>P\u00e9rdida de salario<\/h3>\n<p>Si su lesi\u00f3n le ha hecho faltar al trabajo, puede tener derecho a una indemnizaci\u00f3n por salarios perdidos. Esto incluye no s\u00f3lo el tiempo que ya ha perdido, sino tambi\u00e9n cualquier ganancia futura que pueda perder debido a su lesi\u00f3n.<\/p>\n<h3>Dolor y sufrimiento<\/h3>\n<p>Tambi\u00e9n se tienen en cuenta los da\u00f1os no econ\u00f3micos, como el dolor y el sufrimiento. Estos da\u00f1os compensan la angustia emocional y el dolor f\u00edsico resultantes de la lesi\u00f3n.<\/p>\n<h3>Gravedad de la lesi\u00f3n<\/h3>\n<p>Cuanto m\u00e1s grave sea la lesi\u00f3n, mayor ser\u00e1 la indemnizaci\u00f3n potencial. Las lesiones graves, como los traumatismos craneoencef\u00e1licos, las lesiones medulares y las quemaduras graves, suelen dar lugar a indemnizaciones m\u00e1s elevadas debido a las repercusiones a largo plazo en su vida.<\/p>\n<h3>Responsabilidad<\/h3>\n<p>La parte responsable del accidente desempe\u00f1a un papel crucial. Si la aseguradora de la parte responsable acepta la responsabilidad, el proceso puede ser m\u00e1s sencillo. Sin embargo, si la negligencia concurrente es un factor, podr\u00eda afectar a la cantidad que reciba.<\/p>\n<h3>Da\u00f1os punitivos<\/h3>\n<p>En casos de negligencia grave o da\u00f1o intencionado, pueden concederse da\u00f1os punitivos. Con ellos se pretende castigar a la parte culpable y disuadir de comportamientos similares en el futuro.<\/p>\n<h3>Compa\u00f1\u00edas de seguros<\/h3>\n<p>La mayor\u00eda de las compa\u00f1\u00edas de seguros tienen como objetivo minimizar los pagos. Contar con abogados expertos de su lado puede ayudarle a negociar un acuerdo justo. Los abogados con experiencia entienden las t\u00e1cticas utilizadas por las compa\u00f1\u00edas de seguros y pueden contrarrestarlas eficazmente.<\/p>\n<h3>Representaci\u00f3n legal<\/h3>\n<p>La calidad de su representaci\u00f3n legal puede tener un impacto significativo en su caso. Abogados con experiencia en lesiones pueden navegar por las complejidades de la ley de lesiones personales, asegurando que usted reciba la m\u00e1xima compensaci\u00f3n.<\/p>\n<h3>Conclusi\u00f3n<\/h3>\n<p>Si bien es dif\u00edcil precisar una cifra exacta sin revisar los detalles espec\u00edficos de su caso, estos factores proporcionan un marco para entender lo que influye en el valor de una demanda por lesiones personales. Para obtener una estimaci\u00f3n m\u00e1s precisa, es aconsejable consultar con un abogado de lesiones personales de Charlotte.<\/p>\n<p><a href=\"https:\/\/919law.com\/wp-content\/uploads\/2024\/08\/Charlotte-Personal-Injury-Lawyer.jpg\"><img fetchpriority=\"high\" decoding=\"async\" class=\"alignnone size-full wp-image-3743\" src=\"https:\/\/919law.com\/wp-content\/uploads\/2024\/08\/Charlotte-Personal-Injury-Lawyer.jpg\" alt=\"Abogado de lesiones personales en Charlotte\" width=\"500\" height=\"333\" srcset=\"https:\/\/919law.com\/wp-content\/uploads\/2024\/08\/Charlotte-Personal-Injury-Lawyer.jpg 500w, https:\/\/919law.com\/wp-content\/uploads\/2024\/08\/Charlotte-Personal-Injury-Lawyer-300x200.jpg 300w\" sizes=\"(max-width: 500px) 100vw, 500px\" \/><\/a><\/p>\n<h2>Tipos de demandas por lesiones personales que nuestros abogados representan<\/h2>\n<p>En Mogy Law Firm, nuestros abogados de lesiones personales en Charlotte se especializan en una amplia gama de demandas por lesiones personales. Nuestros experimentados abogados tienen un profundo conocimiento del sistema legal, asegurando que cada caso reciba la atenci\u00f3n que merece.<\/p>\n<h3>Accidentes de tr\u00e1fico<\/h3>\n<p>Los accidentes de tr\u00e1fico pueden provocar lesiones graves e importantes gastos m\u00e9dicos. Nuestros abogados de lesiones son expertos en el manejo de las reclamaciones de accidentes de coche, asegur\u00e1ndose de que usted reciba una compensaci\u00f3n justa por sus lesiones, salarios perdidos, y la angustia emocional.<\/p>\n<h3>Accidentes de Cami\u00f3n<\/h3>\n<p>Los accidentes de camiones a menudo resultan en lesiones catastr\u00f3ficas debido al gran tama\u00f1o y peso de los veh\u00edculos comerciales. Nuestros abogados tienen una amplia experiencia en el manejo de estos casos complejos, luchando por la compensaci\u00f3n m\u00e1xima que se merece.<\/p>\n<h3>Accidentes de moto<\/h3>\n<p>Los accidentes de moto pueden causar lesiones graves, incluidas lesiones cerebrales traum\u00e1ticas y lesiones medulares. Nuestro equipo es experto en navegar por los entresijos de las reclamaciones por accidentes de moto, asegur\u00e1ndose de que todas las partes responsables rindan cuentas.<\/p>\n<h3>Accidentes por resbalones y ca\u00eddas<\/h3>\n<p>Los accidentes por resbalones y ca\u00eddas pueden ocurrir debido a la negligencia de otra persona, lo que lleva a lesiones graves como huesos rotos y lesiones en la cabeza. Nuestros abogados de lesiones se dedican a probar la culpa y asegurar la compensaci\u00f3n de sus facturas m\u00e9dicas y otros costos relacionados.<\/p>\n<h3>Reclamaciones por homicidio culposo<\/h3>\n<p>Perder a un ser querido debido a la negligencia de otra parte es devastador. Nuestros abogados de lesiones personales en Charlotte son compasivos y est\u00e1n comprometidos a ayudar a las familias a presentar demandas por muerte injusta, buscando justicia y compensaci\u00f3n por su p\u00e9rdida. En cada caso de lesiones personales, Mogy Law Firm se esfuerza por proporcionar el m\u00e1s alto nivel de representaci\u00f3n legal. Nuestra experiencia legal combinada y dedicaci\u00f3n a nuestros clientes nos hacen la primera opci\u00f3n para demandas de lesiones personales en Charlotte, NC.<\/p>\n<h2>Lesiones comunes en casos de lesiones personales<\/h2>\n<p>Los casos de lesiones personales a menudo implican una amplia gama de lesiones, cada una con sus propias complejidades y repercusiones. Comprender estas lesiones es crucial para obtener una indemnizaci\u00f3n justa.<\/p>\n<h3>Lesiones craneales y cerebrales<\/h3>\n<p>Las lesiones cerebrales traum\u00e1ticas (LCT) pueden ser consecuencia de accidentes de tr\u00e1fico, resbalones y ca\u00eddas u otros impactos graves. Tales lesiones a menudo conducen a un tratamiento m\u00e9dico a largo plazo y facturas m\u00e9dicas sustanciales.<\/p>\n<h3>Lesiones de cuello y espalda<\/h3>\n<p>En muchos casos de lesiones personales, las lesiones de cuello y espalda son frecuentes. Estas lesiones pueden ir desde un latigazo cervical leve hasta lesiones graves de la m\u00e9dula espinal, que a menudo requieren fisioterapia y rehabilitaci\u00f3n extensas.<\/p>\n<h3>Lesiones \u00f3seas y articulares<\/h3>\n<p>Fracturas y lesiones en las articulaciones son comunes en accidentes de coche y accidentes de resbal\u00f3n y ca\u00edda. Estas lesiones pueden requerir cirug\u00edas y largos per\u00edodos de recuperaci\u00f3n, lo que afecta a la capacidad de la v\u00edctima para trabajar y realizar actividades cotidianas.<\/p>\n<p><a href=\"https:\/\/919law.com\/wp-content\/uploads\/2024\/08\/Personal-injury-lawyer.jpg\"><img decoding=\"async\" class=\"alignnone size-full wp-image-3744\" src=\"https:\/\/919law.com\/wp-content\/uploads\/2024\/08\/Personal-injury-lawyer.jpg\" alt=\"personal injury lawyer\" width=\"500\" height=\"334\" srcset=\"https:\/\/919law.com\/wp-content\/uploads\/2024\/08\/Personal-injury-lawyer.jpg 500w, https:\/\/919law.com\/wp-content\/uploads\/2024\/08\/Personal-injury-lawyer-300x200.jpg 300w\" sizes=\"(max-width: 500px) 100vw, 500px\" \/><\/a><\/p>\n<h3>Lesiones de tejidos blandos<\/h3>\n<p>Las lesiones de tejidos blandos, como esguinces, distensiones y contusiones, son frecuentes en las demandas por lesiones personales. Aunque puedan parecer leves, estas lesiones pueden causar un dolor importante y requerir atenci\u00f3n m\u00e9dica continua.<\/p>\n<h3>Lesiones internas<\/h3>\n<p>Las lesiones internas, incluidos los da\u00f1os a \u00f3rganos o las hemorragias internas, pueden poner en peligro la vida y requieren intervenci\u00f3n m\u00e9dica inmediata. Estas lesiones son a menudo el resultado de accidentes de alto impacto, tales como accidentes de camiones.<\/p>\n<h3>Quemaduras y cicatrices<\/h3>\n<p>Las quemaduras y las cicatrices pueden producirse en diversos accidentes, incluidos accidentes de tr\u00e1fico e incidentes con fuego o productos qu\u00edmicos. Estas lesiones suelen acarrear gastos m\u00e9dicos a largo plazo y pueden tener efectos f\u00edsicos y emocionales duraderos.<\/p>\n<h3>Amputaciones y p\u00e9rdida de miembros<\/h3>\n<p>Los accidentes graves pueden provocar la amputaci\u00f3n o la p\u00e9rdida de una extremidad. Estas lesiones catastr\u00f3ficas requieren amplios cuidados m\u00e9dicos, rehabilitaci\u00f3n y a menudo conducen a una discapacidad permanente.<\/p>\n<h2>Lesiones psicol\u00f3gicas<\/h2>\n<p>La angustia emocional y las lesiones psicol\u00f3gicas no son infrecuentes en los casos de lesiones personales. Las v\u00edctimas pueden sufrir ansiedad, depresi\u00f3n o trastorno de estr\u00e9s postraum\u00e1tico, que requieren tratamiento y apoyo de salud mental. Entender el espectro de lesiones en los casos de lesiones personales es esencial para construir una demanda s\u00f3lida. Nuestros abogados expertos en Mogy Law Firm est\u00e1n aqu\u00ed para ayudarle a navegar el sistema legal y buscar la compensaci\u00f3n que se merece.<\/p>\n<h2>Hable con un Abogado de Lesiones Personales en Charlotte, Absolutamente Gratis<\/h2>\n<p>Si usted o un ser querido ha sufrido una lesi\u00f3n grave debido a la negligencia de otra persona, hablar con un abogado de lesiones personales de Charlotte puede ser un paso fundamental. En Mogy Law Firm, nuestros abogados experimentados ofrecen una consulta gratuita para discutir su demanda por lesiones personales. Esta reuni\u00f3n sin costo le permite entender sus opciones legales y el valor potencial de su caso de lesiones personales. No deje que las complejidades del sistema legal le disuadan de buscar justicia. P\u00f3ngase en contacto con nuestros abogados de lesiones hoy en <a href=\"tel:+19014439133\"><i class=\"fa fa-phone-alt\"><\/i>(901) 443-9133<\/a> para programar su consulta gratuita. Deje que nuestra experiencia legal combinada trabaje para usted en la obtenci\u00f3n de la compensaci\u00f3n m\u00e1xima que se merece.<\/p>\n","protected":false},"excerpt":{"rendered":"<p>\u00bfLastimado injustamente? \u00bfBusca un abogado de lesiones personales en Charlotte? Cuando se enfrenta a las secuelas de un accidente, tener un experimentado abogado de lesiones personales de Charlotte a su lado puede hacer toda la diferencia. Nuestro equipo de abogados de lesiones personales en Charlotte se dedica a ayudarle a buscar una compensaci\u00f3n justa por [&hellip;]<\/p>\n","protected":false},"author":22,"featured_media":0,"parent":4170,"menu_order":6,"comment_status":"closed","ping_status":"closed","template":"","meta":{"_acf_changed":false,"anchor_text":"","footnotes":""},"class_list":["post-4206","page","type-page","status-publish","hentry"],"acf":[],"_links":{"self":[{"href":"https:\/\/919law.com\/es\/wp-json\/wp\/v2\/pages\/4206","targetHints":{"allow":["GET"]}}],"collection":[{"href":"https:\/\/919law.com\/es\/wp-json\/wp\/v2\/pages"}],"about":[{"href":"https:\/\/919law.com\/es\/wp-json\/wp\/v2\/types\/page"}],"author":[{"embeddable":true,"href":"https:\/\/919law.com\/es\/wp-json\/wp\/v2\/users\/22"}],"replies":[{"embeddable":true,"href":"https:\/\/919law.com\/es\/wp-json\/wp\/v2\/comments?post=4206"}],"version-history":[{"count":2,"href":"https:\/\/919law.com\/es\/wp-json\/wp\/v2\/pages\/4206\/revisions"}],"predecessor-version":[{"id":4208,"href":"https:\/\/919law.com\/es\/wp-json\/wp\/v2\/pages\/4206\/revisions\/4208"}],"up":[{"embeddable":true,"href":"https:\/\/919law.com\/es\/wp-json\/wp\/v2\/pages\/4170"}],"wp:attachment":[{"href":"https:\/\/919law.com\/es\/wp-json\/wp\/v2\/media?parent=4206"}],"curies":[{"name":"wp","href":"https:\/\/api.w.org\/{rel}","templated":true}]}}