{"id":4209,"date":"2025-10-22T08:28:58","date_gmt":"2025-10-22T13:28:58","guid":{"rendered":"https:\/\/919law.com\/charlotte\/charlotte-rideshare-accidente-abogado\/"},"modified":"2024-09-09T10:30:45","modified_gmt":"2024-09-09T15:30:45","slug":"charlotte-rideshare-accidente-abogado","status":"publish","type":"page","link":"https:\/\/919law.com\/es\/charlotte\/charlotte-rideshare-accidente-abogado\/","title":{"rendered":"Charlotte Rideshare Accidente Abogado"},"content":{"rendered":"<h2>\u00bfLastimado en un accidente de Lyft o Uber? Podemos ayudarle.<\/h2>\n<p>Si usted ha sufrido lesiones en un accidente de transporte compartido en Charlotte, es probable que est\u00e9 lidiando con el dolor f\u00edsico, angustia emocional, y las cargas financieras. Navegar por las secuelas de un accidente de este tipo puede ser abrumador, pero Mogy Law Firm est\u00e1 aqu\u00ed para ayudarle. Nuestros abogados con experiencia en accidentes de transporte compartido en Charlotte est\u00e1n dedicados a ayudarle a obtener la compensaci\u00f3n que se merece. Los accidentes de viajes compartidos involucran a m\u00faltiples partes, incluyendo el conductor del viaje compartido, la compa\u00f1\u00eda de viajes compartidos, y potencialmente otros conductores. Determinar la responsabilidad puede ser complejo, especialmente cuando la cobertura del seguro var\u00eda dependiendo de las circunstancias del accidente. Nuestro equipo entiende los matices de los casos de accidentes de transporte compartido y trabajar\u00e1 diligentemente para identificar a todas las partes responsables y presentar su reclamo. Nos encargamos de todos los aspectos de su caso, desde la recopilaci\u00f3n de pruebas y el trato con los ajustadores de seguros hasta la negociaci\u00f3n de acuerdos o su representaci\u00f3n en los tribunales. Nuestro objetivo es aliviar su estr\u00e9s y permitirle centrarse en su recuperaci\u00f3n. Si su accidente involucra a un conductor de Uber o Lyft, tenemos la experiencia para manejar su caso con eficacia. En Mogy Law Firm, damos prioridad a su bienestar y nos esforzamos por lograr el mejor resultado posible para su situaci\u00f3n. Entendemos las complejidades de los accidentes de viajes compartidos en Carolina del Norte y estamos comprometidos a proporcionarle una representaci\u00f3n legal s\u00f3lida. P\u00f3ngase en contacto con nosotros hoy para una consulta gratuita en <a href=\"tel:+19014439133\"><i class=\"fa fa-phone-alt\"><\/i>(901) 443-9133<\/a> y perm\u00edtanos ayudarle en su camino hacia la recuperaci\u00f3n.<\/p>\n\t\t<div data-elementor-type=\"section\" data-elementor-id=\"208\" class=\"elementor elementor-208\" data-elementor-post-type=\"elementor_library\">\n\t\t\t\t\t<section class=\"elementor-section elementor-top-section elementor-element elementor-element-485e576a elementor-section-boxed elementor-section-height-default elementor-section-height-default\" data-id=\"485e576a\" data-element_type=\"section\" data-e-type=\"section\">\n\t\t\t\t\t\t<div class=\"elementor-container elementor-column-gap-default\">\n\t\t\t\t\t<div class=\"elementor-column elementor-col-100 elementor-top-column elementor-element elementor-element-635c38c0\" data-id=\"635c38c0\" data-element_type=\"column\" data-e-type=\"column\">\n\t\t\t<div class=\"elementor-widget-wrap elementor-element-populated\">\n\t\t\t\t\t\t<div class=\"elementor-element elementor-element-3ba95c8a elementor-toc--minimized-on-tablet elementor-widget elementor-widget-table-of-contents\" data-id=\"3ba95c8a\" data-element_type=\"widget\" data-e-type=\"widget\" data-settings=\"{&quot;exclude_headings_by_selector&quot;:&quot;.toc-remove&quot;,&quot;headings_by_tags&quot;:[&quot;h2&quot;,&quot;h3&quot;],&quot;marker_view&quot;:&quot;numbers&quot;,&quot;no_headings_message&quot;:&quot;No se ha encontrado ning\\u00fan encabezado en esta p\\u00e1gina.&quot;,&quot;minimize_box&quot;:&quot;yes&quot;,&quot;minimized_on&quot;:&quot;tablet&quot;,&quot;hierarchical_view&quot;:&quot;yes&quot;,&quot;min_height&quot;:{&quot;unit&quot;:&quot;px&quot;,&quot;size&quot;:&quot;&quot;,&quot;sizes&quot;:[]},&quot;min_height_tablet&quot;:{&quot;unit&quot;:&quot;px&quot;,&quot;size&quot;:&quot;&quot;,&quot;sizes&quot;:[]},&quot;min_height_mobile&quot;:{&quot;unit&quot;:&quot;px&quot;,&quot;size&quot;:&quot;&quot;,&quot;sizes&quot;:[]}}\" data-widget_type=\"table-of-contents.default\">\n\t\t\t\t\t\t\t\t\t<div class=\"elementor-toc__header\">\n\t\t\t\t\t\t<div class=\"elementor-toc__header-title\">\n\t\t\t\tTable of Contents\t\t\t<\/div>\n\t\t\t\t\t\t\t\t\t\t<div class=\"elementor-toc__toggle-button elementor-toc__toggle-button--expand\" role=\"button\" tabindex=\"0\" aria-controls=\"elementor-toc__3ba95c8a\" aria-expanded=\"true\" aria-label=\"Abrir la tabla de contenidos\"><svg aria-hidden=\"true\" class=\"e-font-icon-svg e-fas-chevron-down\" viewBox=\"0 0 448 512\" xmlns=\"http:\/\/www.w3.org\/2000\/svg\"><path d=\"M207.029 381.476L12.686 187.132c-9.373-9.373-9.373-24.569 0-33.941l22.667-22.667c9.357-9.357 24.522-9.375 33.901-.04L224 284.505l154.745-154.021c9.379-9.335 24.544-9.317 33.901.04l22.667 22.667c9.373 9.373 9.373 24.569 0 33.941L240.971 381.476c-9.373 9.372-24.569 9.372-33.942 0z\"><\/path><\/svg><\/div>\n\t\t\t\t<div class=\"elementor-toc__toggle-button elementor-toc__toggle-button--collapse\" role=\"button\" tabindex=\"0\" aria-controls=\"elementor-toc__3ba95c8a\" aria-expanded=\"true\" aria-label=\"Cerrar la tabla de contenidos\"><svg aria-hidden=\"true\" class=\"e-font-icon-svg e-fas-chevron-up\" viewBox=\"0 0 448 512\" xmlns=\"http:\/\/www.w3.org\/2000\/svg\"><path d=\"M240.971 130.524l194.343 194.343c9.373 9.373 9.373 24.569 0 33.941l-22.667 22.667c-9.357 9.357-24.522 9.375-33.901.04L224 227.495 69.255 381.516c-9.379 9.335-24.544 9.317-33.901-.04l-22.667-22.667c-9.373-9.373-9.373-24.569 0-33.941L207.03 130.525c9.372-9.373 24.568-9.373 33.941-.001z\"><\/path><\/svg><\/div>\n\t\t\t\t\t<\/div>\n\t\t\t\t<div id=\"elementor-toc__3ba95c8a\" class=\"elementor-toc__body\">\n\t\t\t<div class=\"elementor-toc__spinner-container\">\n\t\t\t\t<svg class=\"elementor-toc__spinner eicon-animation-spin e-font-icon-svg e-eicon-loading\" aria-hidden=\"true\" viewBox=\"0 0 1000 1000\" xmlns=\"http:\/\/www.w3.org\/2000\/svg\"><path d=\"M500 975V858C696 858 858 696 858 500S696 142 500 142 142 304 142 500H25C25 237 238 25 500 25S975 237 975 500 763 975 500 975Z\"><\/path><\/svg>\t\t\t<\/div>\n\t\t<\/div>\n\t\t\t\t\t\t<\/div>\n\t\t\t\t\t<\/div>\n\t\t<\/div>\n\t\t\t\t\t<\/div>\n\t\t<\/section>\n\t\t\t\t<\/div>\n\t\t\n<h2>Entendiendo los Accidentes de Transporte Compartido<\/h2>\n<p>Los accidentes de transporte compartido se han vuelto cada vez m\u00e1s comunes a medida que servicios como Uber y Lyft crecen en popularidad. Estos incidentes pueden ser complejos, implicando a m\u00faltiples partes y varias p\u00f3lizas de seguros. Si usted est\u00e1 involucrado en un accidente de este tipo, es crucial para entender sus derechos y los pasos que debe tomar para protegerlos.<\/p>\n<h2>El aumento de los servicios de transporte compartido en Charlotte<\/h2>\n<p>Charlotte ha visto un aumento significativo en los servicios de transporte compartido. Con m\u00e1s personas que optan por la comodidad de Uber y Lyft, el n\u00famero de veh\u00edculos de viaje compartido en la carretera ha aumentado. Este aumento ha llevado inevitablemente a m\u00e1s accidentes que involucran a conductores de viajes compartidos. A diferencia de los taxis tradicionales, los conductores de veh\u00edculos compartidos operan como contratistas independientes, lo que puede complicar los problemas de responsabilidad.<\/p>\n<h2>Causas comunes de accidentes de Uber o Lyft<\/h2>\n<p>Los accidentes con veh\u00edculos compartidos pueden ocurrir por varias razones. La conducci\u00f3n distra\u00edda es una de las principales causas, ya que los conductores de veh\u00edculos compartidos a menudo utilizan aplicaciones para navegar y comunicarse con los pasajeros. Otras causas comunes son la fatiga del conductor, el exceso de velocidad y los fallos mec\u00e1nicos. La comprensi\u00f3n de estos factores puede ayudarle en la construcci\u00f3n de una fuerte demanda por lesiones personales. Navegar por las secuelas de un accidente de transporte compartido puede ser desalentador. M\u00faltiples partes, incluyendo la empresa de viajes compartidos, el conductor, y otros veh\u00edculos implicados, pueden compartir la responsabilidad. Saber a qui\u00e9n responsabilizar y qu\u00e9 cobertura de seguro se aplica es esencial para recuperar una compensaci\u00f3n justa por sus lesiones y p\u00e9rdidas.<\/p>\n<p><a href=\"https:\/\/919law.com\/wp-content\/uploads\/2024\/08\/rideshare-accident-lawyer.jpg\"><img fetchpriority=\"high\" decoding=\"async\" class=\"alignnone size-full wp-image-3657\" src=\"https:\/\/919law.com\/wp-content\/uploads\/2024\/08\/rideshare-accident-lawyer.jpg\" alt=\"rideshare accident lawyer\" width=\"500\" height=\"334\" srcset=\"https:\/\/919law.com\/wp-content\/uploads\/2024\/08\/rideshare-accident-lawyer.jpg 500w, https:\/\/919law.com\/wp-content\/uploads\/2024\/08\/rideshare-accident-lawyer-300x200.jpg 300w\" sizes=\"(max-width: 500px) 100vw, 500px\" \/><\/a><\/p>\n<h2>Cobertura de seguro para accidentes de transporte compartido<\/h2>\n<p>Navegar por la cobertura de seguro para accidentes de transporte compartido puede ser intrincado. Al estar involucrado en un accidente de Uber o Lyft, la comprensi\u00f3n de las opciones de cobertura disponibles es crucial. Las compa\u00f1\u00edas de viajes compartidos suelen ofrecer p\u00f3lizas de seguro que cubren diversos escenarios, pero estas pol\u00edticas pueden diferir dependiendo de las circunstancias del accidente.<\/p>\n<h3>Cobertura para accidentes de Uber y Lyft<\/h3>\n<p>Tanto Uber como Lyft ofrecen cobertura de seguro que se activa en diferentes etapas del viaje. Por ejemplo, cuando la aplicaci\u00f3n est\u00e1 desactivada, entra en vigor la p\u00f3liza de seguro personal del conductor. Una vez que la aplicaci\u00f3n est\u00e1 activada, y se acepta una solicitud de viaje, el seguro de la empresa de viajes compartidos se hace cargo, proporcionando cobertura por lesiones corporales, da\u00f1os a la propiedad y responsabilidad civil. Esta cobertura puede ser esencial para garantizar que las v\u00edctimas reciban una indemnizaci\u00f3n justa por sus lesiones y p\u00e9rdidas.<\/p>\n<h2>\u00bfQu\u00e9 cobertura de seguro est\u00e1 disponible despu\u00e9s de un accidente de Uber o Lyft?<\/h2>\n<p>Despu\u00e9s de un accidente de Uber o Lyft, se pueden aplicar varias capas de cobertura de seguro:<\/p>\n<ol>\n<li>P\u00f3liza de seguro personal del conductor: Esto cubre incidentes cuando el conductor no est\u00e1 conectado a la aplicaci\u00f3n de viaje compartido.<\/li>\n<li>Seguro de la empresa de viajes compartidos: Incluye cobertura cuando el conductor ha iniciado sesi\u00f3n pero a\u00fan no ha aceptado una solicitud de viaje y cuando el conductor est\u00e1 en ruta para recoger a un pasajero o durante el propio viaje. Esta cobertura suele incluir<\/li>\n<\/ol>\n<ul>\n<li>Cobertura de lesiones corporales: Para lesiones sufridas por pasajeros y terceros.<\/li>\n<li>Da\u00f1os materiales: Para da\u00f1os a otros veh\u00edculos o bienes.<\/li>\n<li>Cobertura de motorista sin seguro o con seguro insuficiente: En caso de que el conductor culpable carezca de cobertura adecuada.<\/li>\n<\/ul>\n<p>Comprender estas coberturas es vital para cualquiera que se vea implicado en un accidente de coche compartido. Ayuda en la presentaci\u00f3n de una reclamaci\u00f3n de seguros y la b\u00fasqueda de una indemnizaci\u00f3n por gastos m\u00e9dicos, salarios perdidos, y la angustia emocional. Consultar con un abogado de accidentes de viaje compartido en Charlotte puede proporcionar claridad y ayuda en la navegaci\u00f3n de las complejidades legales involucradas en estos casos.<\/p>\n<h2>\u00bfQui\u00e9n es responsable de sus lesiones en un accidente de transporte compartido?<\/h2>\n<p>En los accidentes de transporte compartido, la determinaci\u00f3n de la responsabilidad es crucial para asegurar una compensaci\u00f3n justa. Varias partes pueden ser responsables. El conductor del coche compartido, la empresa de viajes compartidos, o incluso otro automovilista involucrado en la colisi\u00f3n podr\u00eda ser el culpable. La comprensi\u00f3n de qui\u00e9n es responsable requiere un examen a fondo de las circunstancias del accidente.<\/p>\n<h3>Responsabilidad de terceros en accidentes de transporte compartido<\/h3>\n<p>La responsabilidad de terceros a menudo entra en juego en los accidentes de viajes compartidos. Por ejemplo, si la negligencia de otro conductor caus\u00f3 el accidente, su seguro podr\u00eda cubrir sus da\u00f1os. Sin embargo, las compa\u00f1\u00edas de viajes compartidos tambi\u00e9n tienen p\u00f3lizas de seguros que pueden proporcionar cobertura en situaciones espec\u00edficas. Navegar por estas reclamaciones de seguros puede ser complejo, pero nuestros abogados con experiencia en accidentes de viaje compartido en Charlotte est\u00e1n aqu\u00ed para ayudar. Investigaremos a todas las partes responsables para maximizar su compensaci\u00f3n, asegur\u00e1ndonos de que obtenga la justicia que se merece.<\/p>\n<h2>Pasos a seguir tras un accidente de coche compartido<\/h2>\n<h3>Busque atenci\u00f3n m\u00e9dica inmediatamente<\/h3>\n<p>Su salud es primordial. Tras un accidente de coche compartido, es prioritario recibir atenci\u00f3n m\u00e9dica inmediata. Incluso si las lesiones parecen menores, un examen m\u00e9dico completo puede descubrir problemas ocultos.<\/p>\n<h3>Re\u00fana pruebas e informaci\u00f3n de contacto<\/h3>\n<p>Documente meticulosamente el lugar del accidente. Haz fotograf\u00edas del lugar del accidente, de los veh\u00edculos implicados y de las lesiones visibles. Recoge los datos de contacto de todas las partes implicadas, incluido el conductor del veh\u00edculo compartido, los pasajeros y los testigos. Esta informaci\u00f3n es crucial para su reclamaci\u00f3n por da\u00f1os personales.<\/p>\n<h3>Informe del accidente a la empresa de transporte compartido<\/h3>\n<p>Notifique el accidente a la empresa de transporte compartido lo antes posible. Este paso es vital para iniciar el proceso de reclamaci\u00f3n al seguro. Utilice la aplicaci\u00f3n para reportar el incidente y siga las instrucciones espec\u00edficas proporcionadas por el servicio de transporte compartido.<\/p>\n<h3>P\u00f3ngase en contacto con un abogado de Charlotte Rideshare accidente<\/h3>\n<p>P\u00f3ngase en contacto con un abogado experto en accidentes de transporte compartido en Charlotte lo antes posible. Los profesionales legales pueden ayudar a navegar las complejidades de su caso, asegurando que reciba una compensaci\u00f3n justa por las facturas m\u00e9dicas, salarios perdidos y angustia emocional. El bufete de abogados Mogy ofrece orientaci\u00f3n y representaci\u00f3n experta en estos casos. Tomando estos pasos sistem\u00e1ticamente puede aumentar significativamente sus posibilidades de una demanda por lesiones personales exitosa.<\/p>\n<p><a href=\"https:\/\/919law.com\/wp-content\/uploads\/2024\/08\/Charlotte-Rideshare-accident-lawyer.jpg\"><img decoding=\"async\" class=\"alignnone size-full wp-image-3658\" src=\"https:\/\/919law.com\/wp-content\/uploads\/2024\/08\/Charlotte-Rideshare-accident-lawyer.jpg\" alt=\"Uber accident lawyer\" width=\"500\" height=\"334\" srcset=\"https:\/\/919law.com\/wp-content\/uploads\/2024\/08\/Charlotte-Rideshare-accident-lawyer.jpg 500w, https:\/\/919law.com\/wp-content\/uploads\/2024\/08\/Charlotte-Rideshare-accident-lawyer-300x200.jpg 300w\" sizes=\"(max-width: 500px) 100vw, 500px\" \/><\/a><\/p>\n<h2>Por qu\u00e9 necesita un abogado de Charlotte Rideshare accidente<\/h2>\n<h3>Implicaciones Legales y Responsabilidades<\/h3>\n<p>Estar involucrado en un accidente de transporte compartido puede ser abrumador. El panorama legal que rodea a los accidentes de Uber o Lyft es complejo. M\u00faltiples partes pueden estar involucradas, incluyendo el conductor de transporte compartido, la compa\u00f1\u00eda de transporte compartido, y sus respectivas compa\u00f1\u00edas de seguros. Navegar por este laberinto requiere un profundo conocimiento de los aspectos legales y las leyes de tr\u00e1fico que rigen los veh\u00edculos de transporte compartido en Carolina del Norte. Un abogado de Charlotte puede ayudar a aclarar estas complejidades legales. Nuestro equipo en Mogy Law Firm est\u00e1 bien versado en el manejo de casos de accidentes de veh\u00edculos compartidos. Trabajamos diligentemente para identificar a las partes responsables, ya sea el conductor de transporte compartido, el seguro de la compa\u00f1\u00eda de transporte compartido, u otras entidades involucradas. Esto asegura que su demanda por lesiones personales sea s\u00f3lida y completa.<\/p>\n<h3>Justicia e indemnizaci\u00f3n<\/h3>\n<p>Asegurar una indemnizaci\u00f3n justa despu\u00e9s de un accidente de coche compartido es crucial. Las lesiones causadas por este tipo de incidentes pueden provocar importantes da\u00f1os f\u00edsicos, traumas emocionales y cargas econ\u00f3micas. Las facturas m\u00e9dicas, los salarios perdidos y los da\u00f1os a la propiedad pueden acumularse r\u00e1pidamente. Un abogado de accidente de viaje compartido en Charlotte de Mogy Law Firm luchar\u00e1 para recuperar la compensaci\u00f3n por todas sus p\u00e9rdidas. Entendemos las t\u00e1cticas utilizadas por los ajustadores de seguros para minimizar los pagos. Nuestros profesionales legales son expertos en negociar con las compa\u00f1\u00edas de seguros para asegurar el mejor resultado posible para su caso. Tambi\u00e9n nos preparamos para llevar su demanda por lesiones personales a los tribunales si es necesario, asegurando que usted reciba la compensaci\u00f3n que se merece. Elegir Mogy Law Firm significa elegir un equipo dedicado que prioriza sus necesidades. Estamos comprometidos a proporcionar una representaci\u00f3n legal integral, gui\u00e1ndole a trav\u00e9s del proceso legal, y la defensa de sus derechos en cada paso del camino. P\u00f3ngase en contacto con nosotros hoy para discutir su caso con abogados con experiencia en accidentes de viaje compartido en Charlotte.<\/p>\n<h2>\u00bfPor qu\u00e9 elegir Mogy Law Firm?<\/h2>\n<h3>Nuestras Tarifas Competitivas y Enfoque Centrado en el Cliente<\/h3>\n<p>En Mogy Law Firm, nos destacamos por ofrecer una tarifa de abogado del 25%, significativamente m\u00e1s baja que el est\u00e1ndar de la industria del 33%. Este compromiso de precios justos asegura que usted retenga m\u00e1s de su compensaci\u00f3n. Nuestra firma prioriza sus necesidades, nunca tomando m\u00e1s de lo que nuestros clientes reciben. Esta postura \u00e9tica subraya nuestra dedicaci\u00f3n a la transparencia y la equidad en todos los tratos.<\/p>\n<h3>Experiencia en casos de accidentes de transporte compartido<\/h3>\n<p>Navegar por las secuelas de un accidente de transporte compartido puede ser un reto. Nuestro equipo de abogados con experiencia en accidentes de transporte compartido en Charlotte est\u00e1 bien versado en los matices de estos casos. Entendemos los aspectos legales \u00fanicos involucrados, desde tratar con las p\u00f3lizas de seguro de las compa\u00f1\u00edas de transporte compartido hasta abordar las complejidades de la responsabilidad. Nuestro profundo conocimiento asegura que su caso reciba la atenci\u00f3n y experiencia que merece.<\/p>\n<h3>Representaci\u00f3n Legal Integral<\/h3>\n<p>Cuando usted elige Mogy Law Firm, usted obtiene acceso a un espectro completo de servicios legales. Nos encargamos de todo, desde la presentaci\u00f3n de su reclamo de seguro para que lo represente en la corte si es necesario. Nuestro objetivo es asegurar una compensaci\u00f3n justa por sus gastos m\u00e9dicos, salarios perdidos, y el trauma emocional. Trabajamos incansablemente para reunir pruebas, consultar con expertos, y construir un caso s\u00f3lido que apoye sus reclamos.<\/p>\n<h2>P\u00f3ngase en contacto con Mogy Law Firm hoy para programar su consulta gratuita<\/h2>\n<p>No se demore en buscar ayuda legal. P\u00f3ngase en contacto con Mogy Law Firm hoy para programar su consulta gratuita. Ll\u00e1menos al <a href=\"tel:+19014439133\"><i class=\"fa fa-phone-alt\"><\/i>(901) 443-9133<\/a> o llene nuestro formulario en l\u00ednea para comenzar su viaje hacia la justicia y la compensaci\u00f3n. En Mogy Law Firm, estamos comprometidos a proporcionarle la representaci\u00f3n legal s\u00f3lida que necesita para recuperarse de su accidente de viaje compartido. Comun\u00edquese con nosotros ahora y perm\u00edtanos ayudarle a recuperar su tranquilidad.<\/p>\n","protected":false},"excerpt":{"rendered":"<p>\u00bfLastimado en un accidente de Lyft o Uber? Podemos ayudarle. Si usted ha sufrido lesiones en un accidente de transporte compartido en Charlotte, es probable que est\u00e9 lidiando con el dolor f\u00edsico, angustia emocional, y las cargas financieras. Navegar por las secuelas de un accidente de este tipo puede ser abrumador, pero Mogy Law Firm [&hellip;]<\/p>\n","protected":false},"author":22,"featured_media":0,"parent":4170,"menu_order":7,"comment_status":"closed","ping_status":"closed","template":"","meta":{"_acf_changed":false,"anchor_text":"","footnotes":""},"class_list":["post-4209","page","type-page","status-publish","hentry"],"acf":[],"_links":{"self":[{"href":"https:\/\/919law.com\/es\/wp-json\/wp\/v2\/pages\/4209","targetHints":{"allow":["GET"]}}],"collection":[{"href":"https:\/\/919law.com\/es\/wp-json\/wp\/v2\/pages"}],"about":[{"href":"https:\/\/919law.com\/es\/wp-json\/wp\/v2\/types\/page"}],"author":[{"embeddable":true,"href":"https:\/\/919law.com\/es\/wp-json\/wp\/v2\/users\/22"}],"replies":[{"embeddable":true,"href":"https:\/\/919law.com\/es\/wp-json\/wp\/v2\/comments?post=4209"}],"version-history":[{"count":2,"href":"https:\/\/919law.com\/es\/wp-json\/wp\/v2\/pages\/4209\/revisions"}],"predecessor-version":[{"id":4211,"href":"https:\/\/919law.com\/es\/wp-json\/wp\/v2\/pages\/4209\/revisions\/4211"}],"up":[{"embeddable":true,"href":"https:\/\/919law.com\/es\/wp-json\/wp\/v2\/pages\/4170"}],"wp:attachment":[{"href":"https:\/\/919law.com\/es\/wp-json\/wp\/v2\/media?parent=4209"}],"curies":[{"name":"wp","href":"https:\/\/api.w.org\/{rel}","templated":true}]}}