{"id":4217,"date":"2024-08-16T13:57:45","date_gmt":"2024-08-16T18:57:45","guid":{"rendered":"https:\/\/919law.com\/charlotte-firma-de-abogados-de-accidentes-de-coche\/"},"modified":"2024-09-10T02:11:19","modified_gmt":"2024-09-10T07:11:19","slug":"charlotte-firma-de-abogados-de-accidentes-de-coche","status":"publish","type":"page","link":"https:\/\/919law.com\/es\/charlotte-firma-de-abogados-de-accidentes-de-coche\/","title":{"rendered":"Charlotte Firma de Abogados de Accidentes de Coche"},"content":{"rendered":"<p>Cuando usted o un ser querido ha estado involucrado en un accidente de coche, las secuelas pueden ser abrumadoras. Nuestro bufete de abogados de Charlotte accidente de coche est\u00e1 aqu\u00ed para ofrecer el apoyo que necesita. Con una amplia experiencia en el manejo de casos de accidentes automovil\u00edsticos, proporcionamos la asistencia jur\u00eddica necesaria para obtener una compensaci\u00f3n justa por sus lesiones y p\u00e9rdidas. Nuestro equipo entiende que los accidentes de coche pueden causar lesiones graves, como lesiones de la m\u00e9dula espinal y lesiones cerebrales. Estas lesiones a menudo resultan en facturas m\u00e9dicas sustanciales y salarios perdidos. Trabajamos diligentemente para asegurar que usted reciba la compensaci\u00f3n financiera que se merece. Desde el momento en que usted busca atenci\u00f3n m\u00e9dica hasta el acuerdo final, nuestros abogados de accidentes de coche est\u00e1n con usted en cada paso del camino. Si usted ha sufrido lesiones debido a un conductor negligente, no dude en ponerse en contacto con Mogy Law Firm en <a href=\"tel:+19014439133\"><i class=\"fa fa-phone-alt\"><\/i>(901) 443-9133<\/a>. Nuestros abogados de accidentes automovil\u00edsticos en Charlotte se dedican a ayudarle a recuperar la compensaci\u00f3n por sus gastos m\u00e9dicos, salarios perdidos y otros da\u00f1os. Conf\u00ede en nosotros para navegar por las complejidades de su caso y luchar por la justicia que se merece.<\/p>\n\t\t<div data-elementor-type=\"section\" data-elementor-id=\"208\" class=\"elementor elementor-208\" data-elementor-post-type=\"elementor_library\">\n\t\t\t\t\t<section class=\"elementor-section elementor-top-section elementor-element elementor-element-485e576a elementor-section-boxed elementor-section-height-default elementor-section-height-default\" data-id=\"485e576a\" data-element_type=\"section\" data-e-type=\"section\">\n\t\t\t\t\t\t<div class=\"elementor-container elementor-column-gap-default\">\n\t\t\t\t\t<div class=\"elementor-column elementor-col-100 elementor-top-column elementor-element elementor-element-635c38c0\" data-id=\"635c38c0\" data-element_type=\"column\" data-e-type=\"column\">\n\t\t\t<div class=\"elementor-widget-wrap elementor-element-populated\">\n\t\t\t\t\t\t<div class=\"elementor-element elementor-element-3ba95c8a elementor-toc--minimized-on-tablet elementor-widget elementor-widget-table-of-contents\" data-id=\"3ba95c8a\" data-element_type=\"widget\" data-e-type=\"widget\" data-settings=\"{&quot;exclude_headings_by_selector&quot;:&quot;.toc-remove&quot;,&quot;headings_by_tags&quot;:[&quot;h2&quot;,&quot;h3&quot;],&quot;marker_view&quot;:&quot;numbers&quot;,&quot;no_headings_message&quot;:&quot;No headings were found on this page.&quot;,&quot;minimize_box&quot;:&quot;yes&quot;,&quot;minimized_on&quot;:&quot;tablet&quot;,&quot;hierarchical_view&quot;:&quot;yes&quot;,&quot;min_height&quot;:{&quot;unit&quot;:&quot;px&quot;,&quot;size&quot;:&quot;&quot;,&quot;sizes&quot;:[]},&quot;min_height_tablet&quot;:{&quot;unit&quot;:&quot;px&quot;,&quot;size&quot;:&quot;&quot;,&quot;sizes&quot;:[]},&quot;min_height_mobile&quot;:{&quot;unit&quot;:&quot;px&quot;,&quot;size&quot;:&quot;&quot;,&quot;sizes&quot;:[]}}\" data-widget_type=\"table-of-contents.default\">\n\t\t\t\t\t\t\t\t\t<div class=\"elementor-toc__header\">\n\t\t\t\t\t\t<div class=\"elementor-toc__header-title\">\n\t\t\t\tTable of Contents\t\t\t<\/div>\n\t\t\t\t\t\t\t\t\t\t<div class=\"elementor-toc__toggle-button elementor-toc__toggle-button--expand\" role=\"button\" tabindex=\"0\" aria-controls=\"elementor-toc__3ba95c8a\" aria-expanded=\"true\" aria-label=\"Open table of contents\"><svg aria-hidden=\"true\" class=\"e-font-icon-svg e-fas-chevron-down\" viewBox=\"0 0 448 512\" xmlns=\"http:\/\/www.w3.org\/2000\/svg\"><path d=\"M207.029 381.476L12.686 187.132c-9.373-9.373-9.373-24.569 0-33.941l22.667-22.667c9.357-9.357 24.522-9.375 33.901-.04L224 284.505l154.745-154.021c9.379-9.335 24.544-9.317 33.901.04l22.667 22.667c9.373 9.373 9.373 24.569 0 33.941L240.971 381.476c-9.373 9.372-24.569 9.372-33.942 0z\"><\/path><\/svg><\/div>\n\t\t\t\t<div class=\"elementor-toc__toggle-button elementor-toc__toggle-button--collapse\" role=\"button\" tabindex=\"0\" aria-controls=\"elementor-toc__3ba95c8a\" aria-expanded=\"true\" aria-label=\"Close table of contents\"><svg aria-hidden=\"true\" class=\"e-font-icon-svg e-fas-chevron-up\" viewBox=\"0 0 448 512\" xmlns=\"http:\/\/www.w3.org\/2000\/svg\"><path d=\"M240.971 130.524l194.343 194.343c9.373 9.373 9.373 24.569 0 33.941l-22.667 22.667c-9.357 9.357-24.522 9.375-33.901.04L224 227.495 69.255 381.516c-9.379 9.335-24.544 9.317-33.901-.04l-22.667-22.667c-9.373-9.373-9.373-24.569 0-33.941L207.03 130.525c9.372-9.373 24.568-9.373 33.941-.001z\"><\/path><\/svg><\/div>\n\t\t\t\t\t<\/div>\n\t\t\t\t<div id=\"elementor-toc__3ba95c8a\" class=\"elementor-toc__body\">\n\t\t\t<div class=\"elementor-toc__spinner-container\">\n\t\t\t\t<svg class=\"elementor-toc__spinner eicon-animation-spin e-font-icon-svg e-eicon-loading\" aria-hidden=\"true\" viewBox=\"0 0 1000 1000\" xmlns=\"http:\/\/www.w3.org\/2000\/svg\"><path d=\"M500 975V858C696 858 858 696 858 500S696 142 500 142 142 304 142 500H25C25 237 238 25 500 25S975 237 975 500 763 975 500 975Z\"><\/path><\/svg>\t\t\t<\/div>\n\t\t<\/div>\n\t\t\t\t\t\t<\/div>\n\t\t\t\t\t<\/div>\n\t\t<\/div>\n\t\t\t\t\t<\/div>\n\t\t<\/section>\n\t\t\t\t<\/div>\n\t\t\n<h2>Qu\u00e9 hacer despu\u00e9s de un accidente automovil\u00edstico en Charlotte, NC<\/h2>\n<h3>Pasos inmediatos para proteger sus derechos<\/h3>\n<p>Experimentar un accidente automovil\u00edstico puede ser abrumador. Sin embargo, tomar los pasos correctos inmediatamente despu\u00e9s del incidente puede impactar significativamente su caso. Primero, priorice la seguridad y llame a los servicios de emergencia. Aseg\u00farese de que todos los implicados est\u00e1n a salvo y busque atenci\u00f3n m\u00e9dica para cualquier lesi\u00f3n, por leve que parezca. Un tratamiento m\u00e9dico r\u00e1pido es crucial para su salud y para documentar sus lesiones.<\/p>\n<h3>Recogida de pruebas en el lugar del accidente<\/h3>\n<p>Recoger pruebas en el lugar del accidente es vital. Utiliza tu tel\u00e9fono para hacer fotos de los veh\u00edculos, del estado de la carretera y de las lesiones visibles. Obt\u00e9n informaci\u00f3n de contacto de los testigos e intercambia detalles con el otro conductor, incluida la informaci\u00f3n de su compa\u00f1\u00eda de seguros. Un informe policial tambi\u00e9n es esencial, as\u00ed que aseg\u00farate de presentar uno y guardar una copia para tus archivos.<\/p>\n<h3>Buscar atenci\u00f3n m\u00e9dica y documentar las lesiones<\/h3>\n<p>Aunque te encuentres bien, es importante que acudas al m\u00e9dico lo antes posible. Algunas lesiones, como el latigazo cervical o lesiones de la m\u00e9dula espinal, pueden no ser evidentes de inmediato. Documente todas las visitas y tratamientos m\u00e9dicos, ya que estos registros ser\u00e1n fundamentales en su reclamaci\u00f3n por accidente de coche. Lleve un registro de todos los gastos m\u00e9dicos, incluidas las facturas del hospital y los tratamientos en curso. Siguiendo estos pasos, usted puede proteger sus derechos y fortalecer su caso. Mogy Law Firm est\u00e1 aqu\u00ed para guiarle a trav\u00e9s de este momento dif\u00edcil, ofreciendo la asistencia jur\u00eddica que necesita para recuperar una compensaci\u00f3n justa.<\/p>\n<p><a href=\"https:\/\/919law.com\/wp-content\/uploads\/2024\/08\/Charlotte-Car-Accident-Law-Firm.jpg\"><img fetchpriority=\"high\" decoding=\"async\" class=\"alignnone size-full wp-image-3720\" src=\"https:\/\/919law.com\/wp-content\/uploads\/2024\/08\/Charlotte-Car-Accident-Law-Firm.jpg\" alt=\"Charlotte Firma de Abogados de Accidentes de Coche\" width=\"500\" height=\"333\" srcset=\"https:\/\/919law.com\/wp-content\/uploads\/2024\/08\/Charlotte-Car-Accident-Law-Firm.jpg 500w, https:\/\/919law.com\/wp-content\/uploads\/2024\/08\/Charlotte-Car-Accident-Law-Firm-300x200.jpg 300w\" sizes=\"(max-width: 500px) 100vw, 500px\" \/><\/a><\/p>\n<h2>El Proceso Legal para Reclamaciones de Accidentes de Coche en Carolina del Norte<\/h2>\n<h3>Presentando una demanda por accidente de coche con Mogy Law Firm<\/h3>\n<p>Cuando se trata de una demanda por accidente de coche, el primer paso es ponerse en contacto con un abogado con experiencia en accidentes de coche. En Mogy Law Firm, nuestros abogados de accidentes de coche en Charlotte le guiar\u00e1 a trav\u00e9s de cada etapa del proceso legal. Comenzaremos por reunir toda la documentaci\u00f3n necesaria, incluyendo el informe policial, las facturas m\u00e9dicas y cualquier evidencia de la escena del accidente. Nuestro objetivo es construir un caso fuerte para ayudarle a recuperar una compensaci\u00f3n justa por sus lesiones y p\u00e9rdidas.<\/p>\n<h3>Entendiendo las Leyes de Negligencia Contribuyente de Carolina del Norte<\/h3>\n<p>Carolina del Norte sigue la regla de negligencia contributiva, que puede afectar significativamente su reclamo de accidente de coche. Bajo esta ley, si usted es encontrado incluso ligeramente culpable del accidente, usted puede ser excluido de recuperar cualquier compensaci\u00f3n. Nuestros abogados de lesiones personales est\u00e1n bien versados en la ley de Carolina del Norte y trabajar\u00e1n diligentemente para demostrar la negligencia del otro conductor, asegurando que no se le culpa injustamente por el accidente.<\/p>\n<h3>C\u00f3mo negociar con la compa\u00f1\u00eda de seguros<\/h3>\n<p>Tratar con los ajustadores de la compa\u00f1\u00eda de seguros puede ser una parte dif\u00edcil del proceso de reclamaci\u00f3n por accidente de coche. Los ajustadores de seguros est\u00e1n capacitados para minimizar los pagos, a menudo ofreciendo asentamientos que no cubren la totalidad de sus gastos m\u00e9dicos y otras p\u00e9rdidas. Nuestros abogados de accidentes de coche tienen una amplia experiencia en la negociaci\u00f3n con las compa\u00f1\u00edas de seguros. Vamos a abogar en su nombre para asegurar un acuerdo justo que refleje el verdadero valor de su reclamo. Si es necesario, estamos preparados para llevar su caso a los tribunales para lograr el mejor resultado posible. En resumen, la presentaci\u00f3n de una reclamaci\u00f3n de accidente de coche con Mogy Law Firm implica un conocimiento profundo de las leyes de Carolina del Norte de negligencia contribuyente y la negociaci\u00f3n h\u00e1bil con las compa\u00f1\u00edas de seguros. Nuestro equipo dedicado est\u00e1 aqu\u00ed para proporcionar el apoyo legal integral que necesita para navegar por este complejo proceso y recuperar la compensaci\u00f3n que se merece.<\/p>\n<h2>Tipos de indemnizaci\u00f3n que puede reclamar<\/h2>\n<h3>Da\u00f1os econ\u00f3micos: Facturas m\u00e9dicas, salarios perdidos y m\u00e1s<\/h3>\n<p>Despu\u00e9s de un accidente de coche, las cargas financieras pueden acumularse r\u00e1pidamente. Los da\u00f1os econ\u00f3micos cubren p\u00e9rdidas tangibles como facturas m\u00e9dicas, gastos hospitalarios y salarios perdidos. Nuestros abogados de accidentes automovil\u00edsticos en Charlotte trabajan diligentemente para recuperar la compensaci\u00f3n por estos costos, asegurando que usted no se quede financieramente desamparado.<\/p>\n<h3>Da\u00f1os no econ\u00f3micos: Dolor y sufrimiento<\/h3>\n<p>Los accidentes no s\u00f3lo afectan a su cartera; tambi\u00e9n afectan a su bienestar. Los da\u00f1os no econ\u00f3micos se refieren al dolor emocional y f\u00edsico que ha sufrido. Esto incluye la compensaci\u00f3n por el sufrimiento, angustia emocional, y la p\u00e9rdida de disfrute de la vida. Nuestros abogados de lesiones personales son expertos en la cuantificaci\u00f3n de estas p\u00e9rdidas intangibles para asegurar una compensaci\u00f3n justa.<\/p>\n<h3>Da\u00f1os punitivos por negligencia grave<\/h3>\n<p>En casos de negligencia grave o comportamiento imprudente, pueden concederse da\u00f1os punitivos. Estos est\u00e1n dise\u00f1ados para castigar al conductor negligente y disuadir conductas similares en el futuro. Nuestros abogados expertos en accidentes de coche evaluar\u00e1n su caso para determinar si usted califica para estos da\u00f1os adicionales.<\/p>\n<h3>Reclamaciones por homicidio culposo<\/h3>\n<p>Perder a un ser querido en un accidente de coche es devastador. Si el accidente fue causado por la negligencia de otro conductor, usted podr\u00eda tener derecho a presentar una demanda por homicidio culposo. Esto puede cubrir los gastos funerarios, p\u00e9rdida de compa\u00f1\u00eda y apoyo financiero. Mogy Law Firm est\u00e1 aqu\u00ed para proporcionar asistencia legal compasiva durante este tiempo dif\u00edcil, ayud\u00e1ndole a buscar justicia y recuperaci\u00f3n financiera.<\/p>\n<h2>C\u00f3mo Mogy Law Firm prueba la negligencia en casos de accidentes de coche<\/h2>\n<h3>Investigando la escena del accidente<\/h3>\n<p>Cuando se trata de casos de accidentes de coche, nuestro primer paso es investigar a fondo la escena del accidente. Esto implica la recopilaci\u00f3n de informaci\u00f3n vital, como informes policiales, declaraciones de testigos y pruebas fotogr\u00e1ficas. Estos detalles nos ayudan a construir una base s\u00f3lida para su caso.<\/p>\n<h3>Recogida y an\u00e1lisis de pruebas<\/h3>\n<p>Nuestros abogados especializados en accidentes de tr\u00e1fico re\u00fanen y analizan meticulosamente todas las pruebas disponibles. Esto incluye los registros m\u00e9dicos, evaluaciones de da\u00f1os del veh\u00edculo, y cualquier material de vigilancia. Mediante la recopilaci\u00f3n de estos elementos, podemos establecer una narrativa clara de los acontecimientos que condujeron al accidente.<\/p>\n<h3>Peritaje y reconstrucci\u00f3n de accidentes<\/h3>\n<p>Para fundamentar a\u00fan m\u00e1s su demanda, a menudo contratamos a expertos en reconstrucci\u00f3n de accidentes y a profesionales m\u00e9dicos. Su testimonio puede ser crucial para demostrar la negligencia del otro conductor y el alcance de sus lesiones. Este enfoque integral asegura que no dejamos piedra sin mover en la b\u00fasqueda de una compensaci\u00f3n justa para usted. En cada paso, Mogy Law Firm se compromete a proporcionar apoyo jur\u00eddico s\u00f3lido, asegurando que usted reciba la justicia y la compensaci\u00f3n financiera que se merece.<\/p>\n<p><a href=\"https:\/\/919law.com\/wp-content\/uploads\/2024\/08\/car-accident-law-firm-in-Charlotte.jpg\"><img decoding=\"async\" class=\"alignnone size-full wp-image-3721\" src=\"https:\/\/919law.com\/wp-content\/uploads\/2024\/08\/car-accident-law-firm-in-Charlotte.jpg\" alt=\"car accident law firm\" width=\"500\" height=\"334\" srcset=\"https:\/\/919law.com\/wp-content\/uploads\/2024\/08\/car-accident-law-firm-in-Charlotte.jpg 500w, https:\/\/919law.com\/wp-content\/uploads\/2024\/08\/car-accident-law-firm-in-Charlotte-300x200.jpg 300w\" sizes=\"(max-width: 500px) 100vw, 500px\" \/><\/a><\/p>\n<h2>Preguntas frecuentes sobre accidentes de tr\u00e1fico<\/h2>\n<h3>\u00bfEs Carolina del Norte un estado de culpa?<\/h3>\n<p>S\u00ed, Carolina del Norte opera bajo un sistema de culpa. Esto significa que el conductor responsable del accidente de coche es responsable de los da\u00f1os. Si usted est\u00e1 involucrado en un accidente de coche, puede presentar una reclamaci\u00f3n contra la compa\u00f1\u00eda de seguros del otro conductor para recuperar la compensaci\u00f3n por sus gastos m\u00e9dicos, da\u00f1os a la propiedad, y otras p\u00e9rdidas.<\/p>\n<h3>\u00bfCu\u00e1l es el plazo de prescripci\u00f3n para presentar una demanda?<\/h3>\n<p>En Carolina del Norte, el estatuto de limitaciones para presentar una demanda por lesiones personales despu\u00e9s de un accidente de coche es generalmente de tres a\u00f1os a partir de la fecha del accidente. Para las demandas por homicidio culposo, el plazo es de dos a\u00f1os a partir de la fecha de la muerte. Es crucial actuar con prontitud para proteger sus derechos y evitar perder la oportunidad de solicitar una indemnizaci\u00f3n.<\/p>\n<h2>\u00bfDebo aceptar un acuerdo r\u00e1pido de la compa\u00f1\u00eda de seguros?<\/h2>\n<p>Por lo general, no es aconsejable aceptar una oferta de liquidaci\u00f3n r\u00e1pida de una compa\u00f1\u00eda de seguros. Los ajustadores de seguros a menudo tienen como objetivo resolver las reclamaciones por lo menos posible. Consulte con un abogado con experiencia en accidentes de coche para evaluar la oferta y determinar si cubre todos los gastos relacionados con el accidente, incluyendo el tratamiento m\u00e9dico, salarios perdidos, y los costos futuros.<\/p>\n<h2>Por qu\u00e9 necesita un abogado de Charlotte accidente de coche<\/h2>\n<h3>Los riesgos de manejar su reclamo solo<\/h3>\n<p>Navegar por una reclamaci\u00f3n de accidente de coche sin orientaci\u00f3n profesional puede estar plagado de desaf\u00edos. Los ajustadores de seguros a menudo tienen como objetivo minimizar los pagos, y sin un abogado con experiencia en accidentes de coche, usted puede encontrarse en desventaja. Manejar su reclamo solo podr\u00eda resultar en un acuerdo m\u00e1s bajo o incluso un reclamo negado. Las complejidades de la ley de Carolina del Norte, especialmente la negligencia contributiva, hacen que sea crucial tener experiencia legal de su lado.<\/p>\n<h3>C\u00f3mo nuestros abogados tratan con los ajustadores de la compa\u00f1\u00eda de seguros<\/h3>\n<p>Nuestros abogados de accidentes automovil\u00edsticos en Charlotte son expertos en negociar con los ajustadores de las compa\u00f1\u00edas de seguros. Ellos entienden las t\u00e1cticas utilizadas para devaluar las reclamaciones y son expertos en contrarrestar con eficacia. Al aprovechar su amplia experiencia, nuestros abogados trabajan diligentemente para asegurar una compensaci\u00f3n justa por sus gastos m\u00e9dicos, salarios perdidos, y otros da\u00f1os. Tambi\u00e9n manejan todas las comunicaciones con la compa\u00f1\u00eda de seguros del otro conductor, lo que le permite centrarse en su recuperaci\u00f3n.<\/p>\n<h3>Los beneficios de una consulta gratis<\/h3>\n<p>En Mogy Law Firm, ofrecemos una consulta gratuita para discutir su caso de accidente de coche. Esta reuni\u00f3n inicial nos permite entender los detalles de su situaci\u00f3n y proporcionar asesoramiento jur\u00eddico adaptado. Es una oportunidad para que usted pueda hacer preguntas y aprender acerca de sus derechos y opciones sin ning\u00fan compromiso financiero. Nuestro objetivo es darle la informaci\u00f3n que necesita para tomar decisiones informadas sobre su caso. La elecci\u00f3n de un abogado de Charlotte accidente de coche de Mogy Law Firm significa depositar su confianza en un equipo dedicado a lograr la justicia y acuerdos justos. Con nuestra experiencia, usted puede navegar con confianza el proceso legal y centrarse en la curaci\u00f3n de sus lesiones.<\/p>\n<h3>Resultados Reales: Compensaci\u00f3n financiera que hemos asegurado<\/h3>\n<p>Nuestra dedicaci\u00f3n a cada caso se refleja en la compensaci\u00f3n financiera sustancial que hemos asegurado para nuestros clientes. Estos son algunos ejemplos de los resultados logrados por nuestros experimentados abogados de accidentes automovil\u00edsticos: Acuerdo de $500,000: Un accidente automovil\u00edstico en Charlotte que involucr\u00f3 a un conductor negligente result\u00f3 en lesiones graves para nuestro cliente. Nuestra minuciosa investigaci\u00f3n y negociaci\u00f3n con la compa\u00f1\u00eda de seguros del otro conductor condujo a un acuerdo significativo. Compensaci\u00f3n de 750.000 d\u00f3lares: En un caso de homicidio culposo, nuestro bufete represent\u00f3 a la familia de una v\u00edctima que perdi\u00f3 la vida tr\u00e1gicamente en un accidente automovil\u00edstico. Luchamos incansablemente para asegurar justicia y compensaci\u00f3n financiera para la afligida familia. 300.000 d\u00f3lares de indemnizaci\u00f3n: Un cliente que sufr\u00eda de lesiones de la m\u00e9dula espinal despu\u00e9s de una colisi\u00f3n trasera recibi\u00f3 un alivio financiero sustancial gracias a nuestra experiencia legal y el compromiso con su caso. Estos resultados demuestran nuestra capacidad para manejar demandas complejas por accidentes automovil\u00edsticos y lograr resultados favorables para nuestros clientes. Si usted ha estado en un accidente de auto, es crucial buscar ayuda legal de un abogado de accidente de auto que puede navegar el proceso legal y luchar por sus derechos. P\u00f3ngase en contacto con Mogy Law Firm hoy para programar su consulta gratuita y aprender c\u00f3mo podemos ayudarle a recuperar la compensaci\u00f3n que se merece.<\/p>\n<h2>P\u00f3ngase en contacto con un bufete de abogados de Charlotte accidente de coche hoy<\/h2>\n<p>Si usted ha estado involucrado en un accidente de coche en Charlotte, es crucial actuar con rapidez. Mogy Law Firm ofrece una consulta gratuita para discutir su caso. Nuestros abogados de accidentes automovil\u00edsticos en Charlotte est\u00e1n listos para proporcionarle la asistencia legal que necesita. Entendemos las complejidades de las reclamaciones de accidentes de coche y le guiar\u00e1 a trav\u00e9s de cada paso del proceso. En Mogy Law Firm, estamos comprometidos a ayudarle a recuperar la compensaci\u00f3n que se merece. Desde facturas m\u00e9dicas y salarios perdidos hasta dolor y sufrimiento, nuestros abogados experimentados en accidentes automovil\u00edsticos luchar\u00e1n por sus derechos. Nos encargamos de las negociaciones con los ajustadores de la compa\u00f1\u00eda de seguros, asegurando que usted reciba un acuerdo justo. No navegue este tiempo desafiante solo; deje que nuestro equipo le apoye. Su recuperaci\u00f3n y la justicia son nuestras principales prioridades. Tenemos un historial probado de asegurar la compensaci\u00f3n financiera para nuestros clientes. Ya sea que est\u00e9 lidiando con lesiones graves o da\u00f1os a la propiedad, nuestros abogados de accidentes automovil\u00edsticos en Charlotte trabajar\u00e1n diligentemente para construir un caso s\u00f3lido. P\u00f3ngase en contacto con nosotros hoy en <a href=\"tel:+19014439133\"><i class=\"fa fa-phone-alt\"><\/i>(901) 443-9133<\/a> para programar su consulta gratuita y dar el primer paso hacia la recuperaci\u00f3n de su vida.<\/p>\n","protected":false},"excerpt":{"rendered":"<p>Cuando usted o un ser querido ha estado involucrado en un accidente de coche, las secuelas pueden ser abrumadoras. Nuestro bufete de abogados de Charlotte accidente de coche est\u00e1 aqu\u00ed para ofrecer el apoyo que necesita. Con una amplia experiencia en el manejo de casos de accidentes automovil\u00edsticos, proporcionamos la asistencia jur\u00eddica necesaria para obtener [&hellip;]<\/p>\n","protected":false},"author":25,"featured_media":0,"parent":0,"menu_order":0,"comment_status":"closed","ping_status":"closed","template":"","meta":{"_acf_changed":false,"anchor_text":"","footnotes":""},"class_list":["post-4217","page","type-page","status-publish","hentry"],"acf":[],"_links":{"self":[{"href":"https:\/\/919law.com\/es\/wp-json\/wp\/v2\/pages\/4217","targetHints":{"allow":["GET"]}}],"collection":[{"href":"https:\/\/919law.com\/es\/wp-json\/wp\/v2\/pages"}],"about":[{"href":"https:\/\/919law.com\/es\/wp-json\/wp\/v2\/types\/page"}],"author":[{"embeddable":true,"href":"https:\/\/919law.com\/es\/wp-json\/wp\/v2\/users\/25"}],"replies":[{"embeddable":true,"href":"https:\/\/919law.com\/es\/wp-json\/wp\/v2\/comments?post=4217"}],"version-history":[{"count":2,"href":"https:\/\/919law.com\/es\/wp-json\/wp\/v2\/pages\/4217\/revisions"}],"predecessor-version":[{"id":4219,"href":"https:\/\/919law.com\/es\/wp-json\/wp\/v2\/pages\/4217\/revisions\/4219"}],"wp:attachment":[{"href":"https:\/\/919law.com\/es\/wp-json\/wp\/v2\/media?parent=4217"}],"curies":[{"name":"wp","href":"https:\/\/api.w.org\/{rel}","templated":true}]}}