{"id":4220,"date":"2024-08-16T14:22:49","date_gmt":"2024-08-16T19:22:49","guid":{"rendered":"https:\/\/919law.com\/concord-accidente-de-coche-firma-de-abogados\/"},"modified":"2024-09-10T02:19:50","modified_gmt":"2024-09-10T07:19:50","slug":"concord-accidente-de-coche-firma-de-abogados","status":"publish","type":"page","link":"https:\/\/919law.com\/es\/concord-accidente-de-coche-firma-de-abogados\/","title":{"rendered":"Concord Accidente de Coche Firma de Abogados"},"content":{"rendered":"<p>Concord, NC, experimenta un n\u00famero notable de accidentes de coche anualmente. Estos incidentes van desde peque\u00f1os golpes hasta colisiones graves que provocan lesiones catastr\u00f3ficas. Seg\u00fan datos recientes, los accidentes automovil\u00edsticos en Concord han ido en aumento, lo que pone de relieve la necesidad de una conducci\u00f3n vigilante y un amplio apoyo legal. La carga financiera puede ser abrumadora, especialmente para aquellos que tratan con discapacidades permanentes o recuperaci\u00f3n a largo plazo. Adem\u00e1s, la carga emocional de las v\u00edctimas y sus familias no puede ser subestimada. En Mogy Law Firm, entendemos el estr\u00e9s y la incertidumbre que sigue a una colisi\u00f3n de veh\u00edculos de motor. Nuestro bufete de abogados expertos en accidentes de coche le ayudar\u00e1 en la recopilaci\u00f3n de pruebas, la negociaci\u00f3n con la compa\u00f1\u00eda de seguros, y que le representa en los tribunales si es necesario. Nuestro objetivo es asegurar que usted reciba la compensaci\u00f3n financiera que se merece, cubriendo los gastos m\u00e9dicos, salarios perdidos, y otros da\u00f1os. P\u00f3ngase en contacto con nosotros hoy en <a href=\"tel:+19014439133\"><i class=\"fa fa-phone-alt\"><\/i>(901) 443-9133<\/a> para una consulta gratuita.<\/p>\n\t\t<div data-elementor-type=\"section\" data-elementor-id=\"208\" class=\"elementor elementor-208\" data-elementor-post-type=\"elementor_library\">\n\t\t\t\t\t<section class=\"elementor-section elementor-top-section elementor-element elementor-element-485e576a elementor-section-boxed elementor-section-height-default elementor-section-height-default\" data-id=\"485e576a\" data-element_type=\"section\" data-e-type=\"section\">\n\t\t\t\t\t\t<div class=\"elementor-container elementor-column-gap-default\">\n\t\t\t\t\t<div class=\"elementor-column elementor-col-100 elementor-top-column elementor-element elementor-element-635c38c0\" data-id=\"635c38c0\" data-element_type=\"column\" data-e-type=\"column\">\n\t\t\t<div class=\"elementor-widget-wrap elementor-element-populated\">\n\t\t\t\t\t\t<div class=\"elementor-element elementor-element-3ba95c8a elementor-toc--minimized-on-tablet elementor-widget elementor-widget-table-of-contents\" data-id=\"3ba95c8a\" data-element_type=\"widget\" data-e-type=\"widget\" data-settings=\"{&quot;exclude_headings_by_selector&quot;:&quot;.toc-remove&quot;,&quot;headings_by_tags&quot;:[&quot;h2&quot;,&quot;h3&quot;],&quot;marker_view&quot;:&quot;numbers&quot;,&quot;no_headings_message&quot;:&quot;No headings were found on this page.&quot;,&quot;minimize_box&quot;:&quot;yes&quot;,&quot;minimized_on&quot;:&quot;tablet&quot;,&quot;hierarchical_view&quot;:&quot;yes&quot;,&quot;min_height&quot;:{&quot;unit&quot;:&quot;px&quot;,&quot;size&quot;:&quot;&quot;,&quot;sizes&quot;:[]},&quot;min_height_tablet&quot;:{&quot;unit&quot;:&quot;px&quot;,&quot;size&quot;:&quot;&quot;,&quot;sizes&quot;:[]},&quot;min_height_mobile&quot;:{&quot;unit&quot;:&quot;px&quot;,&quot;size&quot;:&quot;&quot;,&quot;sizes&quot;:[]}}\" data-widget_type=\"table-of-contents.default\">\n\t\t\t\t\t\t\t\t\t<div class=\"elementor-toc__header\">\n\t\t\t\t\t\t<div class=\"elementor-toc__header-title\">\n\t\t\t\tTable of Contents\t\t\t<\/div>\n\t\t\t\t\t\t\t\t\t\t<div class=\"elementor-toc__toggle-button elementor-toc__toggle-button--expand\" role=\"button\" tabindex=\"0\" aria-controls=\"elementor-toc__3ba95c8a\" aria-expanded=\"true\" aria-label=\"Open table of contents\"><svg aria-hidden=\"true\" class=\"e-font-icon-svg e-fas-chevron-down\" viewBox=\"0 0 448 512\" xmlns=\"http:\/\/www.w3.org\/2000\/svg\"><path d=\"M207.029 381.476L12.686 187.132c-9.373-9.373-9.373-24.569 0-33.941l22.667-22.667c9.357-9.357 24.522-9.375 33.901-.04L224 284.505l154.745-154.021c9.379-9.335 24.544-9.317 33.901.04l22.667 22.667c9.373 9.373 9.373 24.569 0 33.941L240.971 381.476c-9.373 9.372-24.569 9.372-33.942 0z\"><\/path><\/svg><\/div>\n\t\t\t\t<div class=\"elementor-toc__toggle-button elementor-toc__toggle-button--collapse\" role=\"button\" tabindex=\"0\" aria-controls=\"elementor-toc__3ba95c8a\" aria-expanded=\"true\" aria-label=\"Close table of contents\"><svg aria-hidden=\"true\" class=\"e-font-icon-svg e-fas-chevron-up\" viewBox=\"0 0 448 512\" xmlns=\"http:\/\/www.w3.org\/2000\/svg\"><path d=\"M240.971 130.524l194.343 194.343c9.373 9.373 9.373 24.569 0 33.941l-22.667 22.667c-9.357 9.357-24.522 9.375-33.901.04L224 227.495 69.255 381.516c-9.379 9.335-24.544 9.317-33.901-.04l-22.667-22.667c-9.373-9.373-9.373-24.569 0-33.941L207.03 130.525c9.372-9.373 24.568-9.373 33.941-.001z\"><\/path><\/svg><\/div>\n\t\t\t\t\t<\/div>\n\t\t\t\t<div id=\"elementor-toc__3ba95c8a\" class=\"elementor-toc__body\">\n\t\t\t<div class=\"elementor-toc__spinner-container\">\n\t\t\t\t<svg class=\"elementor-toc__spinner eicon-animation-spin e-font-icon-svg e-eicon-loading\" aria-hidden=\"true\" viewBox=\"0 0 1000 1000\" xmlns=\"http:\/\/www.w3.org\/2000\/svg\"><path d=\"M500 975V858C696 858 858 696 858 500S696 142 500 142 142 304 142 500H25C25 237 238 25 500 25S975 237 975 500 763 975 500 975Z\"><\/path><\/svg>\t\t\t<\/div>\n\t\t<\/div>\n\t\t\t\t\t\t<\/div>\n\t\t\t\t\t<\/div>\n\t\t<\/div>\n\t\t\t\t\t<\/div>\n\t\t<\/section>\n\t\t\t\t<\/div>\n\t\t\n<h2>Causas comunes de accidentes automovil\u00edsticos en Concord, NC<\/h2>\n<p>Entender los desencadenantes frecuentes de accidentes vehiculares en Concord, NC, es crucial tanto para la prevenci\u00f3n como para la acci\u00f3n legal. Varios factores contribuyen a estos eventos desafortunados, cada uno con su propio conjunto de desaf\u00edos e implicaciones. Aqu\u00ed, profundizamos en algunas de las causas m\u00e1s frecuentes.<\/p>\n<h3>Conducci\u00f3n distra\u00edda<\/h3>\n<p>La conducci\u00f3n distra\u00edda sigue siendo una de las principales causas de accidentes de tr\u00e1fico. Ya sea enviando mensajes de texto, comiendo o ajustando la radio, las distracciones desv\u00edan la atenci\u00f3n de la carretera. Este descuido puede tener graves consecuencias, como colisiones de veh\u00edculos de motor y lesiones catastr\u00f3ficas.<\/p>\n<h3>Exceso de velocidad<\/h3>\n<p>El exceso de velocidad es otro factor importante. El exceso de velocidad reduce el tiempo de reacci\u00f3n del conductor y aumenta la gravedad de los accidentes. En Concord, NC, las colisiones relacionadas con el exceso de velocidad a menudo resultan en da\u00f1os sustanciales a la propiedad y lesiones f\u00edsicas.<\/p>\n<h3>Manejando Bajo la Influencia<\/h3>\n<p>Conducir un veh\u00edculo bajo la influencia del alcohol o las drogas es un gran peligro. Conducir bajo los efectos del alcohol o las drogas compromete el juicio, la coordinaci\u00f3n y los tiempos de reacci\u00f3n, lo que provoca graves accidentes de tr\u00e1fico. Estos incidentes a menudo requieren una amplia atenci\u00f3n m\u00e9dica y dan lugar a complejas reclamaciones legales.<\/p>\n<h3>Conducci\u00f3n temeraria<\/h3>\n<p>Los comportamientos imprudentes al volante, como los cambios de carril agresivos y los adelantamientos, contribuyen a numerosos accidentes. Estas acciones no s\u00f3lo ponen en peligro al conductor, sino que tambi\u00e9n suponen un riesgo para otros usuarios de la carretera, lo que a menudo da lugar a importantes reclamaciones por lesiones.<\/p>\n<h3>Condiciones meteorol\u00f3gicas<\/h3>\n<p>Las condiciones meteorol\u00f3gicas adversas, como la lluvia, la niebla y el hielo, tambi\u00e9n son culpables habituales. El mal tiempo puede hacer que las carreteras est\u00e9n resbaladizas y reducir la visibilidad, aumentando la probabilidad de accidentes. Los conductores deben extremar la precauci\u00f3n para evitar colisiones en estas condiciones. Al reconocer estas causas comunes, los residentes de Concord pueden protegerse mejor a s\u00ed mismos y a los dem\u00e1s en la carretera. Si usted se encuentra involucrado en un accidente debido a cualquiera de estos factores, la b\u00fasqueda de asistencia legal de un abogado experto en accidentes de coche en Mogy Law Firm puede ayudarle a navegar el proceso de reclamaciones y recuperar una compensaci\u00f3n justa.<\/p>\n<p><a href=\"https:\/\/919law.com\/wp-content\/uploads\/2024\/08\/Concord-Car-Accident-Law-Firm.jpg\"><img fetchpriority=\"high\" decoding=\"async\" class=\"alignnone wp-image-3728 size-full\" src=\"https:\/\/919law.com\/wp-content\/uploads\/2024\/08\/Concord-Car-Accident-Law-Firm.jpg\" alt=\"car accident law \" width=\"500\" height=\"333\" srcset=\"https:\/\/919law.com\/wp-content\/uploads\/2024\/08\/Concord-Car-Accident-Law-Firm.jpg 500w, https:\/\/919law.com\/wp-content\/uploads\/2024\/08\/Concord-Car-Accident-Law-Firm-300x200.jpg 300w\" sizes=\"(max-width: 500px) 100vw, 500px\" \/><\/a><\/p>\n<h2>Tipos de casos de accidentes de coche manejados por Mogy Law Firm<\/h2>\n<p>En Mogy Law Firm, nos especializamos en un amplio espectro de casos de accidentes automovil\u00edsticos, asegurando que cada cliente reciba la atenci\u00f3n dedicada que se merecen. Nuestros abogados experimentados en accidentes automovil\u00edsticos est\u00e1n bien versados en el manejo de varios tipos de accidentes vehiculares, proporcionando asistencia legal robusta para los afectados.<\/p>\n<h3>Colisiones de dos o m\u00faltiples coches<\/h3>\n<p>Los accidentes automovil\u00edsticos que involucran a dos o m\u00e1s veh\u00edculos pueden ser particularmente complejos. Nuestros abogados expertos en accidentes de coche son expertos en la disecci\u00f3n de estos casos, la identificaci\u00f3n de las partes culpables, y asegurar una compensaci\u00f3n justa para nuestros clientes. Si se trata de una colisi\u00f3n trasera o un choque m\u00faltiple, tenemos la experiencia para navegar por las complejidades involucradas.<\/p>\n<h3>Accidentes de Cami\u00f3n<\/h3>\n<p>Los accidentes de camiones a menudo resultan en lesiones catastr\u00f3ficas debido al gran tama\u00f1o y peso de los camiones comerciales. Nuestros abogados de accidentes de camiones en Concord son competentes en el manejo de estos casos graves, asegurando que las v\u00edctimas reciban una indemnizaci\u00f3n por gastos m\u00e9dicos, salarios perdidos y otros da\u00f1os. Investigamos a fondo cada incidente, desde la verificaci\u00f3n del n\u00famero de licencia del conductor hasta el examen de los registros de mantenimiento del cami\u00f3n.<\/p>\n<h3>Accidentes de moto<\/h3>\n<p>Los accidentes de moto pueden provocar lesiones f\u00edsicas graves, dada la falta de protecci\u00f3n de los motoristas. Nuestro bufete de abogados se compromete a representar a las v\u00edctimas de accidentes de motocicleta, ayud\u00e1ndoles a recuperar la compensaci\u00f3n por sus lesiones, facturas m\u00e9dicas y gastos m\u00e9dicos futuros. Entendemos los desaf\u00edos \u00fanicos a los que se enfrentan los motociclistas y ofrecemos estrategias legales a medida para abordar sus necesidades espec\u00edficas.<\/p>\n<h2>Pasos a seguir despu\u00e9s de un accidente de coche en Concord<\/h2>\n<h3>Garantice la seguridad y llame al 911<\/h3>\n<p>Inmediatamente despu\u00e9s de un accidente de coche, dar prioridad a la seguridad. Mu\u00e9vase a un lugar seguro si es posible y llame al 911. Reporte cualquier lesi\u00f3n y proporcione su ubicaci\u00f3n exacta a los despachadores.<\/p>\n<h3>Busque atenci\u00f3n m\u00e9dica<\/h3>\n<p>Aunque te encuentres bien, busca atenci\u00f3n m\u00e9dica inmediatamente. Algunas lesiones, como las hemorragias internas o las conmociones cerebrales, pueden no ser evidentes de inmediato. Los informes m\u00e9dicos tambi\u00e9n ser\u00e1n cruciales para sus reclamaciones por lesiones.<\/p>\n<h3>Documenta el lugar del accidente<\/h3>\n<p>Utiliza tu tel\u00e9fono para hacer fotos o v\u00eddeos del lugar del accidente, incluyendo la posici\u00f3n de los veh\u00edculos, los da\u00f1os y las lesiones visibles. Esta documentaci\u00f3n puede ser muy valiosa para su caso de accidente de coche.<\/p>\n<h3>Recopile informaci\u00f3n de los testigos<\/h3>\n<p>Recopile informaci\u00f3n de contacto de cualquier testigo. Sus testimonios pueden servir de apoyo a su caso. No olvide anotar tambi\u00e9n el n\u00famero de licencia del otro conductor y los detalles del seguro.<\/p>\n<h3>P\u00f3ngase en contacto con un abogado experto en accidentes de tr\u00e1fico<\/h3>\n<p>P\u00f3ngase en contacto con un abogado especializado en accidentes de tr\u00e1fico de Concord lo antes posible. Un abogado experto en accidentes de coche le ayudar\u00e1 a navegar por el proceso de reclamaciones, reunir pruebas y buscar una compensaci\u00f3n justa por sus gastos m\u00e9dicos, salarios perdidos y otros da\u00f1os.<\/p>\n<h2>\u00bfCu\u00e1nto cuesta contratar a un abogado de accidentes de tr\u00e1fico?<\/h2>\n<p>Al considerar la acci\u00f3n legal despu\u00e9s de un accidente de coche, la comprensi\u00f3n de los costos involucrados es crucial. En Mogy Law Firm, nuestro objetivo es hacer que la representaci\u00f3n legal de alta calidad sea accesible y asequible para todas las v\u00edctimas de accidentes automovil\u00edsticos en Concord, NC.<\/p>\n<h3>Honorarios Competitivos<\/h3>\n<p>Una de nuestras caracter\u00edsticas sobresalientes es nuestra estructura de honorarios competitivos. A diferencia de muchas empresas que cobran una tarifa est\u00e1ndar de abogado del 33%, Mogy Law Firm ofrece una tarifa reducida del 25%. Este honorario m\u00e1s bajo asegura que usted retenga m\u00e1s de su compensaci\u00f3n financiera, ayud\u00e1ndole a cubrir gastos m\u00e9dicos, salarios perdidos, y otros costos asociados con su caso de accidente de auto.<\/p>\n<h3>Sin costos por adelantado<\/h3>\n<p>En Mogy Law Firm, operamos en base a honorarios de contingencia. Esto significa que usted no paga ning\u00fan costo por adelantado o tarifas por hora. Nuestros honorarios s\u00f3lo se cobran si recuperamos con \u00e9xito la compensaci\u00f3n para usted. Este enfoque le permite centrarse en su recuperaci\u00f3n sin el estr\u00e9s a\u00f1adido de los honorarios legales inmediatos.<\/p>\n<h3>Consulta inicial gratuita<\/h3>\n<p>Ofrecemos una consulta gratuita para discutir su caso de accidente de coche. Durante esta reuni\u00f3n, nuestros abogados expertos en accidentes de coche evaluar\u00e1n su situaci\u00f3n, proporcionar asesoramiento jur\u00eddico, y esbozar los pasos que tomaremos para perseguir su reclamo. Esta consulta inicial es una oportunidad para que usted entienda sus derechos y opciones legales sin ninguna obligaci\u00f3n financiera.<\/p>\n<p><a href=\"https:\/\/919law.com\/wp-content\/uploads\/2024\/08\/Car-accident-in-Concord-NC.jpg\"><img decoding=\"async\" class=\"alignnone size-full wp-image-3729\" src=\"https:\/\/919law.com\/wp-content\/uploads\/2024\/08\/Car-accident-in-Concord-NC.jpg\" alt=\"Car accident in Concord, NC\" width=\"500\" height=\"334\" srcset=\"https:\/\/919law.com\/wp-content\/uploads\/2024\/08\/Car-accident-in-Concord-NC.jpg 500w, https:\/\/919law.com\/wp-content\/uploads\/2024\/08\/Car-accident-in-Concord-NC-300x200.jpg 300w\" sizes=\"(max-width: 500px) 100vw, 500px\" \/><\/a><\/p>\n<h2>\u00bfPuedo recibir una indemnizaci\u00f3n si tuve parte de la culpa?<\/h2>\n<p>En Carolina del Norte, el concepto de negligencia contribuyente juega un papel crucial en los casos de accidente de coche. Esta regla implica que si usted tiene la culpa del accidente, aunque sea levemente, se le puede prohibir recibir compensaci\u00f3n. Sin embargo, esto no significa necesariamente que no tenga opciones. Un abogado experto en accidentes de coche de Mogy Law Firm puede analizar meticulosamente los detalles de su caso. Nuestros abogados experimentados en accidentes de coche examinar\u00e1n los informes policiales, recopilar\u00e1n pruebas y consultar\u00e1n con expertos para construir un argumento s\u00f3lido a su favor. Nuestro objetivo es minimizar su responsabilidad y maximizar sus posibilidades de obtener una indemnizaci\u00f3n justa. Incluso si usted tiene alguna responsabilidad en el accidente, es esencial que busque ayuda legal inmediatamente. Nuestro dedicado equipo trabajar\u00e1 incansablemente para desafiar las reclamaciones de las partes culpables y la compa\u00f1\u00eda de seguros, asegur\u00e1ndose de que reciba la compensaci\u00f3n financiera que se merece por gastos m\u00e9dicos, salarios perdidos y otros da\u00f1os. Entender sus derechos legales y las complejidades de la ley de Carolina del Norte es vital. P\u00f3ngase en contacto con un abogado de accidente de coche de Concord en Mogy Law Firm para una consulta gratuita. Estamos comprometidos a guiarlo a trav\u00e9s del proceso de reclamaciones y luchar por sus mejores intereses.<\/p>\n<h2>P\u00f3ngase en contacto con nuestro bufete de abogados de accidentes de coche para una consulta gratuita<\/h2>\n<p>Si usted ha estado involucrado en un accidente automovil\u00edstico en Concord, NC, buscar asistencia legal con prontitud es crucial. Mogy Law Firm ofrece una consulta gratuita para ayudarle a entender sus derechos y opciones legales. Nuestros abogados experimentados en accidentes automovil\u00edsticos se dedican a ayudar a las v\u00edctimas de accidentes automovil\u00edsticos a navegar el proceso de reclamaciones y recuperar una compensaci\u00f3n justa por sus lesiones y p\u00e9rdidas. No deje que las complejidades de un caso de accidente de coche le abrumen. P\u00f3ngase en contacto con Mogy Law Firm hoy en <a href=\"tel:+19014439133\"><i class=\"fa fa-phone-alt\"><\/i>(901) 443-9133<\/a> para una consulta gratuita y dar el primer paso para asegurar su futuro. Nuestro equipo est\u00e1 aqu\u00ed para proporcionar el apoyo y la experiencia legal que necesita para seguir adelante con confianza.<\/p>\n","protected":false},"excerpt":{"rendered":"<p>Concord, NC, experimenta un n\u00famero notable de accidentes de coche anualmente. Estos incidentes van desde peque\u00f1os golpes hasta colisiones graves que provocan lesiones catastr\u00f3ficas. Seg\u00fan datos recientes, los accidentes automovil\u00edsticos en Concord han ido en aumento, lo que pone de relieve la necesidad de una conducci\u00f3n vigilante y un amplio apoyo legal. La carga financiera [&hellip;]<\/p>\n","protected":false},"author":25,"featured_media":0,"parent":0,"menu_order":0,"comment_status":"closed","ping_status":"closed","template":"","meta":{"_acf_changed":false,"anchor_text":"","footnotes":""},"class_list":["post-4220","page","type-page","status-publish","hentry"],"acf":[],"_links":{"self":[{"href":"https:\/\/919law.com\/es\/wp-json\/wp\/v2\/pages\/4220","targetHints":{"allow":["GET"]}}],"collection":[{"href":"https:\/\/919law.com\/es\/wp-json\/wp\/v2\/pages"}],"about":[{"href":"https:\/\/919law.com\/es\/wp-json\/wp\/v2\/types\/page"}],"author":[{"embeddable":true,"href":"https:\/\/919law.com\/es\/wp-json\/wp\/v2\/users\/25"}],"replies":[{"embeddable":true,"href":"https:\/\/919law.com\/es\/wp-json\/wp\/v2\/comments?post=4220"}],"version-history":[{"count":2,"href":"https:\/\/919law.com\/es\/wp-json\/wp\/v2\/pages\/4220\/revisions"}],"predecessor-version":[{"id":4222,"href":"https:\/\/919law.com\/es\/wp-json\/wp\/v2\/pages\/4220\/revisions\/4222"}],"wp:attachment":[{"href":"https:\/\/919law.com\/es\/wp-json\/wp\/v2\/media?parent=4220"}],"curies":[{"name":"wp","href":"https:\/\/api.w.org\/{rel}","templated":true}]}}