{"id":4223,"date":"2024-08-16T14:27:17","date_gmt":"2024-08-16T19:27:17","guid":{"rendered":"https:\/\/919law.com\/firma-de-abogados-de-accidentes-de-coche-gastonia\/"},"modified":"2024-09-10T02:31:03","modified_gmt":"2024-09-10T07:31:03","slug":"firma-de-abogados-de-accidentes-de-coche-gastonia","status":"publish","type":"page","link":"https:\/\/919law.com\/es\/firma-de-abogados-de-accidentes-de-coche-gastonia\/","title":{"rendered":"Firma de abogados de accidentes de coche Gastonia"},"content":{"rendered":"<p>Un accidente de tr\u00e1fico puede alterar bruscamente el curso de su vida. Las secuelas a menudo implican no s\u00f3lo lesiones f\u00edsicas, sino tambi\u00e9n angustia emocional y cargas financieras significativas. Las v\u00edctimas de accidentes de coche pueden enfrentarse a un tratamiento m\u00e9dico prolongado, p\u00e9rdida de ingresos, y la desalentadora tarea de navegar por las reclamaciones de seguros. Los abogados con experiencia en accidentes de coche en Mogy Law Firm se dedican a ayudarle a asegurar una compensaci\u00f3n justa para estos desaf\u00edos. \u00a1P\u00f3ngase en contacto con nosotros en <a href=\"tel:+19014439133\"><i class=\"fa fa-phone-alt\"><\/i>(901) 443-9133<\/a> para una consulta gratuita hoy!<\/p>\n<h2>\u00bfPor qu\u00e9 necesita un abogado de accidente de coche en Gastonia?<\/h2>\n<p>Un abogado de accidente de coche Gastonia es indispensable cuando se trata de las secuelas de un accidente de coche. Los accidentes pueden causar lesiones graves, angustia emocional y cargas financieras significativas. Un abogado con experiencia en accidentes de coche puede ayudarle a navegar por el sistema legal y asegurar una compensaci\u00f3n justa por sus p\u00e9rdidas.<\/p>\n<h3>Proteger sus derechos despu\u00e9s de un accidente de coche<\/h3>\n<p>Despu\u00e9s de un accidente de coche, es crucial para proteger sus derechos. Las compa\u00f1\u00edas de seguros a menudo tratan de minimizar los pagos, y sin la representaci\u00f3n legal adecuada, es posible que no obtenga la compensaci\u00f3n que se merece. Un abogado de accidentes de coche Gastonia se asegurar\u00e1 de que sus derechos sean defendidos y que usted reciba una compensaci\u00f3n completa y justa por sus lesiones, salarios perdidos, y otros da\u00f1os.<\/p>\n<h3>Navegando por el sistema legal de Carolina del Norte<\/h3>\n<p>El sistema legal de Carolina del Norte puede ser complejo, especialmente para las v\u00edctimas de accidentes automovil\u00edsticos. Un abogado con experiencia le guiar\u00e1 a trav\u00e9s de los procedimientos legales, desde la recopilaci\u00f3n de pruebas hasta la presentaci\u00f3n de una reclamaci\u00f3n por accidente de coche. Ellos se encargar\u00e1n de las interacciones con los ajustadores de seguros, negociar los asentamientos, y, si es necesario, que lo represente en la corte para lograr el mejor resultado para su caso. La contrataci\u00f3n de un abogado de accidente de coche Gastonia de Mogy Law Firm significa que tiene un aliado legal dedicado de su lado. Con nuestra experiencia, trabajaremos incansablemente para asegurar que usted reciba la compensaci\u00f3n que se merece.<\/p>\n<h2>Por qu\u00e9 elegir Mogy Law Firm para su caso de accidente de coche<\/h2>\n<p>Cuando se enfrenta a las secuelas de un accidente, tener un abogado de accidente de coche Gastonia fiable puede hacer toda la diferencia. Nuestro equipo entiende las complejidades de las demandas por lesiones personales y se compromete a asegurar la m\u00e1xima compensaci\u00f3n para nuestros clientes. Trabajamos diligentemente para reunir pruebas, negociar con las compa\u00f1\u00edas de seguros y representarle ante los tribunales si es necesario.<\/p>\n<h3>Nuestras Tarifas Competitivas y Enfoque Centrado en el Cliente<\/h3>\n<p>En Mogy Law Firm, damos prioridad al bienestar financiero de nuestros clientes. Ofrecemos un competitivo 25% de honorarios de abogado, significativamente m\u00e1s bajo que el t\u00edpico 33%, asegurando que usted retenga m\u00e1s de su acuerdo. Nuestro enfoque centrado en el cliente significa que nunca tomamos m\u00e1s que nuestros clientes, haciendo hincapi\u00e9 en la equidad y la transparencia en todos nuestros tratos.<\/p>\n<h3>Alcance geogr\u00e1fico y experiencia local<\/h3>\n<p>Con oficinas en Raleigh, y Charlotte, y una presencia significativa en todo Carolina del Norte, nuestra empresa est\u00e1 bien posicionada para servir a las v\u00edctimas de accidentes de coche Gastonia. Nuestra experiencia local y amplio conocimiento de la ley de Carolina del Norte nos permiten navegar por el sistema legal con eficacia, proporcionando los mejores resultados posibles para nuestros clientes. Si se trata de lesiones graves, p\u00e9rdida de salarios, o da\u00f1os a la propiedad, Mogy Law Firm es su aliado legal de confianza.<\/p>\n<h2>Tipos de accidentes de coche que manejamos<\/h2>\n<p>En Mogy Law Firm, nuestros abogados de accidentes de coche Gastonia est\u00e1n bien versados en una amplia gama de casos de accidentes de coche. Entendemos los diferentes escenarios que pueden conducir a lesiones graves y la necesidad de una compensaci\u00f3n sustancial. Aqu\u00ed est\u00e1n los tipos de accidentes de coche que nos especializamos en:<\/p>\n<h3>Colisiones traseras y frontales<\/h3>\n<p>Colisiones traseras a menudo resultan en latigazo cervical y otras lesiones en el cuello, mientras que las colisiones frontales pueden causar lesiones graves que amenazan la vida. Nuestros experimentados abogados de accidentes de coche son expertos en el manejo de estos casos, asegurando que las v\u00edctimas reciban la compensaci\u00f3n financiera que merecen.<\/p>\n<h3>Choques Laterales e Incidentes de Golpes Laterales<\/h3>\n<p>Choques de impacto lateral, tambi\u00e9n conocidos como accidentes T-bone, y los incidentes sideswipe puede conducir a importantes da\u00f1os materiales y da\u00f1os corporales. Nuestro equipo es experto en la recopilaci\u00f3n de pruebas y la construcci\u00f3n de casos fuertes para asegurar una compensaci\u00f3n justa para las v\u00edctimas de accidentes de coche.<\/p>\n<p><a href=\"https:\/\/919law.com\/wp-content\/uploads\/2024\/08\/Car-Accident-Law.jpg\"><img fetchpriority=\"high\" decoding=\"async\" class=\"alignnone size-full wp-image-3738\" src=\"https:\/\/919law.com\/wp-content\/uploads\/2024\/08\/Car-Accident-Law.jpg\" alt=\"Car accident law \" width=\"500\" height=\"334\" srcset=\"https:\/\/919law.com\/wp-content\/uploads\/2024\/08\/Car-Accident-Law.jpg 500w, https:\/\/919law.com\/wp-content\/uploads\/2024\/08\/Car-Accident-Law-300x200.jpg 300w\" sizes=\"(max-width: 500px) 100vw, 500px\" \/><\/a><\/p>\n<h3>Accidentes con conductores sin seguro o con seguro insuficiente<\/h3>\n<p>Tratar con conductores sin seguro o con seguro insuficiente a\u00f1ade complejidad a las reclamaciones por accidentes de coche. Nuestro equipo legal tiene la experiencia para navegar por estos desaf\u00edos, trabajando para recuperar la compensaci\u00f3n de todas las fuentes disponibles, incluyendo su propia p\u00f3liza de seguro.<\/p>\n<h3>Accidentes con fuga<\/h3>\n<p>Los accidentes en los que el conductor se da a la fuga dejan a las v\u00edctimas desamparadas e inseguras sobre los pasos a seguir. Nuestros abogados de accidentes automovil\u00edsticos en Gastonia est\u00e1n comprometidos con la b\u00fasqueda de justicia para las v\u00edctimas de atropellos con fuga, utilizando todos los recursos disponibles para identificar a las partes culpables y buscar una compensaci\u00f3n justa.<\/p>\n<h3>Accidentes causados por distracciones o por conducir ebrio<\/h3>\n<p>Los accidentes causados por conductores distra\u00eddos o ebrios son totalmente evitables y a menudo resultan en lesiones graves. Nuestros abogados est\u00e1n dedicados a responsabilizar a los conductores negligentes y asegurar la m\u00e1xima compensaci\u00f3n para los afectados por tal comportamiento imprudente. Al elegir Mogy Law Firm, usted gana un aliado legal con amplia experiencia en el manejo de diversos tipos de casos de accidentes automovil\u00edsticos. Nuestro compromiso con la investigaci\u00f3n exhaustiva y la representaci\u00f3n agresiva asegura que usted reciba la compensaci\u00f3n completa y justa que se merece.<\/p>\n<h2>Pasos a seguir tras un accidente de tr\u00e1fico<\/h2>\n<h3>Medidas inmediatas para garantizar la seguridad y documentar las pruebas<\/h3>\n<p>Tras un accidente de coche, su prioridad inmediata debe ser la seguridad. Si es posible, dir\u00edgete a un lugar seguro y comprueba si hay heridos. Llame al 911 para informar del accidente y solicitar asistencia m\u00e9dica si es necesario. Documenta el lugar del accidente con fotograf\u00edas de los da\u00f1os del veh\u00edculo, el estado de la carretera y las lesiones visibles. Estas pruebas pueden ser cruciales para su reclamaci\u00f3n por accidente de coche.<\/p>\n<h3>Recopilaci\u00f3n de informaci\u00f3n esencial y declaraciones de testigos<\/h3>\n<p>Recopile los datos de contacto de todas las partes implicadas, incluidos sus nombres, n\u00fameros de tel\u00e9fono e informaci\u00f3n del seguro. Obtenga los nombres y datos de contacto de los testigos del accidente. Sus declaraciones pueden ser de gran ayuda en su caso de accidente de tr\u00e1fico. Adem\u00e1s, aseg\u00farese de obtener una copia del informe policial, que ser\u00e1 una prueba importante a la hora de tratar con la compa\u00f1\u00eda de seguros.<\/p>\n<h2>Buscar atenci\u00f3n m\u00e9dica y documentar las lesiones<\/h2>\n<p>Aunque te encuentres bien, busca atenci\u00f3n m\u00e9dica inmediatamente despu\u00e9s del accidente. Algunas lesiones pueden no ser evidentes de inmediato. Un examen m\u00e9dico completo puede identificar lesiones ocultas y proporcionar documentaci\u00f3n para sus reclamaciones por lesiones personales. Lleve un registro de todos los tratamientos m\u00e9dicos, incluidas las visitas al m\u00e9dico, las recetas y cualquier gasto m\u00e9dico futuro recomendado. Esta documentaci\u00f3n es vital para obtener una indemnizaci\u00f3n justa por sus lesiones. Tomar estas medidas puede fortalecer significativamente su caso y ayudarle a recuperar la compensaci\u00f3n que leg\u00edtimamente merece. Para obtener m\u00e1s ayuda, p\u00f3ngase en contacto con Mogy Law Firm para una consulta gratuita con un abogado con experiencia.<\/p>\n<p><a href=\"https:\/\/919law.com\/wp-content\/uploads\/2024\/08\/Gastonia-car-accident.jpg\"><img decoding=\"async\" class=\"alignnone size-full wp-image-3739\" src=\"https:\/\/919law.com\/wp-content\/uploads\/2024\/08\/Gastonia-car-accident.jpg\" alt=\"Gastonia car accident\" width=\"500\" height=\"334\" srcset=\"https:\/\/919law.com\/wp-content\/uploads\/2024\/08\/Gastonia-car-accident.jpg 500w, https:\/\/919law.com\/wp-content\/uploads\/2024\/08\/Gastonia-car-accident-300x200.jpg 300w\" sizes=\"(max-width: 500px) 100vw, 500px\" \/><\/a><\/p>\n<h2>\u00bfQu\u00e9 indemnizaci\u00f3n puede reclamar tras un accidente de tr\u00e1fico?<\/h2>\n<p>Si ha sufrido un accidente de tr\u00e1fico, es fundamental saber qu\u00e9 indemnizaci\u00f3n puede reclamar. Las v\u00edctimas de accidentes de tr\u00e1fico suelen tener derecho a varias formas de indemnizaci\u00f3n. Esto puede incluir la cobertura de gastos m\u00e9dicos, salarios perdidos y da\u00f1os a la propiedad. Adem\u00e1s, la indemnizaci\u00f3n tambi\u00e9n puede cubrir la angustia emocional y los impactos a largo plazo, asegurando que usted reciba la compensaci\u00f3n total que se merece por derecho.<\/p>\n<h3>Facturas m\u00e9dicas, salarios perdidos y da\u00f1os materiales<\/h3>\n<p>Las facturas m\u00e9dicas pueden acumularse r\u00e1pidamente despu\u00e9s de un accidente de tr\u00e1fico. Desde las visitas a urgencias hasta el tratamiento m\u00e9dico continuo, estos gastos pueden ser abrumadores. Un abogado con experiencia en accidentes de tr\u00e1fico puede ayudarle a recuperar la compensaci\u00f3n por estos costes. Los salarios perdidos por baja laboral son otro factor cr\u00edtico. Si su lesi\u00f3n le impide trabajar, puede reclamar una indemnizaci\u00f3n por p\u00e9rdida de ingresos. Los da\u00f1os materiales, incluida la reparaci\u00f3n o sustituci\u00f3n del veh\u00edculo, tambi\u00e9n son una parte importante de su reclamaci\u00f3n por accidente de tr\u00e1fico.<\/p>\n<h3>Angustia emocional e impactos a largo plazo<\/h3>\n<p>Los accidentes de tr\u00e1fico pueden tener efectos emocionales y psicol\u00f3gicos duraderos. La angustia emocional puede incluir ansiedad, depresi\u00f3n y otros problemas de salud mental derivados del siniestro. La indemnizaci\u00f3n por angustia emocional tiene por objeto hacer frente a estos da\u00f1os no econ\u00f3micos. Los impactos a largo plazo, como los gastos m\u00e9dicos futuros y los cuidados continuos, tambi\u00e9n se tienen en cuenta a la hora de calcular su indemnizaci\u00f3n. Un abogado experto en lesiones personales trabajar\u00e1 para garantizar una indemnizaci\u00f3n justa por todos los aspectos de su sufrimiento, tanto inmediato como futuro. Entender sus derechos y la compensaci\u00f3n que puede reclamar es esencial. Mogy Law Firm se dedica a ayudarle a navegar por el sistema legal y recuperar la compensaci\u00f3n que se merece. Ya sea tratando con ajustadores de seguros o prepar\u00e1ndose para procedimientos legales, nuestro equipo legal est\u00e1 aqu\u00ed para apoyarle en cada paso del camino.<\/p>\n<h2>P\u00f3ngase en contacto con Mogy Law Firm hoy<\/h2>\n<p>Cuando usted est\u00e1 involucrado en un accidente de coche, la asesor\u00eda legal inmediata es crucial. En Mogy Law Firm, ofrecemos una consulta gratuita para discutir su caso. Nuestros abogados experimentados en accidentes automovil\u00edsticos evaluar\u00e1n su situaci\u00f3n y le proporcionar\u00e1n una comprensi\u00f3n clara de sus opciones legales. Esta consulta inicial est\u00e1 dise\u00f1ada para darle la confianza y la informaci\u00f3n que necesita para seguir adelante.<\/p>\n","protected":false},"excerpt":{"rendered":"<p>Un accidente de tr\u00e1fico puede alterar bruscamente el curso de su vida. Las secuelas a menudo implican no s\u00f3lo lesiones f\u00edsicas, sino tambi\u00e9n angustia emocional y cargas financieras significativas. Las v\u00edctimas de accidentes de coche pueden enfrentarse a un tratamiento m\u00e9dico prolongado, p\u00e9rdida de ingresos, y la desalentadora tarea de navegar por las reclamaciones de [&hellip;]<\/p>\n","protected":false},"author":25,"featured_media":0,"parent":0,"menu_order":0,"comment_status":"closed","ping_status":"closed","template":"","meta":{"_acf_changed":false,"anchor_text":"","footnotes":""},"class_list":["post-4223","page","type-page","status-publish","hentry"],"acf":[],"_links":{"self":[{"href":"https:\/\/919law.com\/es\/wp-json\/wp\/v2\/pages\/4223","targetHints":{"allow":["GET"]}}],"collection":[{"href":"https:\/\/919law.com\/es\/wp-json\/wp\/v2\/pages"}],"about":[{"href":"https:\/\/919law.com\/es\/wp-json\/wp\/v2\/types\/page"}],"author":[{"embeddable":true,"href":"https:\/\/919law.com\/es\/wp-json\/wp\/v2\/users\/25"}],"replies":[{"embeddable":true,"href":"https:\/\/919law.com\/es\/wp-json\/wp\/v2\/comments?post=4223"}],"version-history":[{"count":2,"href":"https:\/\/919law.com\/es\/wp-json\/wp\/v2\/pages\/4223\/revisions"}],"predecessor-version":[{"id":4225,"href":"https:\/\/919law.com\/es\/wp-json\/wp\/v2\/pages\/4223\/revisions\/4225"}],"wp:attachment":[{"href":"https:\/\/919law.com\/es\/wp-json\/wp\/v2\/media?parent=4223"}],"curies":[{"name":"wp","href":"https:\/\/api.w.org\/{rel}","templated":true}]}}