{"id":4230,"date":"2024-08-05T20:22:58","date_gmt":"2024-08-06T01:22:58","guid":{"rendered":"https:\/\/919law.com\/concordia\/"},"modified":"2024-09-13T09:48:52","modified_gmt":"2024-09-13T14:48:52","slug":"concord","status":"publish","type":"page","link":"https:\/\/919law.com\/es\/concord\/","title":{"rendered":"Concord"},"content":{"rendered":"<p>Concord, Carolina del Norte, es una vibrante ciudad situada al noreste de Charlotte, en el condado de Cabarrus. Sede del condado y una de las ciudades de m\u00e1s r\u00e1pido crecimiento de la regi\u00f3n, Concord cuenta con una poblaci\u00f3n de unos 105.000 habitantes. La ciudad es conocida por su rica historia, su variada cultura y su papel como centro neur\u00e1lgico de los deportes de motor.<\/p>\n<p>Concord alberga el famoso Charlotte Motor Speedway, que acoge carreras de la NASCAR y atrae a aficionados al automovilismo de todo el pa\u00eds. La ciudad tambi\u00e9n ofrece una gran variedad de opciones de compras y entretenimiento, siendo una de sus principales atracciones Concord Mills, uno de los mayores centros comerciales del estado.<\/p>\n<p>El centro hist\u00f3rico de Concord cuenta con encantadoras tiendas, restaurantes y lugares de inter\u00e9s cultural, como el Cabarrus Arts Council y el Historic Cabarrus Courthouse. La ciudad tambi\u00e9n es conocida por sus hermosos parques, excelentes escuelas y un fuerte sentido de comunidad, por lo que es un lugar deseable para vivir y visitar.<\/p>\n","protected":false},"excerpt":{"rendered":"<p>Concord, Carolina del Norte, es una vibrante ciudad situada al noreste de Charlotte, en el condado de Cabarrus. Sede del condado y una de las ciudades de m\u00e1s r\u00e1pido crecimiento de la regi\u00f3n, Concord cuenta con una poblaci\u00f3n de unos 105.000 habitantes. La ciudad es conocida por su rica historia, su variada cultura y su [&hellip;]<\/p>\n","protected":false},"author":26,"featured_media":4092,"parent":0,"menu_order":9,"comment_status":"closed","ping_status":"closed","template":"","meta":{"_acf_changed":false,"anchor_text":"","footnotes":""},"class_list":["post-4230","page","type-page","status-publish","has-post-thumbnail","hentry"],"acf":[],"_links":{"self":[{"href":"https:\/\/919law.com\/es\/wp-json\/wp\/v2\/pages\/4230","targetHints":{"allow":["GET"]}}],"collection":[{"href":"https:\/\/919law.com\/es\/wp-json\/wp\/v2\/pages"}],"about":[{"href":"https:\/\/919law.com\/es\/wp-json\/wp\/v2\/types\/page"}],"author":[{"embeddable":true,"href":"https:\/\/919law.com\/es\/wp-json\/wp\/v2\/users\/26"}],"replies":[{"embeddable":true,"href":"https:\/\/919law.com\/es\/wp-json\/wp\/v2\/comments?post=4230"}],"version-history":[{"count":3,"href":"https:\/\/919law.com\/es\/wp-json\/wp\/v2\/pages\/4230\/revisions"}],"predecessor-version":[{"id":4371,"href":"https:\/\/919law.com\/es\/wp-json\/wp\/v2\/pages\/4230\/revisions\/4371"}],"wp:featuredmedia":[{"embeddable":true,"href":"https:\/\/919law.com\/es\/wp-json\/wp\/v2\/media\/4092"}],"wp:attachment":[{"href":"https:\/\/919law.com\/es\/wp-json\/wp\/v2\/media?parent=4230"}],"curies":[{"name":"wp","href":"https:\/\/api.w.org\/{rel}","templated":true}]}}