{"id":4233,"date":"2024-08-05T20:20:58","date_gmt":"2024-08-06T01:20:58","guid":{"rendered":"https:\/\/919law.com\/cary\/"},"modified":"2024-09-10T03:04:57","modified_gmt":"2024-09-10T08:04:57","slug":"cary","status":"publish","type":"page","link":"https:\/\/919law.com\/es\/cary\/","title":{"rendered":"Cary"},"content":{"rendered":"<p>Cary, Carolina del Norte, es una pr\u00f3spera ciudad de la regi\u00f3n del Tri\u00e1ngulo de Investigaci\u00f3n, situada entre Raleigh y Durham. Con una poblaci\u00f3n de unos 180.000 habitantes, Cary se ha convertido r\u00e1pidamente en uno de los lugares m\u00e1s deseados del estado para vivir. Es conocida por sus bonitos barrios, sus colegios de primera categor\u00eda y sus amplias zonas verdes, que incluyen m\u00e1s de 30 parques y 130 kil\u00f3metros de v\u00edas verdes.<\/p>\n<p>La proximidad de la ciudad al Research Triangle Park ha impulsado una fuerte econom\u00eda, atrayendo a empresas tecnol\u00f3gicas, biotecnol\u00f3gicas y sanitarias. Cary tambi\u00e9n cuenta con una comunidad diversa, una vibrante escena art\u00edstica y numerosos festivales culturales, ofreciendo una alta calidad de vida al tiempo que abraza el crecimiento y la diversidad.<\/p>\n","protected":false},"excerpt":{"rendered":"<p>Cary, Carolina del Norte, es una pr\u00f3spera ciudad de la regi\u00f3n del Tri\u00e1ngulo de Investigaci\u00f3n, situada entre Raleigh y Durham. Con una poblaci\u00f3n de unos 180.000 habitantes, Cary se ha convertido r\u00e1pidamente en uno de los lugares m\u00e1s deseados del estado para vivir. Es conocida por sus bonitos barrios, sus colegios de primera categor\u00eda y [&hellip;]<\/p>\n","protected":false},"author":22,"featured_media":3989,"parent":0,"menu_order":10,"comment_status":"closed","ping_status":"closed","template":"","meta":{"_acf_changed":false,"anchor_text":"","footnotes":""},"class_list":["post-4233","page","type-page","status-publish","has-post-thumbnail","hentry"],"acf":[],"_links":{"self":[{"href":"https:\/\/919law.com\/es\/wp-json\/wp\/v2\/pages\/4233","targetHints":{"allow":["GET"]}}],"collection":[{"href":"https:\/\/919law.com\/es\/wp-json\/wp\/v2\/pages"}],"about":[{"href":"https:\/\/919law.com\/es\/wp-json\/wp\/v2\/types\/page"}],"author":[{"embeddable":true,"href":"https:\/\/919law.com\/es\/wp-json\/wp\/v2\/users\/22"}],"replies":[{"embeddable":true,"href":"https:\/\/919law.com\/es\/wp-json\/wp\/v2\/comments?post=4233"}],"version-history":[{"count":2,"href":"https:\/\/919law.com\/es\/wp-json\/wp\/v2\/pages\/4233\/revisions"}],"predecessor-version":[{"id":4235,"href":"https:\/\/919law.com\/es\/wp-json\/wp\/v2\/pages\/4233\/revisions\/4235"}],"wp:featuredmedia":[{"embeddable":true,"href":"https:\/\/919law.com\/es\/wp-json\/wp\/v2\/media\/3989"}],"wp:attachment":[{"href":"https:\/\/919law.com\/es\/wp-json\/wp\/v2\/media?parent=4233"}],"curies":[{"name":"wp","href":"https:\/\/api.w.org\/{rel}","templated":true}]}}