{"id":4254,"date":"2024-08-07T13:18:00","date_gmt":"2024-08-07T18:18:00","guid":{"rendered":"https:\/\/919law.com\/blog-juridico-de-mogy\/"},"modified":"2025-01-28T15:07:11","modified_gmt":"2025-01-28T20:07:11","slug":"blog-juridico-de-mogy","status":"publish","type":"page","link":"https:\/\/919law.com\/es\/blog-juridico-de-mogy\/","title":{"rendered":"Blog jur\u00eddico de Mogy"},"content":{"rendered":"\t\t<div data-elementor-type=\"wp-page\" data-elementor-id=\"4254\" class=\"elementor elementor-4254 elementor-2633\" data-elementor-post-type=\"page\">\n\t\t\t\t\t\t<section class=\"elementor-section elementor-top-section elementor-element elementor-element-6f599ca1 elementor-section-full_width elementor-section-height-default elementor-section-height-default\" data-id=\"6f599ca1\" data-element_type=\"section\" data-e-type=\"section\">\n\t\t\t\t\t\t<div class=\"elementor-container elementor-column-gap-default\">\n\t\t\t\t\t<div class=\"elementor-column elementor-col-100 elementor-top-column elementor-element elementor-element-5d161d17\" data-id=\"5d161d17\" data-element_type=\"column\" data-e-type=\"column\">\n\t\t\t<div class=\"elementor-widget-wrap elementor-element-populated\">\n\t\t\t\t\t\t<div class=\"elementor-element elementor-element-4ed12fa0 elementor-widget elementor-widget-template\" data-id=\"4ed12fa0\" data-element_type=\"widget\" data-e-type=\"widget\" data-widget_type=\"template.default\">\n\t\t\t\t<div class=\"elementor-widget-container\">\n\t\t\t\t\t\t\t<div class=\"elementor-template\">\n\t\t\t\t\t<div data-elementor-type=\"section\" data-elementor-id=\"610\" class=\"elementor elementor-610\" data-elementor-post-type=\"elementor_library\">\n\t\t\t<div class=\"elementor-element elementor-element-0309c26 e-flex e-con-boxed e-con e-parent\" data-id=\"0309c26\" data-element_type=\"container\" data-e-type=\"container\" data-settings=\"{&quot;background_background&quot;:&quot;classic&quot;}\">\n\t\t\t\t\t<div class=\"e-con-inner\">\n\t\t\t\t<div class=\"elementor-element elementor-element-c5f6414 elementor-widget elementor-widget-heading\" data-id=\"c5f6414\" data-element_type=\"widget\" data-e-type=\"widget\" data-widget_type=\"heading.default\">\n\t\t\t\t\t<h1 class=\"elementor-heading-title elementor-size-default\">Blog jur\u00eddico de Mogy<\/h1>\t\t\t\t<\/div>\n\t\t\t\t\t<\/div>\n\t\t\t\t<\/div>\n\t\t<div class=\"elementor-element elementor-element-8c44c3a e-flex e-con-boxed e-con e-parent\" data-id=\"8c44c3a\" data-element_type=\"container\" data-e-type=\"container\" data-settings=\"{&quot;background_background&quot;:&quot;classic&quot;}\">\n\t\t\t\t\t<div class=\"e-con-inner\">\n\t\t<div class=\"elementor-element elementor-element-655f8d1 e-con-full e-flex e-con e-child\" data-id=\"655f8d1\" data-element_type=\"container\" data-e-type=\"container\">\n\t\t\t\t<div class=\"elementor-element elementor-element-047fb3d elementor-widget elementor-widget-shortcode\" data-id=\"047fb3d\" data-element_type=\"widget\" data-e-type=\"widget\" data-widget_type=\"shortcode.default\">\n\t\t\t\t\t\t\t<div class=\"elementor-shortcode\"><nav aria-label=\"breadcrumbs\" class=\"rank-math-breadcrumb\"><p><span class=\"last\">Home<\/span><\/p><\/nav><\/div>\n\t\t\t\t\t\t<\/div>\n\t\t\t\t<\/div>\n\t\t\t\t\t<\/div>\n\t\t\t\t<\/div>\n\t\t\t\t<\/div>\n\t\t\t\t<\/div>\n\t\t\t\t\t\t<\/div>\n\t\t\t\t<\/div>\n\t\t\t\t\t<\/div>\n\t\t<\/div>\n\t\t\t\t\t<\/div>\n\t\t<\/section>\n\t\t\t\t<section class=\"elementor-section elementor-top-section elementor-element elementor-element-67959669 elementor-section-boxed elementor-section-height-default elementor-section-height-default\" data-id=\"67959669\" data-element_type=\"section\" data-e-type=\"section\">\n\t\t\t\t\t\t<div class=\"elementor-container elementor-column-gap-default\">\n\t\t\t\t\t<section class=\"elementor-column elementor-col-100 elementor-top-column elementor-element elementor-element-2c8c14b8\" data-id=\"2c8c14b8\" data-element_type=\"column\" data-e-type=\"column\">\n\t\t\t<div class=\"elementor-widget-wrap elementor-element-populated\">\n\t\t\t\t\t\t<div class=\"elementor-element elementor-element-99bbdf0 elementor-grid-3 elementor-grid-tablet-2 elementor-grid-mobile-1 elementor-posts--thumbnail-top elementor-card-shadow-yes elementor-posts__hover-gradient elementor-widget elementor-widget-posts\" data-id=\"99bbdf0\" data-element_type=\"widget\" data-e-type=\"widget\" data-settings=\"{&quot;pagination_type&quot;:&quot;numbers_and_prev_next&quot;,&quot;cards_columns&quot;:&quot;3&quot;,&quot;cards_columns_tablet&quot;:&quot;2&quot;,&quot;cards_columns_mobile&quot;:&quot;1&quot;,&quot;cards_row_gap&quot;:{&quot;unit&quot;:&quot;px&quot;,&quot;size&quot;:35,&quot;sizes&quot;:[]},&quot;cards_row_gap_tablet&quot;:{&quot;unit&quot;:&quot;px&quot;,&quot;size&quot;:&quot;&quot;,&quot;sizes&quot;:[]},&quot;cards_row_gap_mobile&quot;:{&quot;unit&quot;:&quot;px&quot;,&quot;size&quot;:&quot;&quot;,&quot;sizes&quot;:[]}}\" data-widget_type=\"posts.cards\">\n\t\t\t\t<div class=\"elementor-widget-container\">\n\t\t\t\t\t\t\t<div class=\"elementor-posts-container elementor-posts elementor-posts--skin-cards elementor-grid\" role=\"list\">\n\t\t\t\t<article class=\"elementor-post elementor-grid-item post-4236 post type-post status-publish format-standard has-post-thumbnail hentry category-sin-categorizar tag-accidentes-de-trafico\" role=\"listitem\">\n\t\t\t<div class=\"elementor-post__card\">\n\t\t\t\t<a class=\"elementor-post__thumbnail__link\" href=\"https:\/\/919law.com\/es\/pain-and-suffering-in-car-accident-cases\/\" tabindex=\"-1\" ><div class=\"elementor-post__thumbnail\"><img fetchpriority=\"high\" decoding=\"async\" width=\"300\" height=\"200\" src=\"https:\/\/919law.com\/wp-content\/uploads\/2024\/08\/car-accident-pain-and-suffering-claims-featured-300x200.jpg\" class=\"attachment-medium size-medium wp-image-4025\" alt=\"Dolor y sufrimiento en casos de accidente de tr\u00e1fico\" srcset=\"https:\/\/919law.com\/wp-content\/uploads\/2024\/08\/car-accident-pain-and-suffering-claims-featured-300x200.jpg 300w, https:\/\/919law.com\/wp-content\/uploads\/2024\/08\/car-accident-pain-and-suffering-claims-featured.jpg 500w\" sizes=\"(max-width: 300px) 100vw, 300px\" \/><\/div><\/a>\n\t\t\t\t<div class=\"elementor-post__badge\">Accidentes de tr\u00e1fico<\/div>\n\t\t\t\t<div class=\"elementor-post__text\">\n\t\t\t\t<h3 class=\"elementor-post__title\">\n\t\t\t<a href=\"https:\/\/919law.com\/es\/pain-and-suffering-in-car-accident-cases\/\" >\n\t\t\t\tDolor y sufrimiento en casos de accidente de tr\u00e1fico\t\t\t<\/a>\n\t\t<\/h3>\n\t\t\t\t<div class=\"elementor-post__excerpt\">\n\t\t\t<p>Los accidentes de tr\u00e1fico pueden tener consecuencias devastadoras, tanto por las lesiones f\u00edsicas como por el da\u00f1o psicol\u00f3gico que causan a las v\u00edctimas. El accidente puede afectar a su salud mental, su capacidad para trabajar, su vida cotidiana y su bienestar general. Aqu\u00ed es donde entra en juego el concepto<\/p>\n\t\t<\/div>\n\t\t\t\t<\/div>\n\t\t\t\t<div class=\"elementor-post__meta-data\">\n\t\t\t\t\t<span class=\"elementor-post-date\">\n\t\t\tagosto 13, 2024\t\t<\/span>\n\t\t\t\t<\/div>\n\t\t\t\t\t<\/div>\n\t\t<\/article>\n\t\t\t\t<article class=\"elementor-post elementor-grid-item post-4240 post type-post status-publish format-standard has-post-thumbnail hentry category-sin-categorizar tag-accidentes-de-trafico\" role=\"listitem\">\n\t\t\t<div class=\"elementor-post__card\">\n\t\t\t\t<a class=\"elementor-post__thumbnail__link\" href=\"https:\/\/919law.com\/es\/cual-es-el-promedio-de-acuerdo-de-accidente-de-coche-en-carolina-del-norte\/\" tabindex=\"-1\" ><div class=\"elementor-post__thumbnail\"><img decoding=\"async\" width=\"300\" height=\"200\" src=\"https:\/\/919law.com\/wp-content\/uploads\/2024\/08\/average-car-accident-settlement-north-carolina-featured-300x200.jpg\" class=\"attachment-medium size-medium wp-image-4029\" alt=\"\u00bfCu\u00e1l es el promedio de acuerdo de accidente de coche en Carolina del Norte?\" srcset=\"https:\/\/919law.com\/wp-content\/uploads\/2024\/08\/average-car-accident-settlement-north-carolina-featured-300x200.jpg 300w, https:\/\/919law.com\/wp-content\/uploads\/2024\/08\/average-car-accident-settlement-north-carolina-featured.jpg 500w\" sizes=\"(max-width: 300px) 100vw, 300px\" \/><\/div><\/a>\n\t\t\t\t<div class=\"elementor-post__badge\">Accidentes de tr\u00e1fico<\/div>\n\t\t\t\t<div class=\"elementor-post__text\">\n\t\t\t\t<h3 class=\"elementor-post__title\">\n\t\t\t<a href=\"https:\/\/919law.com\/es\/cual-es-el-promedio-de-acuerdo-de-accidente-de-coche-en-carolina-del-norte\/\" >\n\t\t\t\t\u00bfCu\u00e1l es el promedio de acuerdo de accidente de coche en Carolina del Norte?\t\t\t<\/a>\n\t\t<\/h3>\n\t\t\t\t<div class=\"elementor-post__excerpt\">\n\t\t\t<p>Los accidentes de coche son una desafortunada realidad en las carreteras de Carolina del Norte. Pueden dejar a las v\u00edctimas con una serie de consecuencias, desde lesiones f\u00edsicas hasta cargas financieras. Una de las preguntas m\u00e1s comunes que las v\u00edctimas de accidentes tienen es: \u00ab\u00bfCu\u00e1l es el promedio de liquidaci\u00f3n<\/p>\n\t\t<\/div>\n\t\t\t\t<\/div>\n\t\t\t\t<div class=\"elementor-post__meta-data\">\n\t\t\t\t\t<span class=\"elementor-post-date\">\n\t\t\tagosto 6, 2024\t\t<\/span>\n\t\t\t\t<\/div>\n\t\t\t\t\t<\/div>\n\t\t<\/article>\n\t\t\t\t<article class=\"elementor-post elementor-grid-item post-4243 post type-post status-publish format-standard has-post-thumbnail hentry category-sin-categorizar tag-accidentes-de-trafico\" role=\"listitem\">\n\t\t\t<div class=\"elementor-post__card\">\n\t\t\t\t<a class=\"elementor-post__thumbnail__link\" href=\"https:\/\/919law.com\/es\/cuanto-cuesta-un-abogado-de-accidente-de-coche-charlotte\/\" tabindex=\"-1\" ><div class=\"elementor-post__thumbnail\"><img decoding=\"async\" width=\"300\" height=\"200\" src=\"https:\/\/919law.com\/wp-content\/uploads\/2024\/08\/how-much-does-car-accident-lawyer-cost-featured-300x200.jpg\" class=\"attachment-medium size-medium wp-image-4023\" alt=\"\u00bfCu\u00e1nto cuesta un abogado de accidente de coche Charlotte?\" srcset=\"https:\/\/919law.com\/wp-content\/uploads\/2024\/08\/how-much-does-car-accident-lawyer-cost-featured-300x200.jpg 300w, https:\/\/919law.com\/wp-content\/uploads\/2024\/08\/how-much-does-car-accident-lawyer-cost-featured.jpg 500w\" sizes=\"(max-width: 300px) 100vw, 300px\" \/><\/div><\/a>\n\t\t\t\t<div class=\"elementor-post__badge\">Accidentes de tr\u00e1fico<\/div>\n\t\t\t\t<div class=\"elementor-post__text\">\n\t\t\t\t<h3 class=\"elementor-post__title\">\n\t\t\t<a href=\"https:\/\/919law.com\/es\/cuanto-cuesta-un-abogado-de-accidente-de-coche-charlotte\/\" >\n\t\t\t\t\u00bfCu\u00e1nto cuesta un abogado de accidente de coche Charlotte?\t\t\t<\/a>\n\t\t<\/h3>\n\t\t\t\t<div class=\"elementor-post__excerpt\">\n\t\t\t<p>Cuando usted est\u00e1 involucrado en un accidente automovil\u00edstico, una de las primeras preocupaciones que puede tener es el costo de contratar a un abogado de accidente de coche. Muchas personas se preocupan por si pueden pagar los servicios legales despu\u00e9s de un accidente automovil\u00edstico. Usted no tiene que preocuparse por<\/p>\n\t\t<\/div>\n\t\t\t\t<\/div>\n\t\t\t\t<div class=\"elementor-post__meta-data\">\n\t\t\t\t\t<span class=\"elementor-post-date\">\n\t\t\tjulio 30, 2024\t\t<\/span>\n\t\t\t\t<\/div>\n\t\t\t\t\t<\/div>\n\t\t<\/article>\n\t\t\t\t<article class=\"elementor-post elementor-grid-item post-4246 post type-post status-publish format-standard has-post-thumbnail hentry category-sin-categorizar tag-accidentes-de-trafico\" role=\"listitem\">\n\t\t\t<div class=\"elementor-post__card\">\n\t\t\t\t<a class=\"elementor-post__thumbnail__link\" href=\"https:\/\/919law.com\/es\/que-hacer-tras-un-accidente-de-trafico-del-que-no-es-culpable\/\" tabindex=\"-1\" ><div class=\"elementor-post__thumbnail\"><img loading=\"lazy\" decoding=\"async\" width=\"300\" height=\"200\" src=\"https:\/\/919law.com\/wp-content\/uploads\/2024\/08\/what-to-do-after-a-car-accident-not-your-fault-blog-featured-300x200.jpg\" class=\"attachment-medium size-medium wp-image-4018\" alt=\"Qu\u00e9 hacer tras un accidente de tr\u00e1fico del que no es culpable\" srcset=\"https:\/\/919law.com\/wp-content\/uploads\/2024\/08\/what-to-do-after-a-car-accident-not-your-fault-blog-featured-300x200.jpg 300w, https:\/\/919law.com\/wp-content\/uploads\/2024\/08\/what-to-do-after-a-car-accident-not-your-fault-blog-featured.jpg 500w\" sizes=\"(max-width: 300px) 100vw, 300px\" \/><\/div><\/a>\n\t\t\t\t<div class=\"elementor-post__badge\">Accidentes de tr\u00e1fico<\/div>\n\t\t\t\t<div class=\"elementor-post__text\">\n\t\t\t\t<h3 class=\"elementor-post__title\">\n\t\t\t<a href=\"https:\/\/919law.com\/es\/que-hacer-tras-un-accidente-de-trafico-del-que-no-es-culpable\/\" >\n\t\t\t\tQu\u00e9 hacer tras un accidente de tr\u00e1fico del que no es culpable\t\t\t<\/a>\n\t\t<\/h3>\n\t\t\t\t<div class=\"elementor-post__excerpt\">\n\t\t\t<p>Los accidentes de coche pueden ser una experiencia traum\u00e1tica y abrumadora. En las secuelas de un accidente de coche, es crucial tomar las medidas adecuadas para proteger sus derechos y buscar la ayuda de un abogado experto en accidentes de coche. Esta gu\u00eda le guiar\u00e1 a trav\u00e9s de lo que<\/p>\n\t\t<\/div>\n\t\t\t\t<\/div>\n\t\t\t\t<div class=\"elementor-post__meta-data\">\n\t\t\t\t\t<span class=\"elementor-post-date\">\n\t\t\tjulio 23, 2024\t\t<\/span>\n\t\t\t\t<\/div>\n\t\t\t\t\t<\/div>\n\t\t<\/article>\n\t\t\t\t<article class=\"elementor-post elementor-grid-item post-4249 post type-post status-publish format-standard has-post-thumbnail hentry category-sin-categorizar tag-accidentes-de-trafico\" role=\"listitem\">\n\t\t\t<div class=\"elementor-post__card\">\n\t\t\t\t<a class=\"elementor-post__thumbnail__link\" href=\"https:\/\/919law.com\/es\/merece-la-pena-contratar-a-un-abogado-en-caso-de-accidente-de-trafico\/\" tabindex=\"-1\" ><div class=\"elementor-post__thumbnail\"><img loading=\"lazy\" decoding=\"async\" width=\"300\" height=\"200\" src=\"https:\/\/919law.com\/wp-content\/uploads\/2024\/08\/is-hiring-attorney-for-a-car-accident-worth-it-featured-300x200.jpg\" class=\"attachment-medium size-medium wp-image-4015\" alt=\"\u00bfMerece la pena contratar a un abogado en caso de accidente de tr\u00e1fico?\" srcset=\"https:\/\/919law.com\/wp-content\/uploads\/2024\/08\/is-hiring-attorney-for-a-car-accident-worth-it-featured-300x200.jpg 300w, https:\/\/919law.com\/wp-content\/uploads\/2024\/08\/is-hiring-attorney-for-a-car-accident-worth-it-featured.jpg 500w\" sizes=\"(max-width: 300px) 100vw, 300px\" \/><\/div><\/a>\n\t\t\t\t<div class=\"elementor-post__badge\">Accidentes de tr\u00e1fico<\/div>\n\t\t\t\t<div class=\"elementor-post__text\">\n\t\t\t\t<h3 class=\"elementor-post__title\">\n\t\t\t<a href=\"https:\/\/919law.com\/es\/merece-la-pena-contratar-a-un-abogado-en-caso-de-accidente-de-trafico\/\" >\n\t\t\t\t\u00bfMerece la pena contratar a un abogado en caso de accidente de tr\u00e1fico?\t\t\t<\/a>\n\t\t<\/h3>\n\t\t\t\t<div class=\"elementor-post__excerpt\">\n\t\t\t<p>Los accidentes de coche son estresantes, a menudo dejando a las v\u00edctimas con lesiones f\u00edsicas, traumas emocionales y cargas financieras. Cuando usted est\u00e1 involucrado en un accidente de coche, una de las primeras preguntas que pueden cruzar su mente es: \u00ab\u00bfVale la pena conseguir un abogado para un accidente de<\/p>\n\t\t<\/div>\n\t\t\t\t<\/div>\n\t\t\t\t<div class=\"elementor-post__meta-data\">\n\t\t\t\t\t<span class=\"elementor-post-date\">\n\t\t\tjulio 16, 2024\t\t<\/span>\n\t\t\t\t<\/div>\n\t\t\t\t\t<\/div>\n\t\t<\/article>\n\t\t\t\t<\/div>\n\t\t\n\t\t\t\t\t\t<\/div>\n\t\t\t\t<\/div>\n\t\t\t\t\t<\/div>\n\t\t<\/section>\n\t\t\t\t\t<\/div>\n\t\t<\/section>\n\t\t\t\t<\/div>\n\t\t","protected":false},"excerpt":{"rendered":"","protected":false},"author":22,"featured_media":0,"parent":0,"menu_order":1,"comment_status":"closed","ping_status":"closed","template":"elementor_header_footer","meta":{"_acf_changed":false,"anchor_text":"","footnotes":""},"class_list":["post-4254","page","type-page","status-publish","hentry"],"acf":[],"_links":{"self":[{"href":"https:\/\/919law.com\/es\/wp-json\/wp\/v2\/pages\/4254","targetHints":{"allow":["GET"]}}],"collection":[{"href":"https:\/\/919law.com\/es\/wp-json\/wp\/v2\/pages"}],"about":[{"href":"https:\/\/919law.com\/es\/wp-json\/wp\/v2\/types\/page"}],"author":[{"embeddable":true,"href":"https:\/\/919law.com\/es\/wp-json\/wp\/v2\/users\/22"}],"replies":[{"embeddable":true,"href":"https:\/\/919law.com\/es\/wp-json\/wp\/v2\/comments?post=4254"}],"version-history":[{"count":4,"href":"https:\/\/919law.com\/es\/wp-json\/wp\/v2\/pages\/4254\/revisions"}],"predecessor-version":[{"id":5169,"href":"https:\/\/919law.com\/es\/wp-json\/wp\/v2\/pages\/4254\/revisions\/5169"}],"wp:attachment":[{"href":"https:\/\/919law.com\/es\/wp-json\/wp\/v2\/media?parent=4254"}],"curies":[{"name":"wp","href":"https:\/\/api.w.org\/{rel}","templated":true}]}}