{"id":4265,"date":"2026-03-31T08:00:07","date_gmt":"2026-03-31T13:00:07","guid":{"rendered":"https:\/\/919law.com\/durham\/"},"modified":"2024-09-11T02:15:42","modified_gmt":"2024-09-11T07:15:42","slug":"durham","status":"publish","type":"page","link":"https:\/\/919law.com\/es\/durham\/","title":{"rendered":"Durham"},"content":{"rendered":"<p>Durham, Carolina del Norte, es una din\u00e1mica ciudad del Tri\u00e1ngulo de Investigaci\u00f3n, conocida por su rica historia, diversidad cultural y excelencia acad\u00e9mica. Con una poblaci\u00f3n de unos 285.000 habitantes, es sede de la Universidad de Duke y centro neur\u00e1lgico de la educaci\u00f3n, la sanidad y la innovaci\u00f3n.<\/p>\n<p>El centro de la ciudad se ha revitalizado, transformando los hist\u00f3ricos almacenes de tabaco en modernos lofts, restaurantes y negocios. El Centro de Artes Esc\u00e9nicas de Durham (DPAC) y el Teatro Carolina se suman a su vibrante escena art\u00edstica.<\/p>\n<p>La econom\u00eda de Durham es fuerte, apoyada por su proximidad al Research Triangle Park, que atrae a empresas tecnol\u00f3gicas y startups. La ciudad tambi\u00e9n ofrece una pr\u00f3spera escena culinaria y espacios al aire libre como el Parque Estatal del R\u00edo Eno, que ofrece una mezcla de vida urbana y belleza natural.<\/p>\n","protected":false},"excerpt":{"rendered":"<p>Durham, Carolina del Norte, es una din\u00e1mica ciudad del Tri\u00e1ngulo de Investigaci\u00f3n, conocida por su rica historia, diversidad cultural y excelencia acad\u00e9mica. Con una poblaci\u00f3n de unos 285.000 habitantes, es sede de la Universidad de Duke y centro neur\u00e1lgico de la educaci\u00f3n, la sanidad y la innovaci\u00f3n. El centro de la ciudad se ha revitalizado, [&hellip;]<\/p>\n","protected":false},"author":22,"featured_media":4039,"parent":0,"menu_order":12,"comment_status":"closed","ping_status":"closed","template":"","meta":{"_acf_changed":false,"anchor_text":"","footnotes":""},"class_list":["post-4265","page","type-page","status-publish","has-post-thumbnail","hentry"],"acf":[],"_links":{"self":[{"href":"https:\/\/919law.com\/es\/wp-json\/wp\/v2\/pages\/4265","targetHints":{"allow":["GET"]}}],"collection":[{"href":"https:\/\/919law.com\/es\/wp-json\/wp\/v2\/pages"}],"about":[{"href":"https:\/\/919law.com\/es\/wp-json\/wp\/v2\/types\/page"}],"author":[{"embeddable":true,"href":"https:\/\/919law.com\/es\/wp-json\/wp\/v2\/users\/22"}],"replies":[{"embeddable":true,"href":"https:\/\/919law.com\/es\/wp-json\/wp\/v2\/comments?post=4265"}],"version-history":[{"count":3,"href":"https:\/\/919law.com\/es\/wp-json\/wp\/v2\/pages\/4265\/revisions"}],"predecessor-version":[{"id":4268,"href":"https:\/\/919law.com\/es\/wp-json\/wp\/v2\/pages\/4265\/revisions\/4268"}],"wp:featuredmedia":[{"embeddable":true,"href":"https:\/\/919law.com\/es\/wp-json\/wp\/v2\/media\/4039"}],"wp:attachment":[{"href":"https:\/\/919law.com\/es\/wp-json\/wp\/v2\/media?parent=4265"}],"curies":[{"name":"wp","href":"https:\/\/api.w.org\/{rel}","templated":true}]}}