{"id":4272,"date":"2025-11-06T08:34:42","date_gmt":"2025-11-06T13:34:42","guid":{"rendered":"https:\/\/919law.com\/recursos\/obtencion-de-informes-policiales-de-accidentes-en-carolina-del-norte\/"},"modified":"2024-09-11T02:31:12","modified_gmt":"2024-09-11T07:31:12","slug":"obtencion-de-informes-policiales-de-accidentes-en-carolina-del-norte","status":"publish","type":"page","link":"https:\/\/919law.com\/es\/recursos\/obtencion-de-informes-policiales-de-accidentes-en-carolina-del-norte\/","title":{"rendered":"Obtenci\u00f3n de informes policiales de accidentes en Carolina del Norte"},"content":{"rendered":"<p>Cuando usted est\u00e1 involucrado en un accidente de coche en Carolina del Norte, la obtenci\u00f3n de un informe de accidente de la polic\u00eda es uno de los pasos m\u00e1s importantes que puede tomar. Este documento, conocido oficialmente como el Informe de Accidente de Carolina del Norte (Formulario DMV-349), desempe\u00f1a un papel fundamental tanto en los procedimientos legales como en las reclamaciones de seguros. Un informe policial de accidente proporciona un relato detallado del accidente, incluyendo informaci\u00f3n vital sobre las partes implicadas, las circunstancias que rodearon el accidente y las observaciones del oficial que respondi\u00f3. Sin este informe, puede ser dif\u00edcil demostrar la culpa, reclamar una indemnizaci\u00f3n o resolver las disputas que puedan surgir tras el accidente.<\/p>\n\t\t<div data-elementor-type=\"section\" data-elementor-id=\"208\" class=\"elementor elementor-208\" data-elementor-post-type=\"elementor_library\">\n\t\t\t\t\t<section class=\"elementor-section elementor-top-section elementor-element elementor-element-485e576a elementor-section-boxed elementor-section-height-default elementor-section-height-default\" data-id=\"485e576a\" data-element_type=\"section\" data-e-type=\"section\">\n\t\t\t\t\t\t<div class=\"elementor-container elementor-column-gap-default\">\n\t\t\t\t\t<div class=\"elementor-column elementor-col-100 elementor-top-column elementor-element elementor-element-635c38c0\" data-id=\"635c38c0\" data-element_type=\"column\" data-e-type=\"column\">\n\t\t\t<div class=\"elementor-widget-wrap elementor-element-populated\">\n\t\t\t\t\t\t<div class=\"elementor-element elementor-element-3ba95c8a elementor-toc--minimized-on-tablet elementor-widget elementor-widget-table-of-contents\" data-id=\"3ba95c8a\" data-element_type=\"widget\" data-e-type=\"widget\" data-settings=\"{&quot;exclude_headings_by_selector&quot;:&quot;.toc-remove&quot;,&quot;headings_by_tags&quot;:[&quot;h2&quot;,&quot;h3&quot;],&quot;marker_view&quot;:&quot;numbers&quot;,&quot;no_headings_message&quot;:&quot;No se ha encontrado ning\\u00fan encabezado en esta p\\u00e1gina.&quot;,&quot;minimize_box&quot;:&quot;yes&quot;,&quot;minimized_on&quot;:&quot;tablet&quot;,&quot;hierarchical_view&quot;:&quot;yes&quot;,&quot;min_height&quot;:{&quot;unit&quot;:&quot;px&quot;,&quot;size&quot;:&quot;&quot;,&quot;sizes&quot;:[]},&quot;min_height_tablet&quot;:{&quot;unit&quot;:&quot;px&quot;,&quot;size&quot;:&quot;&quot;,&quot;sizes&quot;:[]},&quot;min_height_mobile&quot;:{&quot;unit&quot;:&quot;px&quot;,&quot;size&quot;:&quot;&quot;,&quot;sizes&quot;:[]}}\" data-widget_type=\"table-of-contents.default\">\n\t\t\t\t\t\t\t\t\t<div class=\"elementor-toc__header\">\n\t\t\t\t\t\t<div class=\"elementor-toc__header-title\">\n\t\t\t\tTable of Contents\t\t\t<\/div>\n\t\t\t\t\t\t\t\t\t\t<div class=\"elementor-toc__toggle-button elementor-toc__toggle-button--expand\" role=\"button\" tabindex=\"0\" aria-controls=\"elementor-toc__3ba95c8a\" aria-expanded=\"true\" aria-label=\"Abrir la tabla de contenidos\"><svg aria-hidden=\"true\" class=\"e-font-icon-svg e-fas-chevron-down\" viewBox=\"0 0 448 512\" xmlns=\"http:\/\/www.w3.org\/2000\/svg\"><path d=\"M207.029 381.476L12.686 187.132c-9.373-9.373-9.373-24.569 0-33.941l22.667-22.667c9.357-9.357 24.522-9.375 33.901-.04L224 284.505l154.745-154.021c9.379-9.335 24.544-9.317 33.901.04l22.667 22.667c9.373 9.373 9.373 24.569 0 33.941L240.971 381.476c-9.373 9.372-24.569 9.372-33.942 0z\"><\/path><\/svg><\/div>\n\t\t\t\t<div class=\"elementor-toc__toggle-button elementor-toc__toggle-button--collapse\" role=\"button\" tabindex=\"0\" aria-controls=\"elementor-toc__3ba95c8a\" aria-expanded=\"true\" aria-label=\"Cerrar la tabla de contenidos\"><svg aria-hidden=\"true\" class=\"e-font-icon-svg e-fas-chevron-up\" viewBox=\"0 0 448 512\" xmlns=\"http:\/\/www.w3.org\/2000\/svg\"><path d=\"M240.971 130.524l194.343 194.343c9.373 9.373 9.373 24.569 0 33.941l-22.667 22.667c-9.357 9.357-24.522 9.375-33.901.04L224 227.495 69.255 381.516c-9.379 9.335-24.544 9.317-33.901-.04l-22.667-22.667c-9.373-9.373-9.373-24.569 0-33.941L207.03 130.525c9.372-9.373 24.568-9.373 33.941-.001z\"><\/path><\/svg><\/div>\n\t\t\t\t\t<\/div>\n\t\t\t\t<div id=\"elementor-toc__3ba95c8a\" class=\"elementor-toc__body\">\n\t\t\t<div class=\"elementor-toc__spinner-container\">\n\t\t\t\t<svg class=\"elementor-toc__spinner eicon-animation-spin e-font-icon-svg e-eicon-loading\" aria-hidden=\"true\" viewBox=\"0 0 1000 1000\" xmlns=\"http:\/\/www.w3.org\/2000\/svg\"><path d=\"M500 975V858C696 858 858 696 858 500S696 142 500 142 142 304 142 500H25C25 237 238 25 500 25S975 237 975 500 763 975 500 975Z\"><\/path><\/svg>\t\t\t<\/div>\n\t\t<\/div>\n\t\t\t\t\t\t<\/div>\n\t\t\t\t\t<\/div>\n\t\t<\/div>\n\t\t\t\t\t<\/div>\n\t\t<\/section>\n\t\t\t\t<\/div>\n\t\t\n<h2>Por qu\u00e9 el informe policial de accidente es crucial para su caso<\/h2>\n<p>En Mogy Law Firm, entendemos lo abrumador que pueden ser las secuelas de un accidente de coche. Es por eso que estamos comprometidos a ayudarle a obtener su informe policial de accidente de Carolina del Norte de manera eficiente y sin complicaciones. Este informe no es s\u00f3lo una formalidad-es esencial para establecer los hechos del incidente y puede afectar significativamente el resultado de su caso. Nuestro equipo est\u00e1 aqu\u00ed para guiarle a trav\u00e9s de cada paso del proceso, desde solicitar el informe del accidente hasta asegurarse de que refleja con precisi\u00f3n los acontecimientos del accidente. Si usted necesita ayuda con la comprensi\u00f3n de los detalles en el informe de la polic\u00eda o navegar por el sistema del DMV para su obtenci\u00f3n, le ofrecemos el apoyo que necesita para proteger sus derechos.<\/p>\n<p><img fetchpriority=\"high\" decoding=\"async\" class=\"alignnone wp-image-3576 size-full\" src=\"https:\/\/919law.com\/wp-content\/uploads\/2024\/08\/accident-collision-report.jpg\" alt=\"North Carolina Crash Report \" width=\"500\" height=\"334\" srcset=\"https:\/\/919law.com\/wp-content\/uploads\/2024\/08\/accident-collision-report.jpg 500w, https:\/\/919law.com\/wp-content\/uploads\/2024\/08\/accident-collision-report-300x200.jpg 300w\" sizes=\"(max-width: 500px) 100vw, 500px\" \/><\/p>\n<h2>\u00bfQu\u00e9 es el Reporte de Choque de Carolina del Norte y C\u00f3mo Usarlo?<\/h2>\n<p>En Carolina del Norte, el documento oficial creado por la polic\u00eda despu\u00e9s de un accidente vehicular se llama el Reporte de Choque de Carolina del Norte (Formulario DMV-349). Todos los reportes policiales de accidentes de Carolina del Norte son enviados al DMV. Este reporte policial es crucial ya que contiene todos los detalles importantes sobre el accidente, incluyendo las partes involucradas, los veh\u00edculos y las circunstancias que rodearon el incidente. El Informe de Accidente de Carolina del Norte es esencial no s\u00f3lo para las reclamaciones de seguros, sino tambi\u00e9n para cualquier acci\u00f3n legal que pueda derivarse del accidente. Proporciona una visi\u00f3n global que puede ser utilizado como prueba en los tribunales o durante las negociaciones de acuerdos. Para obtener su informe, tendr\u00e1 que completar el Formulario de Solicitud de Informe de Choque (TR-67A) y pagar una cuota de $ 5.50 por cada copia certificada.<\/p>\n<h2>C\u00f3mo Obtener su Informe Policial de Accidente de Carolina del Norte<\/h2>\n<p>En Carolina del Norte, los agentes de la ley est\u00e1n obligados a completar y presentar un Informe de Accidente utilizando el Formulario DMV-349 despu\u00e9s de responder a un accidente de coche. Este informe de accidente, que debe ser presentado a la Divisi\u00f3n de Veh\u00edculos Motorizados de Carolina del Norte (DMV) dentro de los 10 d\u00edas del incidente, es un registro p\u00fablico crucial. Asegurar su Reporte de Accidente de Carolina del Norte no tiene que ser complicado. A continuaci\u00f3n encontrar\u00e1 una gu\u00eda que le ayudar\u00e1 en el proceso, ofreci\u00e9ndole varios m\u00e9todos que se adaptan a sus preferencias.<\/p>\n<h3>Solicite su Reporte de Choque por Tel\u00e9fono<\/h3>\n<p>Si usted prefiere la conveniencia de manejar los asuntos por tel\u00e9fono, usted puede obtener su Reporte de Choque de Carolina del Norte contactando al DMV de Carolina del Norte al (919) 861-3098. Un representante del DMV le guiar\u00e1 a trav\u00e9s del proceso, respondiendo a cualquier pregunta o preocupaci\u00f3n que pueda tener.<\/p>\n<h3>Solicite su Informe Policial en Persona<\/h3>\n<p>Para aquellos que prefieren interacciones cara a cara y quieren acceso inmediato a sus reportes policiales de accidentes, visitar una oficina del DMV es una gran opci\u00f3n. Puede visitar uno de los lugares del DMV que figuran en su sitio web para obtener su informe de accidente en persona.<\/p>\n<h3>Solicite su Informe de Accidente por Correo<\/h3>\n<p>Si prefiere un m\u00e9todo m\u00e1s tradicional, puede solicitar su Informe de Accidente de Carolina del Norte por correo. Este m\u00e9todo implica unos sencillos pasos:<\/p>\n<ol>\n<li>Llene el Formulario TR-67A: Comience por llenar el formulario TR-67A, asegur\u00e1ndose de que todas las secciones requeridas est\u00e9n llenadas con precisi\u00f3n, incluyendo detalles como su n\u00famero de licencia de conducir y la fecha y lugar del accidente.<\/li>\n<li>Prepare su presentaci\u00f3n: Compruebe dos veces la informaci\u00f3n del formulario para evitar retrasos en la tramitaci\u00f3n.<\/li>\n<li>Env\u00ede su solicitud por correo: Env\u00ede el formulario completo, junto con una tarifa de $5.50 por cada copia certificada, a la Secci\u00f3n de Registros de Tr\u00e1nsito del DMV en Raleigh, NC.<\/li>\n<\/ol>\n<p>DMV Traffic Records BranchCrash Reports Unit3106 Mail Service CenterRaleigh, <strong>NC 27697-3106<\/strong> Siguiendo estos pasos, usted puede obtener f\u00e1cilmente su Reporte de Choque de Carolina del Norte, ya sea que prefiera la conveniencia de las solicitudes en l\u00ednea o por tel\u00e9fono, la inmediatez de la recolecci\u00f3n en persona, o el m\u00e9todo tradicional de enviar su solicitud por correo.<\/p>\n<p><img decoding=\"async\" class=\"alignnone wp-image-3574 size-full\" src=\"https:\/\/919law.com\/wp-content\/uploads\/2024\/08\/collision-police-report-copy.jpg\" alt=\"North Carolina Police Accident Report\" width=\"500\" height=\"281\" srcset=\"https:\/\/919law.com\/wp-content\/uploads\/2024\/08\/collision-police-report-copy.jpg 500w, https:\/\/919law.com\/wp-content\/uploads\/2024\/08\/collision-police-report-copy-300x169.jpg 300w\" sizes=\"(max-width: 500px) 100vw, 500px\" \/><\/p>\n<h2>La Importancia de Revisar su Reporte de Accidente Policial<\/h2>\n<p>Es cr\u00edtico revisar cuidadosamente su Reporte de Accidente de Carolina del Norte una vez que lo obtenga. Cualquier error u omisi\u00f3n podr\u00eda afectar su caso legal o reclamo de seguro. Si usted encuentra cualquier inexactitud en su informe de accidente de la polic\u00eda, es importante corregirlos inmediatamente. El bufete de abogados Mogy puede ayudarle a revisar su informe de accidente de coche y asegurar que cualquier correcci\u00f3n necesaria se haga con prontitud.<\/p>\n<h2>Por qu\u00e9 debe elegir Mogy Law Firm para sus necesidades de informe de accidente<\/h2>\n<p>En Mogy Law Firm, nuestro compromiso con usted va mucho m\u00e1s all\u00e1 de simplemente ayudarle a obtener su informe policial de accidente. Estamos a su lado en cada paso del camino, gui\u00e1ndolo a trav\u00e9s de todo el proceso legal despu\u00e9s de su accidente. Nuestros abogados experimentados revisar\u00e1n meticulosamente su informe del accidente, proporcionar\u00e1n el asesoramiento jur\u00eddico experto, y defender\u00e1n vigorosamente sus derechos en el tribunal, asegurando que sus intereses son protegidos y que usted logra el mejor resultado posible.<\/p>\n<h3>Representaci\u00f3n legal a medida para su caso \u00fanico<\/h3>\n<p>No hay dos accidentes iguales, y tampoco lo son nuestros clientes. Reconocemos los retos y circunstancias \u00fanicas de cada caso, por lo que elaboramos estrategias legales personalizadas dise\u00f1adas espec\u00edficamente para su situaci\u00f3n. Con el bufete de abogados Mogy, usted no es s\u00f3lo otro expediente, usted es un cliente valioso que recibir\u00e1 la atenci\u00f3n dedicada y la experiencia necesaria para asegurar la justicia y la compensaci\u00f3n que se merece.<\/p>\n<p><img decoding=\"async\" class=\"alignnone wp-image-3577 size-full\" src=\"https:\/\/919law.com\/wp-content\/uploads\/2024\/08\/accident-police-report.jpg\" alt=\"How to get your North Carolina police accident report \" width=\"500\" height=\"333\" srcset=\"https:\/\/919law.com\/wp-content\/uploads\/2024\/08\/accident-police-report.jpg 500w, https:\/\/919law.com\/wp-content\/uploads\/2024\/08\/accident-police-report-300x200.jpg 300w\" sizes=\"(max-width: 500px) 100vw, 500px\" \/><\/p>\n<h3>Tome Acci\u00f3n Ahora &#8211; As\u00f3ciese con Mogy Law Firm<\/h3>\n<p>Asegurar su reporte policial es solo el comienzo. El verdadero viaje comienza con las decisiones que tome a continuaci\u00f3n. No enfrente las complejidades del sistema legal solo. Deje que Mogy Law Firm sea su socio de confianza, que le proporciona la confianza y el apoyo necesario para navegar por el camino por delante. P\u00f3ngase en contacto con nosotros hoy en <a href=\"tel:+19014439133\"><i class=\"fa fa-phone-alt\"><\/i>(901) 443-9133<\/a> para una consulta gratuita y dar el primer paso crucial hacia la resoluci\u00f3n de su caso con el respaldo de profesionales del derecho con experiencia que se dedican a luchar por usted. Su futuro comienza con las decisiones que tome ahora, elija Mogy Law Firm para una representaci\u00f3n legal sin igual.<\/p>\n","protected":false},"excerpt":{"rendered":"<p>Cuando usted est\u00e1 involucrado en un accidente de coche en Carolina del Norte, la obtenci\u00f3n de un informe de accidente de la polic\u00eda es uno de los pasos m\u00e1s importantes que puede tomar. Este documento, conocido oficialmente como el Informe de Accidente de Carolina del Norte (Formulario DMV-349), desempe\u00f1a un papel fundamental tanto en los [&hellip;]<\/p>\n","protected":false},"author":38,"featured_media":0,"parent":4270,"menu_order":0,"comment_status":"closed","ping_status":"closed","template":"","meta":{"_acf_changed":false,"anchor_text":"","footnotes":""},"class_list":["post-4272","page","type-page","status-publish","hentry"],"acf":[],"_links":{"self":[{"href":"https:\/\/919law.com\/es\/wp-json\/wp\/v2\/pages\/4272","targetHints":{"allow":["GET"]}}],"collection":[{"href":"https:\/\/919law.com\/es\/wp-json\/wp\/v2\/pages"}],"about":[{"href":"https:\/\/919law.com\/es\/wp-json\/wp\/v2\/types\/page"}],"author":[{"embeddable":true,"href":"https:\/\/919law.com\/es\/wp-json\/wp\/v2\/users\/38"}],"replies":[{"embeddable":true,"href":"https:\/\/919law.com\/es\/wp-json\/wp\/v2\/comments?post=4272"}],"version-history":[{"count":2,"href":"https:\/\/919law.com\/es\/wp-json\/wp\/v2\/pages\/4272\/revisions"}],"predecessor-version":[{"id":4274,"href":"https:\/\/919law.com\/es\/wp-json\/wp\/v2\/pages\/4272\/revisions\/4274"}],"up":[{"embeddable":true,"href":"https:\/\/919law.com\/es\/wp-json\/wp\/v2\/pages\/4270"}],"wp:attachment":[{"href":"https:\/\/919law.com\/es\/wp-json\/wp\/v2\/media?parent=4272"}],"curies":[{"name":"wp","href":"https:\/\/api.w.org\/{rel}","templated":true}]}}